{"id":1114,"date":"2021-07-15T17:22:38","date_gmt":"2021-07-16T01:22:38","guid":{"rendered":"https:\/\/lidaglassware.com\/?post_type=product&#038;p=1114"},"modified":"2021-07-19T00:39:14","modified_gmt":"2021-07-19T08:39:14","slug":"latte-glass-coffee-mug-10oz-300ml","status":"publish","type":"product","link":"https:\/\/lidaglassware.com\/it\/prodotto\/tazza-da-caffe-in-bicchiere-da-caffe-10oz-300ml\/","title":{"rendered":"Tazza da caff\u00e8 in vetro Latte 10 once \/ 300 ml"},"content":{"rendered":"<h2>Tazza da caff\u00e8 in vetro Latte 10 once \/ 300 ml<\/h2>\n<p>In qualit\u00e0 di specialista della vetreria, forniamo un&#039;ampia selezione di prodotti durevoli ed eleganti per soddisfare le vostre molteplici esigenze. Nel rispetto di questa grande tradizione, la forma e la sensazione di alta qualit\u00e0 di questa tazza multiuso la rendono un complemento perfetto per qualsiasi caffetteria o buffet per la colazione in hotel. Offrendo brillantezza e chiarezza senza pari, questo vetro rende immediatamente chiaro che i tuoi clienti stanno ricevendo il miglior prodotto e servizio possibile.<\/p>\n<p>Quando \u00e8 stata l&#039;ultima volta che una bella storia \u00e8 iniziata con qualcuno che mangiava un&#039;insalata? Questa tazza di vetro \u00e8 l&#039;ideale per dare inizio a qualsiasi festa!<\/p>\n<p>Ti consigliamo di creare il tuo marchio su di esso! Fai subito scorta cos\u00ec avrai gli occhiali pronti per soddisfare il tuo cliente.<\/p>\n<p>Abbiamo tanti altri bicchieri da caff\u00e8 tra cui scegliere!<\/p>\n<div class=\"mw-body-content\"><\/div>","protected":false},"excerpt":{"rendered":"<p>Latte Glass Coffee Mug 10oz \/ 300ml As a specialist of glassware, providing a wide selection of durable and elegant products to suit your many needs. In that grand tradition, the high-quality form and feel of this all-purpose mug make it a perfect addition to any coffee shop or hotel breakfast buffet. Offering unparalleled brilliance [&hellip;]<\/p>","protected":false},"featured_media":1223,"comment_status":"closed","ping_status":"closed","template":"","meta":[],"class_list":["post-1114","product","type-product","status-publish","has-post-thumbnail","hentry","product_cat-coffee-glasses","product_tag-branded-glasses","product_tag-custom-glasses","product_tag-decorated-glasses","product_tag-glass-coffee-mug"],"_links":{"self":[{"href":"https:\/\/lidaglassware.com\/it\/wp-json\/wp\/v2\/product\/1114","targetHints":{"allow":["GET"]}}],"collection":[{"href":"https:\/\/lidaglassware.com\/it\/wp-json\/wp\/v2\/product"}],"about":[{"href":"https:\/\/lidaglassware.com\/it\/wp-json\/wp\/v2\/types\/product"}],"replies":[{"embeddable":true,"href":"https:\/\/lidaglassware.com\/it\/wp-json\/wp\/v2\/comments?post=1114"}],"wp:featuredmedia":[{"embeddable":true,"href":"https:\/\/lidaglassware.com\/it\/wp-json\/wp\/v2\/media\/1223"}],"wp:attachment":[{"href":"https:\/\/lidaglassware.com\/it\/wp-json\/wp\/v2\/media?parent=1114"}],"curies":[{"name":"wp","href":"https:\/\/api.w.org\/{rel}","templated":true}]}}