{"id":2068,"date":"2023-08-02T23:12:50","date_gmt":"2023-08-03T07:12:50","guid":{"rendered":"https:\/\/lidaglassware.com\/?post_type=product&#038;p=2068"},"modified":"2023-08-02T23:18:08","modified_gmt":"2023-08-03T07:18:08","slug":"quality-crystal-whiskey-glass-390ml","status":"publish","type":"product","link":"https:\/\/lidaglassware.com\/it\/prodotto\/bicchiere-da-whisky-cristallo-di-qualita-390ml\/","title":{"rendered":"Bicchiere da whisky in cristallo di qualit\u00e0 da 390 ml"},"content":{"rendered":"<p><em><strong>Sezione 1: \u201cSorseggiare la raffinatezza\u201d<\/strong><\/em><\/p>\n<p>Migliora la tua esperienza con il whisky con i nostri splendidi bicchieri da whisky in cristallo. Splendidamente progettati per catturare l&#039;essenza dell&#039;eleganza, questi bicchieri forniscono un tocco lussuoso al tuo bar di casa. La raffinata lavorazione artigianale garantisce una presa comoda e un&#039;esperienza di sorseggio sensazionale, lasciando un&#039;impressione eterna sulle tue papille gustative e sui tuoi ospiti.<\/p>\n<p><em><strong>Sezione 2: \u201cL&#039;arte in ogni dettaglio\u201d<\/strong><\/em><\/p>\n<p>Realizzati con la massima cura e precisione, i nostri bicchieri da whisky in cristallo mettono in mostra l&#039;arte della raffinata lavorazione del vetro. Lo scintillio abbagliante, l&#039;armonioso equilibrio tra peso ed estetica e gli intricati dettagli rendono ogni bicchiere un capolavoro. Questi bicchieri non sono solo bicchieri; sono un inizio di conversazione, un simbolo di prestigio e un&#039;opera d&#039;arte.<\/p>\n<p><em><strong>Sezione 3: \u201cFesteggia con qualit\u00e0\u201d<\/strong><\/em><\/p>\n<p>La qualit\u00e0 conta quando si tratta di godersi i propri liquori preferiti e i nostri bicchieri da whisky in cristallo sono all&#039;altezza delle aspettative. Realizzati con i migliori materiali, questi bicchieri offrono una chiarezza impeccabile che esalta il fascino visivo del tuo whisky. Robusti ma sofisticati, sono costruiti per durare e destinati a diventare i tuoi occhiali preferiti sia per le celebrazioni che per le serate tranquille.<\/p>\n<div class=\"mw-body-content\">\n<div id=\"bodyContent\" class=\"mw-body-content\">\n<div id=\"mw-content-text\" class=\"mw-content-ltr\" dir=\"ltr\" lang=\"en\">\n<header class=\"content-header\"><\/header>\n<section class=\"content-body text incontent-ads-area\" data-track-section=\"Body\" data-track-ranker=\"*\">\u00a0<\/section>\n<\/div>\n<\/div>\n<\/div>","protected":false},"excerpt":{"rendered":"<p>Assapora la vera essenza del whisky con i nostri eleganti bicchieri in cristallo. Artigianalit\u00e0, qualit\u00e0 e abilit\u00e0 artistica si uniscono per un&#039;esperienza definitiva. Compra oggi!<\/p>","protected":false},"featured_media":2056,"comment_status":"closed","ping_status":"closed","template":"","meta":[],"class_list":["post-2068","product","type-product","status-publish","has-post-thumbnail","hentry","product_cat-whiskey-glasses","product_tag-branded-glasses","product_tag-decal-process","product_tag-decorated-glasses","product_tag-whiskey-glass","product_tag-wine-glass"],"_links":{"self":[{"href":"https:\/\/lidaglassware.com\/it\/wp-json\/wp\/v2\/product\/2068","targetHints":{"allow":["GET"]}}],"collection":[{"href":"https:\/\/lidaglassware.com\/it\/wp-json\/wp\/v2\/product"}],"about":[{"href":"https:\/\/lidaglassware.com\/it\/wp-json\/wp\/v2\/types\/product"}],"replies":[{"embeddable":true,"href":"https:\/\/lidaglassware.com\/it\/wp-json\/wp\/v2\/comments?post=2068"}],"wp:featuredmedia":[{"embeddable":true,"href":"https:\/\/lidaglassware.com\/it\/wp-json\/wp\/v2\/media\/2056"}],"wp:attachment":[{"href":"https:\/\/lidaglassware.com\/it\/wp-json\/wp\/v2\/media?parent=2068"}],"curies":[{"name":"wp","href":"https:\/\/api.w.org\/{rel}","templated":true}]}}