{"id":4621,"date":"2024-03-11T23:41:23","date_gmt":"2024-03-12T07:41:23","guid":{"rendered":"https:\/\/lidaglassware.com\/?post_type=product&#038;p=4621"},"modified":"2024-03-11T23:59:53","modified_gmt":"2024-03-12T07:59:53","slug":"elegant-crystal-whiskey-tumbler-glasses","status":"publish","type":"product","link":"https:\/\/lidaglassware.com\/it\/prodotto\/elegant-crystal-whiskey-tumbler-glasses\/","title":{"rendered":"Eleganti bicchieri da whisky in cristallo: design sofisticato in vetro tagliato per liquori di prima qualit\u00e0"},"content":{"rendered":"<div class=\"w-full text-token-text-primary\" data-testid=\"conversation-turn-7\">\n<div class=\"px-4 py-2 justify-center text-base md:gap-6 m-auto\">\n<div class=\"flex flex-1 text-base mx-auto gap-3 md:px-5 lg:px-1 xl:px-5 md:max-w-3xl lg:max-w-[40rem] xl:max-w-[48rem] group final-completion\">\n<div class=\"relative flex w-full flex-col agent-turn\">\n<div class=\"flex-col gap-1 md:gap-3\">\n<div class=\"flex flex-grow flex-col max-w-full\">\n<div class=\"min-h-[20px] text-message flex flex-col items-start gap-3 whitespace-pre-wrap break-words [.text-message+&amp;]:mt-5 overflow-x-auto\" data-message-author-role=\"assistant\" data-message-id=\"9e7dfef1-73df-4be7-952f-24ba7d0f0568\">\n<div class=\"markdown prose w-full break-words dark:prose-invert light\">\n<div class=\"flex-1 overflow-hidden\">\n<div class=\"react-scroll-to-bottom--css-giasf-79elbk h-full\">\n<div class=\"react-scroll-to-bottom--css-giasf-1n7m0yu\">\n<div class=\"flex flex-col text-sm pb-9\">\n<div class=\"w-full text-token-text-primary\" data-testid=\"conversation-turn-13\">\n<div class=\"px-4 py-2 justify-center text-base md:gap-6 m-auto\">\n<div class=\"flex flex-1 text-base mx-auto gap-3 md:px-5 lg:px-1 xl:px-5 md:max-w-3xl lg:max-w-[40rem] xl:max-w-[48rem] group final-completion\">\n<div class=\"relative flex w-full flex-col agent-turn\">\n<div class=\"flex-col gap-1 md:gap-3\">\n<div class=\"flex flex-grow flex-col max-w-full\">\n<div class=\"min-h-[20px] text-message flex flex-col items-start gap-3 whitespace-pre-wrap break-words [.text-message+&amp;]:mt-5 overflow-x-auto\" data-message-author-role=\"assistant\" data-message-id=\"c830d6ad-ea0a-469a-83c1-902f8ce9498f\">\n<div class=\"markdown prose w-full break-words dark:prose-invert light\">\n<p><strong>Caratteristiche del prodotto:<\/strong><\/p>\n<ol>\n<li><strong>Design elegante in cristallo:<\/strong> Questo bicchiere da whisky presenta un elegante e sofisticato motivo in vetro tagliato, che aggiunge un tocco di lusso e raffinatezza alla tua esperienza di consumo. Perfetto per assaporare i tuoi liquori premium preferiti.<\/li>\n<li><strong>Cristallo di qualit\u00e0 premium:<\/strong> Realizzato in cristallo di alta qualit\u00e0, questo bicchiere in vetro offre eccezionale chiarezza e brillantezza, mettendo in mostra il vero colore e la consistenza del tuo whisky, bourbon o scotch.<\/li>\n<li><strong>Durevole e robusto:<\/strong> Con un fondo spesso e appesantito, il bicchiere offre una presa stabile e confortevole, riducendo il rischio di fuoriuscite e aumentando il godimento generale della tua bevanda.<\/li>\n<li><strong>Utilizzo versatile:<\/strong> Ideale per servire whisky, scotch, bourbon o qualsiasi altro liquore pregiato, questo bicchiere \u00e8 un&#039;aggiunta versatile alla tua collezione di articoli da bar, adatto sia per occasioni casual che formali.<\/li>\n<li><strong>Idea regalo perfetta:<\/strong> \u00c8 un regalo eccellente per gli appassionati di whisky, amici, familiari o colleghi. Perfetto per compleanni, matrimoni, anniversari o qualsiasi occasione speciale.<\/li>\n<li><strong>Dimensione ottimale:<\/strong> Progettato per contenere la quantit\u00e0 perfetta del liquore scelto, con o senza ghiaccio, esaltando il sapore e l&#039;aroma della tua bevanda per un&#039;esperienza di degustazione senza pari.<\/li>\n<li><strong>Facile da pulire:<\/strong> Questo bicchiere in vetro \u00e8 facile da mantenere e pulire, garantendo che continui a brillare e stupire per gli anni a venire. Si consiglia il lavaggio a mano per preservarne la qualit\u00e0 e la lucentezza.<\/li>\n<li><strong>Fascino estetico unico:<\/strong> Il design intricato e il cristallo scintillante creano uno straordinario effetto visivo, aggiungendo eleganza e stile al tuo bar di casa o al tuo drink.<\/li>\n<li><strong>Imballaggio sicuro:<\/strong> Viene fornito in un imballaggio sicuro e protettivo per garantire che arrivi a casa tua intatto e pronto per l&#039;uso.<\/li>\n<li><strong>Garanzia di soddisfazione del cliente:<\/strong> Ci impegniamo per la vostra soddisfazione e sosteniamo la qualit\u00e0 dei nostri prodotti. Se non sei completamente soddisfatto, offriamo una garanzia di soddisfazione del cliente per la massima tranquillit\u00e0.<\/li>\n<\/ol>\n<\/div>\n<\/div>\n<\/div>\n<\/div>\n<\/div>\n<\/div>\n<\/div>\n<\/div>\n<\/div>\n<\/div>\n<\/div>\n<\/div>\n<p>&nbsp;<\/p>\n<\/div>\n<p><strong>Per quali whisky \u00e8 adatto l&#039;uso del bicchiere tumbler da whisky \/ h<\/strong><strong>Bicchiere da sballo?<\/strong><\/p>\n<p>Whisky miscelato<\/p>\n<p><strong>Perch\u00e9?<\/strong><\/p>\n<p>Il bicchiere highball \u00e8 alto e dritto, il che lo rende perfetto per le bevande miste, comunemente realizzate con whisky miscelato. L&#039;altezza del bicchiere consente un mix equilibrato di whisky, ghiaccio e miscelatori, consentendo ai sapori delicati del whisky miscelato di integrarsi perfettamente con altri ingredienti, creando una bevanda rinfrescante senza sopraffare il carattere del whisky.<\/p>\n<p>Questo bicchiere da whisky vintage \u00e8 con motivi incisi, che rendono ogni bevanda elegante e piacevole.<\/p>\n<\/div>\n<\/div>\n<div class=\"mt-1 flex justify-start gap-3 empty:hidden\"><img fetchpriority=\"high\" decoding=\"async\" class=\"aligncenter wp-image-4624\" src=\"https:\/\/lidaglassware.com\/wp-content\/uploads\/2024\/03\/Elegant-Crystal-Whiskey-Tumbler-Glasses-3.jpg\" alt=\"Eleganti bicchieri da whisky in cristallo\" width=\"459\" height=\"400\" srcset=\"https:\/\/lidaglassware.com\/wp-content\/uploads\/2024\/03\/Elegant-Crystal-Whiskey-Tumbler-Glasses-3.jpg 750w, https:\/\/lidaglassware.com\/wp-content\/uploads\/2024\/03\/Elegant-Crystal-Whiskey-Tumbler-Glasses-3-300x262.jpg 300w, https:\/\/lidaglassware.com\/wp-content\/uploads\/2024\/03\/Elegant-Crystal-Whiskey-Tumbler-Glasses-3-14x12.jpg 14w, https:\/\/lidaglassware.com\/wp-content\/uploads\/2024\/03\/Elegant-Crystal-Whiskey-Tumbler-Glasses-3-600x523.jpg 600w\" sizes=\"(max-width: 459px) 100vw, 459px\" \/><\/div>\n<\/div>\n<div class=\"absolute\">\n<div class=\"flex w-full gap-2 items-center justify-center\"><\/div>\n<\/div>\n<\/div>\n<\/div>\n<\/div>\n<\/div>\n<div class=\"mx-auto\">\n<div>\n<div class=\"mx-auto mt-2 inline-flex rounded-xl border border-gray-100 dark:border-gray-700\"><\/div>\n<\/div>\n<\/div>","protected":false},"excerpt":{"rendered":"<div class=\"w-full text-token-text-primary\" data-testid=\"conversation-turn-9\">\n<div class=\"px-4 py-2 justify-center text-base md:gap-6 m-auto\">\n<div class=\"flex flex-1 text-base mx-auto gap-3 md:px-5 lg:px-1 xl:px-5 md:max-w-3xl lg:max-w-[40rem] xl:max-w-[48rem] group\">\n<div class=\"relative flex w-full flex-col agent-turn\">\n<div class=\"flex-col gap-1 md:gap-3\">\n<div class=\"flex flex-grow flex-col max-w-full\">\n<div class=\"min-h-[20px] text-message flex flex-col items-start gap-3 whitespace-pre-wrap break-words [.text-message+&amp;]:mt-5 overflow-x-auto\" data-message-author-role=\"assistant\" data-message-id=\"d47d6b18-1cbe-4b1f-9f5e-99593617b313\">\n<div class=\"markdown prose w-full break-words dark:prose-invert light\">\n<p>Questo bicchiere in vetro cristallo, appositamente progettato per gustare liquori, come il whisky. Questo tipo di bicchiere \u00e8 noto per il fondo spesso e il design robusto, che lo rendono ideale per sorseggiare whisky liscio o con ghiaccio.<\/p>\n<p>L&#039;intricato motivo in vetro tagliato nella met\u00e0 inferiore aggiunge un tocco di raffinatezza ed eleganza, migliorando l&#039;esperienza complessiva del bere riflettendo la luce e mettendo in mostra i ricchi colori del liquore. Il cristallo limpido e di alta qualit\u00e0 consente inoltre al bevitore di apprezzare il vero colore e la viscosit\u00e0 del whisky.<\/p>\n<p>Questo bicchiere \u00e8 comunemente utilizzato in una variet\u00e0 di ambienti, dalle riunioni informali alle occasioni pi\u00f9 formali, grazie al suo design classico e versatile.<\/p>\n<\/div>\n<\/div>\n<\/div>\n<\/div>\n<\/div>\n<\/div>\n<\/div>\n<\/div>","protected":false},"featured_media":4625,"comment_status":"closed","ping_status":"closed","template":"","meta":[],"class_list":["post-4621","product","type-product","status-publish","has-post-thumbnail","hentry","product_cat-tumbler-glasses","product_tag-glass-tumbler","product_tag-whiskey-glass"],"_links":{"self":[{"href":"https:\/\/lidaglassware.com\/it\/wp-json\/wp\/v2\/product\/4621","targetHints":{"allow":["GET"]}}],"collection":[{"href":"https:\/\/lidaglassware.com\/it\/wp-json\/wp\/v2\/product"}],"about":[{"href":"https:\/\/lidaglassware.com\/it\/wp-json\/wp\/v2\/types\/product"}],"replies":[{"embeddable":true,"href":"https:\/\/lidaglassware.com\/it\/wp-json\/wp\/v2\/comments?post=4621"}],"wp:featuredmedia":[{"embeddable":true,"href":"https:\/\/lidaglassware.com\/it\/wp-json\/wp\/v2\/media\/4625"}],"wp:attachment":[{"href":"https:\/\/lidaglassware.com\/it\/wp-json\/wp\/v2\/media?parent=4621"}],"curies":[{"name":"wp","href":"https:\/\/api.w.org\/{rel}","templated":true}]}}