{"id":917,"date":"2021-07-13T23:33:25","date_gmt":"2021-07-14T07:33:25","guid":{"rendered":"https:\/\/lidaglassware.com\/?post_type=product&#038;p=917"},"modified":"2024-01-15T22:52:11","modified_gmt":"2024-01-16T06:52:11","slug":"shot-glass-with-measures","status":"publish","type":"product","link":"https:\/\/lidaglassware.com\/it\/prodotto\/shot-glass-with-measures\/","title":{"rendered":"Bicchiere da shot con misure"},"content":{"rendered":"<p>Questo Scotch e Whisky Shot \u00e8 il nostro articolo pi\u00f9 venduto con una produzione di grandi volumi ogni mese. \u00c8 la scelta migliore ordinare insieme se non vuoi riempire troppo il tuo magazzino. Nel frattempo, viene accolto favorevolmente un ordine personalizzato. Possiamo produrre i prodotti finali con tutti i tuoi dettagli molto velocemente. Quello che puoi fare \u00e8 solo aspettare che la merce arrivi e la consegni ai tuoi clienti.<\/p>\n<div class=\"product-point-box\">\n<div class=\"product-point-title\">Caratteristiche<\/div>\n<ul class=\"product-point\">\n<li>Loghi personalizzabili, tramite goffratura sulla base o logo adesivo sul corpo<\/li>\n<li>Basta digitare<\/li>\n<li>Nessun costo di stampaggio<\/li>\n<li>Misure: diametro superiore 5 cm e altezza 6 cm<\/li>\n<li>Alta qualit\u00e0, bianco puro<\/li>\n<li>I colori della pittura sono realizzabili<\/li>\n<li>Approvazione del campione prima della produzione di massa<\/li>\n<\/ul>\n<h2><strong>Caratteristiche del prodotto del bicchierino con misure:<\/strong><\/h2>\n<ol>\n<li><strong>Contrassegni di misurazione:<\/strong> Linee chiaramente contrassegnate per misurazioni precise, che spesso includono sia once che millilitri.<\/li>\n<li><strong>Utilizzo versatile:<\/strong> Ideale per misurare gli alcolici per cocktail, preparare bevande miste o godersi uno shot standard.<\/li>\n<li><strong>Materiale di alta qualit\u00e0:<\/strong> Solitamente realizzato in vetro o plastica resistente, progettato per resistere all&#039;uso regolare.<\/li>\n<li><strong>Visibilit\u00e0 chiara:<\/strong> Il design trasparente consente una facile visualizzazione di contenuti e misurazioni.<\/li>\n<li><strong>Miscelazione accurata:<\/strong> Indispensabile per creare cocktail equilibrati e dal sapore costante.<\/li>\n<li><strong>Facile da pulire:<\/strong> Materiali lavabili in lavastoviglie per una pulizia senza problemi.<\/li>\n<li><strong>Dimensioni compatte:<\/strong> Dimensioni standard del bicchierino, perfetto per lo stoccaggio e la movimentazione.<\/li>\n<li><strong>Design ergonomico:<\/strong> Comodo da tenere e versare, con un design che si adatta sia ad ambienti casual che formali.<\/li>\n<li><strong>Ideale per i bar domestici:<\/strong> Uno strumento eccellente per i barman casalinghi che desiderano migliorare le proprie capacit\u00e0 nella preparazione dei cocktail.<\/li>\n<li><strong>Norma professionale:<\/strong> Adatto per l&#039;uso in ambienti commerciali, offre precisione ed efficienza in un ambiente frenetico.<\/li>\n<\/ol>\n<\/div>","protected":false},"excerpt":{"rendered":"<p>Questo bicchierino da 2 once con una base pi\u00f9 spessa, che \u00e8 uno dei nostri best seller. Presenta una chiarezza di alta qualit\u00e0 e ha un aspetto fantastico con il nostro processo di serigrafia personalizzato. L&#039;inchiostro non si rimuover\u00e0 in lavastoviglie e durer\u00e0 per gli anni a venire.<\/p>\n<p>Il bicchierino con misure \u00e8 un&#039;aggiunta pratica e innovativa a qualsiasi collezione di bicchieri da bar, combinando il tradizionale bicchierino con la funzionalit\u00e0 dei contrassegni di misurazione. Questi bicchieri sono perfetti sia per i baristi domestici che per i professionisti, fornendo un modo semplice e accurato per misurare liquori e ingredienti per i cocktail. I segni di misurazione aggiunti migliorano la precisione nella preparazione delle bevande, garantendo ogni volta cocktail coerenti ed equilibrati. Che tu stia preparando cocktail complessi o semplicemente godendoti un bicchierino misurato del tuo liquore preferito, questi bicchieri offrono praticit\u00e0 e precisione.<\/p>","protected":false},"featured_media":4072,"comment_status":"open","ping_status":"closed","template":"","meta":[],"class_list":["post-917","product","type-product","status-publish","has-post-thumbnail","hentry","product_cat-shot-glasses","product_tag-promotional-glassware","product_tag-shot-glasses"],"_links":{"self":[{"href":"https:\/\/lidaglassware.com\/it\/wp-json\/wp\/v2\/product\/917","targetHints":{"allow":["GET"]}}],"collection":[{"href":"https:\/\/lidaglassware.com\/it\/wp-json\/wp\/v2\/product"}],"about":[{"href":"https:\/\/lidaglassware.com\/it\/wp-json\/wp\/v2\/types\/product"}],"replies":[{"embeddable":true,"href":"https:\/\/lidaglassware.com\/it\/wp-json\/wp\/v2\/comments?post=917"}],"wp:featuredmedia":[{"embeddable":true,"href":"https:\/\/lidaglassware.com\/it\/wp-json\/wp\/v2\/media\/4072"}],"wp:attachment":[{"href":"https:\/\/lidaglassware.com\/it\/wp-json\/wp\/v2\/media?parent=917"}],"curies":[{"name":"wp","href":"https:\/\/api.w.org\/{rel}","templated":true}]}}