{"id":938,"date":"2021-07-15T16:57:33","date_gmt":"2021-07-16T00:57:33","guid":{"rendered":"https:\/\/lidaglassware.com\/?post_type=product&#038;p=938"},"modified":"2024-01-15T22:44:16","modified_gmt":"2024-01-16T06:44:16","slug":"double-shot-glasses-2-1oz-60ml","status":"publish","type":"product","link":"https:\/\/lidaglassware.com\/it\/prodotto\/bicchieri-doppi-shot-2-1oz-60ml\/","title":{"rendered":"Bicchieri doppi da 2,1 once \/ 60 ml"},"content":{"rendered":"<h2>Bicchierini doppi<\/h2>\n<p>Il doppio\u00a0<span style=\"color: #000000;\"><a style=\"color: #000000;\" href=\"http:\/\/www.itsglassware.com\/product-category\/shot-glasses\/\" target=\"_blank\" rel=\"noopener\">Bicchieri da shot<\/a><\/span> andare contro il solito design del bicchierino pi\u00f9 corto. Introduce l&#039;elemento highball nel mondo dei tiratori. I lati eleganti, minimali e dritti si adattano facilmente a qualsiasi gamma di articoli da bar, rendendoli il bicchierino ideale per la tua vetrina.<\/p>\n<p>Perfetti per le feste, la capacit\u00e0 di 60 ml dei bicchierini da shot li rende eccellenti per creare scatti extra large e anche per esposizioni visive con scatti a pi\u00f9 livelli. Qualunque sia il tuo veleno, il design pesante dei bicchierini Double Shot garantisce che possano resistere a tutte le punizioni che puoi servire!<\/p>\n<p><strong>Caratteristiche del prodotto dei bicchierini doppi:<\/strong><\/p>\n<ol>\n<li><strong>Capacit\u00e0 aumentata:<\/strong> In genere contiene circa 2 once, il doppio del volume dei bicchierini standard.<\/li>\n<li><strong>Materiale durevole:<\/strong> Realizzato in vetro di alta qualit\u00e0, garantisce durata e longevit\u00e0.<\/li>\n<li><strong>Utilizzo versatile:<\/strong> Ideale per servire doppi bicchierini di liquori, bicchierini a strati o piccoli cocktail.<\/li>\n<li><strong>Design ergonomico:<\/strong> Comodo da tenere in mano e da sorseggiare, con un design che si adatta bene alla mano.<\/li>\n<li><strong>Visibilit\u00e0 chiara:<\/strong> Il materiale trasparente mette in mostra il colore e la chiarezza del contenuto.<\/li>\n<li><strong>Pulizia facile:<\/strong> Generalmente lavabili in lavastoviglie, il che li rende facili da pulire e mantenere.<\/li>\n<li><strong>Impilabile:<\/strong> Spesso progettato per essere impilabile, risparmiando spazio nello stoccaggio.<\/li>\n<li><strong>Perfetto per intrattenere:<\/strong> Ottimo per feste, degustazioni o come elemento base in un bar domestico o commerciale.<\/li>\n<li><strong>Attrazione estetica:<\/strong> Il loro design elegante e semplice aggiunge un tocco di raffinatezza a qualsiasi ambiente.<\/li>\n<li><strong>Misure coerenti:<\/strong> Ideale per misurare con precisione gli alcolici per i cocktail, garantendo coerenza nella preparazione delle bevande.<\/li>\n<\/ol>","protected":false},"excerpt":{"rendered":"<p>I bicchierini doppi offrono un modo pratico ed elegante per gustare i tuoi liquori e cocktail preferiti. Pi\u00f9 grandi dei bicchierini standard, sono progettati per contenere circa 2 once, perfetti per coloro che apprezzano una porzione pi\u00f9 generosa. Sia che vengano utilizzati in un bar di casa o in un ambiente professionale, questi bicchieri sono versatili ed essenziali per servire una variet\u00e0 di bevande, dai liquori semplici agli shot a strati. Le loro dimensioni pi\u00f9 grandi li rendono adatti anche per mini cocktail, aggiungendo un tocco di eleganza e praticit\u00e0 a qualsiasi incontro sociale.<\/p>","protected":false},"featured_media":4071,"comment_status":"closed","ping_status":"closed","template":"","meta":[],"class_list":["post-938","product","type-product","status-publish","has-post-thumbnail","hentry","product_cat-branded-glasses","product_cat-shot-glasses","product_tag-shot-glasses"],"_links":{"self":[{"href":"https:\/\/lidaglassware.com\/it\/wp-json\/wp\/v2\/product\/938","targetHints":{"allow":["GET"]}}],"collection":[{"href":"https:\/\/lidaglassware.com\/it\/wp-json\/wp\/v2\/product"}],"about":[{"href":"https:\/\/lidaglassware.com\/it\/wp-json\/wp\/v2\/types\/product"}],"replies":[{"embeddable":true,"href":"https:\/\/lidaglassware.com\/it\/wp-json\/wp\/v2\/comments?post=938"}],"wp:featuredmedia":[{"embeddable":true,"href":"https:\/\/lidaglassware.com\/it\/wp-json\/wp\/v2\/media\/4071"}],"wp:attachment":[{"href":"https:\/\/lidaglassware.com\/it\/wp-json\/wp\/v2\/media?parent=938"}],"curies":[{"name":"wp","href":"https:\/\/api.w.org\/{rel}","templated":true}]}}