{"id":964,"date":"2021-07-15T16:57:36","date_gmt":"2021-07-16T00:57:36","guid":{"rendered":"https:\/\/lidaglassware.com\/?post_type=product&#038;p=964"},"modified":"2022-09-27T01:34:45","modified_gmt":"2022-09-27T09:34:45","slug":"colored-printed-shot-glasses-2oz-62ml","status":"publish","type":"product","link":"https:\/\/lidaglassware.com\/it\/prodotto\/bicchierini-colorati-stampati-2oz-62ml\/","title":{"rendered":"Bicchieri da shot stampati colorati da 2 once \/ 62 ml"},"content":{"rendered":"<h2><span style=\"color: #333333;\">Stampato a colori <a style=\"color: #333333;\" href=\"http:\/\/www.itsglassware.com\/product-category\/shot-glasses\/\" target=\"_blank\" rel=\"noopener\">Bicchieri da shot<\/a> 2 once \/ 62 ml<\/span><\/h2>\n<ul>\n<li><span style=\"color: #333333;\">\u00c8 un divertente bicchierino da aggiungere alla tua collezione<\/span><\/li>\n<li><span style=\"color: #333333;\">\u00c8 un ottimo regalo per vacanze, compleanni e altro ancora<\/span><\/li>\n<li><span style=\"color: #333333;\">Stampato con il tuo marchio o immagini su questo bicchiere da shot da 1,8 once<\/span><\/li>\n<\/ul>\n<p><span style=\"color: #333333;\">Quando \u00e8 stata l&#039;ultima volta che una bella storia \u00e8 iniziata con qualcuno che mangiava un&#039;insalata? Questo bicchierino stampato \u00e8 l&#039;ideale per dare inizio a qualsiasi festa!<\/span><\/p>\n<p><span style=\"color: #333333;\">Ti consigliamo di creare il tuo marchio su di esso! Fai subito scorta cos\u00ec avrai gli occhiali pronti per soddisfare il tuo cliente.<\/span><\/p>\n<p><span style=\"color: #333333;\">Ne abbiamo molti altri <a style=\"color: #333333;\" href=\"http:\/\/www.itsglassware.com\/product-category\/shot-glasses\/\" target=\"_blank\" rel=\"noopener\">bicchierini<\/a> per la tua selezione!<\/span><\/p>","protected":false},"excerpt":{"rendered":"<p>Colored Printed Shot Glasses 2oz \/ 62ml It&#8217;s a fun shot glass to add to your collection Makes a great gift for holidays, birthdays and more Printed with your own brand or images on this 1.8oz Shot glass When was the last time a great story started with someone eating a salad? This printed shot [&hellip;]<\/p>","protected":false},"featured_media":1085,"comment_status":"closed","ping_status":"closed","template":"","meta":[],"class_list":["post-964","product","type-product","status-publish","has-post-thumbnail","hentry","product_cat-colored-glasses","product_cat-shot-glasses","product_tag-shot-glasses"],"_links":{"self":[{"href":"https:\/\/lidaglassware.com\/it\/wp-json\/wp\/v2\/product\/964","targetHints":{"allow":["GET"]}}],"collection":[{"href":"https:\/\/lidaglassware.com\/it\/wp-json\/wp\/v2\/product"}],"about":[{"href":"https:\/\/lidaglassware.com\/it\/wp-json\/wp\/v2\/types\/product"}],"replies":[{"embeddable":true,"href":"https:\/\/lidaglassware.com\/it\/wp-json\/wp\/v2\/comments?post=964"}],"wp:featuredmedia":[{"embeddable":true,"href":"https:\/\/lidaglassware.com\/it\/wp-json\/wp\/v2\/media\/1085"}],"wp:attachment":[{"href":"https:\/\/lidaglassware.com\/it\/wp-json\/wp\/v2\/media?parent=964"}],"curies":[{"name":"wp","href":"https:\/\/api.w.org\/{rel}","templated":true}]}}