{"id":985,"date":"2021-07-15T17:01:04","date_gmt":"2021-07-16T01:01:04","guid":{"rendered":"https:\/\/lidaglassware.com\/?post_type=product&#038;p=985"},"modified":"2021-07-19T00:40:57","modified_gmt":"2021-07-19T08:40:57","slug":"mini-glass-coffee-mug-4oz-120ml","status":"publish","type":"product","link":"https:\/\/lidaglassware.com\/it\/prodotto\/mini-tazza-da-caffe-in-vetro-4oz-120ml\/","title":{"rendered":"Mini tazza da caff\u00e8 in vetro da 4 once \/ 120 ml"},"content":{"rendered":"<h2>Mini tazza da caff\u00e8 in vetro da 4 once \/ 120 ml<\/h2>\n<p>Il mini bicchierino in vetro contiene circa 4 once del tuo liquore preferito. Sono adorabili e divertenti da cui prendere il caff\u00e8. Un ottimo pezzo di conversazione a qualsiasi cocktail party o da avere come accessorio per il caff\u00e8! Sono alti 2 pollici con un diametro della bocca di 2,7 pollici. Il grazioso manico della tazza e il design creativo di questo bicchierino sono anche ottimi pezzi decorativi.<\/p>\n<p>Quando \u00e8 stata l&#039;ultima volta che una bella storia \u00e8 iniziata con qualcuno che mangiava un&#039;insalata? Questo mini bicchiere da caff\u00e8 \u00e8 l&#039;ideale per dare inizio a qualsiasi festa!<\/p>\n<p>&nbsp;<\/p>\n<div class=\"mw-body-content\"><\/div>","protected":false},"excerpt":{"rendered":"<p>Ti consigliamo di creare il tuo marchio su di esso! Fai subito scorta cos\u00ec avrai gli occhiali pronti per soddisfare il tuo cliente.<\/p>\n<p>&nbsp;<\/p>","protected":false},"featured_media":1111,"comment_status":"closed","ping_status":"closed","template":"","meta":[],"class_list":["post-985","product","type-product","status-publish","has-post-thumbnail","hentry","product_cat-coffee-glasses","product_tag-glass-coffee-mug"],"_links":{"self":[{"href":"https:\/\/lidaglassware.com\/it\/wp-json\/wp\/v2\/product\/985","targetHints":{"allow":["GET"]}}],"collection":[{"href":"https:\/\/lidaglassware.com\/it\/wp-json\/wp\/v2\/product"}],"about":[{"href":"https:\/\/lidaglassware.com\/it\/wp-json\/wp\/v2\/types\/product"}],"replies":[{"embeddable":true,"href":"https:\/\/lidaglassware.com\/it\/wp-json\/wp\/v2\/comments?post=985"}],"wp:featuredmedia":[{"embeddable":true,"href":"https:\/\/lidaglassware.com\/it\/wp-json\/wp\/v2\/media\/1111"}],"wp:attachment":[{"href":"https:\/\/lidaglassware.com\/it\/wp-json\/wp\/v2\/media?parent=985"}],"curies":[{"name":"wp","href":"https:\/\/api.w.org\/{rel}","templated":true}]}}