{"id":2509,"date":"2023-08-31T01:57:06","date_gmt":"2023-08-31T09:57:06","guid":{"rendered":"https:\/\/lidaglassware.com\/?page_id=2509"},"modified":"2024-04-02T01:16:30","modified_gmt":"2024-04-02T09:16:30","slug":"research-development","status":"publish","type":"page","link":"https:\/\/lidaglassware.com\/pl\/research-development\/","title":{"rendered":"Badania i Rozw\u00f3j"},"content":{"rendered":"<div data-elementor-type=\"wp-page\" data-elementor-id=\"2509\" class=\"elementor elementor-2509\" data-elementor-post-type=\"page\">\n\t\t\t\t<div class=\"elementor-element elementor-element-777c8847 e-con-full e-flex e-con e-parent\" data-id=\"777c8847\" data-element_type=\"container\" data-settings=\"{&quot;background_background&quot;:&quot;classic&quot;}\">\n\t\t<div class=\"elementor-element elementor-element-2ef0e1be e-flex e-con-boxed e-con e-child\" data-id=\"2ef0e1be\" data-element_type=\"container\">\n\t\t\t\t\t<div class=\"e-con-inner\">\n\t\t\t\t<div class=\"elementor-element elementor-element-ee401e2 elementor-widget elementor-widget-heading\" data-id=\"ee401e2\" data-element_type=\"widget\" data-widget_type=\"heading.default\">\n\t\t\t\t<div class=\"elementor-widget-container\">\n\t\t\t<h1 class=\"elementor-heading-title elementor-size-default\">Badania i rozw\u00f3j w ka\u017cdym aspekcie<\/h1>\t\t<\/div>\n\t\t\t\t<\/div>\n\t\t\t\t\t<\/div>\n\t\t\t\t<\/div>\n\t\t\t\t<div class=\"elementor-element elementor-element-4488e1a6 elementor-widget elementor-widget-text-editor\" data-id=\"4488e1a6\" data-element_type=\"widget\" data-widget_type=\"text-editor.default\">\n\t\t\t\t<div class=\"elementor-widget-container\">\n\t\t\t\t\t\t\t<p>Udoskonalanie dzisiejszych odpowiedzi przy jednoczesnym przewidywaniu przysz\u0142ych potrzeb.<\/p>\t\t\t\t\t\t<\/div>\n\t\t\t\t<\/div>\n\t\t\t\t<div class=\"elementor-element elementor-element-27c9deb7 elementor-widget elementor-widget-woocommerce-breadcrumb\" data-id=\"27c9deb7\" data-element_type=\"widget\" data-widget_type=\"woocommerce-breadcrumb.default\">\n\t\t\t\t<div class=\"elementor-widget-container\">\n\t\t\t<nav class=\"woocommerce-breadcrumb\" data-no-translation=\"\" data-trp-gettext=\"\">Dom<\/nav>\t\t<\/div>\n\t\t\t\t<\/div>\n\t\t\t\t<\/div>\n\t\t<div class=\"elementor-element elementor-element-c975448 e-flex e-con-boxed e-con e-parent\" data-id=\"c975448\" data-element_type=\"container\">\n\t\t\t\t\t<div class=\"e-con-inner\">\n\t\t\t\t<div class=\"elementor-element elementor-element-bebb6ad elementor-widget elementor-widget-heading\" data-id=\"bebb6ad\" data-element_type=\"widget\" data-widget_type=\"heading.default\">\n\t\t\t\t<div class=\"elementor-widget-container\">\n\t\t\t<h2 class=\"elementor-heading-title elementor-size-default\">Lida R&amp;D: \u015bledzenie zmian z naciskiem na wp\u0142yw \u015brednio- i d\u0142ugoterminowy<\/h2>\t\t<\/div>\n\t\t\t\t<\/div>\n\t\t\t\t\t<\/div>\n\t\t\t\t<\/div>\n\t\t<div class=\"elementor-element elementor-element-f5e908b e-flex e-con-boxed e-con e-parent\" data-id=\"f5e908b\" data-element_type=\"container\">\n\t\t\t\t\t<div class=\"e-con-inner\">\n\t\t<div class=\"elementor-element elementor-element-585ac5d e-con-full e-flex e-con e-child\" data-id=\"585ac5d\" data-element_type=\"container\">\n\t\t\t\t<div class=\"elementor-element elementor-element-c38a76c elementor-widget elementor-widget-image\" data-id=\"c38a76c\" data-element_type=\"widget\" data-widget_type=\"image.default\">\n\t\t\t\t<div class=\"elementor-widget-container\">\n\t\t\t\t\t\t\t\t\t\t\t\t\t<img fetchpriority=\"high\" decoding=\"async\" width=\"800\" height=\"534\" src=\"https:\/\/lidaglassware.com\/wp-content\/uploads\/2023\/08\/R-and-D-from-Pixabay-1024x684.jpg\" class=\"attachment-large size-large wp-image-2483\" alt=\"R i D z Pixabay\" srcset=\"https:\/\/lidaglassware.com\/wp-content\/uploads\/2023\/08\/R-and-D-from-Pixabay-1024x684.jpg 1024w, https:\/\/lidaglassware.com\/wp-content\/uploads\/2023\/08\/R-and-D-from-Pixabay-300x200.jpg 300w, https:\/\/lidaglassware.com\/wp-content\/uploads\/2023\/08\/R-and-D-from-Pixabay-768x513.jpg 768w, https:\/\/lidaglassware.com\/wp-content\/uploads\/2023\/08\/R-and-D-from-Pixabay-1536x1026.jpg 1536w, https:\/\/lidaglassware.com\/wp-content\/uploads\/2023\/08\/R-and-D-from-Pixabay-600x401.jpg 600w, https:\/\/lidaglassware.com\/wp-content\/uploads\/2023\/08\/R-and-D-from-Pixabay.jpg 1920w\" sizes=\"(max-width: 800px) 100vw, 800px\" \/>\t\t\t\t\t\t\t\t\t\t\t\t\t<\/div>\n\t\t\t\t<\/div>\n\t\t\t\t<\/div>\n\t\t<div class=\"elementor-element elementor-element-8432289 e-con-full e-flex e-con e-child\" data-id=\"8432289\" data-element_type=\"container\">\n\t\t\t\t<div class=\"elementor-element elementor-element-75628ae elementor-widget elementor-widget-text-editor\" data-id=\"75628ae\" data-element_type=\"widget\" data-widget_type=\"text-editor.default\">\n\t\t\t\t<div class=\"elementor-widget-container\">\n\t\t\t\t\t\t\t<p>Mamy solidny system szybkiego rozwoju kubk\u00f3w szklanych i tak, mamy te\u017c ca\u0142y dzia\u0142 badawczo-rozwojowy. W obszarze bada\u0144 i rozwoju skupiamy si\u0119 g\u0142\u00f3wnie na obserwowaniu \u015bwiatowych trend\u00f3w w bran\u017cy wyrob\u00f3w szklanych i dopasowaniu ich do strategii wej\u015bcia na rynek dla naszych klient\u00f3w.<\/p><p>Dzi\u0119ki temu mo\u017cemy miesza\u0107 i dopasowywa\u0107 <a href=\"https:\/\/lidaglassware.com\/pl\/glassware-manufacturing\/\" target=\"_blank\" rel=\"nofollow noopener\"><span style=\"text-decoration: underline;\">nasza technologia produkcji<\/span><\/a> i pomys\u0142y zwi\u0105zane z tym, co jest na topie, pracuj\u0105c jako zesp\u00f3\u0142 nad wytwarzaniem produkt\u00f3w szklanych, kt\u00f3re naprawd\u0119 si\u0119 sprawdzaj\u0105. Co wi\u0119cej, nasze prace badawczo-rozwojowe staj\u0105 si\u0119 jeszcze lepsze i wydajniejsze dzi\u0119ki przyj\u0119ciu r\u00f3\u017cnych perspektyw i upowszechnieniu nowych odkry\u0107.<\/p>\t\t\t\t\t\t<\/div>\n\t\t\t\t<\/div>\n\t\t\t\t<\/div>\n\t\t\t\t\t<\/div>\n\t\t\t\t<\/div>\n\t\t<div class=\"elementor-element elementor-element-7ab23e7 e-flex e-con-boxed e-con e-parent\" data-id=\"7ab23e7\" data-element_type=\"container\" data-settings=\"{&quot;background_background&quot;:&quot;classic&quot;}\">\n\t\t\t\t\t<div class=\"e-con-inner\">\n\t\t\t\t<div class=\"elementor-element elementor-element-a3ac3b4 elementor-widget elementor-widget-heading\" data-id=\"a3ac3b4\" data-element_type=\"widget\" data-widget_type=\"heading.default\">\n\t\t\t\t<div class=\"elementor-widget-container\">\n\t\t\t<h2 class=\"elementor-heading-title elementor-size-default\">Nasza wiedza<\/h2>\t\t<\/div>\n\t\t\t\t<\/div>\n\t\t\t\t<div class=\"elementor-element elementor-element-2061239 elementor-widget elementor-widget-heading\" data-id=\"2061239\" data-element_type=\"widget\" data-widget_type=\"heading.default\">\n\t\t\t\t<div class=\"elementor-widget-container\">\n\t\t\t<h2 class=\"elementor-heading-title elementor-size-default\">Mistrzostwo w ca\u0142ym cyklu rozwoju<\/h2>\t\t<\/div>\n\t\t\t\t<\/div>\n\t\t\t\t\t<\/div>\n\t\t\t\t<\/div>\n\t\t<div class=\"elementor-element elementor-element-104aaf6 e-flex e-con-boxed e-con e-parent\" data-id=\"104aaf6\" data-element_type=\"container\" data-settings=\"{&quot;background_background&quot;:&quot;classic&quot;}\">\n\t\t\t\t\t<div class=\"e-con-inner\">\n\t\t<div class=\"elementor-element elementor-element-6d08a64 e-con-full e-flex e-con e-child\" data-id=\"6d08a64\" data-element_type=\"container\">\n\t\t\t\t<div class=\"elementor-element elementor-element-cc5d152 elementor-widget elementor-widget-icon-box\" data-id=\"cc5d152\" data-element_type=\"widget\" data-widget_type=\"icon-box.default\">\n\t\t\t\t<div class=\"elementor-widget-container\">\n\t\t\t\t\t<div class=\"elementor-icon-box-wrapper\">\n\n\t\t\t\n\t\t\t\t\t\t<div class=\"elementor-icon-box-content\">\n\n\t\t\t\t\t\t\t\t\t<h3 class=\"elementor-icon-box-title\">\n\t\t\t\t\t\t<span  >\n\t\t\t\t\t\t\tDog\u0142\u0119bne spojrzenie na bran\u017c\u0119 i rynek\t\t\t\t\t\t<\/span>\n\t\t\t\t\t<\/h3>\n\t\t\t\t\n\t\t\t\t\t\t\t\t\t<p class=\"elementor-icon-box-description\">\n\t\t\t\t\t\tDzi\u0119ki ponad 30-letniemu do\u015bwiadczeniu Lida wnosi bogat\u0105 wiedz\u0119 specjalistyczn\u0105, aby stawi\u0107 czo\u0142a wszelkim wyzwaniom, jakie mo\u017cesz napotka\u0107. Niezale\u017cnie od tego, czy chodzi o przeprowadzenie dog\u0142\u0119bnego badania rynku w celu ulepszenia Twoich promocji, doradztwo w zakresie najlepszego wyboru wyrob\u00f3w szklanych, czy te\u017c wykonanie innego specjalistycznego zadania, kt\u00f3rego potrzebujesz, mamy wiedz\u0119, jak to zrobi\u0107.\t\t\t\t\t<\/p>\n\t\t\t\t\n\t\t\t<\/div>\n\t\t\t\n\t\t<\/div>\n\t\t\t\t<\/div>\n\t\t\t\t<\/div>\n\t\t\t\t<\/div>\n\t\t<div class=\"elementor-element elementor-element-fbd7f26 e-con-full e-flex e-con e-child\" data-id=\"fbd7f26\" data-element_type=\"container\">\n\t\t\t\t<div class=\"elementor-element elementor-element-50ae9d4 elementor-widget elementor-widget-icon-box\" data-id=\"50ae9d4\" data-element_type=\"widget\" data-widget_type=\"icon-box.default\">\n\t\t\t\t<div class=\"elementor-widget-container\">\n\t\t\t\t\t<div class=\"elementor-icon-box-wrapper\">\n\n\t\t\t\n\t\t\t\t\t\t<div class=\"elementor-icon-box-content\">\n\n\t\t\t\t\t\t\t\t\t<h3 class=\"elementor-icon-box-title\">\n\t\t\t\t\t\t<span  >\n\t\t\t\t\t\t\tPe\u0142ne wsparcie techniczne\t\t\t\t\t\t<\/span>\n\t\t\t\t\t<\/h3>\n\t\t\t\t\n\t\t\t\t\t\t\t\t\t<p class=\"elementor-icon-box-description\">\n\t\t\t\t\t\tNasz zesp\u00f3\u0142 in\u017cynier\u00f3w nie tylko zna si\u0119 na technologii; oni te\u017c rozumiej\u0105 rynek. Naszym celem jest tworzenie najwy\u017cszej klasy okular\u00f3w, kt\u00f3re spe\u0142niaj\u0105 wszystkie wymagania. \u0141\u0105czymy funkcjonalno\u015b\u0107, kolor i materia\u0142y, aby opracowa\u0107 zaawansowane rozwi\u0105zania, kt\u00f3re sprawi\u0105, \u017ce Twoja marka zab\u0142y\u015bnie. Ponadto posiadamy inteligentne \u015brodki ochrony, kt\u00f3re usprawni\u0105 nasz\u0105 i Twoj\u0105 gr\u0119.\t\t\t\t\t<\/p>\n\t\t\t\t\n\t\t\t<\/div>\n\t\t\t\n\t\t<\/div>\n\t\t\t\t<\/div>\n\t\t\t\t<\/div>\n\t\t\t\t<\/div>\n\t\t\t\t\t<\/div>\n\t\t\t\t<\/div>\n\t\t<div class=\"elementor-element elementor-element-42d36c0 e-flex e-con-boxed e-con e-parent\" data-id=\"42d36c0\" data-element_type=\"container\" data-settings=\"{&quot;background_background&quot;:&quot;classic&quot;}\">\n\t\t\t\t\t<div class=\"e-con-inner\">\n\t\t<div class=\"elementor-element elementor-element-922ca60 e-con-full e-flex e-con e-child\" data-id=\"922ca60\" data-element_type=\"container\">\n\t\t\t\t<div class=\"elementor-element elementor-element-3def337 elementor-widget elementor-widget-image\" data-id=\"3def337\" data-element_type=\"widget\" data-widget_type=\"image.default\">\n\t\t\t\t<div class=\"elementor-widget-container\">\n\t\t\t\t\t\t\t\t\t\t\t\t\t<img decoding=\"async\" width=\"800\" height=\"534\" src=\"https:\/\/lidaglassware.com\/wp-content\/uploads\/2023\/11\/Lab-and-Research-Centre-1024x684.jpg\" class=\"attachment-large size-large wp-image-3741\" alt=\"Laboratorium i Centrum Badawcze\" srcset=\"https:\/\/lidaglassware.com\/wp-content\/uploads\/2023\/11\/Lab-and-Research-Centre-1024x684.jpg 1024w, https:\/\/lidaglassware.com\/wp-content\/uploads\/2023\/11\/Lab-and-Research-Centre-300x200.jpg 300w, https:\/\/lidaglassware.com\/wp-content\/uploads\/2023\/11\/Lab-and-Research-Centre-768x513.jpg 768w, https:\/\/lidaglassware.com\/wp-content\/uploads\/2023\/11\/Lab-and-Research-Centre-1536x1026.jpg 1536w, https:\/\/lidaglassware.com\/wp-content\/uploads\/2023\/11\/Lab-and-Research-Centre-600x401.jpg 600w, https:\/\/lidaglassware.com\/wp-content\/uploads\/2023\/11\/Lab-and-Research-Centre.jpg 1920w\" sizes=\"(max-width: 800px) 100vw, 800px\" \/>\t\t\t\t\t\t\t\t\t\t\t\t\t<\/div>\n\t\t\t\t<\/div>\n\t\t\t\t<div class=\"elementor-element elementor-element-6c1f73a elementor-widget elementor-widget-heading\" data-id=\"6c1f73a\" data-element_type=\"widget\" data-widget_type=\"heading.default\">\n\t\t\t\t<div class=\"elementor-widget-container\">\n\t\t\t<h2 class=\"elementor-heading-title elementor-size-default\">Wyposa\u017cenie laboratorium badawczego<\/h2>\t\t<\/div>\n\t\t\t\t<\/div>\n\t\t\t\t<\/div>\n\t\t<div class=\"elementor-element elementor-element-ea24cb8 e-con-full e-flex e-con e-child\" data-id=\"ea24cb8\" data-element_type=\"container\">\n\t\t\t\t<div class=\"elementor-element elementor-element-c861b24 elementor-widget elementor-widget-image\" data-id=\"c861b24\" data-element_type=\"widget\" data-widget_type=\"image.default\">\n\t\t\t\t<div class=\"elementor-widget-container\">\n\t\t\t\t\t\t\t\t\t\t\t\t\t<img decoding=\"async\" width=\"800\" height=\"534\" src=\"https:\/\/lidaglassware.com\/wp-content\/uploads\/2023\/11\/Certificates-1024x684.jpg\" class=\"attachment-large size-large wp-image-3742\" alt=\"Certyfikaty\" srcset=\"https:\/\/lidaglassware.com\/wp-content\/uploads\/2023\/11\/Certificates-1024x684.jpg 1024w, https:\/\/lidaglassware.com\/wp-content\/uploads\/2023\/11\/Certificates-300x200.jpg 300w, https:\/\/lidaglassware.com\/wp-content\/uploads\/2023\/11\/Certificates-768x513.jpg 768w, https:\/\/lidaglassware.com\/wp-content\/uploads\/2023\/11\/Certificates-1536x1026.jpg 1536w, https:\/\/lidaglassware.com\/wp-content\/uploads\/2023\/11\/Certificates-600x401.jpg 600w, https:\/\/lidaglassware.com\/wp-content\/uploads\/2023\/11\/Certificates.jpg 1920w\" sizes=\"(max-width: 800px) 100vw, 800px\" \/>\t\t\t\t\t\t\t\t\t\t\t\t\t<\/div>\n\t\t\t\t<\/div>\n\t\t\t\t<div class=\"elementor-element elementor-element-ed1b707 elementor-widget elementor-widget-heading\" data-id=\"ed1b707\" data-element_type=\"widget\" data-widget_type=\"heading.default\">\n\t\t\t\t<div class=\"elementor-widget-container\">\n\t\t\t<h2 class=\"elementor-heading-title elementor-size-default\">Patenty na produkty i technologie<\/h2>\t\t<\/div>\n\t\t\t\t<\/div>\n\t\t\t\t<\/div>\n\t\t\t\t\t<\/div>\n\t\t\t\t<\/div>\n\t\t<div class=\"elementor-element elementor-element-0bee9a5 e-flex e-con-boxed e-con e-parent\" data-id=\"0bee9a5\" data-element_type=\"container\" data-settings=\"{&quot;background_background&quot;:&quot;classic&quot;}\">\n\t\t\t\t\t<div class=\"e-con-inner\">\n\t\t<div class=\"elementor-element elementor-element-6b1a41a e-con-full e-flex e-con e-child\" data-id=\"6b1a41a\" data-element_type=\"container\">\n\t\t\t\t<div class=\"elementor-element elementor-element-2a0bae9 elementor-widget elementor-widget-image\" data-id=\"2a0bae9\" data-element_type=\"widget\" data-widget_type=\"image.default\">\n\t\t\t\t<div class=\"elementor-widget-container\">\n\t\t\t\t\t\t\t\t\t\t\t\t\t<img loading=\"lazy\" decoding=\"async\" width=\"800\" height=\"534\" src=\"https:\/\/lidaglassware.com\/wp-content\/uploads\/2023\/11\/Our-Factory-1024x684.jpg\" class=\"attachment-large size-large wp-image-3747\" alt=\"Nasz zak\u0142ad\" srcset=\"https:\/\/lidaglassware.com\/wp-content\/uploads\/2023\/11\/Our-Factory-1024x684.jpg 1024w, https:\/\/lidaglassware.com\/wp-content\/uploads\/2023\/11\/Our-Factory-300x200.jpg 300w, https:\/\/lidaglassware.com\/wp-content\/uploads\/2023\/11\/Our-Factory-768x513.jpg 768w, https:\/\/lidaglassware.com\/wp-content\/uploads\/2023\/11\/Our-Factory-1536x1026.jpg 1536w, https:\/\/lidaglassware.com\/wp-content\/uploads\/2023\/11\/Our-Factory-600x401.jpg 600w, https:\/\/lidaglassware.com\/wp-content\/uploads\/2023\/11\/Our-Factory.jpg 1920w\" sizes=\"(max-width: 800px) 100vw, 800px\" \/>\t\t\t\t\t\t\t\t\t\t\t\t\t<\/div>\n\t\t\t\t<\/div>\n\t\t\t\t<div class=\"elementor-element elementor-element-502d8e2 elementor-widget elementor-widget-heading\" data-id=\"502d8e2\" data-element_type=\"widget\" data-widget_type=\"heading.default\">\n\t\t\t\t<div class=\"elementor-widget-container\">\n\t\t\t<h2 class=\"elementor-heading-title elementor-size-default\">Nasza tera\u017aniejszo\u015b\u0107<\/h2>\t\t<\/div>\n\t\t\t\t<\/div>\n\t\t\t\t<\/div>\n\t\t<div class=\"elementor-element elementor-element-1a8284c e-con-full e-flex e-con e-child\" data-id=\"1a8284c\" data-element_type=\"container\">\n\t\t\t\t<div class=\"elementor-element elementor-element-ed338b4 elementor-widget elementor-widget-image\" data-id=\"ed338b4\" data-element_type=\"widget\" data-widget_type=\"image.default\">\n\t\t\t\t<div class=\"elementor-widget-container\">\n\t\t\t\t\t\t\t\t\t\t\t\t\t<img loading=\"lazy\" decoding=\"async\" width=\"800\" height=\"534\" src=\"https:\/\/lidaglassware.com\/wp-content\/uploads\/2023\/11\/Our-Future-Development-1024x684.jpg\" class=\"attachment-large size-large wp-image-3748\" alt=\"\" srcset=\"https:\/\/lidaglassware.com\/wp-content\/uploads\/2023\/11\/Our-Future-Development-1024x684.jpg 1024w, https:\/\/lidaglassware.com\/wp-content\/uploads\/2023\/11\/Our-Future-Development-300x200.jpg 300w, https:\/\/lidaglassware.com\/wp-content\/uploads\/2023\/11\/Our-Future-Development-768x513.jpg 768w, https:\/\/lidaglassware.com\/wp-content\/uploads\/2023\/11\/Our-Future-Development-1536x1026.jpg 1536w, https:\/\/lidaglassware.com\/wp-content\/uploads\/2023\/11\/Our-Future-Development-600x401.jpg 600w, https:\/\/lidaglassware.com\/wp-content\/uploads\/2023\/11\/Our-Future-Development.jpg 1920w\" sizes=\"(max-width: 800px) 100vw, 800px\">\t\t\t\t\t\t\t\t\t\t\t\t\t<\/div>\n\t\t\t\t<\/div>\n\t\t\t\t<div class=\"elementor-element elementor-element-032ee3e elementor-widget elementor-widget-heading\" data-id=\"032ee3e\" data-element_type=\"widget\" data-widget_type=\"heading.default\">\n\t\t\t\t<div class=\"elementor-widget-container\">\n\t\t\t<h2 class=\"elementor-heading-title elementor-size-default\">Nasza przysz\u0142o\u015b\u0107<\/h2>\t\t<\/div>\n\t\t\t\t<\/div>\n\t\t\t\t<\/div>\n\t\t\t\t\t<\/div>\n\t\t\t\t<\/div>\n\t\t<div class=\"elementor-element elementor-element-7bc28a35 e-flex e-con-boxed e-con e-parent\" data-id=\"7bc28a35\" data-element_type=\"container\" data-settings=\"{&quot;background_background&quot;:&quot;classic&quot;}\">\n\t\t\t\t\t<div class=\"e-con-inner\">\n\t\t<div class=\"elementor-element elementor-element-31bcf044 e-flex e-con-boxed e-con e-child\" data-id=\"31bcf044\" data-element_type=\"container\">\n\t\t\t\t\t<div class=\"e-con-inner\">\n\t\t\t\t<div class=\"elementor-element elementor-element-edcaa44 elementor-widget elementor-widget-heading\" data-id=\"edcaa44\" data-element_type=\"widget\" data-widget_type=\"heading.default\">\n\t\t\t\t<div class=\"elementor-widget-container\">\n\t\t\t<h1 class=\"elementor-heading-title elementor-size-default\">Skonsultuj si\u0119 ze swoimi ekspertami ds. sprzeda\u017cy w Lida Glassware<\/h1>\t\t<\/div>\n\t\t\t\t<\/div>\n\t\t\t\t\t<\/div>\n\t\t\t\t<\/div>\n\t\t\t\t<div class=\"elementor-element elementor-element-456aa47f elementor-widget elementor-widget-text-editor\" data-id=\"456aa47f\" data-element_type=\"widget\" data-widget_type=\"text-editor.default\">\n\t\t\t\t<div class=\"elementor-widget-container\">\n\t\t\t\t\t\t\t<p>Poruszajmy si\u0119 razem po \u015bwiecie wyrob\u00f3w szklanych, zawsze stawiaj\u0105c na pierwszym miejscu jako\u015b\u0107 i innowacyjno\u015b\u0107.<\/p>\t\t\t\t\t\t<\/div>\n\t\t\t\t<\/div>\n\t\t<div class=\"elementor-element elementor-element-f87132f e-flex e-con-boxed e-con e-child\" data-id=\"f87132f\" data-element_type=\"container\" data-settings=\"{&quot;background_background&quot;:&quot;classic&quot;}\">\n\t\t\t\t\t<div class=\"e-con-inner\">\n\t\t<div class=\"elementor-element elementor-element-9cc5719 e-con-full e-flex e-con e-child\" data-id=\"9cc5719\" data-element_type=\"container\">\n\t\t\t\t<div class=\"elementor-element elementor-element-9b723ff elementor-align-center elementor-widget elementor-widget-button\" data-id=\"9b723ff\" data-element_type=\"widget\" data-widget_type=\"button.default\">\n\t\t\t\t<div class=\"elementor-widget-container\">\n\t\t\t\t\t<div class=\"elementor-button-wrapper\">\n\t\t\t<a class=\"elementor-button elementor-button-link elementor-size-md\" href=\"#elementor-action:action=popup:open&settings=eyJpZCI6IjQ2NiIsInRvZ2dsZSI6ZmFsc2V9\">\n\t\t\t\t\t\t<span class=\"elementor-button-content-wrapper\">\n\t\t\t\t\t\t<span class=\"elementor-button-icon\">\n\t\t\t\t\t\t\t<\/span>\n\t\t\t\t\t\t\t\t\t<span class=\"elementor-button-text\">POPRO\u015a O SZYBK\u0104 WYCEN\u0118<\/span>\n\t\t\t\t\t<\/span>\n\t\t\t\t\t<\/a>\n\t\t<\/div>\n\t\t\t\t<\/div>\n\t\t\t\t<\/div>\n\t\t\t\t<\/div>\n\t\t<div class=\"elementor-element elementor-element-b6e4116 e-con-full e-flex e-con e-child\" data-id=\"b6e4116\" data-element_type=\"container\">\n\t\t\t\t<div class=\"elementor-element elementor-element-7eee36a elementor-align-center elementor-widget elementor-widget-button\" data-id=\"7eee36a\" data-element_type=\"widget\" data-widget_type=\"button.default\">\n\t\t\t\t<div class=\"elementor-widget-container\">\n\t\t\t\t\t<div class=\"elementor-button-wrapper\">\n\t\t\t<a class=\"elementor-button elementor-button-link elementor-size-md\" href=\"https:\/\/lidaglassware.com\/pl\/products\/\">\n\t\t\t\t\t\t<span class=\"elementor-button-content-wrapper\">\n\t\t\t\t\t\t<span class=\"elementor-button-icon\">\n\t\t\t\t\t\t\t<\/span>\n\t\t\t\t\t\t\t\t\t<span class=\"elementor-button-text\">ODKRYJ WSZYSTKIE PRODUKTY<\/span>\n\t\t\t\t\t<\/span>\n\t\t\t\t\t<\/a>\n\t\t<\/div>\n\t\t\t\t<\/div>\n\t\t\t\t<\/div>\n\t\t\t\t<\/div>\n\t\t\t\t\t<\/div>\n\t\t\t\t<\/div>\n\t\t\t\t\t<\/div>\n\t\t\t\t<\/div>\n\t\t\t\t<\/div>","protected":false},"excerpt":{"rendered":"<p>Research &amp; Development In Every Aspect Enhancing Today&#8217;s Answers While Anticipating Tomorrow&#8217;s Needs. Lida R&amp;D: Tracking Shifts with a Focus on Medium to Long-Term Impact We&#8217;ve got a solid system in place for quick development of glass cups, and yeah, we&#8217;ve got a whole R&amp;D department too. Our main focus in R&amp;D is looking at [&hellip;]<\/p>","protected":false},"author":1,"featured_media":0,"parent":0,"menu_order":0,"comment_status":"closed","ping_status":"closed","template":"","meta":{"footnotes":""},"class_list":["post-2509","page","type-page","status-publish","hentry"],"_links":{"self":[{"href":"https:\/\/lidaglassware.com\/pl\/wp-json\/wp\/v2\/pages\/2509","targetHints":{"allow":["GET"]}}],"collection":[{"href":"https:\/\/lidaglassware.com\/pl\/wp-json\/wp\/v2\/pages"}],"about":[{"href":"https:\/\/lidaglassware.com\/pl\/wp-json\/wp\/v2\/types\/page"}],"author":[{"embeddable":true,"href":"https:\/\/lidaglassware.com\/pl\/wp-json\/wp\/v2\/users\/1"}],"replies":[{"embeddable":true,"href":"https:\/\/lidaglassware.com\/pl\/wp-json\/wp\/v2\/comments?post=2509"}],"version-history":[{"count":0,"href":"https:\/\/lidaglassware.com\/pl\/wp-json\/wp\/v2\/pages\/2509\/revisions"}],"wp:attachment":[{"href":"https:\/\/lidaglassware.com\/pl\/wp-json\/wp\/v2\/media?parent=2509"}],"curies":[{"name":"wp","href":"https:\/\/api.w.org\/{rel}","templated":true}]}}