{"id":2575,"date":"2023-09-01T01:39:39","date_gmt":"2023-09-01T09:39:39","guid":{"rendered":"https:\/\/lidaglassware.com\/?page_id=2575"},"modified":"2024-04-02T01:14:31","modified_gmt":"2024-04-02T09:14:31","slug":"quality-control","status":"publish","type":"page","link":"https:\/\/lidaglassware.com\/pl\/quality-control\/","title":{"rendered":"Kontrola jako\u015bci"},"content":{"rendered":"<div data-elementor-type=\"wp-page\" data-elementor-id=\"2575\" class=\"elementor elementor-2575\" data-elementor-post-type=\"page\">\n\t\t\t\t<div class=\"elementor-element elementor-element-3f19ff54 e-con-full e-flex e-con e-parent\" data-id=\"3f19ff54\" data-element_type=\"container\" data-settings=\"{&quot;background_background&quot;:&quot;classic&quot;}\">\n\t\t<div class=\"elementor-element elementor-element-1a609c8f e-flex e-con-boxed e-con e-child\" data-id=\"1a609c8f\" data-element_type=\"container\">\n\t\t\t\t\t<div class=\"e-con-inner\">\n\t\t\t\t<div class=\"elementor-element elementor-element-353ff6b0 elementor-widget elementor-widget-heading\" data-id=\"353ff6b0\" data-element_type=\"widget\" data-widget_type=\"heading.default\">\n\t\t\t\t<div class=\"elementor-widget-container\">\n\t\t\t<h1 class=\"elementor-heading-title elementor-size-default\">Kontrola jako\u015bci w firmie Lida Glassware<\/h1>\t\t<\/div>\n\t\t\t\t<\/div>\n\t\t\t\t\t<\/div>\n\t\t\t\t<\/div>\n\t\t\t\t<div class=\"elementor-element elementor-element-5c969e5c elementor-widget elementor-widget-text-editor\" data-id=\"5c969e5c\" data-element_type=\"widget\" data-widget_type=\"text-editor.default\">\n\t\t\t\t<div class=\"elementor-widget-container\">\n\t\t\t\t\t\t\t<p>Ustanowienie spe\u0142nionego systemu kontroli jako\u015bci.<\/p>\t\t\t\t\t\t<\/div>\n\t\t\t\t<\/div>\n\t\t\t\t<div class=\"elementor-element elementor-element-dd3eca7 elementor-widget elementor-widget-woocommerce-breadcrumb\" data-id=\"dd3eca7\" data-element_type=\"widget\" data-widget_type=\"woocommerce-breadcrumb.default\">\n\t\t\t\t<div class=\"elementor-widget-container\">\n\t\t\t<nav class=\"woocommerce-breadcrumb\" data-no-translation=\"\" data-trp-gettext=\"\">Dom<\/nav>\t\t<\/div>\n\t\t\t\t<\/div>\n\t\t\t\t<\/div>\n\t\t<div class=\"elementor-element elementor-element-6290723 e-flex e-con-boxed e-con e-parent\" data-id=\"6290723\" data-element_type=\"container\">\n\t\t\t\t\t<div class=\"e-con-inner\">\n\t\t<div class=\"elementor-element elementor-element-ef19482 e-con-full e-flex e-con e-child\" data-id=\"ef19482\" data-element_type=\"container\">\n\t\t\t\t<div class=\"elementor-element elementor-element-30ca2f6 elementor-widget elementor-widget-heading\" data-id=\"30ca2f6\" data-element_type=\"widget\" data-widget_type=\"heading.default\">\n\t\t\t\t<div class=\"elementor-widget-container\">\n\t\t\t<h2 class=\"elementor-heading-title elementor-size-default\">Perfekcja tkwi w szczeg\u00f3\u0142ach<\/h2>\t\t<\/div>\n\t\t\t\t<\/div>\n\t\t\t\t<\/div>\n\t\t<div class=\"elementor-element elementor-element-36d2cbb e-con-full e-flex e-con e-child\" data-id=\"36d2cbb\" data-element_type=\"container\">\n\t\t\t\t<div class=\"elementor-element elementor-element-d0fab3d elementor-widget elementor-widget-text-editor\" data-id=\"d0fab3d\" data-element_type=\"widget\" data-widget_type=\"text-editor.default\">\n\t\t\t\t<div class=\"elementor-widget-container\">\n\t\t\t\t\t\t\t<p>Je\u015bli chodzi o produkcj\u0119 wyj\u0105tkowych wyrob\u00f3w szklanych, to ma\u0142e detale robi\u0105 du\u017c\u0105 r\u00f3\u017cnic\u0119. W Lida Glassware nie tylko produkujemy; tworzymy. Od wst\u0119pnego szkicu projektu po ko\u0144cow\u0105 obr\u00f3bk\u0119 powierzchni, nasz\u0105 kontrol\u0119 jako\u015bci i <span style=\"text-decoration: underline;\"><strong><a href=\"https:\/\/lidaglassware.com\/pl\/glassware-manufacturing\/\" target=\"_blank\" rel=\"nofollow noopener\">dzia\u0142 produkcji<\/a><\/strong><\/span> \u015bci\u015ble pracujemy na ka\u017cdym etapie naszego zaanga\u017cowania w jako\u015b\u0107 i <span style=\"text-decoration: underline;\"><strong><a href=\"https:\/\/lidaglassware.com\/pl\/customization\/\" target=\"_blank\" rel=\"nofollow noopener\">dostosowywanie<\/a><\/strong><\/span>.\u00a0<\/p>\t\t\t\t\t\t<\/div>\n\t\t\t\t<\/div>\n\t\t\t\t<\/div>\n\t\t\t\t\t<\/div>\n\t\t\t\t<\/div>\n\t\t<div class=\"elementor-element elementor-element-32c11a4 e-flex e-con-boxed e-con e-parent\" data-id=\"32c11a4\" data-element_type=\"container\" data-settings=\"{&quot;background_background&quot;:&quot;classic&quot;}\">\n\t\t\t\t\t<div class=\"e-con-inner\">\n\t\t<div class=\"elementor-element elementor-element-eddcf34 e-con-full e-flex e-con e-child\" data-id=\"eddcf34\" data-element_type=\"container\">\n\t\t\t\t<div class=\"elementor-element elementor-element-ee3fdb9 elementor-widget elementor-widget-image\" data-id=\"ee3fdb9\" data-element_type=\"widget\" data-widget_type=\"image.default\">\n\t\t\t\t<div class=\"elementor-widget-container\">\n\t\t\t\t\t\t\t\t\t\t\t\t\t<img fetchpriority=\"high\" decoding=\"async\" width=\"1920\" height=\"1283\" src=\"https:\/\/lidaglassware.com\/wp-content\/uploads\/2023\/08\/Changing-Moulds.jpg\" class=\"attachment-full size-full wp-image-2556\" alt=\"Formy\" srcset=\"https:\/\/lidaglassware.com\/wp-content\/uploads\/2023\/08\/Changing-Moulds.jpg 1920w, https:\/\/lidaglassware.com\/wp-content\/uploads\/2023\/08\/Changing-Moulds-300x200.jpg 300w, https:\/\/lidaglassware.com\/wp-content\/uploads\/2023\/08\/Changing-Moulds-1024x684.jpg 1024w, https:\/\/lidaglassware.com\/wp-content\/uploads\/2023\/08\/Changing-Moulds-768x513.jpg 768w, https:\/\/lidaglassware.com\/wp-content\/uploads\/2023\/08\/Changing-Moulds-1536x1026.jpg 1536w, https:\/\/lidaglassware.com\/wp-content\/uploads\/2023\/08\/Changing-Moulds-600x401.jpg 600w\" sizes=\"(max-width: 1920px) 100vw, 1920px\" \/>\t\t\t\t\t\t\t\t\t\t\t\t\t<\/div>\n\t\t\t\t<\/div>\n\t\t\t\t<\/div>\n\t\t<div class=\"elementor-element elementor-element-3bde7b8 e-con-full e-flex e-con e-child\" data-id=\"3bde7b8\" data-element_type=\"container\">\n\t\t\t\t<div class=\"elementor-element elementor-element-621df00 elementor-widget elementor-widget-text-editor\" data-id=\"621df00\" data-element_type=\"widget\" data-widget_type=\"text-editor.default\">\n\t\t\t\t<div class=\"elementor-widget-container\">\n\t\t\t\t\t\t\t<h2><strong>Kontrola formowania<\/strong><\/h2><p>Nie mo\u017cna przeceni\u0107 znaczenia kontroli formowania w kontroli jako\u015bci. Jest to podstawowy krok, kt\u00f3ry nadaje ton ca\u0142emu procesowi produkcyjnemu. W tej kluczowej fazie nale\u017cy zwr\u00f3ci\u0107 uwag\u0119 na:<\/p><ol><li><p>Integralno\u015b\u0107 formy: Sprawd\u017a, czy nie ma p\u0119kni\u0119\u0107, deformacji lub zu\u017cycia, kt\u00f3re mog\u0142yby mie\u0107 wp\u0142yw na jako\u015b\u0107 produktu ko\u0144cowego.<\/p><\/li><li><p>Dok\u0142adno\u015b\u0107 wymiarowa: Zmierz wymiary i tolerancje, aby upewni\u0107 si\u0119, \u017ce s\u0105 zgodne ze specyfikacjami projektowymi.<\/p><\/li><li><p>W\u0142a\u015bciwo\u015bci materia\u0142u: Sprawd\u017a w\u0142a\u015bciwo\u015bci termiczne i mechaniczne, aby upewni\u0107 si\u0119, \u017ce forma wytrzyma warunki panuj\u0105ce w produkcji szk\u0142a.<\/p><\/li><\/ol>\t\t\t\t\t\t<\/div>\n\t\t\t\t<\/div>\n\t\t\t\t<\/div>\n\t\t\t\t\t<\/div>\n\t\t\t\t<\/div>\n\t\t<div class=\"elementor-element elementor-element-561a003 e-flex e-con-boxed e-con e-parent\" data-id=\"561a003\" data-element_type=\"container\" data-settings=\"{&quot;background_background&quot;:&quot;classic&quot;}\">\n\t\t\t\t\t<div class=\"e-con-inner\">\n\t\t<div class=\"elementor-element elementor-element-a0bd3b0 e-con-full e-flex e-con e-child\" data-id=\"a0bd3b0\" data-element_type=\"container\">\n\t\t\t\t<div class=\"elementor-element elementor-element-4dc5ed4 elementor-widget elementor-widget-image\" data-id=\"4dc5ed4\" data-element_type=\"widget\" data-widget_type=\"image.default\">\n\t\t\t\t<div class=\"elementor-widget-container\">\n\t\t\t\t\t\t\t\t\t\t\t\t\t<img decoding=\"async\" width=\"800\" height=\"534\" src=\"https:\/\/lidaglassware.com\/wp-content\/uploads\/2023\/08\/Glass-Cup-Sample-1024x684.jpg\" class=\"attachment-large size-large wp-image-2531\" alt=\"Bezp\u0142atne pr\u00f3bki szk\u0142a\" srcset=\"https:\/\/lidaglassware.com\/wp-content\/uploads\/2023\/08\/Glass-Cup-Sample-1024x684.jpg 1024w, https:\/\/lidaglassware.com\/wp-content\/uploads\/2023\/08\/Glass-Cup-Sample-300x200.jpg 300w, https:\/\/lidaglassware.com\/wp-content\/uploads\/2023\/08\/Glass-Cup-Sample-768x513.jpg 768w, https:\/\/lidaglassware.com\/wp-content\/uploads\/2023\/08\/Glass-Cup-Sample-1536x1026.jpg 1536w, https:\/\/lidaglassware.com\/wp-content\/uploads\/2023\/08\/Glass-Cup-Sample-600x401.jpg 600w, https:\/\/lidaglassware.com\/wp-content\/uploads\/2023\/08\/Glass-Cup-Sample.jpg 1920w\" sizes=\"(max-width: 800px) 100vw, 800px\" \/>\t\t\t\t\t\t\t\t\t\t\t\t\t<\/div>\n\t\t\t\t<\/div>\n\t\t\t\t<\/div>\n\t\t<div class=\"elementor-element elementor-element-f34d7a0 e-con-full e-flex e-con e-child\" data-id=\"f34d7a0\" data-element_type=\"container\">\n\t\t\t\t<div class=\"elementor-element elementor-element-0076fca elementor-widget elementor-widget-text-editor\" data-id=\"0076fca\" data-element_type=\"widget\" data-widget_type=\"text-editor.default\">\n\t\t\t\t<div class=\"elementor-widget-container\">\n\t\t\t\t\t\t\t<h2><strong>Kontrola podczas produkcji<\/strong><\/h2><p>Kontrola podczas produkcji jest kluczowym krokiem zapewniaj\u0105cym jako\u015b\u0107 i sp\u00f3jno\u015b\u0107 produktu. Do kluczowych cel\u00f3w na tym etapie nale\u017c\u0105:<\/p><ol><li><p>Kontrole wymiarowe: Potwierd\u017a, \u017ce wymiary produktu s\u0105 zgodne ze specyfikacjami projektowymi.<\/p><\/li><li><p>Jako\u015b\u0107 powierzchni: Sprawd\u017a, czy na powierzchni szk\u0142a nie wyst\u0119puj\u0105 wady, p\u0119kni\u0119cia lub inne problemy z jako\u015bci\u0105.<\/p><\/li><li><p>W\u0142a\u015bciwo\u015bci materia\u0142u: Sprawd\u017a sk\u0142ad i w\u0142a\u015bciwo\u015bci fizyczne szk\u0142a, aby spe\u0142nia\u0107 standardy jako\u015bci.<\/p><\/li><li><p>Parametry procesu: Sprawd\u017a ca\u0142y sprz\u0119t produkcyjny i parametry procesu, aby upewni\u0107 si\u0119, \u017ce s\u0105 zoptymalizowane.<\/p><\/li><li><p>Po\u015brednia kontrola produktu: Kontrole pr\u00f3bek na r\u00f3\u017cnych etapach produkcji pozwalaj\u0105 na wczesn\u0105 identyfikacj\u0119 i korekt\u0119 problem\u00f3w.<\/p><\/li><\/ol>\t\t\t\t\t\t<\/div>\n\t\t\t\t<\/div>\n\t\t\t\t<\/div>\n\t\t\t\t\t<\/div>\n\t\t\t\t<\/div>\n\t\t<div class=\"elementor-element elementor-element-6bd7394 e-flex e-con-boxed e-con e-parent\" data-id=\"6bd7394\" data-element_type=\"container\" data-settings=\"{&quot;background_background&quot;:&quot;classic&quot;}\">\n\t\t\t\t\t<div class=\"e-con-inner\">\n\t\t<div class=\"elementor-element elementor-element-150e727 e-con-full e-flex e-con e-child\" data-id=\"150e727\" data-element_type=\"container\">\n\t\t\t\t<div class=\"elementor-element elementor-element-e844073 elementor-widget elementor-widget-image\" data-id=\"e844073\" data-element_type=\"widget\" data-widget_type=\"image.default\">\n\t\t\t\t<div class=\"elementor-widget-container\">\n\t\t\t\t\t\t\t\t\t\t\t\t\t<img decoding=\"async\" width=\"800\" height=\"534\" src=\"https:\/\/lidaglassware.com\/wp-content\/uploads\/2023\/08\/Annealing-process-1024x684.jpg\" class=\"attachment-large size-large wp-image-2559\" alt=\"\" srcset=\"https:\/\/lidaglassware.com\/wp-content\/uploads\/2023\/08\/Annealing-process-1024x684.jpg 1024w, https:\/\/lidaglassware.com\/wp-content\/uploads\/2023\/08\/Annealing-process-300x200.jpg 300w, https:\/\/lidaglassware.com\/wp-content\/uploads\/2023\/08\/Annealing-process-768x513.jpg 768w, https:\/\/lidaglassware.com\/wp-content\/uploads\/2023\/08\/Annealing-process-1536x1026.jpg 1536w, https:\/\/lidaglassware.com\/wp-content\/uploads\/2023\/08\/Annealing-process-600x401.jpg 600w, https:\/\/lidaglassware.com\/wp-content\/uploads\/2023\/08\/Annealing-process.jpg 1920w\" sizes=\"(max-width: 800px) 100vw, 800px\">\t\t\t\t\t\t\t\t\t\t\t\t\t<\/div>\n\t\t\t\t<\/div>\n\t\t\t\t<\/div>\n\t\t<div class=\"elementor-element elementor-element-264510b e-con-full e-flex e-con e-child\" data-id=\"264510b\" data-element_type=\"container\">\n\t\t\t\t<div class=\"elementor-element elementor-element-4b66d6f elementor-widget elementor-widget-text-editor\" data-id=\"4b66d6f\" data-element_type=\"widget\" data-widget_type=\"text-editor.default\">\n\t\t\t\t<div class=\"elementor-widget-container\">\n\t\t\t\t\t\t\t<h2><strong>Ko\u0144cowa Inspekcja\u00a0<\/strong><\/h2><p>Ko\u0144cowa kontrola jako\u015bci jest krytycznym etapem zapewniaj\u0105cym, \u017ce gotowe wyroby szklane spe\u0142niaj\u0105 wszystkie okre\u015blone standardy jako\u015bci. Na tym etapie uwaga skupia si\u0119 na:<\/p><ol><li><p>Kontrola wizualna: sprawdzenie wyrob\u00f3w szklanych pod k\u0105tem wszelkich wad wizualnych, takich jak p\u0119kni\u0119cia, p\u0119cherzyki lub niesp\u00f3jno\u015bci w projekcie.<\/p><\/li><li><p>Dok\u0142adno\u015b\u0107 wymiarowa: Pomiar wymiar\u00f3w w celu sprawdzenia, czy s\u0105 one zgodne z dostarczonymi specyfikacjami.<\/p><\/li><li><p>Testowanie funkcjonalne: sprawdzanie wyrob\u00f3w szklanych pod k\u0105tem problem\u00f3w funkcjonalnych, takich jak stabilno\u015b\u0107 i trwa\u0142o\u015b\u0107.<\/p><\/li><li><p>Pobieranie pr\u00f3bek ko\u0144cowych: Losowe wybieranie element\u00f3w z gotowej partii w celu bardziej rygorystycznych test\u00f3w w celu potwierdzenia, \u017ce spe\u0142niaj\u0105 one wszystkie parametry jako\u015bciowe.<\/p><\/li><li><p>Dokumentacja: Weryfikacja, czy wszystkie kontrole jako\u015bci zosta\u0142y prawid\u0142owo udokumentowane pod k\u0105tem identyfikowalno\u015bci i zgodno\u015bci.<\/p><\/li><\/ol>\t\t\t\t\t\t<\/div>\n\t\t\t\t<\/div>\n\t\t\t\t<\/div>\n\t\t\t\t\t<\/div>\n\t\t\t\t<\/div>\n\t\t<div class=\"elementor-element elementor-element-7e7de8d0 e-flex e-con-boxed e-con e-parent\" data-id=\"7e7de8d0\" data-element_type=\"container\" data-settings=\"{&quot;background_background&quot;:&quot;classic&quot;}\">\n\t\t\t\t\t<div class=\"e-con-inner\">\n\t\t<div class=\"elementor-element elementor-element-671f4219 e-flex e-con-boxed e-con e-child\" data-id=\"671f4219\" data-element_type=\"container\">\n\t\t\t\t\t<div class=\"e-con-inner\">\n\t\t\t\t<div class=\"elementor-element elementor-element-7fb21d26 elementor-widget elementor-widget-heading\" data-id=\"7fb21d26\" data-element_type=\"widget\" data-widget_type=\"heading.default\">\n\t\t\t\t<div class=\"elementor-widget-container\">\n\t\t\t<h1 class=\"elementor-heading-title elementor-size-default\">Skonsultuj si\u0119 ze swoimi ekspertami ds. sprzeda\u017cy w Lida Glassware<\/h1>\t\t<\/div>\n\t\t\t\t<\/div>\n\t\t\t\t\t<\/div>\n\t\t\t\t<\/div>\n\t\t\t\t<div class=\"elementor-element elementor-element-4b2ecd5b elementor-widget elementor-widget-text-editor\" data-id=\"4b2ecd5b\" data-element_type=\"widget\" data-widget_type=\"text-editor.default\">\n\t\t\t\t<div class=\"elementor-widget-container\">\n\t\t\t\t\t\t\t<p>Poruszajmy si\u0119 razem po \u015bwiecie wyrob\u00f3w szklanych, zawsze stawiaj\u0105c na pierwszym miejscu jako\u015b\u0107 i innowacyjno\u015b\u0107.<\/p>\t\t\t\t\t\t<\/div>\n\t\t\t\t<\/div>\n\t\t<div class=\"elementor-element elementor-element-6887c528 e-flex e-con-boxed e-con e-child\" data-id=\"6887c528\" data-element_type=\"container\" data-settings=\"{&quot;background_background&quot;:&quot;classic&quot;}\">\n\t\t\t\t\t<div class=\"e-con-inner\">\n\t\t<div class=\"elementor-element elementor-element-473988cb e-con-full e-flex e-con e-child\" data-id=\"473988cb\" data-element_type=\"container\">\n\t\t\t\t<div class=\"elementor-element elementor-element-58a59fba elementor-align-center elementor-widget elementor-widget-button\" data-id=\"58a59fba\" data-element_type=\"widget\" data-widget_type=\"button.default\">\n\t\t\t\t<div class=\"elementor-widget-container\">\n\t\t\t\t\t<div class=\"elementor-button-wrapper\">\n\t\t\t<a class=\"elementor-button elementor-button-link elementor-size-md\" href=\"#elementor-action:action=popup:open&settings=eyJpZCI6IjQ2NiIsInRvZ2dsZSI6ZmFsc2V9\">\n\t\t\t\t\t\t<span class=\"elementor-button-content-wrapper\">\n\t\t\t\t\t\t<span class=\"elementor-button-icon\">\n\t\t\t\t\t\t\t<\/span>\n\t\t\t\t\t\t\t\t\t<span class=\"elementor-button-text\">POPRO\u015a O SZYBK\u0104 WYCEN\u0118<\/span>\n\t\t\t\t\t<\/span>\n\t\t\t\t\t<\/a>\n\t\t<\/div>\n\t\t\t\t<\/div>\n\t\t\t\t<\/div>\n\t\t\t\t<\/div>\n\t\t<div class=\"elementor-element elementor-element-526f783c e-con-full e-flex e-con e-child\" data-id=\"526f783c\" data-element_type=\"container\">\n\t\t\t\t<div class=\"elementor-element elementor-element-1cc14265 elementor-align-center elementor-widget elementor-widget-button\" data-id=\"1cc14265\" data-element_type=\"widget\" data-widget_type=\"button.default\">\n\t\t\t\t<div class=\"elementor-widget-container\">\n\t\t\t\t\t<div class=\"elementor-button-wrapper\">\n\t\t\t<a class=\"elementor-button elementor-button-link elementor-size-md\" href=\"https:\/\/lidaglassware.com\/pl\/products\/\">\n\t\t\t\t\t\t<span class=\"elementor-button-content-wrapper\">\n\t\t\t\t\t\t<span class=\"elementor-button-icon\">\n\t\t\t\t\t\t\t<\/span>\n\t\t\t\t\t\t\t\t\t<span class=\"elementor-button-text\">ODKRYJ WSZYSTKIE PRODUKTY<\/span>\n\t\t\t\t\t<\/span>\n\t\t\t\t\t<\/a>\n\t\t<\/div>\n\t\t\t\t<\/div>\n\t\t\t\t<\/div>\n\t\t\t\t<\/div>\n\t\t\t\t\t<\/div>\n\t\t\t\t<\/div>\n\t\t\t\t\t<\/div>\n\t\t\t\t<\/div>\n\t\t\t\t<\/div>","protected":false},"excerpt":{"rendered":"<p>Quality Control At Lida Glassware Etablishing a fulfilled quality control system. Perfection Lies In The Details When it comes to producing exceptional glassware, it&#8217;s the small details that make a big difference. At Lida Glassware, we don&#8217;t just manufacture; we craft. From the initial design sketch to the final surface treatment, our quality control and [&hellip;]<\/p>","protected":false},"author":1,"featured_media":0,"parent":0,"menu_order":0,"comment_status":"closed","ping_status":"closed","template":"","meta":{"footnotes":""},"class_list":["post-2575","page","type-page","status-publish","hentry"],"_links":{"self":[{"href":"https:\/\/lidaglassware.com\/pl\/wp-json\/wp\/v2\/pages\/2575","targetHints":{"allow":["GET"]}}],"collection":[{"href":"https:\/\/lidaglassware.com\/pl\/wp-json\/wp\/v2\/pages"}],"about":[{"href":"https:\/\/lidaglassware.com\/pl\/wp-json\/wp\/v2\/types\/page"}],"author":[{"embeddable":true,"href":"https:\/\/lidaglassware.com\/pl\/wp-json\/wp\/v2\/users\/1"}],"replies":[{"embeddable":true,"href":"https:\/\/lidaglassware.com\/pl\/wp-json\/wp\/v2\/comments?post=2575"}],"version-history":[{"count":0,"href":"https:\/\/lidaglassware.com\/pl\/wp-json\/wp\/v2\/pages\/2575\/revisions"}],"wp:attachment":[{"href":"https:\/\/lidaglassware.com\/pl\/wp-json\/wp\/v2\/media?parent=2575"}],"curies":[{"name":"wp","href":"https:\/\/api.w.org\/{rel}","templated":true}]}}