{"id":2612,"date":"2023-09-01T02:58:53","date_gmt":"2023-09-01T10:58:53","guid":{"rendered":"https:\/\/lidaglassware.com\/?page_id=2612"},"modified":"2024-04-02T00:58:20","modified_gmt":"2024-04-02T08:58:20","slug":"free-samples","status":"publish","type":"page","link":"https:\/\/lidaglassware.com\/pl\/free-samples\/","title":{"rendered":"Darmowe pr\u00f3bki"},"content":{"rendered":"<div data-elementor-type=\"wp-page\" data-elementor-id=\"2612\" class=\"elementor elementor-2612\" data-elementor-post-type=\"page\">\n\t\t\t\t<div class=\"elementor-element elementor-element-36b4c1ec e-con-full e-flex e-con e-parent\" data-id=\"36b4c1ec\" data-element_type=\"container\" data-settings=\"{&quot;background_background&quot;:&quot;classic&quot;}\">\n\t\t<div class=\"elementor-element elementor-element-78b45bec e-flex e-con-boxed e-con e-child\" data-id=\"78b45bec\" data-element_type=\"container\">\n\t\t\t\t\t<div class=\"e-con-inner\">\n\t\t\t\t<div class=\"elementor-element elementor-element-37ecee73 elementor-widget elementor-widget-heading\" data-id=\"37ecee73\" data-element_type=\"widget\" data-widget_type=\"heading.default\">\n\t\t\t\t<div class=\"elementor-widget-container\">\n\t\t\t<h1 class=\"elementor-heading-title elementor-size-default\">Pr\u00f3bki szk\u0142a z Lidy<\/h1>\t\t<\/div>\n\t\t\t\t<\/div>\n\t\t\t\t\t<\/div>\n\t\t\t\t<\/div>\n\t\t\t\t<div class=\"elementor-element elementor-element-702196bd elementor-widget elementor-widget-text-editor\" data-id=\"702196bd\" data-element_type=\"widget\" data-widget_type=\"text-editor.default\">\n\t\t\t\t<div class=\"elementor-widget-container\">\n\t\t\t\t\t\t\t<p>Potrzebujesz pr\u00f3bek przed zakupem du\u017cych ilo\u015bci? Lida Ci\u0119 chroni.<\/p>\t\t\t\t\t\t<\/div>\n\t\t\t\t<\/div>\n\t\t\t\t<div class=\"elementor-element elementor-element-4611540e elementor-widget elementor-widget-woocommerce-breadcrumb\" data-id=\"4611540e\" data-element_type=\"widget\" data-widget_type=\"woocommerce-breadcrumb.default\">\n\t\t\t\t<div class=\"elementor-widget-container\">\n\t\t\t<nav class=\"woocommerce-breadcrumb\" data-no-translation=\"\" data-trp-gettext=\"\">Dom<\/nav>\t\t<\/div>\n\t\t\t\t<\/div>\n\t\t\t\t<\/div>\n\t\t<div class=\"elementor-element elementor-element-34e3df5 e-flex e-con-boxed e-con e-parent\" data-id=\"34e3df5\" data-element_type=\"container\" data-settings=\"{&quot;background_background&quot;:&quot;classic&quot;}\">\n\t\t\t\t\t<div class=\"e-con-inner\">\n\t\t<div class=\"elementor-element elementor-element-7bea4a8 e-con-full e-flex e-con e-child\" data-id=\"7bea4a8\" data-element_type=\"container\">\n\t\t\t\t<div class=\"elementor-element elementor-element-ec7f188 elementor-widget elementor-widget-heading\" data-id=\"ec7f188\" data-element_type=\"widget\" data-widget_type=\"heading.default\">\n\t\t\t\t<div class=\"elementor-widget-container\">\n\t\t\t<h2 class=\"elementor-heading-title elementor-size-default\">Zdob\u0105d\u017a bezp\u0142atn\u0105 pr\u00f3bk\u0119 od Lidy<\/h2>\t\t<\/div>\n\t\t\t\t<\/div>\n\t\t\t\t<\/div>\n\t\t<div class=\"elementor-element elementor-element-efd890e e-con-full e-flex e-con e-child\" data-id=\"efd890e\" data-element_type=\"container\">\n\t\t\t\t<div class=\"elementor-element elementor-element-51c7c43 elementor-widget elementor-widget-text-editor\" data-id=\"51c7c43\" data-element_type=\"widget\" data-widget_type=\"text-editor.default\">\n\t\t\t\t<div class=\"elementor-widget-container\">\n\t\t\t\t\t\t\t<p>Nie przegap naszej oferty bezp\u0142atnych pr\u00f3bek \u2014 idealnego sposobu na wypr\u00f3bowanie produktu przed zakupem. Niezale\u017cnie od tego, czy szukasz prostych kubk\u00f3w szklanych, czy te\u017c szukasz gotowych produkt\u00f3w z ozdobnymi akcentami i zamkni\u0119ciami, mamy co\u015b dla Ciebie. Wielu naszych obecnych klient\u00f3w decyduje si\u0119 na t\u0119 ofert\u0119, aby na w\u0142asnej sk\u00f3rze przekona\u0107 si\u0119 o jako\u015bci naszego szk\u0142a i doskona\u0142o\u015bci naszych dekoracji. Jest to spos\u00f3b pozbawiony ryzyka, pozwalaj\u0105cy mie\u0107 pewno\u015b\u0107, \u017ce dokonujesz w\u0142a\u015bciwego wyboru. Zatem \u015bmia\u0142o, przetestuj nasze produkty i przekonaj si\u0119 o najwy\u017cszej jako\u015bci!<\/p>\t\t\t\t\t\t<\/div>\n\t\t\t\t<\/div>\n\t\t\t\t<\/div>\n\t\t\t\t\t<\/div>\n\t\t\t\t<\/div>\n\t\t\t\t<section class=\"elementor-section elementor-top-section elementor-element elementor-element-b96a73e elementor-section-full_width elementor-section-height-default elementor-section-height-default\" data-id=\"b96a73e\" data-element_type=\"section\">\n\t\t\t\t\t\t<div class=\"elementor-container elementor-column-gap-default\">\n\t\t\t\t\t<div class=\"elementor-column elementor-col-100 elementor-top-column elementor-element elementor-element-f7b94ca\" data-id=\"f7b94ca\" data-element_type=\"column\">\n\t\t\t<div class=\"elementor-widget-wrap elementor-element-populated\">\n\t\t\t\t\t\t<div class=\"elementor-element elementor-element-93465db elementor-widget elementor-widget-heading\" data-id=\"93465db\" data-element_type=\"widget\" data-widget_type=\"heading.default\">\n\t\t\t\t<div class=\"elementor-widget-container\">\n\t\t\t<h2 class=\"elementor-heading-title elementor-size-default\">Nasz salon wystawowy wyrob\u00f3w szklanych<\/h2>\t\t<\/div>\n\t\t\t\t<\/div>\n\t\t\t\t<div class=\"elementor-element elementor-element-a1e1a18 elementor-widget-divider--view-line elementor-widget elementor-widget-divider\" data-id=\"a1e1a18\" data-element_type=\"widget\" data-widget_type=\"divider.default\">\n\t\t\t\t<div class=\"elementor-widget-container\">\n\t\t\t\t\t<div class=\"elementor-divider\">\n\t\t\t<span class=\"elementor-divider-separator\">\n\t\t\t\t\t\t<\/span>\n\t\t<\/div>\n\t\t\t\t<\/div>\n\t\t\t\t<\/div>\n\t\t\t\t<section class=\"elementor-section elementor-inner-section elementor-element elementor-element-af2048e elementor-section-boxed elementor-section-height-default elementor-section-height-default\" data-id=\"af2048e\" data-element_type=\"section\">\n\t\t\t\t\t\t<div class=\"elementor-container elementor-column-gap-default\">\n\t\t\t\t\t<div class=\"elementor-column elementor-col-50 elementor-inner-column elementor-element elementor-element-c0a7b67\" data-id=\"c0a7b67\" data-element_type=\"column\">\n\t\t\t<div class=\"elementor-widget-wrap elementor-element-populated\">\n\t\t\t\t\t\t<div class=\"elementor-element elementor-element-deaba96 elementor-widget elementor-widget-image\" data-id=\"deaba96\" data-element_type=\"widget\" data-widget_type=\"image.default\">\n\t\t\t\t<div class=\"elementor-widget-container\">\n\t\t\t\t\t\t\t\t\t\t\t\t\t<img fetchpriority=\"high\" decoding=\"async\" width=\"2560\" height=\"1920\" src=\"https:\/\/lidaglassware.com\/wp-content\/uploads\/2023\/11\/Show-Room-01-scaled.jpg\" class=\"attachment-full size-full wp-image-3720\" alt=\"\" srcset=\"https:\/\/lidaglassware.com\/wp-content\/uploads\/2023\/11\/Show-Room-01-scaled.jpg 2560w, https:\/\/lidaglassware.com\/wp-content\/uploads\/2023\/11\/Show-Room-01-300x225.jpg 300w, https:\/\/lidaglassware.com\/wp-content\/uploads\/2023\/11\/Show-Room-01-1024x768.jpg 1024w, https:\/\/lidaglassware.com\/wp-content\/uploads\/2023\/11\/Show-Room-01-768x576.jpg 768w, https:\/\/lidaglassware.com\/wp-content\/uploads\/2023\/11\/Show-Room-01-1536x1152.jpg 1536w, https:\/\/lidaglassware.com\/wp-content\/uploads\/2023\/11\/Show-Room-01-2048x1536.jpg 2048w, https:\/\/lidaglassware.com\/wp-content\/uploads\/2023\/11\/Show-Room-01-600x450.jpg 600w\" sizes=\"(max-width: 2560px) 100vw, 2560px\">\t\t\t\t\t\t\t\t\t\t\t\t\t<\/div>\n\t\t\t\t<\/div>\n\t\t\t\t\t<\/div>\n\t\t<\/div>\n\t\t\t\t<div class=\"elementor-column elementor-col-50 elementor-inner-column elementor-element elementor-element-99f9730\" data-id=\"99f9730\" data-element_type=\"column\">\n\t\t\t<div class=\"elementor-widget-wrap elementor-element-populated\">\n\t\t\t\t\t\t<div class=\"elementor-element elementor-element-4629ac0 elementor-widget elementor-widget-image\" data-id=\"4629ac0\" data-element_type=\"widget\" data-widget_type=\"image.default\">\n\t\t\t\t<div class=\"elementor-widget-container\">\n\t\t\t\t\t\t\t\t\t\t\t\t\t<img decoding=\"async\" width=\"2560\" height=\"1920\" src=\"https:\/\/lidaglassware.com\/wp-content\/uploads\/2023\/11\/Show-Room-02-scaled.jpg\" class=\"attachment-full size-full wp-image-3722\" alt=\"\" srcset=\"https:\/\/lidaglassware.com\/wp-content\/uploads\/2023\/11\/Show-Room-02-scaled.jpg 2560w, https:\/\/lidaglassware.com\/wp-content\/uploads\/2023\/11\/Show-Room-02-300x225.jpg 300w, https:\/\/lidaglassware.com\/wp-content\/uploads\/2023\/11\/Show-Room-02-1024x768.jpg 1024w, https:\/\/lidaglassware.com\/wp-content\/uploads\/2023\/11\/Show-Room-02-768x576.jpg 768w, https:\/\/lidaglassware.com\/wp-content\/uploads\/2023\/11\/Show-Room-02-1536x1152.jpg 1536w, https:\/\/lidaglassware.com\/wp-content\/uploads\/2023\/11\/Show-Room-02-2048x1536.jpg 2048w, https:\/\/lidaglassware.com\/wp-content\/uploads\/2023\/11\/Show-Room-02-600x450.jpg 600w\" sizes=\"(max-width: 2560px) 100vw, 2560px\">\t\t\t\t\t\t\t\t\t\t\t\t\t<\/div>\n\t\t\t\t<\/div>\n\t\t\t\t\t<\/div>\n\t\t<\/div>\n\t\t\t\t\t<\/div>\n\t\t<\/section>\n\t\t\t\t<section class=\"elementor-section elementor-inner-section elementor-element elementor-element-9a478e8 elementor-section-boxed elementor-section-height-default elementor-section-height-default\" data-id=\"9a478e8\" data-element_type=\"section\">\n\t\t\t\t\t\t<div class=\"elementor-container elementor-column-gap-default\">\n\t\t\t\t\t<div class=\"elementor-column elementor-col-33 elementor-inner-column elementor-element elementor-element-bad730c\" data-id=\"bad730c\" data-element_type=\"column\">\n\t\t\t<div class=\"elementor-widget-wrap elementor-element-populated\">\n\t\t\t\t\t\t<div class=\"elementor-element elementor-element-3ead423 elementor-widget elementor-widget-image\" data-id=\"3ead423\" data-element_type=\"widget\" data-widget_type=\"image.default\">\n\t\t\t\t<div class=\"elementor-widget-container\">\n\t\t\t\t\t\t\t\t\t\t\t\t\t<img decoding=\"async\" width=\"2560\" height=\"1920\" src=\"https:\/\/lidaglassware.com\/wp-content\/uploads\/2023\/11\/Show-Room-03-scaled.jpg\" class=\"attachment-full size-full wp-image-3723\" alt=\"\" srcset=\"https:\/\/lidaglassware.com\/wp-content\/uploads\/2023\/11\/Show-Room-03-scaled.jpg 2560w, https:\/\/lidaglassware.com\/wp-content\/uploads\/2023\/11\/Show-Room-03-300x225.jpg 300w, https:\/\/lidaglassware.com\/wp-content\/uploads\/2023\/11\/Show-Room-03-1024x768.jpg 1024w, https:\/\/lidaglassware.com\/wp-content\/uploads\/2023\/11\/Show-Room-03-768x576.jpg 768w, https:\/\/lidaglassware.com\/wp-content\/uploads\/2023\/11\/Show-Room-03-1536x1152.jpg 1536w, https:\/\/lidaglassware.com\/wp-content\/uploads\/2023\/11\/Show-Room-03-2048x1536.jpg 2048w, https:\/\/lidaglassware.com\/wp-content\/uploads\/2023\/11\/Show-Room-03-600x450.jpg 600w\" sizes=\"(max-width: 2560px) 100vw, 2560px\">\t\t\t\t\t\t\t\t\t\t\t\t\t<\/div>\n\t\t\t\t<\/div>\n\t\t\t\t\t<\/div>\n\t\t<\/div>\n\t\t\t\t<div class=\"elementor-column elementor-col-33 elementor-inner-column elementor-element elementor-element-95ceb82\" data-id=\"95ceb82\" data-element_type=\"column\">\n\t\t\t<div class=\"elementor-widget-wrap elementor-element-populated\">\n\t\t\t\t\t\t<div class=\"elementor-element elementor-element-e4517e9 elementor-widget elementor-widget-image\" data-id=\"e4517e9\" data-element_type=\"widget\" data-widget_type=\"image.default\">\n\t\t\t\t<div class=\"elementor-widget-container\">\n\t\t\t\t\t\t\t\t\t\t\t\t\t<img loading=\"lazy\" decoding=\"async\" width=\"2560\" height=\"1920\" src=\"https:\/\/lidaglassware.com\/wp-content\/uploads\/2023\/11\/Show-Room-04-scaled.jpg\" class=\"attachment-full size-full wp-image-3724\" alt=\"Poka\u017c pok\u00f3j 04\" srcset=\"https:\/\/lidaglassware.com\/wp-content\/uploads\/2023\/11\/Show-Room-04-scaled.jpg 2560w, https:\/\/lidaglassware.com\/wp-content\/uploads\/2023\/11\/Show-Room-04-300x225.jpg 300w, https:\/\/lidaglassware.com\/wp-content\/uploads\/2023\/11\/Show-Room-04-1024x768.jpg 1024w, https:\/\/lidaglassware.com\/wp-content\/uploads\/2023\/11\/Show-Room-04-768x576.jpg 768w, https:\/\/lidaglassware.com\/wp-content\/uploads\/2023\/11\/Show-Room-04-1536x1152.jpg 1536w, https:\/\/lidaglassware.com\/wp-content\/uploads\/2023\/11\/Show-Room-04-2048x1536.jpg 2048w, https:\/\/lidaglassware.com\/wp-content\/uploads\/2023\/11\/Show-Room-04-600x450.jpg 600w\" sizes=\"(max-width: 2560px) 100vw, 2560px\" \/>\t\t\t\t\t\t\t\t\t\t\t\t\t<\/div>\n\t\t\t\t<\/div>\n\t\t\t\t\t<\/div>\n\t\t<\/div>\n\t\t\t\t<div class=\"elementor-column elementor-col-33 elementor-inner-column elementor-element elementor-element-3bf35a9\" data-id=\"3bf35a9\" data-element_type=\"column\">\n\t\t\t<div class=\"elementor-widget-wrap elementor-element-populated\">\n\t\t\t\t\t\t<div class=\"elementor-element elementor-element-d591201 elementor-widget elementor-widget-image\" data-id=\"d591201\" data-element_type=\"widget\" data-widget_type=\"image.default\">\n\t\t\t\t<div class=\"elementor-widget-container\">\n\t\t\t\t\t\t\t\t\t\t\t\t\t<img loading=\"lazy\" decoding=\"async\" width=\"2560\" height=\"1920\" src=\"https:\/\/lidaglassware.com\/wp-content\/uploads\/2023\/11\/Show-Room-05-scaled.jpg\" class=\"attachment-full size-full wp-image-3725\" alt=\"Pok\u00f3j pokazowy 05\" srcset=\"https:\/\/lidaglassware.com\/wp-content\/uploads\/2023\/11\/Show-Room-05-scaled.jpg 2560w, https:\/\/lidaglassware.com\/wp-content\/uploads\/2023\/11\/Show-Room-05-300x225.jpg 300w, https:\/\/lidaglassware.com\/wp-content\/uploads\/2023\/11\/Show-Room-05-1024x768.jpg 1024w, https:\/\/lidaglassware.com\/wp-content\/uploads\/2023\/11\/Show-Room-05-768x576.jpg 768w, https:\/\/lidaglassware.com\/wp-content\/uploads\/2023\/11\/Show-Room-05-1536x1152.jpg 1536w, https:\/\/lidaglassware.com\/wp-content\/uploads\/2023\/11\/Show-Room-05-2048x1536.jpg 2048w, https:\/\/lidaglassware.com\/wp-content\/uploads\/2023\/11\/Show-Room-05-600x450.jpg 600w\" sizes=\"(max-width: 2560px) 100vw, 2560px\" \/>\t\t\t\t\t\t\t\t\t\t\t\t\t<\/div>\n\t\t\t\t<\/div>\n\t\t\t\t\t<\/div>\n\t\t<\/div>\n\t\t\t\t\t<\/div>\n\t\t<\/section>\n\t\t\t\t\t<\/div>\n\t\t<\/div>\n\t\t\t\t\t<\/div>\n\t\t<\/section>\n\t\t<div class=\"elementor-element elementor-element-c05350c e-flex e-con-boxed e-con e-parent\" data-id=\"c05350c\" data-element_type=\"container\" data-settings=\"{&quot;background_background&quot;:&quot;classic&quot;}\">\n\t\t\t\t\t<div class=\"e-con-inner\">\n\t\t\t\t<div class=\"elementor-element elementor-element-5f9c3f1 elementor-widget elementor-widget-heading\" data-id=\"5f9c3f1\" data-element_type=\"widget\" data-widget_type=\"heading.default\">\n\t\t\t\t<div class=\"elementor-widget-container\">\n\t\t\t<h2 class=\"elementor-heading-title elementor-size-default\">Sposoby szybkiego zdobycia pr\u00f3bek<\/h2>\t\t<\/div>\n\t\t\t\t<\/div>\n\t\t\t\t\t<\/div>\n\t\t\t\t<\/div>\n\t\t<div class=\"elementor-element elementor-element-cebc61a e-flex e-con-boxed e-con e-parent\" data-id=\"cebc61a\" data-element_type=\"container\" data-settings=\"{&quot;background_background&quot;:&quot;classic&quot;}\">\n\t\t\t\t\t<div class=\"e-con-inner\">\n\t\t<div class=\"elementor-element elementor-element-d688a34 e-flex e-con-boxed e-con e-child\" data-id=\"d688a34\" data-element_type=\"container\" data-settings=\"{&quot;background_background&quot;:&quot;classic&quot;}\">\n\t\t\t\t\t<div class=\"e-con-inner\">\n\t\t\t\t<div class=\"elementor-element elementor-element-0db402e elementor-position-left elementor-vertical-align-middle elementor-view-default elementor-mobile-position-top elementor-widget elementor-widget-icon-box\" data-id=\"0db402e\" data-element_type=\"widget\" data-widget_type=\"icon-box.default\">\n\t\t\t\t<div class=\"elementor-widget-container\">\n\t\t\t\t\t<div class=\"elementor-icon-box-wrapper\">\n\n\t\t\t\t\t\t<div class=\"elementor-icon-box-icon\">\n\t\t\t\t<span  class=\"elementor-icon elementor-animation-\">\n\t\t\t\t<i aria-hidden=\"true\" class=\"far fa-check-square\"><\/i>\t\t\t\t<\/span>\n\t\t\t<\/div>\n\t\t\t\n\t\t\t\t\t\t<div class=\"elementor-icon-box-content\">\n\n\t\t\t\t\t\t\t\t\t<h3 class=\"elementor-icon-box-title\">\n\t\t\t\t\t\t<span  >\n\t\t\t\t\t\t\tZam\u00f3w pr\u00f3bk\u0119 z naszych magazyn\u00f3w\t\t\t\t\t\t<\/span>\n\t\t\t\t\t<\/h3>\n\t\t\t\t\n\t\t\t\t\n\t\t\t<\/div>\n\t\t\t\n\t\t<\/div>\n\t\t\t\t<\/div>\n\t\t\t\t<\/div>\n\t\t\t\t<div class=\"elementor-element elementor-element-47868af elementor-widget elementor-widget-text-editor\" data-id=\"47868af\" data-element_type=\"widget\" data-widget_type=\"text-editor.default\">\n\t\t\t\t<div class=\"elementor-widget-container\">\n\t\t\t\t\t\t\t<p>Wybierz jeden z naszych produkt\u00f3w. Nast\u0119pnym krokiem jest pozostawienie w formularzu wymaga\u0144 dotycz\u0105cych pr\u00f3bek i przes\u0142anie ich! Nasz zesp\u00f3\u0142 sprzeda\u017cy wkr\u00f3tce skontaktuje si\u0119 z Tob\u0105, aby uzyska\u0107 szczeg\u00f3\u0142owe informacje o pr\u00f3bkach.<\/p>\t\t\t\t\t\t<\/div>\n\t\t\t\t<\/div>\n\t\t\t\t<div class=\"elementor-element elementor-element-8762aff elementor-widget elementor-widget-spacer\" data-id=\"8762aff\" data-element_type=\"widget\" data-widget_type=\"spacer.default\">\n\t\t\t\t<div class=\"elementor-widget-container\">\n\t\t\t\t\t<div class=\"elementor-spacer\">\n\t\t\t<div class=\"elementor-spacer-inner\"><\/div>\n\t\t<\/div>\n\t\t\t\t<\/div>\n\t\t\t\t<\/div>\n\t\t\t\t<div class=\"elementor-element elementor-element-df86ed0 elementor-align-left elementor-widget__width-initial elementor-widget elementor-widget-button\" data-id=\"df86ed0\" data-element_type=\"widget\" data-widget_type=\"button.default\">\n\t\t\t\t<div class=\"elementor-widget-container\">\n\t\t\t\t\t<div class=\"elementor-button-wrapper\">\n\t\t\t<a class=\"elementor-button elementor-button-link elementor-size-xl\" href=\"https:\/\/lidaglassware.com\/pl\/products\/\">\n\t\t\t\t\t\t<span class=\"elementor-button-content-wrapper\">\n\t\t\t\t\t\t<span class=\"elementor-button-icon\">\n\t\t\t\t\t\t\t<\/span>\n\t\t\t\t\t\t\t\t\t<span class=\"elementor-button-text\">Przegl\u0105daj wszystkie produkty<\/span>\n\t\t\t\t\t<\/span>\n\t\t\t\t\t<\/a>\n\t\t<\/div>\n\t\t\t\t<\/div>\n\t\t\t\t<\/div>\n\t\t\t\t\t<\/div>\n\t\t\t\t<\/div>\n\t\t\t\t\t<\/div>\n\t\t\t\t<\/div>\n\t\t<div class=\"elementor-element elementor-element-8b26086 e-flex e-con-boxed e-con e-parent\" data-id=\"8b26086\" data-element_type=\"container\" data-settings=\"{&quot;background_background&quot;:&quot;classic&quot;}\">\n\t\t\t\t\t<div class=\"e-con-inner\">\n\t\t<div class=\"elementor-element elementor-element-d1c38d5 e-flex e-con-boxed e-con e-child\" data-id=\"d1c38d5\" data-element_type=\"container\" data-settings=\"{&quot;background_background&quot;:&quot;classic&quot;}\">\n\t\t\t\t\t<div class=\"e-con-inner\">\n\t\t\t\t<div class=\"elementor-element elementor-element-9ff9138 elementor-position-left elementor-vertical-align-middle elementor-view-default elementor-mobile-position-top elementor-widget elementor-widget-icon-box\" data-id=\"9ff9138\" data-element_type=\"widget\" data-widget_type=\"icon-box.default\">\n\t\t\t\t<div class=\"elementor-widget-container\">\n\t\t\t\t\t<div class=\"elementor-icon-box-wrapper\">\n\n\t\t\t\t\t\t<div class=\"elementor-icon-box-icon\">\n\t\t\t\t<span  class=\"elementor-icon elementor-animation-\">\n\t\t\t\t<i aria-hidden=\"true\" class=\"far fa-check-square\"><\/i>\t\t\t\t<\/span>\n\t\t\t<\/div>\n\t\t\t\n\t\t\t\t\t\t<div class=\"elementor-icon-box-content\">\n\n\t\t\t\t\t\t\t\t\t<h3 class=\"elementor-icon-box-title\">\n\t\t\t\t\t\t<span  >\n\t\t\t\t\t\t\tWy\u015blij grafik\u0119 projektow\u0105\t\t\t\t\t\t<\/span>\n\t\t\t\t\t<\/h3>\n\t\t\t\t\n\t\t\t\t\n\t\t\t<\/div>\n\t\t\t\n\t\t<\/div>\n\t\t\t\t<\/div>\n\t\t\t\t<\/div>\n\t\t\t\t<div class=\"elementor-element elementor-element-d6425f3 elementor-widget elementor-widget-text-editor\" data-id=\"d6425f3\" data-element_type=\"widget\" data-widget_type=\"text-editor.default\">\n\t\t\t\t<div class=\"elementor-widget-container\">\n\t\t\t\t\t\t\t<p>Je\u015bli masz rysunek swojej koncepcji lub masz projekt, po prostu skontaktuj si\u0119 z naszym zespo\u0142em i prze\u015blij nam plik projektu. Zapewnimy Ci tak\u0105 opcj\u0119.<\/p>\t\t\t\t\t\t<\/div>\n\t\t\t\t<\/div>\n\t\t<div class=\"elementor-element elementor-element-4b0738a e-flex e-con-boxed e-con e-child\" data-id=\"4b0738a\" data-element_type=\"container\" data-settings=\"{&quot;background_background&quot;:&quot;classic&quot;}\">\n\t\t\t\t\t<div class=\"e-con-inner\">\n\t\t\t\t<div class=\"elementor-element elementor-element-0ce38d3 elementor-widget elementor-widget-heading\" data-id=\"0ce38d3\" data-element_type=\"widget\" data-widget_type=\"heading.default\">\n\t\t\t\t<div class=\"elementor-widget-container\">\n\t\t\t<h2 class=\"elementor-heading-title elementor-size-default\">- Popro\u015b o pr\u00f3bk\u0119 -<\/h2>\t\t<\/div>\n\t\t\t\t<\/div>\n\t\t\t\t<div class=\"elementor-element elementor-element-5b688ec elementor-button-align-stretch elementor-widget elementor-widget-form\" data-id=\"5b688ec\" data-element_type=\"widget\" data-settings=\"{&quot;step_next_label&quot;:&quot;\\u4e0b\\u4e00\\u4e2a&quot;,&quot;step_previous_label&quot;:&quot;\\u4e0a\\u4e00\\u4e2a&quot;,&quot;button_width&quot;:&quot;100&quot;,&quot;step_type&quot;:&quot;number_text&quot;,&quot;step_icon_shape&quot;:&quot;circle&quot;}\" data-widget_type=\"form.default\">\n\t\t\t\t<div class=\"elementor-widget-container\">\n\t\t\t\t\t<form class=\"elementor-form\" method=\"post\" name=\"\u65b0\u8868\u5355\" action=\"\">\n\t\t\t<input type=\"hidden\" name=\"post_id\" value=\"2612\"\/>\n\t\t\t<input type=\"hidden\" name=\"form_id\" value=\"5b688ec\"\/>\n\t\t\t<input type=\"hidden\" name=\"referer_title\" value=\"\" \/>\n\n\t\t\t\n\t\t\t<div class=\"elementor-form-fields-wrapper elementor-labels-above\">\n\t\t\t\t\t\t\t\t<div class=\"elementor-field-type-text elementor-field-group elementor-column elementor-field-group-name elementor-col-100 elementor-field-required elementor-mark-required\">\n\t\t\t\t\t\t\t\t\t\t\t\t<label for=\"form-field-name\" class=\"elementor-field-label\">\n\t\t\t\t\t\t\t\tNazwa\t\t\t\t\t\t\t<\/label>\n\t\t\t\t\t\t\t\t\t\t\t\t\t\t<input size=\"1\" type=\"text\" name=\"form_fields[name]\" id=\"form-field-name\" class=\"elementor-field elementor-size-sm  elementor-field-textual\" required=\"required\" aria-required=\"true\">\n\t\t\t\t\t\t\t\t\t\t\t<\/div>\n\t\t\t\t\t\t\t\t<div class=\"elementor-field-type-email elementor-field-group elementor-column elementor-field-group-email elementor-col-100 elementor-field-required elementor-mark-required\">\n\t\t\t\t\t\t\t\t\t\t\t\t<label for=\"form-field-email\" class=\"elementor-field-label\">\n\t\t\t\t\t\t\t\tAdres e-mail\t\t\t\t\t\t\t<\/label>\n\t\t\t\t\t\t\t\t\t\t\t\t\t\t<input size=\"1\" type=\"email\" name=\"form_fields[email]\" id=\"form-field-email\" class=\"elementor-field elementor-size-sm  elementor-field-textual\" required=\"required\" aria-required=\"true\">\n\t\t\t\t\t\t\t\t\t\t\t<\/div>\n\t\t\t\t\t\t\t\t<div class=\"elementor-field-type-text elementor-field-group elementor-column elementor-field-group-field_a0f419d elementor-col-100\">\n\t\t\t\t\t\t\t\t\t\t\t\t<label for=\"form-field-field_a0f419d\" class=\"elementor-field-label\">\n\t\t\t\t\t\t\t\tTelefon\/Whatsapp\t\t\t\t\t\t\t<\/label>\n\t\t\t\t\t\t\t\t\t\t\t\t\t\t<input size=\"1\" type=\"text\" name=\"form_fields[field_a0f419d]\" id=\"form-field-field_a0f419d\" class=\"elementor-field elementor-size-sm  elementor-field-textual\">\n\t\t\t\t\t\t\t\t\t\t\t<\/div>\n\t\t\t\t\t\t\t\t<div class=\"elementor-field-type-textarea elementor-field-group elementor-column elementor-field-group-message elementor-col-100\">\n\t\t\t\t\t\t\t\t\t\t\t\t<label for=\"form-field-message\" class=\"elementor-field-label\">\n\t\t\t\t\t\t\t\tWiadomo\u015b\u0107\t\t\t\t\t\t\t<\/label>\n\t\t\t\t\t\t<textarea class=\"elementor-field-textual elementor-field  elementor-size-sm\" name=\"form_fields[message]\" id=\"form-field-message\" rows=\"8\" placeholder=\"Czy mog\u0119 prosi\u0107 o cen\u0119 za...\"><\/textarea>\t\t\t\t<\/div>\n\t\t\t\t\t\t\t\t<div class=\"elementor-field-type-upload elementor-field-group elementor-column elementor-field-group-field_d2d2e4f elementor-col-100\">\n\t\t\t\t\t\t\t\t\t\t\t\t<label for=\"form-field-field_d2d2e4f\" class=\"elementor-field-label\">\n\t\t\t\t\t\t\t\t*Prosz\u0119 przesy\u0142a\u0107 wy\u0142\u0105cznie pliki jpg, png, pdf, dxf, dwg. Limit rozmiaru wynosi 10 MB.\t\t\t\t\t\t\t<\/label>\n\t\t\t\t\t\t\t\t<input type=\"file\" name=\"form_fields[field_d2d2e4f][]\" id=\"form-field-field_d2d2e4f\" class=\"elementor-field elementor-size-sm  elementor-upload-field\" multiple=\"multiple\" data-maxsize=\"10\" data-maxsize-message=\"This file exceeds the maximum allowed size.\">\n\n\t\t\t\t\t\t<\/div>\n\t\t\t\t\t\t\t\t<div class=\"elementor-field-group elementor-column elementor-field-type-submit elementor-col-100 e-form__buttons\">\n\t\t\t\t\t<button class=\"elementor-button elementor-size-sm\" type=\"submit\">\n\t\t\t\t\t\t<span class=\"elementor-button-content-wrapper\">\n\t\t\t\t\t\t\t\t\t\t\t\t\t\t\t\t\t\t\t\t\t\t<span class=\"elementor-button-text\">wys\u0142a\u0107<\/span>\n\t\t\t\t\t\t\t\t\t\t\t\t\t<\/span>\n\t\t\t\t\t<\/button>\n\t\t\t\t<\/div>\n\t\t\t<\/div>\n\t\t<input type=\"hidden\" name=\"trp-form-language\" value=\"pl\"\/><\/form>\n\t\t\t\t<\/div>\n\t\t\t\t<\/div>\n\t\t\t\t\t<\/div>\n\t\t\t\t<\/div>\n\t\t\t\t\t<\/div>\n\t\t\t\t<\/div>\n\t\t\t\t\t<\/div>\n\t\t\t\t<\/div>\n\t\t\t\t<\/div>","protected":false},"excerpt":{"rendered":"<p>Glassware Samples From Lida Need samples before purchasing large quantities? Lida has got you covered. Get A Free Sample From Lida Don&#8217;t miss out on our Free Sample Offer, the perfect way to try before you buy. Whether you&#8217;re in the market for straightforward glass cups or looking for finished products complete with decorative touches [&hellip;]<\/p>","protected":false},"author":1,"featured_media":0,"parent":0,"menu_order":0,"comment_status":"closed","ping_status":"closed","template":"","meta":{"footnotes":""},"class_list":["post-2612","page","type-page","status-publish","hentry"],"_links":{"self":[{"href":"https:\/\/lidaglassware.com\/pl\/wp-json\/wp\/v2\/pages\/2612","targetHints":{"allow":["GET"]}}],"collection":[{"href":"https:\/\/lidaglassware.com\/pl\/wp-json\/wp\/v2\/pages"}],"about":[{"href":"https:\/\/lidaglassware.com\/pl\/wp-json\/wp\/v2\/types\/page"}],"author":[{"embeddable":true,"href":"https:\/\/lidaglassware.com\/pl\/wp-json\/wp\/v2\/users\/1"}],"replies":[{"embeddable":true,"href":"https:\/\/lidaglassware.com\/pl\/wp-json\/wp\/v2\/comments?post=2612"}],"version-history":[{"count":0,"href":"https:\/\/lidaglassware.com\/pl\/wp-json\/wp\/v2\/pages\/2612\/revisions"}],"wp:attachment":[{"href":"https:\/\/lidaglassware.com\/pl\/wp-json\/wp\/v2\/media?parent=2612"}],"curies":[{"name":"wp","href":"https:\/\/api.w.org\/{rel}","templated":true}]}}