{"id":2636,"date":"2023-09-01T03:33:51","date_gmt":"2023-09-01T11:33:51","guid":{"rendered":"https:\/\/lidaglassware.com\/?page_id=2636"},"modified":"2024-09-26T16:47:52","modified_gmt":"2024-09-27T00:47:52","slug":"downloads","status":"publish","type":"page","link":"https:\/\/lidaglassware.com\/pl\/pliki-do-pobrania\/","title":{"rendered":"Pliki do pobrania"},"content":{"rendered":"<div data-elementor-type=\"wp-page\" data-elementor-id=\"2636\" class=\"elementor elementor-2636\" data-elementor-post-type=\"page\">\n\t\t\t\t<div class=\"elementor-element elementor-element-119bf65c e-con-full e-flex e-con e-parent\" data-id=\"119bf65c\" data-element_type=\"container\" data-settings=\"{&quot;background_background&quot;:&quot;classic&quot;}\">\n\t\t<div class=\"elementor-element elementor-element-7ddb9e93 e-flex e-con-boxed e-con e-child\" data-id=\"7ddb9e93\" data-element_type=\"container\">\n\t\t\t\t\t<div class=\"e-con-inner\">\n\t\t\t\t<div class=\"elementor-element elementor-element-478d8a7a elementor-widget elementor-widget-heading\" data-id=\"478d8a7a\" data-element_type=\"widget\" data-widget_type=\"heading.default\">\n\t\t\t\t<div class=\"elementor-widget-container\">\n\t\t\t<h1 class=\"elementor-heading-title elementor-size-default\">Pobieranie wyrob\u00f3w szklanych Lida<\/h1>\t\t<\/div>\n\t\t\t\t<\/div>\n\t\t\t\t\t<\/div>\n\t\t\t\t<\/div>\n\t\t\t\t<div class=\"elementor-element elementor-element-6919e543 elementor-widget elementor-widget-text-editor\" data-id=\"6919e543\" data-element_type=\"widget\" data-widget_type=\"text-editor.default\">\n\t\t\t\t<div class=\"elementor-widget-container\">\n\t\t\t\t\t\t\t<p>Zdob\u0105d\u017a wszystkie wyroby szklane w celu uzyskania specyfikacji i dostosowania.<\/p>\t\t\t\t\t\t<\/div>\n\t\t\t\t<\/div>\n\t\t\t\t<div class=\"elementor-element elementor-element-3593c4ff elementor-widget elementor-widget-woocommerce-breadcrumb\" data-id=\"3593c4ff\" data-element_type=\"widget\" data-widget_type=\"woocommerce-breadcrumb.default\">\n\t\t\t\t<div class=\"elementor-widget-container\">\n\t\t\t<nav class=\"woocommerce-breadcrumb\" data-no-translation=\"\" data-trp-gettext=\"\">Dom<\/nav>\t\t<\/div>\n\t\t\t\t<\/div>\n\t\t\t\t<\/div>\n\t\t<div class=\"elementor-element elementor-element-0b6b6a0 e-flex e-con-boxed e-con e-parent\" data-id=\"0b6b6a0\" data-element_type=\"container\">\n\t\t\t\t\t<div class=\"e-con-inner\">\n\t\t\t\t<div class=\"elementor-element elementor-element-c9b3b30 elementor-widget elementor-widget-heading\" data-id=\"c9b3b30\" data-element_type=\"widget\" data-widget_type=\"heading.default\">\n\t\t\t\t<div class=\"elementor-widget-container\">\n\t\t\t<h2 class=\"elementor-heading-title elementor-size-default\">Katalogi wyrob\u00f3w szklanych Lida<\/h2>\t\t<\/div>\n\t\t\t\t<\/div>\n\t\t\t\t\t<\/div>\n\t\t\t\t<\/div>\n\t\t<div class=\"elementor-element elementor-element-0cf18e5 e-flex e-con-boxed e-con e-parent\" data-id=\"0cf18e5\" data-element_type=\"container\">\n\t\t\t\t\t<div class=\"e-con-inner\">\n\t\t<div class=\"elementor-element elementor-element-de05fd4 e-con-full e-flex e-con e-child\" data-id=\"de05fd4\" data-element_type=\"container\">\n\t\t\t\t<div class=\"elementor-element elementor-element-43abb91 elementor-widget elementor-widget-image\" data-id=\"43abb91\" data-element_type=\"widget\" data-widget_type=\"image.default\">\n\t\t\t\t<div class=\"elementor-widget-container\">\n\t\t\t\t\t\t\t\t\t\t\t\t\t\t<a href=\"https:\/\/lidaglassware.com\/wp-content\/uploads\/2024\/09\/2024-New-Catalogue-Lida-Glassware.pdf\" target=\"_blank\">\n\t\t\t\t\t\t\t<img fetchpriority=\"high\" decoding=\"async\" width=\"800\" height=\"800\" src=\"https:\/\/lidaglassware.com\/wp-content\/uploads\/2023\/07\/Stackable-Glasses-Set-4.jpg\" class=\"attachment-large size-large wp-image-1941\" alt=\"\" srcset=\"https:\/\/lidaglassware.com\/wp-content\/uploads\/2023\/07\/Stackable-Glasses-Set-4.jpg 800w, https:\/\/lidaglassware.com\/wp-content\/uploads\/2023\/07\/Stackable-Glasses-Set-4-300x300.jpg 300w, https:\/\/lidaglassware.com\/wp-content\/uploads\/2023\/07\/Stackable-Glasses-Set-4-150x150.jpg 150w, https:\/\/lidaglassware.com\/wp-content\/uploads\/2023\/07\/Stackable-Glasses-Set-4-768x768.jpg 768w, https:\/\/lidaglassware.com\/wp-content\/uploads\/2023\/07\/Stackable-Glasses-Set-4-600x600.jpg 600w, https:\/\/lidaglassware.com\/wp-content\/uploads\/2023\/07\/Stackable-Glasses-Set-4-100x100.jpg 100w, https:\/\/lidaglassware.com\/wp-content\/uploads\/2023\/07\/elementor\/thumbs\/Stackable-Glasses-Set-4-qgouqomp6iev1fn3x28ewgeiysd77zefm2b1bs70y0.jpg 500w\" sizes=\"(max-width: 800px) 100vw, 800px\">\t\t\t\t\t\t\t\t<\/a>\n\t\t\t\t\t\t\t\t\t\t\t\t\t<\/div>\n\t\t\t\t<\/div>\n\t\t\t\t<div class=\"elementor-element elementor-element-e1d238f elementor-widget elementor-widget-heading\" data-id=\"e1d238f\" data-element_type=\"widget\" data-widget_type=\"heading.default\">\n\t\t\t\t<div class=\"elementor-widget-container\">\n\t\t\t<h2 class=\"elementor-heading-title elementor-size-default\"><a href=\"https:\/\/lidaglassware.com\/wp-content\/uploads\/2024\/09\/2024-New-Catalogue-Lida-Glassware.pdf\" target=\"_blank\">Nowy katalog wyrob\u00f3w szklanych 2024<\/a><\/h2>\t\t<\/div>\n\t\t\t\t<\/div>\n\t\t\t\t<\/div>\n\t\t<div class=\"elementor-element elementor-element-cb419bb e-con-full e-flex e-con e-child\" data-id=\"cb419bb\" data-element_type=\"container\">\n\t\t\t\t<div class=\"elementor-element elementor-element-808d619 elementor-widget elementor-widget-image\" data-id=\"808d619\" data-element_type=\"widget\" data-widget_type=\"image.default\">\n\t\t\t\t<div class=\"elementor-widget-container\">\n\t\t\t\t\t\t\t\t\t\t\t\t\t\t<a href=\"https:\/\/lidaglassware.com\/wp-content\/uploads\/2023\/09\/Lida-Glassware-Wine-Glass-Catalogue-2023.pdf\">\n\t\t\t\t\t\t\t<img decoding=\"async\" width=\"800\" height=\"800\" src=\"https:\/\/lidaglassware.com\/wp-content\/uploads\/2023\/02\/0204-10.jpg\" class=\"attachment-large size-large wp-image-1531\" alt=\"\" srcset=\"https:\/\/lidaglassware.com\/wp-content\/uploads\/2023\/02\/0204-10.jpg 800w, https:\/\/lidaglassware.com\/wp-content\/uploads\/2023\/02\/0204-10-300x300.jpg 300w, https:\/\/lidaglassware.com\/wp-content\/uploads\/2023\/02\/0204-10-150x150.jpg 150w, https:\/\/lidaglassware.com\/wp-content\/uploads\/2023\/02\/0204-10-768x768.jpg 768w, https:\/\/lidaglassware.com\/wp-content\/uploads\/2023\/02\/0204-10-600x600.jpg 600w, https:\/\/lidaglassware.com\/wp-content\/uploads\/2023\/02\/0204-10-100x100.jpg 100w, https:\/\/lidaglassware.com\/wp-content\/uploads\/2023\/02\/elementor\/thumbs\/0204-10-qgouqqidk6hfonkdm31o1fxg5k3xndlwabm0ac48lk.jpg 500w\" sizes=\"(max-width: 800px) 100vw, 800px\">\t\t\t\t\t\t\t\t<\/a>\n\t\t\t\t\t\t\t\t\t\t\t\t\t<\/div>\n\t\t\t\t<\/div>\n\t\t\t\t<div class=\"elementor-element elementor-element-e61be15 elementor-widget elementor-widget-heading\" data-id=\"e61be15\" data-element_type=\"widget\" data-widget_type=\"heading.default\">\n\t\t\t\t<div class=\"elementor-widget-container\">\n\t\t\t<h2 class=\"elementor-heading-title elementor-size-default\"><a href=\"https:\/\/lidaglassware.com\/wp-content\/uploads\/2023\/09\/Lida-Glassware-Wine-Glass-Catalogue-2023.pdf\">Katalog kieliszk\u00f3w do wina<\/a><\/h2>\t\t<\/div>\n\t\t\t\t<\/div>\n\t\t\t\t<\/div>\n\t\t<div class=\"elementor-element elementor-element-7d7e06b e-con-full e-flex e-con e-child\" data-id=\"7d7e06b\" data-element_type=\"container\">\n\t\t\t\t<div class=\"elementor-element elementor-element-b285189 elementor-widget elementor-widget-image\" data-id=\"b285189\" data-element_type=\"widget\" data-widget_type=\"image.default\">\n\t\t\t\t<div class=\"elementor-widget-container\">\n\t\t\t\t\t\t\t\t\t\t\t\t\t\t<a href=\"https:\/\/lidaglassware.com\/wp-content\/uploads\/2023\/09\/Lida-Glassware-Presentation.pdf\">\n\t\t\t\t\t\t\t<img decoding=\"async\" width=\"750\" height=\"750\" src=\"https:\/\/lidaglassware.com\/wp-content\/uploads\/2023\/02\/Glass-Bowl.jpg\" class=\"attachment-large size-large wp-image-1545\" alt=\"szklane pojemniki na \u017cywno\u015b\u0107\" srcset=\"https:\/\/lidaglassware.com\/wp-content\/uploads\/2023\/02\/Glass-Bowl.jpg 750w, https:\/\/lidaglassware.com\/wp-content\/uploads\/2023\/02\/Glass-Bowl-300x300.jpg 300w, https:\/\/lidaglassware.com\/wp-content\/uploads\/2023\/02\/Glass-Bowl-150x150.jpg 150w, https:\/\/lidaglassware.com\/wp-content\/uploads\/2023\/02\/Glass-Bowl-600x600.jpg 600w, https:\/\/lidaglassware.com\/wp-content\/uploads\/2023\/02\/Glass-Bowl-100x100.jpg 100w, https:\/\/lidaglassware.com\/wp-content\/uploads\/2023\/02\/elementor\/thumbs\/Glass-Bowl-qgouqqidk6hfonkdm31o1fxg5k3xndlwabm0ac48lk.jpg 500w\" sizes=\"(max-width: 750px) 100vw, 750px\" \/>\t\t\t\t\t\t\t\t<\/a>\n\t\t\t\t\t\t\t\t\t\t\t\t\t<\/div>\n\t\t\t\t<\/div>\n\t\t\t\t<div class=\"elementor-element elementor-element-6c96bf4 elementor-widget elementor-widget-heading\" data-id=\"6c96bf4\" data-element_type=\"widget\" data-widget_type=\"heading.default\">\n\t\t\t\t<div class=\"elementor-widget-container\">\n\t\t\t<h2 class=\"elementor-heading-title elementor-size-default\"><a href=\"https:\/\/lidaglassware.com\/wp-content\/uploads\/2023\/09\/Lida-Glassware-Presentation.pdf\">Prezentacja Lidy<\/a><\/h2>\t\t<\/div>\n\t\t\t\t<\/div>\n\t\t\t\t<\/div>\n\t\t<div class=\"elementor-element elementor-element-18bb6cf e-con-full e-flex e-con e-child\" data-id=\"18bb6cf\" data-element_type=\"container\">\n\t\t\t\t<\/div>\n\t\t\t\t\t<\/div>\n\t\t\t\t<\/div>\n\t\t\t\t<section class=\"elementor-section elementor-top-section elementor-element elementor-element-32467d3f elementor-section-content-middle elementor-section-full_width elementor-section-height-default elementor-section-height-default\" data-id=\"32467d3f\" data-element_type=\"section\" data-settings=\"{&quot;background_background&quot;:&quot;classic&quot;}\">\n\t\t\t\t\t\t<div class=\"elementor-container elementor-column-gap-default\">\n\t\t\t\t\t<div class=\"elementor-column elementor-col-33 elementor-top-column elementor-element elementor-element-7dc25196\" data-id=\"7dc25196\" data-element_type=\"column\">\n\t\t\t<div class=\"elementor-widget-wrap elementor-element-populated\">\n\t\t\t\t\t\t<div class=\"elementor-element elementor-element-5e209c9c elementor-widget elementor-widget-image\" data-id=\"5e209c9c\" data-element_type=\"widget\" data-widget_type=\"image.default\">\n\t\t\t\t<div class=\"elementor-widget-container\">\n\t\t\t\t\t\t\t\t\t\t\t\t\t<img loading=\"lazy\" decoding=\"async\" width=\"400\" height=\"424\" src=\"https:\/\/lidaglassware.com\/wp-content\/uploads\/2020\/12\/main-page-cta.png\" class=\"attachment-2048x2048 size-2048x2048 wp-image-307\" alt=\"\" srcset=\"https:\/\/lidaglassware.com\/wp-content\/uploads\/2020\/12\/main-page-cta.png 400w, https:\/\/lidaglassware.com\/wp-content\/uploads\/2020\/12\/main-page-cta-283x300.png 283w\" sizes=\"(max-width: 400px) 100vw, 400px\">\t\t\t\t\t\t\t\t\t\t\t\t\t<\/div>\n\t\t\t\t<\/div>\n\t\t\t\t\t<\/div>\n\t\t<\/div>\n\t\t\t\t<div class=\"elementor-column elementor-col-33 elementor-top-column elementor-element elementor-element-29d2d4ec\" data-id=\"29d2d4ec\" data-element_type=\"column\">\n\t\t\t<div class=\"elementor-widget-wrap elementor-element-populated\">\n\t\t\t\t\t\t<section class=\"elementor-section elementor-inner-section elementor-element elementor-element-6f459712 elementor-section-content-middle elementor-section-boxed elementor-section-height-default elementor-section-height-default\" data-id=\"6f459712\" data-element_type=\"section\">\n\t\t\t\t\t\t<div class=\"elementor-container elementor-column-gap-default\">\n\t\t\t\t\t<div class=\"elementor-column elementor-col-100 elementor-inner-column elementor-element elementor-element-25303795\" data-id=\"25303795\" data-element_type=\"column\">\n\t\t\t<div class=\"elementor-widget-wrap elementor-element-populated\">\n\t\t\t\t\t\t<div class=\"elementor-element elementor-element-1405d61a elementor-widget elementor-widget-image-box\" data-id=\"1405d61a\" data-element_type=\"widget\" data-widget_type=\"image-box.default\">\n\t\t\t\t<div class=\"elementor-widget-container\">\n\t\t\t<div class=\"elementor-image-box-wrapper\"><div class=\"elementor-image-box-content\"><h1 class=\"elementor-image-box-title\">Rozpocznij z nami wsp\u00f3\u0142prac\u0119<\/h1><p class=\"elementor-image-box-description\">Lida Glassware przyspiesza Twoj\u0105 \u015bcie\u017ck\u0119 od koncepcji do realizacji, przekszta\u0142caj\u0105c Twoje pomys\u0142y na wyroby szklane w produkty, kt\u00f3re trafiaj\u0105 do r\u0105k konsument\u00f3w. Odkryj nasz\u0105 kompleksow\u0105 ofert\u0119 produkt\u00f3w szklanych zaprojektowanych, aby urzeczywistni\u0107 Twoj\u0105 wyj\u0105tkow\u0105 wizj\u0119.<\/p><\/div><\/div>\t\t<\/div>\n\t\t\t\t<\/div>\n\t\t\t\t\t<\/div>\n\t\t<\/div>\n\t\t\t\t\t<\/div>\n\t\t<\/section>\n\t\t\t\t<section class=\"elementor-section elementor-inner-section elementor-element elementor-element-3248949a elementor-section-content-middle elementor-section-boxed elementor-section-height-default elementor-section-height-default\" data-id=\"3248949a\" data-element_type=\"section\">\n\t\t\t\t\t\t<div class=\"elementor-container elementor-column-gap-default\">\n\t\t\t\t\t<div class=\"elementor-column elementor-col-100 elementor-inner-column elementor-element elementor-element-7cc055a5\" data-id=\"7cc055a5\" data-element_type=\"column\">\n\t\t\t<div class=\"elementor-widget-wrap elementor-element-populated\">\n\t\t\t\t\t\t<div class=\"elementor-element elementor-element-49b0a8ed elementor-align-center elementor-tablet-align-left elementor-mobile-align-center elementor-widget elementor-widget-button\" data-id=\"49b0a8ed\" data-element_type=\"widget\" data-widget_type=\"button.default\">\n\t\t\t\t<div class=\"elementor-widget-container\">\n\t\t\t\t\t<div class=\"elementor-button-wrapper\">\n\t\t\t<a class=\"elementor-button elementor-button-link elementor-size-sm\" href=\"#elementor-action:action=popup:open&settings=eyJpZCI6IjQ2NiIsInRvZ2dsZSI6ZmFsc2V9\">\n\t\t\t\t\t\t<span class=\"elementor-button-content-wrapper\">\n\t\t\t\t\t\t\t\t\t<span class=\"elementor-button-text\">skontaktuj si\u0119 z Lid\u0105<\/span>\n\t\t\t\t\t<\/span>\n\t\t\t\t\t<\/a>\n\t\t<\/div>\n\t\t\t\t<\/div>\n\t\t\t\t<\/div>\n\t\t\t\t\t<\/div>\n\t\t<\/div>\n\t\t\t\t\t<\/div>\n\t\t<\/section>\n\t\t\t\t\t<\/div>\n\t\t<\/div>\n\t\t\t\t<div class=\"elementor-column elementor-col-33 elementor-top-column elementor-element elementor-element-3e1a13e0\" data-id=\"3e1a13e0\" data-element_type=\"column\">\n\t\t\t<div class=\"elementor-widget-wrap elementor-element-populated\">\n\t\t\t\t\t\t<section class=\"elementor-section elementor-inner-section elementor-element elementor-element-3e6355b elementor-section-content-middle elementor-section-boxed elementor-section-height-default elementor-section-height-default\" data-id=\"3e6355b\" data-element_type=\"section\">\n\t\t\t\t\t\t<div class=\"elementor-container elementor-column-gap-default\">\n\t\t\t\t\t<div class=\"elementor-column elementor-col-100 elementor-inner-column elementor-element elementor-element-39c27d8d\" data-id=\"39c27d8d\" data-element_type=\"column\">\n\t\t\t<div class=\"elementor-widget-wrap\">\n\t\t\t\t\t\t\t<\/div>\n\t\t<\/div>\n\t\t\t\t\t<\/div>\n\t\t<\/section>\n\t\t\t\t<section class=\"elementor-section elementor-inner-section elementor-element elementor-element-6e745d49 elementor-section-content-middle elementor-section-boxed elementor-section-height-default elementor-section-height-default\" data-id=\"6e745d49\" data-element_type=\"section\">\n\t\t\t\t\t\t<div class=\"elementor-container elementor-column-gap-default\">\n\t\t\t\t\t<div class=\"elementor-column elementor-col-100 elementor-inner-column elementor-element elementor-element-5d79d723\" data-id=\"5d79d723\" data-element_type=\"column\">\n\t\t\t<div class=\"elementor-widget-wrap\">\n\t\t\t\t\t\t\t<\/div>\n\t\t<\/div>\n\t\t\t\t\t<\/div>\n\t\t<\/section>\n\t\t\t\t\t<\/div>\n\t\t<\/div>\n\t\t\t\t\t<\/div>\n\t\t<\/section>\n\t\t\t\t<\/div>","protected":false},"excerpt":{"rendered":"<p>Lida Glassware Downloads Get all glasswares for specifications and customization. Lida Glassware Catalogues 2024 New Glassware Catalogue Wine Glasses Catalogue Lida Presentation Start Working With Us Lida Glassware accelerates your path from conception to completion, transforming your glassware ideas into products that reach the hands of consumers. Discover our comprehensive portfolio of glassware products designed [&hellip;]<\/p>","protected":false},"author":1,"featured_media":0,"parent":0,"menu_order":0,"comment_status":"closed","ping_status":"closed","template":"","meta":{"footnotes":""},"class_list":["post-2636","page","type-page","status-publish","hentry"],"_links":{"self":[{"href":"https:\/\/lidaglassware.com\/pl\/wp-json\/wp\/v2\/pages\/2636","targetHints":{"allow":["GET"]}}],"collection":[{"href":"https:\/\/lidaglassware.com\/pl\/wp-json\/wp\/v2\/pages"}],"about":[{"href":"https:\/\/lidaglassware.com\/pl\/wp-json\/wp\/v2\/types\/page"}],"author":[{"embeddable":true,"href":"https:\/\/lidaglassware.com\/pl\/wp-json\/wp\/v2\/users\/1"}],"replies":[{"embeddable":true,"href":"https:\/\/lidaglassware.com\/pl\/wp-json\/wp\/v2\/comments?post=2636"}],"version-history":[{"count":0,"href":"https:\/\/lidaglassware.com\/pl\/wp-json\/wp\/v2\/pages\/2636\/revisions"}],"wp:attachment":[{"href":"https:\/\/lidaglassware.com\/pl\/wp-json\/wp\/v2\/media?parent=2636"}],"curies":[{"name":"wp","href":"https:\/\/api.w.org\/{rel}","templated":true}]}}