{"id":1001,"date":"2021-07-15T17:03:36","date_gmt":"2021-07-16T01:03:36","guid":{"rendered":"https:\/\/lidaglassware.com\/?post_type=product&#038;p=1001"},"modified":"2024-01-16T17:36:55","modified_gmt":"2024-01-17T01:36:55","slug":"skull-shot-glasses-1-5oz-45ml","status":"publish","type":"product","link":"https:\/\/lidaglassware.com\/pl\/produkt\/kieliszki-do-shotow-z-czaszka-1-5oz-45ml\/","title":{"rendered":"Kieliszki do shot\u00f3w Skull 1,5 uncji \/ 45 ml"},"content":{"rendered":"<h2>Kieliszki do shot\u00f3w Skull 1,5 uncji \/ 45 ml<\/h2>\n<p>Te wyj\u0105tkowe kieliszki do shot\u00f3w maj\u0105 kszta\u0142t czaszki, co jest najpopularniejszym stylem kieliszk\u00f3w typu shot. Lida Glassware jest w stanie dostarczy\u0107 rozwi\u0105zania OEM wraz z Twoimi przemy\u015bleniami na temat okular\u00f3w. Wystarczy pomy\u015ble\u0107, otrzymasz idealnie dopasowany plan, aby zadowoli\u0107 swoich klient\u00f3w.<\/p>\n<p>Te kieliszki maj\u0105 klasyczny karbowany kszta\u0142t, idealny do legalnej miarki ulubionego alkoholu. Nie ma potrzeby kombinowa\u0107 z r\u00f3\u017cnymi wymiarami naparstnicy, aby uzyska\u0107 dok\u0142adny strza\u0142, po prostu wlej bezpo\u015brednio do tego kieliszka o grubym dnie, aby zaserwowa\u0107 pojedynczy strza\u0142.<\/p>\n<p><strong>Okulary z czaszk\u0105<\/strong> to wyj\u0105tkowy i przyci\u0105gaj\u0105cy wzrok dodatek do ka\u017cdej kolekcji zastawy barowej, idealny na imprezy tematyczne, specjalne okazje lub dodaj\u0105cy odrobin\u0119 wyrazisto\u015bci do Twojego wystroju. Oto kilka kluczowych cech produktu okular\u00f3w Skull Shot:<\/p>\n<ol>\n<li><strong>Unikalny design:<\/strong> Ka\u017cdy kieliszek ma kszta\u0142t czaszki, co zapewnia efektowny i charakterystyczny wygl\u0105d, kt\u00f3ry z pewno\u015bci\u0105 rozpocznie rozmow\u0119 i przyci\u0105gnie wzrok go\u015bci.<\/li>\n<li><strong>Wysokiej jako\u015bci materia\u0142:<\/strong> Zwykle wykonane z trwa\u0142ego, grubego szk\u0142a lub kryszta\u0142u, aby zapewni\u0107 trwa\u0142o\u015b\u0107 i odporno\u015b\u0107 na st\u0142uczenie.<\/li>\n<li><strong>Wszechstronne zastosowanie:<\/strong> Idealny do serwowania shot\u00f3w ulubionych alkoholi, degustacji r\u00f3\u017cnych alkoholi, a nawet wykorzystania jako kreatywny spos\u00f3b prezentacji mini deser\u00f3w lub przek\u0105sek.<\/li>\n<li><strong>Wygodny do trzymania:<\/strong> Pomimo wyj\u0105tkowego kszta\u0142tu, szklanki te zaprojektowano tak, aby by\u0142y \u0142atwe i wygodne w trzymaniu, zapewniaj\u0105c przyjemne doznania podczas picia.<\/li>\n<li><strong>Idealny na imprezy tematyczne:<\/strong> Hit na imprezach Halloween, imprezach o tematyce pirackiej lub wszelkich spotkaniach, w kt\u00f3rych po\u017c\u0105dany jest odwa\u017cny i niezwyk\u0142y akcent.<\/li>\n<li><strong>Kompaktowy rozmiar:<\/strong> Kieliszki Skull Shot s\u0105 zazwyczaj kompaktowe i \u0142atwe do przechowywania, co czyni je praktycznym dodatkiem do ka\u017cdej kuchni lub baru.<\/li>\n<li><strong>\u0141atwe do czyszczenia:<\/strong> Wi\u0119kszo\u015b\u0107 kieliszk\u00f3w Skull Shot mo\u017cna my\u0107 w zmywarce, co czyni je zar\u00f3wno wygodnymi, jak i stylowymi.<\/li>\n<li><strong>Potencja\u0142 prezentu:<\/strong> Te kieliszki stanowi\u0105 niezapomniany i niepowtarzalny prezent, idealny dla tych, kt\u00f3rzy ceni\u0105 sobie charakterystyczn\u0105 zastaw\u0119 barow\u0105 lub maj\u0105 zami\u0142owanie do stylu gotyckiego lub alternatywnego.<\/li>\n<li><strong>Pojemno\u015b\u0107:<\/strong> Zazwyczaj mieszcz\u0105 standardow\u0105 obj\u0119to\u015b\u0107 shota, dzi\u0119ki czemu mo\u017cesz cieszy\u0107 si\u0119 alkoholem z umiarem, jednocze\u015bnie doceniaj\u0105c wyj\u0105tkow\u0105 prezentacj\u0119.<\/li>\n<li><strong>Natura kolekcjonerska:<\/strong> Okulary te, cz\u0119sto poszukiwane przez kolekcjoner\u00f3w i entuzjast\u00f3w, mog\u0105 stanowi\u0107 cz\u0119\u015b\u0107 kolekcji tematycznej lub wyr\u00f3\u017cniaj\u0105cy si\u0119 przedmiot na wystawie.<\/li>\n<\/ol>\n<p><img fetchpriority=\"high\" decoding=\"async\" class=\"aligncenter size-full wp-image-4104\" src=\"https:\/\/lidaglassware.com\/wp-content\/uploads\/2021\/07\/skull-shot-glasses.jpg\" alt=\"okulary z czaszk\u0105\" width=\"807\" height=\"420\" srcset=\"https:\/\/lidaglassware.com\/wp-content\/uploads\/2021\/07\/skull-shot-glasses.jpg 807w, https:\/\/lidaglassware.com\/wp-content\/uploads\/2021\/07\/skull-shot-glasses-300x156.jpg 300w, https:\/\/lidaglassware.com\/wp-content\/uploads\/2021\/07\/skull-shot-glasses-768x400.jpg 768w, https:\/\/lidaglassware.com\/wp-content\/uploads\/2021\/07\/skull-shot-glasses-18x9.jpg 18w, https:\/\/lidaglassware.com\/wp-content\/uploads\/2021\/07\/skull-shot-glasses-600x312.jpg 600w\" sizes=\"(max-width: 807px) 100vw, 807px\" \/><\/p>\n<p><img decoding=\"async\" class=\"aligncenter size-full wp-image-4103\" src=\"https:\/\/lidaglassware.com\/wp-content\/uploads\/2021\/07\/skull-shot-glasses-2.jpg\" alt=\"okulary z czaszk\u0105\" width=\"800\" height=\"459\" srcset=\"https:\/\/lidaglassware.com\/wp-content\/uploads\/2021\/07\/skull-shot-glasses-2.jpg 800w, https:\/\/lidaglassware.com\/wp-content\/uploads\/2021\/07\/skull-shot-glasses-2-300x172.jpg 300w, https:\/\/lidaglassware.com\/wp-content\/uploads\/2021\/07\/skull-shot-glasses-2-768x441.jpg 768w, https:\/\/lidaglassware.com\/wp-content\/uploads\/2021\/07\/skull-shot-glasses-2-18x10.jpg 18w, https:\/\/lidaglassware.com\/wp-content\/uploads\/2021\/07\/skull-shot-glasses-2-600x344.jpg 600w\" sizes=\"(max-width: 800px) 100vw, 800px\" \/><\/p>\n<h1 id=\"firstHeading\" class=\"firstHeading\" lang=\"en\"><span style=\"color: #000000;\">Kieliszek<\/span><\/h1>\n<div id=\"bodyContent\" class=\"mw-body-content\">\n<div id=\"siteSub\"><span style=\"color: #000000;\">Z Wikipedii, wolnej encyklopedii<\/span><\/div>\n<div id=\"contentSub\"><\/div>\n<div id=\"jump-to-nav\" class=\"mw-jump\"><\/div>\n<div id=\"mw-content-text\" class=\"mw-content-ltr\" dir=\"ltr\" lang=\"en\">\n<div class=\"thumb tright\">\n<div class=\"thumbinner\">\n<p><span style=\"color: #000000;\"><a class=\"image\" style=\"color: #000000;\" href=\"https:\/\/en.wikipedia.org\/wiki\/File:Three_shotglasses.jpg\" target=\"_blank\" rel=\"noopener\"><img decoding=\"async\" class=\"thumbimage\" src=\"https:\/\/upload.wikimedia.org\/wikipedia\/commons\/thumb\/f\/fb\/Three_shotglasses.jpg\/220px-Three_shotglasses.jpg\" srcset=\"\/\/upload.wikimedia.org\/wikipedia\/commons\/thumb\/f\/fb\/Three_shotglasses.jpg\/330px-Three_shotglasses.jpg 1.5x, \/\/upload.wikimedia.org\/wikipedia\/commons\/thumb\/f\/fb\/Three_shotglasses.jpg\/440px-Three_shotglasses.jpg 2x\" alt=\"\" width=\"220\" height=\"174\" data-file-width=\"3136\" data-file-height=\"2480\"><\/a><\/span><\/p>\n<div class=\"thumbcaption\">\n<div class=\"magnify\"><\/div>\n<p><span style=\"color: #000000;\">Trzy kieliszki do shot\u00f3w o r\u00f3\u017cnym kszta\u0142cie i rozmiarze<\/span><\/p>\n<\/div>\n<\/div>\n<\/div>\n<div class=\"thumb tright\">\n<div class=\"thumbinner\">\n<p><span style=\"color: #000000;\"><a class=\"image\" style=\"color: #000000;\" href=\"https:\/\/en.wikipedia.org\/wiki\/File:Novelty_Shot_Glasses.JPG\" target=\"_blank\" rel=\"noopener\"><img loading=\"lazy\" decoding=\"async\" class=\"thumbimage\" src=\"https:\/\/upload.wikimedia.org\/wikipedia\/commons\/thumb\/0\/0b\/Novelty_Shot_Glasses.JPG\/220px-Novelty_Shot_Glasses.JPG\" srcset=\"\/\/upload.wikimedia.org\/wikipedia\/commons\/thumb\/0\/0b\/Novelty_Shot_Glasses.JPG\/330px-Novelty_Shot_Glasses.JPG 1.5x, \/\/upload.wikimedia.org\/wikipedia\/commons\/thumb\/0\/0b\/Novelty_Shot_Glasses.JPG\/440px-Novelty_Shot_Glasses.JPG 2x\" alt=\"\" width=\"220\" height=\"121\" data-file-width=\"3048\" data-file-height=\"1683\"><\/a><\/span><\/p>\n<div class=\"thumbcaption\">\n<div class=\"magnify\"><\/div>\n<p><span style=\"color: #000000;\">Kieliszki do shot\u00f3w o r\u00f3\u017cnorodnych wzorach. Tego typu kieliszki s\u0105 cz\u0119sto kolekcjonowane jako nowo\u015bci.<\/span><\/p>\n<\/div>\n<\/div>\n<\/div>\n<p><span style=\"color: #000000;\">A <b>kieliszek<\/b> jest ma\u0142e <a class=\"mw-redirect\" style=\"color: #000000;\" title=\"Szk\u0142o (naczynia)\" href=\"https:\/\/en.wikipedia.org\/wiki\/Glass_(drinkware)\" target=\"_blank\" rel=\"nofollow noopener\">szk\u0142o<\/a> przeznaczony do trzymania lub pomiaru <a style=\"color: #000000;\" title=\"Nap\u00f3j destylowany\" href=\"https:\/\/en.wikipedia.org\/wiki\/Distilled_beverage\" target=\"_blank\" rel=\"nofollow noopener\">w\u00f3dki lub alkohole<\/a>, kt\u00f3ry albo pije si\u0119 prosto ze szklanki (\u201eszot\u201d), albo nalewa do <a style=\"color: #000000;\" title=\"Koktajl\" href=\"https:\/\/en.wikipedia.org\/wiki\/Cocktail\" target=\"_blank\" rel=\"nofollow noopener\">koktajl<\/a>. \u201eSzklanka\u201d alkoholu to nie to samo, co \u201esztuczka\u201d<a style=\"color: #000000;\" title=\"Strzelec (nap\u00f3j)\" href=\"https:\/\/en.wikipedia.org\/wiki\/Shooter_(drink)\" target=\"_blank\" rel=\"nofollow noopener\">strzelec<\/a>&#8220;.<\/span><\/p>\n<p><span style=\"color: #000000;\">Kieliszki do shot\u00f3w ozdobione szerok\u0105 gam\u0105 <a style=\"color: #000000;\" title=\"Toast (honor)\" href=\"https:\/\/en.wikipedia.org\/wiki\/Toast_(honor)\" target=\"_blank\" rel=\"nofollow noopener\">tosty<\/a>, popularne s\u0105 reklamy i humorystyczne zdj\u0119cia <a style=\"color: #000000;\" title=\"Pami\u0105tka\" href=\"https:\/\/en.wikipedia.org\/wiki\/Souvenir\" target=\"_blank\" rel=\"nofollow noopener\">pami\u0105tki<\/a> I <a style=\"color: #000000;\" title=\"Browarniana\" href=\"https:\/\/en.wikipedia.org\/wiki\/Breweriana\" target=\"_blank\" rel=\"nofollow noopener\">artyku\u0142y kolekcjonerskie<\/a>.<\/span><\/p>\n<\/div>\n<\/div>","protected":false},"excerpt":{"rendered":"<p>Kieliszek Skull Shot to odwa\u017cny i charakterystyczny wyb\u00f3r do serwowania shot\u00f3w, \u0142\u0105cz\u0105cy w sobie odrobin\u0119 makabry z zabawnym akcentem. Idealne na imprezy tematyczne, specjalne okazje lub jako wyj\u0105tkowy dodatek do ka\u017cdej kolekcji barowej, te okulary zosta\u0142y zaprojektowane tak, aby przypomina\u0142y ludzk\u0105 czaszk\u0119, oferuj\u0105c efektowny wizualnie spos\u00f3b na delektowanie si\u0119 ulubionymi alkoholami. Niezale\u017cnie od tego, czy chodzi o \u015bwi\u0119towanie Halloween, imprez\u0119 o tematyce pirackiej, czy po prostu dodanie charakteru do domowego baru, okulary Skull Shot z pewno\u015bci\u0105 b\u0119d\u0105 pocz\u0105tkiem rozmowy.<\/p>","protected":false},"featured_media":4067,"comment_status":"closed","ping_status":"closed","template":"","meta":[],"class_list":["post-1001","product","type-product","status-publish","has-post-thumbnail","hentry","product_cat-branded-glasses","product_cat-shot-glasses","product_tag-branded-glasses","product_tag-shot-glasses"],"_links":{"self":[{"href":"https:\/\/lidaglassware.com\/pl\/wp-json\/wp\/v2\/product\/1001","targetHints":{"allow":["GET"]}}],"collection":[{"href":"https:\/\/lidaglassware.com\/pl\/wp-json\/wp\/v2\/product"}],"about":[{"href":"https:\/\/lidaglassware.com\/pl\/wp-json\/wp\/v2\/types\/product"}],"replies":[{"embeddable":true,"href":"https:\/\/lidaglassware.com\/pl\/wp-json\/wp\/v2\/comments?post=1001"}],"wp:featuredmedia":[{"embeddable":true,"href":"https:\/\/lidaglassware.com\/pl\/wp-json\/wp\/v2\/media\/4067"}],"wp:attachment":[{"href":"https:\/\/lidaglassware.com\/pl\/wp-json\/wp\/v2\/media?parent=1001"}],"curies":[{"name":"wp","href":"https:\/\/api.w.org\/{rel}","templated":true}]}}