{"id":1018,"date":"2021-07-15T17:06:23","date_gmt":"2021-07-16T01:06:23","guid":{"rendered":"https:\/\/lidaglassware.com\/?post_type=product&#038;p=1018"},"modified":"2024-01-15T21:25:49","modified_gmt":"2024-01-16T05:25:49","slug":"personalized-stemless-wine-glasses-18oz-500ml","status":"publish","type":"product","link":"https:\/\/lidaglassware.com\/pl\/produkt\/personalized-stemless-wine-glasses-18oz-500ml\/","title":{"rendered":"Spersonalizowane kieliszki do wina bez n\u00f3\u017cki 18 uncji \/ 500 ml"},"content":{"rendered":"<h2>Spersonalizowane kieliszki do wina bez n\u00f3\u017cki 18 uncji \/ 500 ml<\/h2>\n<p>Spersonalizowane kieliszki do wina dodaj\u0105 niepowtarzalnego akcentu r\u00f3\u017cnym zastosowaniom. Te niestandardowe okulary mog\u0105 by\u0107 u\u017cywane jako przys\u0142ugi lub prezenty z mo\u017cliwo\u015bci\u0105 wyboru wzor\u00f3w przedstawiaj\u0105cych splecione serca. Idealna na wesela, rocznice i specjalne okazje urodzinowe. Kup dodatkowo do u\u017cytku w domu.<\/p>\n<div class=\"mw-body-content\">\n<div id=\"bodyContent\" class=\"mw-body-content\">\n<div id=\"mw-content-text\" class=\"mw-content-ltr\" dir=\"ltr\" lang=\"en\">\n<p>Po pierwsze, ergonomiczna konstrukcja <strong>kieliszki do wina bez n\u00f3\u017cek<\/strong> zapewnia niezr\u00f3wnany komfort. Dotykowe do\u015bwiadczenie przytulania miski naturalnie dopasowuje si\u0119 do d\u0142oni, zapewniaj\u0105c intymne po\u0142\u0105czenie z wybran\u0105 libacj\u0105. To nie jest zwyk\u0142a estetyka; to kunszt funkcjonalny.<\/p>\n<p>Co wi\u0119cej, te okulary s\u0105 uosobieniem wszechstronno\u015bci. W przeciwie\u0144stwie do swoich \u0142odygowych odpowiednik\u00f3w, kt\u00f3re cz\u0119sto staj\u0105 si\u0119 wy\u0142\u0105czn\u0105 domen\u0105 wina, <strong>okulary bez n\u00f3\u017cek<\/strong> s\u0105 demokratyczne w swojej u\u017cyteczno\u015bci. P\u0142ynnie przechodz\u0105 z wody do whisky, od soku do ginu, co czyni je niezb\u0119dnym sk\u0142adnikiem Twojego drinka <strong>wyroby szklane<\/strong> kolekcja.<\/p>\n<p>Jednak najwa\u017cniejszym czynnikiem jest ich trwa\u0142o\u015b\u0107. Okulary na n\u00f3\u017ckach s\u0142yn\u0105 ze swojej krucho\u015bci; jeden fa\u0142szywy ruch i zostajesz ze z\u0142aman\u0105 \u0142odyg\u0105 lub, co gorsza, rozbit\u0105 misk\u0105. <strong>Kieliszki do wina bez n\u00f3\u017cek<\/strong>z drugiej strony s\u0105 wytrzyma\u0142e i mniej podatne na wypadki, co czyni je idealnymi zar\u00f3wno na wielkie wieczory, jak i kameralne spotkania.<\/p>\n<\/div>\n<\/div>\n<\/div>","protected":false},"excerpt":{"rendered":"<p>W sferze <strong>wyroby szklane<\/strong>, debata na temat zasadno\u015bci wynika\u0142a kontra <strong>kieliszki do wina bez n\u00f3\u017cek<\/strong> by\u0142a przedmiotem \u017carliwych dyskusji zar\u00f3wno w\u015br\u00f3d koneser\u00f3w, jak i przypadkowych pij\u0105cych. Pozw\u00f3lcie, \u017ce wyja\u015bni\u0119, dlaczego to drugie nie jest jedynie trendem, ale rewolucj\u0105 w rozkoszy enologicznej.<\/p>","protected":false},"featured_media":4054,"comment_status":"closed","ping_status":"closed","template":"","meta":[],"class_list":["post-1018","product","type-product","status-publish","has-post-thumbnail","hentry","product_cat-branded-glasses","product_cat-wine-glasses","product_tag-branded-glasses","product_tag-decal-process","product_tag-whiskey-glass"],"_links":{"self":[{"href":"https:\/\/lidaglassware.com\/pl\/wp-json\/wp\/v2\/product\/1018","targetHints":{"allow":["GET"]}}],"collection":[{"href":"https:\/\/lidaglassware.com\/pl\/wp-json\/wp\/v2\/product"}],"about":[{"href":"https:\/\/lidaglassware.com\/pl\/wp-json\/wp\/v2\/types\/product"}],"replies":[{"embeddable":true,"href":"https:\/\/lidaglassware.com\/pl\/wp-json\/wp\/v2\/comments?post=1018"}],"wp:featuredmedia":[{"embeddable":true,"href":"https:\/\/lidaglassware.com\/pl\/wp-json\/wp\/v2\/media\/4054"}],"wp:attachment":[{"href":"https:\/\/lidaglassware.com\/pl\/wp-json\/wp\/v2\/media?parent=1018"}],"curies":[{"name":"wp","href":"https:\/\/api.w.org\/{rel}","templated":true}]}}