{"id":1047,"date":"2021-07-15T17:11:10","date_gmt":"2021-07-16T01:11:10","guid":{"rendered":"https:\/\/lidaglassware.com\/?post_type=product&#038;p=1047"},"modified":"2021-07-18T23:49:26","modified_gmt":"2021-07-19T07:49:26","slug":"mason-jar-mug-20oz-with-shaker-lid-580ml","status":"publish","type":"product","link":"https:\/\/lidaglassware.com\/pl\/produkt\/kubek-sloiczek-20oz-z-pokrywa-shaker-580ml\/","title":{"rendered":"Kubek Mason Jar 20 uncji z pokrywk\u0105 do shakera \/ 580 ml"},"content":{"rendered":"<p>Mi\u0142e przypomnienie ciep\u0142ych letnich dni, ten kubek z przetworem nawi\u0105zuje do starych, dobrych czas\u00f3w. \u015awietnie nadaje si\u0119 do codziennego u\u017cytku, stanowi doskona\u0142\u0105 podstaw\u0119 sezonowych prezent\u00f3w i r\u0119kodzie\u0142a.<\/p>\n<ul>\n<li>Kubek ze s\u0142oika na przetwory 20 uncji<\/li>\n<li>Materia\u0142: szk\u0142o sodowo-wapniowe<\/li>\n<li>Kolor: Wed\u0142ug Pantone\n<p>Dodatek: Kubek w kszta\u0142cie s\u0142oika z pokrywk\u0105 shakera<\/li>\n<li>Zmienne wyt\u0142oczone logo<\/li>\n<li>Mo\u017cna my\u0107 w zmywarce<\/li>\n<li>Dost\u0119pne w pude\u0142ku prezentowym<\/li>\n<\/ul>","protected":false},"excerpt":{"rendered":"<p>A nice reminder of warm summer days, this mason jar mug harkens back to the good old days. It&#8217;s great for everyday use, and it is the perfect basis for seasonal gifts and crafts. Mason Jar Mug 20oz Material: Soda Lime Glass Color: According to Pantone Accessory: Mason jar mug with shaker lid Changable Embossed [&hellip;]<\/p>","protected":false},"featured_media":1177,"comment_status":"closed","ping_status":"closed","template":"","meta":[],"class_list":["post-1047","product","type-product","status-publish","has-post-thumbnail","hentry","product_cat-bottles-and-jars","product_tag-mason-jar-mug"],"_links":{"self":[{"href":"https:\/\/lidaglassware.com\/pl\/wp-json\/wp\/v2\/product\/1047","targetHints":{"allow":["GET"]}}],"collection":[{"href":"https:\/\/lidaglassware.com\/pl\/wp-json\/wp\/v2\/product"}],"about":[{"href":"https:\/\/lidaglassware.com\/pl\/wp-json\/wp\/v2\/types\/product"}],"replies":[{"embeddable":true,"href":"https:\/\/lidaglassware.com\/pl\/wp-json\/wp\/v2\/comments?post=1047"}],"wp:featuredmedia":[{"embeddable":true,"href":"https:\/\/lidaglassware.com\/pl\/wp-json\/wp\/v2\/media\/1177"}],"wp:attachment":[{"href":"https:\/\/lidaglassware.com\/pl\/wp-json\/wp\/v2\/media?parent=1047"}],"curies":[{"name":"wp","href":"https:\/\/api.w.org\/{rel}","templated":true}]}}