{"id":1065,"date":"2021-07-15T17:14:16","date_gmt":"2021-07-16T01:14:16","guid":{"rendered":"https:\/\/lidaglassware.com\/?post_type=product&#038;p=1065"},"modified":"2022-09-27T00:19:13","modified_gmt":"2022-09-27T08:19:13","slug":"belly-shot-glasses-1-75oz-50ml","status":"publish","type":"product","link":"https:\/\/lidaglassware.com\/pl\/produkt\/kieliszki-do-shotow-typu-belly-shot-1-75oz-50ml\/","title":{"rendered":"Kieliszki do shot\u00f3w Belly 1,75 uncji \/ 50 ml"},"content":{"rendered":"<h2>Kieliszki do shot\u00f3w Belly 1,75 uncji \/ 50 ml<\/h2>\n<p>&nbsp;<\/p>\n<h1 id=\"firstHeading\" class=\"firstHeading\" lang=\"en\"><span style=\"color: #333333;\">Kieliszek<\/span><\/h1>\n<div id=\"bodyContent\" class=\"mw-body-content\">\n<div id=\"siteSub\">Z Wikipedii, darmowy enc<span style=\"color: #333333;\">cyklopedia<\/span><\/div>\n<div id=\"contentSub\"><\/div>\n<div id=\"jump-to-nav\" class=\"mw-jump\"><\/div>\n<div id=\"mw-content-text\" class=\"mw-content-ltr\" dir=\"ltr\" lang=\"en\">\n<div class=\"thumb tright\">\n<div class=\"thumbinner\">\n<p><a class=\"image\" href=\"https:\/\/en.wikipedia.org\/wiki\/File:Three_shotglasses.jpg\" target=\"_blank\" rel=\"noopener\"><img decoding=\"async\" class=\"thumbimage\" src=\"https:\/\/upload.wikimedia.org\/wikipedia\/commons\/thumb\/f\/fb\/Three_shotglasses.jpg\/220px-Three_shotglasses.jpg\" srcset=\"\/\/upload.wikimedia.org\/wikipedia\/commons\/thumb\/f\/fb\/Three_shotglasses.jpg\/330px-Three_shotglasses.jpg 1.5x, \/\/upload.wikimedia.org\/wikipedia\/commons\/thumb\/f\/fb\/Three_shotglasses.jpg\/440px-Three_shotglasses.jpg 2x\" alt=\"\" width=\"220\" height=\"174\" data-file-width=\"3136\" data-file-height=\"2480\"><\/a><\/p>\n<div class=\"thumbcaption\">\n<div class=\"magnify\"><\/div>\n<p>Trzy kieliszki do shot\u00f3w o r\u00f3\u017cnym kszta\u0142cie i rozmiarze<\/p>\n<\/div>\n<\/div>\n<\/div>\n<div class=\"thumb tright\">\n<div class=\"thumbinner\">\n<p><a class=\"image\" href=\"https:\/\/en.wikipedia.org\/wiki\/File:Novelty_Shot_Glasses.JPG\" target=\"_blank\" rel=\"noopener\"><img decoding=\"async\" class=\"thumbimage\" src=\"https:\/\/upload.wikimedia.org\/wikipedia\/commons\/thumb\/0\/0b\/Novelty_Shot_Glasses.JPG\/220px-Novelty_Shot_Glasses.JPG\" srcset=\"\/\/upload.wikimedia.org\/wikipedia\/commons\/thumb\/0\/0b\/Novelty_Shot_Glasses.JPG\/330px-Novelty_Shot_Glasses.JPG 1.5x, \/\/upload.wikimedia.org\/wikipedia\/commons\/thumb\/0\/0b\/Novelty_Shot_Glasses.JPG\/440px-Novelty_Shot_Glasses.JPG 2x\" alt=\"\" width=\"220\" height=\"121\" data-file-width=\"3048\" data-file-height=\"1683\"><\/a><\/p>\n<div class=\"thumbcaption\">\n<div class=\"magnify\"><\/div>\n<p><span style=\"color: #808080;\">Kieliszki do shot\u00f3w o r\u00f3\u017cnorodnych wzorach. Tego typu kieliszki s\u0105 cz\u0119sto kolekcjonowane jako nowo\u015bci.<\/span><\/p>\n<\/div>\n<\/div>\n<\/div>\n<p><span style=\"color: #808080;\">A <b>kieliszek<\/b> jest ma\u0142e <a class=\"mw-redirect\" style=\"color: #808080;\" title=\"Szk\u0142o (naczynia)\" href=\"https:\/\/en.wikipedia.org\/wiki\/Glass_(drinkware)\" target=\"_blank\" rel=\"noopener\">szk\u0142o<\/a> przeznaczony do trzymania lub pomiaru <a style=\"color: #808080;\" title=\"Nap\u00f3j destylowany\" href=\"https:\/\/en.wikipedia.org\/wiki\/Distilled_beverage\" target=\"_blank\" rel=\"noopener\">w\u00f3dki lub alkohole<\/a>, kt\u00f3ry albo pije si\u0119 prosto ze szklanki (\u201eszot\u201d), albo nalewa do <a style=\"color: #808080;\" title=\"Koktajl\" href=\"https:\/\/en.wikipedia.org\/wiki\/Cocktail\" target=\"_blank\" rel=\"noopener\">koktajl<\/a>. \u201eSzklanka\u201d alkoholu to nie to samo, co \u201esztuczka\u201d<a style=\"color: #808080;\" title=\"Strzelec (nap\u00f3j)\" href=\"https:\/\/en.wikipedia.org\/wiki\/Shooter_(drink)\" target=\"_blank\" rel=\"noopener\">strzelec<\/a>&#8220;.<\/span><\/p>\n<p><span style=\"color: #808080;\">Kieliszki do shot\u00f3w ozdobione szerok\u0105 gam\u0105 <a style=\"color: #808080;\" title=\"Toast (honor)\" href=\"https:\/\/en.wikipedia.org\/wiki\/Toast_(honor)\" target=\"_blank\" rel=\"noopener\">tosty<\/a>, popularne s\u0105 reklamy i humorystyczne zdj\u0119cia <a style=\"color: #808080;\" title=\"Pami\u0105tka\" href=\"https:\/\/en.wikipedia.org\/wiki\/Souvenir\" target=\"_blank\" rel=\"noopener\">pami\u0105tki<\/a> I <a style=\"color: #808080;\" title=\"Browarniana\" href=\"https:\/\/en.wikipedia.org\/wiki\/Breweriana\" target=\"_blank\" rel=\"noopener\">artyku\u0142y kolekcjonerskie<\/a>.<\/span><\/p>\n<\/div>\n<\/div>","protected":false},"excerpt":{"rendered":"<p>Belly Shot Glasses 1.75oz \/ 50ml &nbsp; Shot glass From Wikipedia, the free encyclopedia Three shot glasses of varying shape and size Shot glasses with a variety of designs. Shot glasses such as these are often collected as novelty items. A shot glass is a small glass designed to hold or measure spirits or liquor, [&hellip;]<\/p>","protected":false},"featured_media":1188,"comment_status":"closed","ping_status":"closed","template":"","meta":[],"class_list":["post-1065","product","type-product","status-publish","has-post-thumbnail","hentry","product_cat-shot-glasses","product_tag-branded-glasses","product_tag-custom-glasses","product_tag-decorated-glasses","product_tag-liquor-promoting"],"_links":{"self":[{"href":"https:\/\/lidaglassware.com\/pl\/wp-json\/wp\/v2\/product\/1065","targetHints":{"allow":["GET"]}}],"collection":[{"href":"https:\/\/lidaglassware.com\/pl\/wp-json\/wp\/v2\/product"}],"about":[{"href":"https:\/\/lidaglassware.com\/pl\/wp-json\/wp\/v2\/types\/product"}],"replies":[{"embeddable":true,"href":"https:\/\/lidaglassware.com\/pl\/wp-json\/wp\/v2\/comments?post=1065"}],"wp:featuredmedia":[{"embeddable":true,"href":"https:\/\/lidaglassware.com\/pl\/wp-json\/wp\/v2\/media\/1188"}],"wp:attachment":[{"href":"https:\/\/lidaglassware.com\/pl\/wp-json\/wp\/v2\/media?parent=1065"}],"curies":[{"name":"wp","href":"https:\/\/api.w.org\/{rel}","templated":true}]}}