{"id":1079,"date":"2021-07-15T17:16:41","date_gmt":"2021-07-16T01:16:41","guid":{"rendered":"https:\/\/lidaglassware.com\/?post_type=product&#038;p=1079"},"modified":"2021-07-20T17:45:52","modified_gmt":"2021-07-21T01:45:52","slug":"golden-decoration-glass-candle-holder-13-5oz-380ml","status":"publish","type":"product","link":"https:\/\/lidaglassware.com\/pl\/produkt\/zloty-dekoracyjny-szklany-swiecznik-13-5oz-380ml\/","title":{"rendered":"Z\u0142ota dekoracja Szklany \u015bwiecznik 13,5 uncji \/ 380 ml"},"content":{"rendered":"<h2>Z\u0142ota dekoracja Szklany \u015bwiecznik 13,5 uncji \/ 380 ml<\/h2>\n<p>Przezroczyste szk\u0142o pozwala blaskowi \u015bwiec stworzy\u0107 czaruj\u0105cy blask na ka\u017cd\u0105 okazj\u0119. Stw\u00f3rz niesamowit\u0105 dekoracj\u0119 sto\u0142u na wesela i przyj\u0119cia lub zab\u0142y\u015bnij pi\u0119kn\u0105 luminescencj\u0105, kt\u00f3ra stworzy eleganck\u0105 atmosfer\u0119 w Twoich sypialniach, \u0142azienkach lub gdziekolwiek chcesz, aby uzyska\u0107 spokojny, relaksuj\u0105cy ksi\u0119\u017cyc, kt\u00f3ry zapewnia tylko \u015bwiat\u0142o \u015bwiec.<\/p>\n<p>Je\u015bli chcesz pokona\u0107 normalny rynek \u015bwiec, musisz zaprojektowa\u0107 sw\u00f3j w\u0142asny dla konkurencji, dla zysku. Jeste\u015bmy tu, czekaj\u0105c na Ciebie, aby u\u015bwiadomi\u0107 sobie, co my\u015blisz i czego potrzebujesz.<\/p>\n<p>Mamy dla Ciebie r\u00f3\u017cne rozwi\u0105zania. Po prostu zadzwo\u0144 lub napisz!<\/p>","protected":false},"excerpt":{"rendered":"<p>Wspania\u0142e \u015bwieczniki, sprawi\u0105, \u017ce Twoje \u017cycie b\u0119dzie pi\u0119kne i \u0142atwe. Uchwyty do szk\u0142a to najlepszy wyb\u00f3r!<\/p>","protected":false},"featured_media":1198,"comment_status":"closed","ping_status":"closed","template":"","meta":[],"class_list":["post-1079","product","type-product","status-publish","has-post-thumbnail","hentry","product_cat-glass-candle-holders","product_tag-branded-glasses","product_tag-decorated-glasses","product_tag-glass-candle-holder","product_tag-whiskey-glass"],"_links":{"self":[{"href":"https:\/\/lidaglassware.com\/pl\/wp-json\/wp\/v2\/product\/1079","targetHints":{"allow":["GET"]}}],"collection":[{"href":"https:\/\/lidaglassware.com\/pl\/wp-json\/wp\/v2\/product"}],"about":[{"href":"https:\/\/lidaglassware.com\/pl\/wp-json\/wp\/v2\/types\/product"}],"replies":[{"embeddable":true,"href":"https:\/\/lidaglassware.com\/pl\/wp-json\/wp\/v2\/comments?post=1079"}],"wp:featuredmedia":[{"embeddable":true,"href":"https:\/\/lidaglassware.com\/pl\/wp-json\/wp\/v2\/media\/1198"}],"wp:attachment":[{"href":"https:\/\/lidaglassware.com\/pl\/wp-json\/wp\/v2\/media?parent=1079"}],"curies":[{"name":"wp","href":"https:\/\/api.w.org\/{rel}","templated":true}]}}