{"id":1084,"date":"2021-07-15T17:17:37","date_gmt":"2021-07-16T01:17:37","guid":{"rendered":"https:\/\/lidaglassware.com\/?post_type=product&#038;p=1084"},"modified":"2021-07-15T22:59:51","modified_gmt":"2021-07-16T06:59:51","slug":"clear-glass-tumbler-table-glass-7oz-200ml","status":"publish","type":"product","link":"https:\/\/lidaglassware.com\/pl\/produkt\/przezroczyste-szklane-szklanka-stolowa-szklanka-7oz-200ml\/","title":{"rendered":"Kubek z przezroczystego szk\u0142a, szk\u0142o sto\u0142owe 7 uncji \/ 200 ml"},"content":{"rendered":"<h2>Kubek z przezroczystego szk\u0142a, szk\u0142o sto\u0142owe 7 uncji \/ 200 ml<\/h2>\n<p>Te szklanki sto\u0142owe nadaj\u0105 si\u0119 do u\u017cytku komercyjnego, a tak\u017ce w domu, te szklanki zosta\u0142y wykonane ze szk\u0142a sodowo-wapniowego. Wytrzymuj\u0105 tak\u017ce intensywn\u0105 codzienn\u0105 eksploatacj\u0119.<\/p>\n<p>Produkowane s\u0105 poprzez prasowanie maszynowe. Pokazuje doskona\u0142\u0105 przejrzysto\u015b\u0107 i delikatn\u0105 obw\u00f3dk\u0119. Mo\u017cesz mie\u0107 w\u0142asn\u0105 prezentacj\u0119 napoj\u00f3w.<\/p>\n<p>&nbsp;<\/p>\n<div class=\"fusion-li-item-content\">\n<blockquote><p>Sto\u0142owy szklany kubek<\/p><\/blockquote>\n<\/div>\n<blockquote>\n<div class=\"fusion-li-item-content\">\n<p>Materia\u0142: szk\u0142o sodowo-wapniowe<\/p>\n<\/div>\n<div class=\"fusion-li-item-content\">\n<p>Klasyczny design<\/p>\n<\/div>\n<div class=\"fusion-li-item-content\">\n<p>Dost\u0119pne w pude\u0142ku prezentowym<\/p>\n<\/div>\n<div class=\"fusion-li-item-content\">\n<p>Mo\u017cna my\u0107 w zmywarce<\/p>\n<\/div>\n<div class=\"fusion-li-item-content\">\n<p>Idealnie nadaje si\u0119 do serwowania kr\u00f3tkich koktajli, alkoholi czystych lub na lodzie<\/p>\n<\/div>\n<\/blockquote>\n<div class=\"fusion-li-item-content\">\n<blockquote><p>Nadaje si\u0119 do u\u017cytku komercyjnego<\/p><\/blockquote>\n<\/div>\n<p>&nbsp;<\/p>","protected":false},"excerpt":{"rendered":"<p>Nadaje si\u0119 do u\u017cytku w obiektach komercyjnych, takich jak restauracje, puby, imprezy itp. Mam nadziej\u0119, \u017ce b\u0119dziesz dobrze si\u0119 bawi\u0107 z tymi kubkami.<\/p>","protected":false},"featured_media":1201,"comment_status":"closed","ping_status":"closed","template":"","meta":[],"class_list":["post-1084","product","type-product","status-publish","has-post-thumbnail","hentry","product_cat-tumbler-glasses","product_tag-custom-glasses","product_tag-decorated-glasses","product_tag-glass-tumbler","product_tag-table-glass"],"_links":{"self":[{"href":"https:\/\/lidaglassware.com\/pl\/wp-json\/wp\/v2\/product\/1084","targetHints":{"allow":["GET"]}}],"collection":[{"href":"https:\/\/lidaglassware.com\/pl\/wp-json\/wp\/v2\/product"}],"about":[{"href":"https:\/\/lidaglassware.com\/pl\/wp-json\/wp\/v2\/types\/product"}],"replies":[{"embeddable":true,"href":"https:\/\/lidaglassware.com\/pl\/wp-json\/wp\/v2\/comments?post=1084"}],"wp:featuredmedia":[{"embeddable":true,"href":"https:\/\/lidaglassware.com\/pl\/wp-json\/wp\/v2\/media\/1201"}],"wp:attachment":[{"href":"https:\/\/lidaglassware.com\/pl\/wp-json\/wp\/v2\/media?parent=1084"}],"curies":[{"name":"wp","href":"https:\/\/api.w.org\/{rel}","templated":true}]}}