{"id":1110,"date":"2021-07-15T17:22:01","date_gmt":"2021-07-16T01:22:01","guid":{"rendered":"https:\/\/lidaglassware.com\/?post_type=product&#038;p=1110"},"modified":"2021-07-19T00:39:44","modified_gmt":"2021-07-19T08:39:44","slug":"latte-glass-coffee-mug-8oz-240ml","status":"publish","type":"product","link":"https:\/\/lidaglassware.com\/pl\/produkt\/kubek-kawa-latte-szklany-8oz-240ml\/","title":{"rendered":"Kubek do kawy ze szk\u0142a latte 8 uncji \/ 240 ml"},"content":{"rendered":"<h2>Kubek do kawy ze szk\u0142a latte 8 uncji \/ 240 ml<\/h2>\n<p>Jako specjalista od wyrob\u00f3w szklanych zapewniamy szeroki wyb\u00f3r trwa\u0142ych i eleganckich produkt\u00f3w, kt\u00f3re zaspokoj\u0105 Twoje liczne potrzeby. Zgodnie z t\u0105 wspania\u0142\u0105 tradycj\u0105, wysokiej jako\u015bci forma i styl tego uniwersalnego kubka sprawiaj\u0105, \u017ce jest on idealnym dodatkiem do ka\u017cdej kawiarni lub hotelowego bufetu \u015bniadaniowego. Oferuj\u0105c niezr\u00f3wnan\u0105 jasno\u015b\u0107 i przejrzysto\u015b\u0107, to szk\u0142o od razu pokazuje, \u017ce Twoi klienci otrzymuj\u0105 najlepszy mo\u017cliwy produkt i us\u0142ug\u0119.<\/p>\n<p>Kiedy ostatni raz wspania\u0142a historia zacz\u0119\u0142a si\u0119 od jedzenia sa\u0142atki? Ten szklany kubek to idealny spos\u00f3b na rozkr\u0119cenie ka\u017cdej imprezy!<\/p>\n<p>Sugerujemy, aby\u015b stworzy\u0142 na nim w\u0142asn\u0105 mark\u0119! Zr\u00f3b zapasy ju\u017c teraz, aby mie\u0107 gotowe okulary, kt\u00f3re sprawi\u0105, \u017ce Tw\u00f3j klient b\u0119dzie zadowolony.<\/p>\n<p>Mamy o wiele wi\u0119cej szklanek do kawy do wyboru!<\/p>\n<div class=\"mw-body-content\"><\/div>","protected":false},"excerpt":{"rendered":"<p>Latte Glass Coffee Mug 8oz \/ 240ml As a specialist of glassware, providing a wide selection of durable and elegant products to suit your many needs. In that grand tradition, the high-quality form and feel of this all-purpose mug make it a perfect addition to any coffee shop or hotel breakfast buffet. Offering unparalleled brilliance [&hellip;]<\/p>","protected":false},"featured_media":1220,"comment_status":"closed","ping_status":"closed","template":"","meta":[],"class_list":["post-1110","product","type-product","status-publish","has-post-thumbnail","hentry","product_cat-coffee-glasses","product_tag-custom-glasses","product_tag-decorated-glasses","product_tag-glass-coffee-mug"],"_links":{"self":[{"href":"https:\/\/lidaglassware.com\/pl\/wp-json\/wp\/v2\/product\/1110","targetHints":{"allow":["GET"]}}],"collection":[{"href":"https:\/\/lidaglassware.com\/pl\/wp-json\/wp\/v2\/product"}],"about":[{"href":"https:\/\/lidaglassware.com\/pl\/wp-json\/wp\/v2\/types\/product"}],"replies":[{"embeddable":true,"href":"https:\/\/lidaglassware.com\/pl\/wp-json\/wp\/v2\/comments?post=1110"}],"wp:featuredmedia":[{"embeddable":true,"href":"https:\/\/lidaglassware.com\/pl\/wp-json\/wp\/v2\/media\/1220"}],"wp:attachment":[{"href":"https:\/\/lidaglassware.com\/pl\/wp-json\/wp\/v2\/media?parent=1110"}],"curies":[{"name":"wp","href":"https:\/\/api.w.org\/{rel}","templated":true}]}}