{"id":1122,"date":"2021-07-15T17:23:52","date_gmt":"2021-07-16T01:23:52","guid":{"rendered":"https:\/\/lidaglassware.com\/?post_type=product&#038;p=1122"},"modified":"2022-09-27T01:28:16","modified_gmt":"2022-09-27T09:28:16","slug":"clear-shot-glasses-3-5oz-100ml","status":"publish","type":"product","link":"https:\/\/lidaglassware.com\/pl\/produkt\/przezroczyste-kieliszki-3-5oz-100ml\/","title":{"rendered":"Przezroczyste kieliszki do shot\u00f3w 3,5 uncji \/ 100 ml"},"content":{"rendered":"<h2>Przezroczyste kieliszki do shot\u00f3w 3,5 uncji \/ 100 ml<\/h2>\n<p class=\"firstHeading\" lang=\"en\">Ca\u0142kowicie matowe jest bardziej ekonomiczne. A ten rodzaj szk\u0142a jest cz\u0119\u015bciej u\u017cywany w celach promocyjnych. Zatem bud\u017cet jest spraw\u0105 najwa\u017cniejsz\u0105. W ten spos\u00f3b mo\u017cemy wybra\u0107 r\u00f3\u017cne stopnie, aby szron by\u0142 ja\u015bniejszy lub ciemniejszy.<\/p>\n<p class=\"firstHeading\" lang=\"en\">Na tej podstawie mo\u017cemy wykona\u0107 markowe logo lub monogram, kt\u00f3ry sprawi, \u017ce ten szklany kubek b\u0119dzie znacz\u0105cy. Zaufaj, \u017ce b\u0119dzie to r\u00f3wnie\u017c cz\u0119\u015b\u0107 pami\u0119ci w Twoim \u017cyciu.<\/p>\n<h4 id=\"firstHeading\" class=\"firstHeading\" lang=\"en\"><span style=\"color: #333333;\">Kieliszek<\/span><\/h4>\n<div id=\"bodyContent\" class=\"mw-body-content\">\n<div id=\"siteSub\"><span style=\"color: #333333;\">Z Wikipedii, wolnej encyklopedii<\/span><\/div>\n<\/div>\n<p><span style=\"color: #333333;\">A <b>kieliszek<\/b> jest ma\u0142e <a class=\"mw-redirect\" style=\"color: #333333;\" title=\"Szk\u0142o (naczynia)\" href=\"https:\/\/en.wikipedia.org\/wiki\/Glass_(drinkware)\" target=\"_blank\" rel=\"noopener\">szk\u0142o<\/a> przeznaczony do trzymania lub pomiaru <a style=\"color: #333333;\" title=\"Nap\u00f3j destylowany\" href=\"https:\/\/en.wikipedia.org\/wiki\/Distilled_beverage\" target=\"_blank\" rel=\"noopener\">w\u00f3dki lub alkohole<\/a>, kt\u00f3ry albo pije si\u0119 prosto ze szklanki (\u201eszot\u201d), albo nalewa do <a style=\"color: #333333;\" title=\"Koktajl\" href=\"https:\/\/en.wikipedia.org\/wiki\/Cocktail\" target=\"_blank\" rel=\"noopener\">koktajl<\/a>. \u201eSzklanka\u201d alkoholu to nie to samo, co \u201esztuczka\u201d<a style=\"color: #333333;\" title=\"Strzelec (nap\u00f3j)\" href=\"https:\/\/en.wikipedia.org\/wiki\/Shooter_(drink)\" target=\"_blank\" rel=\"noopener\">strzelec<\/a>&#8220;.<\/span><\/p>\n<p><span style=\"color: #333333;\">Kieliszki do shot\u00f3w ozdobione szerok\u0105 gam\u0105 <a style=\"color: #333333;\" title=\"Toast (honor)\" href=\"https:\/\/en.wikipedia.org\/wiki\/Toast_(honor)\" target=\"_blank\" rel=\"noopener\">tosty<\/a>, popularne s\u0105 reklamy i humorystyczne zdj\u0119cia <a style=\"color: #333333;\" title=\"Pami\u0105tka\" href=\"https:\/\/en.wikipedia.org\/wiki\/Souvenir\" target=\"_blank\" rel=\"noopener\">pami\u0105tki<\/a> I <a style=\"color: #333333;\" title=\"Browarniana\" href=\"https:\/\/en.wikipedia.org\/wiki\/Breweriana\" target=\"_blank\" rel=\"noopener\">artyku\u0142y kolekcjonerskie<\/a>.<\/span><\/p>","protected":false},"excerpt":{"rendered":"<p>Te kieliszki wygl\u0105daj\u0105 najlepiej po nape\u0142nieniu kolorowym likierem i maj\u0105 matow\u0105 powierzchni\u0119, kt\u00f3ra pomaga podkre\u015bli\u0107 wygl\u0105d wszystkiego, co pijesz.<\/p>","protected":false},"featured_media":1229,"comment_status":"closed","ping_status":"closed","template":"","meta":[],"class_list":["post-1122","product","type-product","status-publish","has-post-thumbnail","hentry","product_cat-shot-glasses","product_tag-custom-glasses","product_tag-liquor-promoting","product_tag-shot-glasses"],"_links":{"self":[{"href":"https:\/\/lidaglassware.com\/pl\/wp-json\/wp\/v2\/product\/1122","targetHints":{"allow":["GET"]}}],"collection":[{"href":"https:\/\/lidaglassware.com\/pl\/wp-json\/wp\/v2\/product"}],"about":[{"href":"https:\/\/lidaglassware.com\/pl\/wp-json\/wp\/v2\/types\/product"}],"replies":[{"embeddable":true,"href":"https:\/\/lidaglassware.com\/pl\/wp-json\/wp\/v2\/comments?post=1122"}],"wp:featuredmedia":[{"embeddable":true,"href":"https:\/\/lidaglassware.com\/pl\/wp-json\/wp\/v2\/media\/1229"}],"wp:attachment":[{"href":"https:\/\/lidaglassware.com\/pl\/wp-json\/wp\/v2\/media?parent=1122"}],"curies":[{"name":"wp","href":"https:\/\/api.w.org\/{rel}","templated":true}]}}