{"id":1156,"date":"2021-07-15T17:29:25","date_gmt":"2021-07-16T01:29:25","guid":{"rendered":"https:\/\/lidaglassware.com\/?post_type=product&#038;p=1156"},"modified":"2021-07-18T23:35:33","modified_gmt":"2021-07-19T07:35:33","slug":"gradient-colored-pint-glass-with-inside-pattern-16oz-453ml","status":"publish","type":"product","link":"https:\/\/lidaglassware.com\/pl\/produkt\/gradientowe-kolorowe-kufelkowe-szklane-z-wzorem-wewnatrz-16oz-453ml\/","title":{"rendered":"Gradientowe kolorowe kufle ze wzorem wewn\u0119trznym 16 uncji \/ 453 ml"},"content":{"rendered":"<h1><span style=\"color: #000000;\">Gradientowe, kolorowe szk\u0142o bazowe z motywem wewn\u0119trznym 16 uncji \/ 453 ml<\/span><\/h1>\n<p>Kolory Pantone mo\u017cna dostosowa\u0107 do indywidualnego wyboru. U\u017cywaj\u0105 barwnik\u00f3w EP i mo\u017cna je my\u0107 w zmywarce.<\/p>\n<p>Personalizowane kieliszki do piwa pokazuj\u0105 firm\u0119, kt\u00f3ra jest delikatna w docieraniu i ma wyj\u0105tkowe podej\u015bcie do biznesu. To jest bardziej osobiste ni\u017c ich konkurenci. \u015awietnie sprawdzaj\u0105 si\u0119 jako gad\u017cety reklamowe na weselach, imprezach firmowych czy innych uroczystych okazjach.<\/p>\n<p>Aby Twoja marka wyr\u00f3\u017cnia\u0142a si\u0119, spersonalizowane logo jest konieczno\u015bci\u0105.<\/p>","protected":false},"excerpt":{"rendered":"<p>Te kolorowe kufle s\u0142u\u017c\u0105 do piwa oraz kieliszk\u00f3w miksuj\u0105cych do koktajli i innych napoj\u00f3w mieszanych.<\/p>","protected":false},"featured_media":1258,"comment_status":"closed","ping_status":"closed","template":"","meta":[],"class_list":["post-1156","product","type-product","status-publish","has-post-thumbnail","hentry","product_cat-beer-glasses","product_cat-colored-glasses","product_tag-colored-glass","product_tag-decorated-glasses","product_tag-glass-tumbler","product_tag-pint-glass","product_tag-sprayed-glass","product_tag-table-glass","product_tag-wine-glass"],"_links":{"self":[{"href":"https:\/\/lidaglassware.com\/pl\/wp-json\/wp\/v2\/product\/1156","targetHints":{"allow":["GET"]}}],"collection":[{"href":"https:\/\/lidaglassware.com\/pl\/wp-json\/wp\/v2\/product"}],"about":[{"href":"https:\/\/lidaglassware.com\/pl\/wp-json\/wp\/v2\/types\/product"}],"replies":[{"embeddable":true,"href":"https:\/\/lidaglassware.com\/pl\/wp-json\/wp\/v2\/comments?post=1156"}],"wp:featuredmedia":[{"embeddable":true,"href":"https:\/\/lidaglassware.com\/pl\/wp-json\/wp\/v2\/media\/1258"}],"wp:attachment":[{"href":"https:\/\/lidaglassware.com\/pl\/wp-json\/wp\/v2\/media?parent=1156"}],"curies":[{"name":"wp","href":"https:\/\/api.w.org\/{rel}","templated":true}]}}