{"id":1172,"date":"2021-07-15T17:30:49","date_gmt":"2021-07-16T01:30:49","guid":{"rendered":"https:\/\/lidaglassware.com\/?post_type=product&#038;p=1172"},"modified":"2021-07-18T23:55:17","modified_gmt":"2021-07-19T07:55:17","slug":"hiball-tumbler-set-in-decorations-14-8oz-420ml","status":"publish","type":"product","link":"https:\/\/lidaglassware.com\/pl\/produkt\/zestaw-kubek-hiball-w-dekoracjach-14-8oz-420ml\/","title":{"rendered":"Zestaw szklanek Hiball z dekoracjami 14,8 uncji \/ 420 ml"},"content":{"rendered":"<h2>Zestaw szklanek Hiball z dekoracjami 14,8 uncji \/ 420 ml<\/h2>\n<p>Te szklanki sto\u0142owe nadaj\u0105 si\u0119 zar\u00f3wno do u\u017cytku komercyjnego, jak i domowego. Szklanki hiball zosta\u0142y wykonane ze szk\u0142a sodowo-wapniowego. Wytrzymuj\u0105 tak\u017ce intensywn\u0105 codzienn\u0105 eksploatacj\u0119.<\/p>\n<p>Produkowane s\u0105 poprzez prasowanie maszynowe. Pokazuje doskona\u0142\u0105 przejrzysto\u015b\u0107 i delikatn\u0105 obw\u00f3dk\u0119. Mo\u017cesz mie\u0107 w\u0142asn\u0105 prezentacj\u0119 napoj\u00f3w.<\/p>\n<div><\/div>\n<div><\/div>\n<div class=\"fusion-li-item-content\"><strong>Cechy:<\/strong><\/div>\n<ul>\n<li>Sto\u0142owy szklany kubek<\/li>\n<li>Materia\u0142: szk\u0142o sodowo-wapniowe<\/li>\n<li>Klasyczny design<\/li>\n<li>Dost\u0119pne w pude\u0142ku prezentowym<\/li>\n<li>Mo\u017cna my\u0107 w zmywarce<\/li>\n<li>Idealnie nadaje si\u0119 do serwowania kr\u00f3tkich koktajli, alkoholi czystych lub na lodzie<\/li>\n<li>Nadaje si\u0119 do u\u017cytku komercyjnego<\/li>\n<\/ul>","protected":false},"excerpt":{"rendered":"<p>Nadaje si\u0119 do u\u017cytku w obiektach komercyjnych, takich jak restauracje, puby, imprezy itp. Mam nadziej\u0119, \u017ce b\u0119dziesz dobrze si\u0119 bawi\u0107 z tymi kubkami.<\/p>","protected":false},"featured_media":1267,"comment_status":"closed","ping_status":"closed","template":"","meta":[],"class_list":["post-1172","product","type-product","status-publish","has-post-thumbnail","hentry","product_cat-colored-glasses","product_cat-tumbler-glasses","product_tag-colored-glass","product_tag-custom-glasses","product_tag-decorated-glasses","product_tag-glass-tumbler","product_tag-pint-glass","product_tag-sprayed-glass","product_tag-table-glass"],"_links":{"self":[{"href":"https:\/\/lidaglassware.com\/pl\/wp-json\/wp\/v2\/product\/1172","targetHints":{"allow":["GET"]}}],"collection":[{"href":"https:\/\/lidaglassware.com\/pl\/wp-json\/wp\/v2\/product"}],"about":[{"href":"https:\/\/lidaglassware.com\/pl\/wp-json\/wp\/v2\/types\/product"}],"replies":[{"embeddable":true,"href":"https:\/\/lidaglassware.com\/pl\/wp-json\/wp\/v2\/comments?post=1172"}],"wp:featuredmedia":[{"embeddable":true,"href":"https:\/\/lidaglassware.com\/pl\/wp-json\/wp\/v2\/media\/1267"}],"wp:attachment":[{"href":"https:\/\/lidaglassware.com\/pl\/wp-json\/wp\/v2\/media?parent=1172"}],"curies":[{"name":"wp","href":"https:\/\/api.w.org\/{rel}","templated":true}]}}