{"id":1548,"date":"2023-02-09T18:44:42","date_gmt":"2023-02-10T02:44:42","guid":{"rendered":"https:\/\/lidaglassware.com\/?post_type=product&#038;p=1548"},"modified":"2023-02-09T18:44:43","modified_gmt":"2023-02-10T02:44:43","slug":"glass-food-storage-container","status":"publish","type":"product","link":"https:\/\/lidaglassware.com\/pl\/produkt\/glass-food-storage-container\/","title":{"rendered":"Szklany pojemnik do przechowywania \u017cywno\u015bci"},"content":{"rendered":"<p><span data-offset-key=\"fdvg8-572-0\">Szk\u0142o<\/span><span data-offset-key=\"fdvg8-573-0\"> \u017cywno\u015b\u0107<\/span><span data-offset-key=\"fdvg8-574-0\"> pojemniki<\/span><span data-offset-key=\"fdvg8-575-0\"> Czy<\/span><span data-offset-key=\"fdvg8-576-0\"> jaki\u015b<\/span><span data-offset-key=\"fdvg8-577-0\"> idea\u0142<\/span><span data-offset-key=\"fdvg8-578-0\"> spos\u00f3b<\/span><span data-offset-key=\"fdvg8-579-0\"> Do<\/span><span data-offset-key=\"fdvg8-580-0\"> sklep<\/span><span data-offset-key=\"fdvg8-581-0\"> \u017cywno\u015b\u0107<\/span><span data-offset-key=\"fdvg8-582-0\">.<\/span><span data-offset-key=\"fdvg8-583-0\"> Te<\/span><span data-offset-key=\"fdvg8-584-0\"> pojemniki<\/span><span data-offset-key=\"fdvg8-585-0\"> Czy<\/span><span data-offset-key=\"fdvg8-586-0\"> zazwyczaj<\/span><span data-offset-key=\"fdvg8-587-0\"> zrobiony<\/span><span data-offset-key=\"fdvg8-588-0\"> z<\/span><span data-offset-key=\"fdvg8-589-0\"> hartowany<\/span><span data-offset-key=\"fdvg8-590-0\"> szk\u0142o<\/span><span data-offset-key=\"fdvg8-591-0\">,<\/span><span data-offset-key=\"fdvg8-592-0\"> Kt\u00f3ry<\/span><span data-offset-key=\"fdvg8-593-0\"> Jest<\/span><span data-offset-key=\"fdvg8-594-0\"> wysoko<\/span><span data-offset-key=\"fdvg8-595-0\"> wytrzyma\u0142y<\/span><span data-offset-key=\"fdvg8-596-0\"> I<\/span><span data-offset-key=\"fdvg8-597-0\"> zdolny<\/span><span data-offset-key=\"fdvg8-598-0\"> Do<\/span><span data-offset-key=\"fdvg8-599-0\"> wytrzyma\u0107<\/span><span data-offset-key=\"fdvg8-600-0\"> wysoki<\/span><span data-offset-key=\"fdvg8-601-0\"> temperatury<\/span><span data-offset-key=\"fdvg8-602-0\">.<\/span><span data-offset-key=\"fdvg8-603-0\"> Oni<\/span><span data-offset-key=\"fdvg8-604-0\"> przychodzi\u0107<\/span><span data-offset-key=\"fdvg8-605-0\"> W<\/span><span data-offset-key=\"fdvg8-606-0\"> A<\/span><span data-offset-key=\"fdvg8-607-0\"> r\u00f3\u017cnorodno\u015b\u0107<\/span><span data-offset-key=\"fdvg8-608-0\"> z<\/span><span data-offset-key=\"fdvg8-609-0\"> rozmiary<\/span><span data-offset-key=\"fdvg8-610-0\">,<\/span><span data-offset-key=\"fdvg8-611-0\"> kszta\u0142ty<\/span><span data-offset-key=\"fdvg8-612-0\">,<\/span><span data-offset-key=\"fdvg8-613-0\"> I<\/span><span data-offset-key=\"fdvg8-614-0\"> zabarwienie<\/span><span data-offset-key=\"fdvg8-615-0\"> Do<\/span><span data-offset-key=\"fdvg8-616-0\"> pozna\u0107<\/span><span data-offset-key=\"fdvg8-617-0\"> the<\/span><span data-offset-key=\"fdvg8-618-0\"> wymagania<\/span><span data-offset-key=\"fdvg8-619-0\"> z<\/span><span data-offset-key=\"fdvg8-620-0\"> ka\u017cdy<\/span><span data-offset-key=\"fdvg8-621-0\"> kuchnia<\/span><span data-offset-key=\"fdvg8-622-0\">.<\/span><span data-offset-key=\"fdvg8-623-0\"> The<\/span><span data-offset-key=\"fdvg8-624-0\"> l<\/span><span data-offset-key=\"fdvg8-625-0\">identyfikatory<\/span><span data-offset-key=\"fdvg8-626-0\"> Czy<\/span><span data-offset-key=\"fdvg8-627-0\"> zazwyczaj<\/span><span data-offset-key=\"fdvg8-628-0\"> zrobiony<\/span><span data-offset-key=\"fdvg8-629-0\"> z<\/span><span data-offset-key=\"fdvg8-630-0\"> Plastikowy<\/span><span data-offset-key=\"fdvg8-631-0\"> Lub<\/span><span data-offset-key=\"fdvg8-632-0\"> silikon<\/span><span data-offset-key=\"fdvg8-633-0\">,<\/span><span data-offset-key=\"fdvg8-634-0\"> Kt\u00f3ry<\/span><span data-offset-key=\"fdvg8-635-0\"> pomaga<\/span><span data-offset-key=\"fdvg8-636-0\"> Do<\/span><span data-offset-key=\"fdvg8-637-0\"> trzyma\u0107<\/span><span data-offset-key=\"fdvg8-638-0\"> \u017cywno\u015b\u0107<\/span><span data-offset-key=\"fdvg8-639-0\"> \u015bwie\u017cy<\/span><span data-offset-key=\"fdvg8-640-0\"> I<\/span><span data-offset-key=\"fdvg8-641-0\"> zapobiega\u0107<\/span><span data-offset-key=\"fdvg8-642-0\"> rozlewa<\/span><span data-offset-key=\"fdvg8-643-0\">.<\/span><span data-offset-key=\"fdvg8-644-0\"> Szk\u0142o<\/span><span data-offset-key=\"fdvg8-645-0\"> \u017cywno\u015b\u0107<\/span><span data-offset-key=\"fdvg8-646-0\"> pojemniki<\/span><span data-offset-key=\"fdvg8-647-0\"> Czy<\/span><span data-offset-key=\"fdvg8-648-0\"> kuchenka mikrofalowa<\/span><span data-offset-key=\"fdvg8-649-0\"> I<\/span><span data-offset-key=\"fdvg8-650-0\"> danie<\/span><span data-offset-key=\"fdvg8-651-0\">pralka<\/span><span data-offset-key=\"fdvg8-652-0\"> bezpieczna<\/span><span data-offset-key=\"fdvg8-653-0\">,<\/span><span data-offset-key=\"fdvg8-654-0\"> zrobienie<\/span><span data-offset-key=\"fdvg8-655-0\"> ich<\/span><span data-offset-key=\"fdvg8-656-0\"> A<\/span><span data-offset-key=\"fdvg8-657-0\"> wygodny<\/span><span data-offset-key=\"fdvg8-658-0\"> I<\/span><span data-offset-key=\"fdvg8-659-0\"> \u0142atwy<\/span><span data-offset-key=\"fdvg8-660-0\"> spos\u00f3b<\/span><span data-offset-key=\"fdvg8-661-0\"> Do<\/span><span data-offset-key=\"fdvg8-662-0\"> sklep<\/span><span data-offset-key=\"fdvg8-663-0\"> I<\/span><span data-offset-key=\"fdvg8-664-0\"> rehe<\/span><span data-offset-key=\"fdvg8-665-0\">Na<\/span><span data-offset-key=\"fdvg8-666-0\"> \u017cywno\u015b\u0107<\/span><span data-offset-key=\"fdvg8-667-0\">.<\/span><\/p>\n<p><span data-offset-key=\"fdvg8-673-0\">Szk\u0142o<\/span><span data-offset-key=\"fdvg8-674-0\"> \u017cywno\u015b\u0107<\/span><span data-offset-key=\"fdvg8-675-0\"> pojemniki<\/span><span data-offset-key=\"fdvg8-676-0\"> Czy<\/span><span data-offset-key=\"fdvg8-677-0\"> A<\/span><span data-offset-key=\"fdvg8-678-0\"> \u015awietnie<\/span><span data-offset-key=\"fdvg8-679-0\"> alternatywny<\/span><span data-offset-key=\"fdvg8-680-0\"> Do<\/span><span data-offset-key=\"fdvg8-681-0\"> Plastikowy<\/span><span data-offset-key=\"fdvg8-682-0\"> I<\/span><span data-offset-key=\"fdvg8-683-0\"> Czy<\/span><span data-offset-key=\"fdvg8-684-0\"> lepsza<\/span><span data-offset-key=\"fdvg8-685-0\"> Do<\/span><span data-offset-key=\"fdvg8-686-0\"> the<\/span><span data-offset-key=\"fdvg8-687-0\"> \u015brodowisko<\/span><span data-offset-key=\"fdvg8-688-0\">.<\/span><span data-offset-key=\"fdvg8-689-0\"> Oni<\/span><span data-offset-key=\"fdvg8-690-0\"> M\u00f3c<\/span><span data-offset-key=\"fdvg8-691-0\"> By\u0107<\/span><span data-offset-key=\"fdvg8-692-0\"> u\u017cywany<\/span><span data-offset-key=\"fdvg8-693-0\"> Do<\/span><span data-offset-key=\"fdvg8-694-0\"> A<\/span><span data-offset-key=\"fdvg8-695-0\"> r\u00f3\u017cnorodno\u015b\u0107<\/span><span data-offset-key=\"fdvg8-696-0\"> z<\/span><span data-offset-key=\"fdvg8-697-0\"> \u017cywno\u015b\u0107<\/span><span data-offset-key=\"fdvg8-698-0\">,<\/span><span data-offset-key=\"fdvg8-699-0\"> z<\/span><span data-offset-key=\"fdvg8-700-0\"> lewy<\/span><span data-offset-key=\"fdvg8-701-0\">przesiadki<\/span><span data-offset-key=\"fdvg8-702-0\"> Do<\/span><span data-offset-key=\"fdvg8-703-0\"> przed<\/span><span data-offset-key=\"fdvg8-704-0\">&#8211;<\/span><span data-offset-key=\"fdvg8-705-0\">zrobiony<\/span><span data-offset-key=\"fdvg8-706-0\"> posi\u0142ki<\/span><span data-offset-key=\"fdvg8-707-0\">.<\/span><span data-offset-key=\"fdvg8-708-0\"> Dodatkowo<\/span><span data-offset-key=\"fdvg8-709-0\">,<\/span><span data-offset-key=\"fdvg8-710-0\"> Oni<\/span><span data-offset-key=\"fdvg8-711-0\"> Czy<\/span><span data-offset-key=\"fdvg8-712-0\"> \u015awietnie<\/span><span data-offset-key=\"fdvg8-713-0\"> Do<\/span><span data-offset-key=\"fdvg8-714-0\"> nabieraj\u0105cy<\/span><span data-offset-key=\"fdvg8-715-0\"> \u017cywno\u015b\u0107<\/span><span data-offset-key=\"fdvg8-716-0\"> NA<\/span><span data-offset-key=\"fdvg8-717-0\"> the<\/span><span data-offset-key=\"fdvg8-718-0\"> I\u015b\u0107<\/span><span data-offset-key=\"fdvg8-719-0\">,<\/span><span data-offset-key=\"fdvg8-720-0\"> Jak<\/span><span data-offset-key=\"fdvg8-721-0\"> Oni<\/span><span data-offset-key=\"fdvg8-722-0\"> Czy<\/span><span data-offset-key=\"fdvg8-723-0\"> lekki<\/span><span data-offset-key=\"fdvg8-724-0\"> I<\/span><span data-offset-key=\"fdvg8-725-0\"> stos<\/span><span data-offset-key=\"fdvg8-726-0\">zdolny<\/span><span data-offset-key=\"fdvg8-727-0\">.<\/span><span data-offset-key=\"fdvg8-728-0\"> Z<\/span><span data-offset-key=\"fdvg8-729-0\"> w\u0142a\u015bciwy<\/span><span data-offset-key=\"fdvg8-730-0\"> opieka<\/span><span data-offset-key=\"fdvg8-731-0\">,<\/span><span data-offset-key=\"fdvg8-732-0\"> szk\u0142o<\/span><span data-offset-key=\"fdvg8-733-0\"> \u017cywno\u015b\u0107<\/span><span data-offset-key=\"fdvg8-734-0\"> pojemniki<\/span><span data-offset-key=\"fdvg8-735-0\"> M\u00f3c<\/span><span data-offset-key=\"fdvg8-736-0\"> ostatni<\/span><span data-offset-key=\"fdvg8-737-0\"> Do<\/span><span data-offset-key=\"fdvg8-738-0\"> lata<\/span><span data-offset-key=\"fdvg8-739-0\">,<\/span><span data-offset-key=\"fdvg8-740-0\"> zrobienie<\/span><span data-offset-key=\"fdvg8-741-0\"> ich<\/span><span data-offset-key=\"fdvg8-742-0\"> A<\/span><span data-offset-key=\"fdvg8-743-0\"> \u015awietnie<\/span><span data-offset-key=\"fdvg8-744-0\"> inwestycja<\/span><span data-offset-key=\"fdvg8-745-0\"> Do<\/span><span data-offset-key=\"fdvg8-746-0\"> ka\u017cdy<\/span><span data-offset-key=\"fdvg8-747-0\"> kuchnia<\/span><span data-offset-key=\"fdvg8-748-0\">.<\/span><\/p>\n<p>&nbsp;<\/p>\n<p><span data-offset-key=\"8bcu7-880-0\">Jak<\/span><span data-offset-key=\"8bcu7-881-0\"> Do<\/span><span data-offset-key=\"8bcu7-882-0\"> my\u0107 si\u0119<\/span><span data-offset-key=\"8bcu7-883-0\"> szk\u0142o<\/span><span data-offset-key=\"8bcu7-884-0\"> \u017cywno\u015b\u0107<\/span><span data-offset-key=\"8bcu7-885-0\"> sk\u0142adowanie<\/span><span data-offset-key=\"8bcu7-886-0\"> pojemniki?<\/span><\/p>\n<p><span data-offset-key=\"8bcu7-889-0\">Szk\u0142o<\/span><span data-offset-key=\"8bcu7-890-0\"> \u017cywno\u015b\u0107<\/span><span data-offset-key=\"8bcu7-891-0\"> sk\u0142adowanie<\/span><span data-offset-key=\"8bcu7-892-0\"> pojemniki<\/span><span data-offset-key=\"8bcu7-893-0\"> powinien<\/span><span data-offset-key=\"8bcu7-894-0\"> By\u0107<\/span><span data-offset-key=\"8bcu7-895-0\"> umyty<\/span><span data-offset-key=\"8bcu7-896-0\"> zanim<\/span><span data-offset-key=\"8bcu7-897-0\"> the<\/span><span data-offset-key=\"8bcu7-898-0\"> Pierwszy<\/span><span data-offset-key=\"8bcu7-899-0\"> u\u017cywa\u0107<\/span><span data-offset-key=\"8bcu7-900-0\"> I<\/span><span data-offset-key=\"8bcu7-901-0\"> Po<\/span><span data-offset-key=\"8bcu7-902-0\"> ka\u017cdy<\/span><span data-offset-key=\"8bcu7-903-0\"> u\u017cywa\u0107<\/span><span data-offset-key=\"8bcu7-904-0\">.<\/span><span data-offset-key=\"8bcu7-905-0\"> Do<\/span><span data-offset-key=\"8bcu7-906-0\"> my\u0107 si\u0119<\/span><span data-offset-key=\"8bcu7-907-0\"> the<\/span><span data-offset-key=\"8bcu7-908-0\"> pojemnik<\/span><span data-offset-key=\"8bcu7-909-0\">,<\/span><span data-offset-key=\"8bcu7-910-0\"> Pierwszy<\/span><span data-offset-key=\"8bcu7-911-0\"> wype\u0142ni\u0107<\/span><span data-offset-key=\"8bcu7-912-0\"> To<\/span><span data-offset-key=\"8bcu7-913-0\"> z<\/span><span data-offset-key=\"8bcu7-914-0\"> gor\u0105cy<\/span><span data-offset-key=\"8bcu7-915-0\">,<\/span><span data-offset-key=\"8bcu7-916-0\"> Wi\u0119c<\/span><span data-offset-key=\"8bcu7-917-0\">py<\/span><span data-offset-key=\"8bcu7-918-0\"> woda<\/span><span data-offset-key=\"8bcu7-919-0\"> I<\/span><span data-offset-key=\"8bcu7-920-0\"> pozwala\u0107<\/span><span data-offset-key=\"8bcu7-921-0\"> To<\/span><span data-offset-key=\"8bcu7-922-0\"> siedzie\u0107<\/span><span data-offset-key=\"8bcu7-923-0\"> Do<\/span><span data-offset-key=\"8bcu7-924-0\"> A<\/span><span data-offset-key=\"8bcu7-925-0\"> kilka<\/span><span data-offset-key=\"8bcu7-926-0\"> minuty<\/span><span data-offset-key=\"8bcu7-927-0\">.<\/span><span data-offset-key=\"8bcu7-928-0\"> Nast\u0119pnie<\/span><span data-offset-key=\"8bcu7-929-0\">,<\/span><span data-offset-key=\"8bcu7-930-0\"> u\u017cywa\u0107<\/span><span data-offset-key=\"8bcu7-931-0\"> A<\/span><span data-offset-key=\"8bcu7-932-0\"> mi\u0119kki<\/span><span data-offset-key=\"8bcu7-933-0\"> g\u0105bka<\/span><span data-offset-key=\"8bcu7-934-0\"> Lub<\/span><span data-offset-key=\"8bcu7-935-0\"> p\u0142\u00f3tno<\/span><span data-offset-key=\"8bcu7-936-0\"> Do<\/span><span data-offset-key=\"8bcu7-937-0\"> szorowa\u0107<\/span><span data-offset-key=\"8bcu7-938-0\"> the<\/span><span data-offset-key=\"8bcu7-939-0\"> wewn\u0105trz<\/span><span data-offset-key=\"8bcu7-940-0\"> I<\/span><span data-offset-key=\"8bcu7-941-0\"> poza<\/span><span data-offset-key=\"8bcu7-942-0\"> z<\/span><span data-offset-key=\"8bcu7-943-0\"> the<\/span><span data-offset-key=\"8bcu7-944-0\"> pojemnik<\/span><span data-offset-key=\"8bcu7-945-0\">.<\/span><span data-offset-key=\"8bcu7-946-0\"> Rin<\/span><span data-offset-key=\"8bcu7-947-0\">se<\/span><span data-offset-key=\"8bcu7-948-0\"> the<\/span><span data-offset-key=\"8bcu7-949-0\"> pojemnik<\/span><span data-offset-key=\"8bcu7-950-0\"> z<\/span><span data-offset-key=\"8bcu7-951-0\"> czysty<\/span><span data-offset-key=\"8bcu7-952-0\">,<\/span><span data-offset-key=\"8bcu7-953-0\"> gor\u0105cy<\/span><span data-offset-key=\"8bcu7-954-0\"> woda<\/span><span data-offset-key=\"8bcu7-955-0\"> I<\/span><span data-offset-key=\"8bcu7-956-0\"> suchy<\/span><span data-offset-key=\"8bcu7-957-0\"> To<\/span><span data-offset-key=\"8bcu7-958-0\"> z<\/span><span data-offset-key=\"8bcu7-959-0\"> A<\/span><span data-offset-key=\"8bcu7-960-0\"> czysty<\/span><span data-offset-key=\"8bcu7-961-0\">,<\/span><span data-offset-key=\"8bcu7-962-0\"> mi\u0119kki<\/span><span data-offset-key=\"8bcu7-963-0\"> p\u0142\u00f3tno<\/span><span data-offset-key=\"8bcu7-964-0\"> Lub<\/span><span data-offset-key=\"8bcu7-965-0\"> r\u0119cznik<\/span><span data-offset-key=\"8bcu7-966-0\">.<\/span><span data-offset-key=\"8bcu7-967-0\"> Dla<\/span><span data-offset-key=\"8bcu7-968-0\"> uparty<\/span><span data-offset-key=\"8bcu7-969-0\"> plamy<\/span><span data-offset-key=\"8bcu7-970-0\">,<\/span><span data-offset-key=\"8bcu7-971-0\"> pieczenie<\/span><span data-offset-key=\"8bcu7-972-0\"> Soda<\/span><span data-offset-key=\"8bcu7-973-0\"> I<\/span><span data-offset-key=\"8bcu7-974-0\"> bia\u0142y<\/span><span data-offset-key=\"8bcu7-975-0\"> ocet<\/span><span data-offset-key=\"8bcu7-976-0\"> M\u00f3c<\/span><span data-offset-key=\"8bcu7-977-0\"> By\u0107<\/span><span data-offset-key=\"8bcu7-978-0\"> u\u017cywany<\/span><span data-offset-key=\"8bcu7-979-0\"> Do<\/span><span data-offset-key=\"8bcu7-980-0\"> szorowa\u0107<\/span><span data-offset-key=\"8bcu7-981-0\"> the<\/span><span data-offset-key=\"8bcu7-982-0\"> powierzchnia<\/span><span data-offset-key=\"8bcu7-983-0\"> z<\/span><span data-offset-key=\"8bcu7-984-0\"> the<\/span><span data-offset-key=\"8bcu7-985-0\"> pojemnik<\/span><span data-offset-key=\"8bcu7-986-0\">.<\/span><span data-offset-key=\"8bcu7-987-0\"> Po<\/span><span data-offset-key=\"8bcu7-988-0\"> mycie<\/span><span data-offset-key=\"8bcu7-989-0\"> the<\/span><span data-offset-key=\"8bcu7-990-0\"> pojemnik<\/span><span data-offset-key=\"8bcu7-991-0\">,<\/span><span data-offset-key=\"8bcu7-992-0\"> To<\/span><span data-offset-key=\"8bcu7-993-0\"> powinien<\/span><span data-offset-key=\"8bcu7-994-0\"> By\u0107<\/span><span data-offset-key=\"8bcu7-995-0\"> dozwolony<\/span><span data-offset-key=\"8bcu7-996-0\"> Do<\/span><span data-offset-key=\"8bcu7-997-0\"> powietrze<\/span><span data-offset-key=\"8bcu7-998-0\"> suchy<\/span><span data-offset-key=\"8bcu7-999-0\"> zanim<\/span><span data-offset-key=\"8bcu7-1000-0\"> istnienie<\/span><span data-offset-key=\"8bcu7-1001-0\"> przechowywane<\/span><span data-offset-key=\"8bcu7-1002-0\">.<\/span><\/p>\n<p><img fetchpriority=\"high\" decoding=\"async\" class=\"aligncenter wp-image-1556 size-full\" src=\"https:\/\/lidaglassware.com\/wp-content\/uploads\/2023\/02\/Salad-Bowl.png\" alt=\"\" width=\"750\" height=\"575\" srcset=\"https:\/\/lidaglassware.com\/wp-content\/uploads\/2023\/02\/Salad-Bowl.png 750w, https:\/\/lidaglassware.com\/wp-content\/uploads\/2023\/02\/Salad-Bowl-300x230.png 300w, https:\/\/lidaglassware.com\/wp-content\/uploads\/2023\/02\/Salad-Bowl-600x460.png 600w\" sizes=\"(max-width: 750px) 100vw, 750px\" \/><\/p>\n<p>&nbsp;<\/p>","protected":false},"excerpt":{"rendered":"<p><span data-offset-key=\"8bcu7-755-0\">Szk\u0142o<\/span><span data-offset-key=\"8bcu7-756-0\"> \u017cywno\u015b\u0107<\/span><span data-offset-key=\"8bcu7-757-0\"> sk\u0142adowanie<\/span><span data-offset-key=\"8bcu7-758-0\"> pojemniki<\/span><span data-offset-key=\"8bcu7-759-0\"> Czy<\/span><span data-offset-key=\"8bcu7-760-0\"> doskona\u0142y<\/span><span data-offset-key=\"8bcu7-761-0\"> Do<\/span><span data-offset-key=\"8bcu7-762-0\"> ka\u017cdy<\/span><span data-offset-key=\"8bcu7-763-0\"> kuchnia<\/span><span data-offset-key=\"8bcu7-764-0\">.<\/span><span data-offset-key=\"8bcu7-765-0\"> Zrobiony<\/span><span data-offset-key=\"8bcu7-766-0\"> z<\/span><span data-offset-key=\"8bcu7-767-0\"> hartowany<\/span><span data-offset-key=\"8bcu7-768-0\"> szk\u0142o<\/span><span data-offset-key=\"8bcu7-769-0\">,<\/span><span data-offset-key=\"8bcu7-770-0\"> Kt\u00f3ry<\/span><span data-offset-key=\"8bcu7-771-0\"> Jest<\/span><span data-offset-key=\"8bcu7-772-0\"> wysoko<\/span><span data-offset-key=\"8bcu7-773-0\"> wytrzyma\u0142y<\/span><span data-offset-key=\"8bcu7-774-0\"> I<\/span><span data-offset-key=\"8bcu7-775-0\"> zdolny<\/span><span data-offset-key=\"8bcu7-776-0\"> Do<\/span><span data-offset-key=\"8bcu7-777-0\"> wytrzyma\u0107<\/span><span data-offset-key=\"8bcu7-778-0\"> wysoki<\/span><span data-offset-key=\"8bcu7-779-0\"> temperatury<\/span><span data-offset-key=\"8bcu7-780-0\">,<\/span><span data-offset-key=\"8bcu7-781-0\"> te<\/span><span data-offset-key=\"8bcu7-782-0\"> pojemniki<\/span><span data-offset-key=\"8bcu7-783-0\"> przychodzi\u0107<\/span><span data-offset-key=\"8bcu7-784-0\"> W<\/span><span data-offset-key=\"8bcu7-785-0\"> A<\/span><span data-offset-key=\"8bcu7-786-0\"> r\u00f3\u017cnorodno\u015b\u0107<\/span><span data-offset-key=\"8bcu7-787-0\"> z<\/span><span data-offset-key=\"8bcu7-788-0\"> rozmiary<\/span><span data-offset-key=\"8bcu7-789-0\">,<\/span><span data-offset-key=\"8bcu7-790-0\"> kszta\u0142ty<\/span><span data-offset-key=\"8bcu7-791-0\">,<\/span><span data-offset-key=\"8bcu7-792-0\"> I<\/span><span data-offset-key=\"8bcu7-793-0\"> zabarwienie<\/span><span data-offset-key=\"8bcu7-794-0\">.<\/span><span data-offset-key=\"8bcu7-795-0\"> The<\/span><span data-offset-key=\"8bcu7-796-0\"> l<\/span><span data-offset-key=\"8bcu7-797-0\">identyfikatory<\/span><span data-offset-key=\"8bcu7-798-0\"> Czy<\/span><span data-offset-key=\"8bcu7-799-0\"> zazwyczaj<\/span><span data-offset-key=\"8bcu7-800-0\"> zrobiony<\/span><span data-offset-key=\"8bcu7-801-0\"> z<\/span><span data-offset-key=\"8bcu7-802-0\"> Plastikowy<\/span><span data-offset-key=\"8bcu7-803-0\"> Lub<\/span><span data-offset-key=\"8bcu7-804-0\"> silikon<\/span><span data-offset-key=\"8bcu7-805-0\">,<\/span><span data-offset-key=\"8bcu7-806-0\"> agregat<\/span><span data-offset-key=\"8bcu7-807-0\"> Do<\/span><span data-offset-key=\"8bcu7-808-0\"> trzyma\u0107<\/span><span data-offset-key=\"8bcu7-809-0\"> \u017cywno\u015b\u0107<\/span><span data-offset-key=\"8bcu7-810-0\"> \u015bwie\u017cy<\/span><span data-offset-key=\"8bcu7-811-0\"> I<\/span><span data-offset-key=\"8bcu7-812-0\"> zapobiega\u0107<\/span><span data-offset-key=\"8bcu7-813-0\"> rozlewa<\/span><span data-offset-key=\"8bcu7-814-0\">.<\/span><span data-offset-key=\"8bcu7-815-0\"> Szk\u0142o<\/span><span data-offset-key=\"8bcu7-816-0\"> pojemniki<\/span><span data-offset-key=\"8bcu7-817-0\"> Czy<\/span><span data-offset-key=\"8bcu7-818-0\"> R\u00f3wnie\u017c<\/span><span data-offset-key=\"8bcu7-819-0\"> kuchenka mikrofalowa<\/span><span data-offset-key=\"8bcu7-820-0\"> I<\/span><span data-offset-key=\"8bcu7-821-0\"> danie<\/span><span data-offset-key=\"8bcu7-822-0\">pralka<\/span><span data-offset-key=\"8bcu7-823-0\"> bezpieczna<\/span><span data-offset-key=\"8bcu7-824-0\">,<\/span><span data-offset-key=\"8bcu7-825-0\"> zrobienie<\/span><span data-offset-key=\"8bcu7-826-0\"> ich<\/span><span data-offset-key=\"8bcu7-827-0\"> Zar\u00f3wno<\/span><span data-offset-key=\"8bcu7-828-0\"> wygodny<\/span><span data-offset-key=\"8bcu7-829-0\"> I<\/span><span data-offset-key=\"8bcu7-830-0\"> \u0142atwy<\/span><span data-offset-key=\"8bcu7-831-0\"> Do<\/span><span data-offset-key=\"8bcu7-832-0\"> u\u017cywa\u0107<\/span><span data-offset-key=\"8bcu7-833-0\">.<\/span><span data-offset-key=\"8bcu7-834-0\"> Oni<\/span><span data-offset-key=\"8bcu7-835-0\"> Czy<\/span><span data-offset-key=\"8bcu7-836-0\"> A<\/span><span data-offset-key=\"8bcu7-837-0\"> \u015awietnie<\/span><span data-offset-key=\"8bcu7-838-0\"> wymiana<\/span><span data-offset-key=\"8bcu7-839-0\"> Do<\/span><span data-offset-key=\"8bcu7-840-0\"> Plastikowy<\/span><span data-offset-key=\"8bcu7-841-0\"> pojemniki<\/span><span data-offset-key=\"8bcu7-842-0\">,<\/span><span data-offset-key=\"8bcu7-843-0\"> I<\/span><span data-offset-key=\"8bcu7-844-0\"> Czy<\/span><span data-offset-key=\"8bcu7-845-0\"> lepsza<\/span><span data-offset-key=\"8bcu7-846-0\"> Do<\/span><span data-offset-key=\"8bcu7-847-0\"> the<\/span><span data-offset-key=\"8bcu7-848-0\"> \u015brodowisko<\/span><span data-offset-key=\"8bcu7-849-0\">.<\/span><span data-offset-key=\"8bcu7-850-0\"> \u015awiat\u0142o<\/span><span data-offset-key=\"8bcu7-851-0\">waga<\/span><span data-offset-key=\"8bcu7-852-0\"> I<\/span><span data-offset-key=\"8bcu7-853-0\"> stos<\/span><span data-offset-key=\"8bcu7-854-0\">zdolny<\/span><span data-offset-key=\"8bcu7-855-0\">,<\/span><span data-offset-key=\"8bcu7-856-0\"> szk\u0142o<\/span><span data-offset-key=\"8bcu7-857-0\"> pojemniki<\/span><span data-offset-key=\"8bcu7-858-0\"> Czy<\/span><span data-offset-key=\"8bcu7-859-0\"> \u015awietnie<\/span><span data-offset-key=\"8bcu7-860-0\"> Do<\/span><span data-offset-key=\"8bcu7-861-0\"> nabieraj\u0105cy<\/span><span data-offset-key=\"8bcu7-862-0\"> \u017cywno\u015b\u0107<\/span><span data-offset-key=\"8bcu7-863-0\"> NA<\/span><span data-offset-key=\"8bcu7-864-0\"> the<\/span><span data-offset-key=\"8bcu7-865-0\"> I\u015b\u0107<\/span><span data-offset-key=\"8bcu7-866-0\">.<\/span><span data-offset-key=\"8bcu7-867-0\"> Z<\/span><span data-offset-key=\"8bcu7-868-0\"> w\u0142a\u015bciwy<\/span><span data-offset-key=\"8bcu7-869-0\"> opieka<\/span><span data-offset-key=\"8bcu7-870-0\">,<\/span><span data-offset-key=\"8bcu7-871-0\"> Oni<\/span><span data-offset-key=\"8bcu7-872-0\"> M\u00f3c<\/span><span data-offset-key=\"8bcu7-873-0\"> ostatni<\/span><span data-offset-key=\"8bcu7-874-0\"> Do<\/span><span data-offset-key=\"8bcu7-875-0\"> wiele<\/span><span data-offset-key=\"8bcu7-876-0\"> lata<\/span><span data-offset-key=\"8bcu7-877-0\">.<\/span><\/p>","protected":false},"featured_media":1551,"comment_status":"open","ping_status":"closed","template":"","meta":[],"class_list":["post-1548","product","type-product","status-publish","has-post-thumbnail","hentry","product_cat-glass-food-containers","product_tag-glass-bowl","product_tag-glass-food-container"],"_links":{"self":[{"href":"https:\/\/lidaglassware.com\/pl\/wp-json\/wp\/v2\/product\/1548","targetHints":{"allow":["GET"]}}],"collection":[{"href":"https:\/\/lidaglassware.com\/pl\/wp-json\/wp\/v2\/product"}],"about":[{"href":"https:\/\/lidaglassware.com\/pl\/wp-json\/wp\/v2\/types\/product"}],"replies":[{"embeddable":true,"href":"https:\/\/lidaglassware.com\/pl\/wp-json\/wp\/v2\/comments?post=1548"}],"wp:featuredmedia":[{"embeddable":true,"href":"https:\/\/lidaglassware.com\/pl\/wp-json\/wp\/v2\/media\/1551"}],"wp:attachment":[{"href":"https:\/\/lidaglassware.com\/pl\/wp-json\/wp\/v2\/media?parent=1548"}],"curies":[{"name":"wp","href":"https:\/\/api.w.org\/{rel}","templated":true}]}}