{"id":2071,"date":"2023-08-02T23:29:44","date_gmt":"2023-08-03T07:29:44","guid":{"rendered":"https:\/\/lidaglassware.com\/?post_type=product&#038;p=2071"},"modified":"2023-09-04T04:02:19","modified_gmt":"2023-09-04T12:02:19","slug":"celebration-crystal-whiskey-glasses-230ml","status":"publish","type":"product","link":"https:\/\/lidaglassware.com\/pl\/produkt\/swietowanie-krysztalowe-kieliszki-do-whisky-230ml\/","title":{"rendered":"Celebration Kryszta\u0142owe kieliszki do whisky 230ml"},"content":{"rendered":"<p><em><strong>Sekcja 1: \u201ePopijaj wyrafinowanie\u201d<\/strong><\/em><\/p>\n<p>Podnie\u015b swoje doznania zwi\u0105zane z whisky dzi\u0119ki naszym osza\u0142amiaj\u0105cym kryszta\u0142owym kieliszkom do whisky. Te kieliszki, pi\u0119knie zaprojektowane, aby uchwyci\u0107 esencj\u0119 elegancji, zapewni\u0105 luksusowy akcent w Twoim domowym barze. Precyzyjne wykonanie zapewnia wygodny chwyt i rewelacyjne doznania podczas popijania, pozostawiaj\u0105c niezapomniane wra\u017cenie na kubkach smakowych i go\u015bciach.<\/p>\n<p><em><strong>Sekcja 2: \u201eArtyzm w ka\u017cdym szczeg\u00f3le\u201d<\/strong><\/em><\/p>\n<p>Wykonane z najwy\u017csz\u0105 staranno\u015bci\u0105 i precyzj\u0105, nasze kryszta\u0142owe kieliszki do whisky s\u0105 wyrazem sztuki wytwarzania doskona\u0142ego szk\u0142a. Ol\u015bniewaj\u0105cy blask, harmonijna r\u00f3wnowaga pomi\u0119dzy wag\u0105 i estetyk\u0105 oraz misterne detale sprawiaj\u0105, \u017ce ka\u017cde szk\u0142o jest arcydzie\u0142em. Te szklanki to nie tylko naczynia do picia; s\u0105 pocz\u0105tkiem rozmowy, symbolem presti\u017cu i dzie\u0142em sztuki.<\/p>\n<p><em><strong>Cz\u0119\u015b\u0107 3: \u201e\u015awi\u0119tuj z jako\u015bci\u0105\u201d<\/strong><\/em><\/p>\n<p>Jako\u015b\u0107 ma znaczenie, je\u015bli chodzi o delektowanie si\u0119 ulubionymi alkoholami, a nasze kryszta\u0142owe kieliszki do whisky spe\u0142niaj\u0105 te oczekiwania. Wykonane z najlepszych materia\u0142\u00f3w, kieliszki te zapewniaj\u0105 nieskaziteln\u0105 przejrzysto\u015b\u0107, kt\u00f3ra poprawia atrakcyjno\u015b\u0107 wizualn\u0105 Twojej whisky. Solidne, a jednocze\u015bnie wyrafinowane, zosta\u0142y zbudowane z my\u015bl\u0105 o trwa\u0142o\u015bci i maj\u0105 sta\u0107 si\u0119 Twoimi ulubionymi okularami zar\u00f3wno na uroczysto\u015bci, jak i spokojne wieczory.<\/p>\n<div class=\"mw-body-content\">\n<div id=\"bodyContent\" class=\"mw-body-content\">\n<div id=\"mw-content-text\" class=\"mw-content-ltr\" dir=\"ltr\" lang=\"en\">\n<header class=\"content-header\"><\/header>\n<section class=\"content-body text incontent-ads-area\" data-track-section=\"Body\" data-track-ranker=\"*\">\u00a0<\/section>\n<\/div>\n<\/div>\n<\/div>","protected":false},"excerpt":{"rendered":"<p>Wydob\u0105d\u017a prawdziw\u0105 esencj\u0119 whisky dzi\u0119ki naszym eleganckim kryszta\u0142owym kieliszkom. Kunszt, jako\u015b\u0107 i kunszt \u0142\u0105cz\u0105 si\u0119, aby zapewni\u0107 najlepsze wra\u017cenia.<\/p>","protected":false},"featured_media":2047,"comment_status":"closed","ping_status":"closed","template":"","meta":[],"class_list":["post-2071","product","type-product","status-publish","has-post-thumbnail","hentry","product_cat-whiskey-glasses","product_tag-branded-glasses","product_tag-decal-process","product_tag-decorated-glasses","product_tag-whiskey-glass","product_tag-wine-glass"],"_links":{"self":[{"href":"https:\/\/lidaglassware.com\/pl\/wp-json\/wp\/v2\/product\/2071","targetHints":{"allow":["GET"]}}],"collection":[{"href":"https:\/\/lidaglassware.com\/pl\/wp-json\/wp\/v2\/product"}],"about":[{"href":"https:\/\/lidaglassware.com\/pl\/wp-json\/wp\/v2\/types\/product"}],"replies":[{"embeddable":true,"href":"https:\/\/lidaglassware.com\/pl\/wp-json\/wp\/v2\/comments?post=2071"}],"wp:featuredmedia":[{"embeddable":true,"href":"https:\/\/lidaglassware.com\/pl\/wp-json\/wp\/v2\/media\/2047"}],"wp:attachment":[{"href":"https:\/\/lidaglassware.com\/pl\/wp-json\/wp\/v2\/media?parent=2071"}],"curies":[{"name":"wp","href":"https:\/\/api.w.org\/{rel}","templated":true}]}}