{"id":2965,"date":"2023-09-07T00:40:32","date_gmt":"2023-09-07T08:40:32","guid":{"rendered":"https:\/\/lidaglassware.com\/?post_type=product&#038;p=2965"},"modified":"2023-09-07T00:46:54","modified_gmt":"2023-09-07T08:46:54","slug":"nick-and-nora-glasses-100ml","status":"publish","type":"product","link":"https:\/\/lidaglassware.com\/pl\/produkt\/okulary-nick-and-nora-100ml\/","title":{"rendered":"Szklanki Nick i Nora 100ml"},"content":{"rendered":"<p>Okulary Nick i Nora: Zanurz si\u0119 w z\u0142otej erze tworzenia koktajli dzi\u0119ki naszym wyj\u0105tkowym okularom Nick i Nora. Czerpi\u0105c inspiracj\u0119 z klasycznych lat 30. XX wieku, te okulary stanowi\u0105 ho\u0142d dla ponadczasowej elegancji miksologii vintage. Ich charakterystyczny kszta\u0142t dzwonka nie tylko emanuje wyrafinowaniem, ale jest r\u00f3wnie\u017c starannie wykonany, aby podkre\u015bli\u0107 niuanse smak\u00f3w i aromat\u00f3w wybranego koktajlu. Wyd\u0142u\u017cona n\u00f3\u017cka sprawia, \u017ce ka\u017cdy \u0142yk jest doskonale sch\u0142odzony, nietkni\u0119ty ciep\u0142em Twojej d\u0142oni. Niezale\u017cnie od tego, czy jeste\u015b fanem odwiecznych klasyk\u00f3w, takich jak Manhattan, czy te\u017c wyruszasz we wsp\u00f3\u0142czesn\u0105 miksologi\u0119, okulary Nick i Nora s\u0105 na tyle wszechstronne, \u017ce mog\u0105 stanowi\u0107 centralny element ka\u017cdego koktajlu. Dla tych, kt\u00f3rzy ceni\u0105 tradycj\u0119, jako\u015b\u0107 i odrobin\u0119 uroku retro w swojej zastawie barowej, nasza kolekcja jest idealnym rozwi\u0105zaniem. Zanurz si\u0119 g\u0142\u0119boko w \u015bwiat klasycznych koktajli i pozw\u00f3l, aby ka\u017cdy nap\u00f3j opowiedzia\u0142 histori\u0119. Przegl\u0105daj i inwestuj w kawa\u0142ek historii, kt\u00f3ry zapewnia niezr\u00f3wnan\u0105 elegancj\u0119 i funkcjonalno\u015b\u0107.<\/p>","protected":false},"excerpt":{"rendered":"<p>Okulary Nick i Nora: cofnij si\u0119 w czasie dzi\u0119ki naszym inspirowanym stylem vintage okularom Nick i Nora. Idealnie ukszta\u0142towane, aby podkre\u015bli\u0107 aromat i smak koktajlu, te kieliszki s\u0105 uk\u0142onem w stron\u0119 klasycznej miksologii. Dzi\u0119ki eleganckiemu kszta\u0142towi dzwonka i d\u0142ugiej n\u00f3\u017cce s\u0105 nie tylko stylowe, ale tak\u017ce funkcjonalne, zapewniaj\u0105c za ka\u017cdym razem ch\u0142odny \u0142yk. Idealne do ponadczasowych koktajli, takich jak Sidecar lub nowoczesnych mikstur, nasze kieliszki Nick i Nora s\u0105 konieczno\u015bci\u0105 dla ka\u017cdego wymagaj\u0105cego barmana i mi\u0142o\u015bnika koktajli. Wzboga\u0107 swoj\u0105 kolekcj\u0119 zastawy barowej i podawaj j\u0105 z nut\u0105 nostalgii.<\/p>","protected":false},"featured_media":2930,"comment_status":"open","ping_status":"closed","template":"","meta":[],"class_list":["post-2965","product","type-product","status-publish","has-post-thumbnail","hentry","product_cat-cocktail-glasses","product_tag-cocktail-glasses"],"_links":{"self":[{"href":"https:\/\/lidaglassware.com\/pl\/wp-json\/wp\/v2\/product\/2965","targetHints":{"allow":["GET"]}}],"collection":[{"href":"https:\/\/lidaglassware.com\/pl\/wp-json\/wp\/v2\/product"}],"about":[{"href":"https:\/\/lidaglassware.com\/pl\/wp-json\/wp\/v2\/types\/product"}],"replies":[{"embeddable":true,"href":"https:\/\/lidaglassware.com\/pl\/wp-json\/wp\/v2\/comments?post=2965"}],"wp:featuredmedia":[{"embeddable":true,"href":"https:\/\/lidaglassware.com\/pl\/wp-json\/wp\/v2\/media\/2930"}],"wp:attachment":[{"href":"https:\/\/lidaglassware.com\/pl\/wp-json\/wp\/v2\/media?parent=2965"}],"curies":[{"name":"wp","href":"https:\/\/api.w.org\/{rel}","templated":true}]}}