{"id":2969,"date":"2023-09-07T01:20:01","date_gmt":"2023-09-07T09:20:01","guid":{"rendered":"https:\/\/lidaglassware.com\/?post_type=product&#038;p=2969"},"modified":"2024-01-15T18:02:29","modified_gmt":"2024-01-16T02:02:29","slug":"wine-glass-goblet-530ml","status":"publish","type":"product","link":"https:\/\/lidaglassware.com\/pl\/produkt\/kieliszek-do-wina-530ml\/","title":{"rendered":"Kieliszek do wina o pojemno\u015bci 530 ml"},"content":{"rendered":"<p>Kieliszek do wina: Zanurz si\u0119 w bogatym \u015bwiecie uprawy winoro\u015bli dzi\u0119ki naszemu znakomicie zaprojektowanemu kieliszkowi do wina.<\/p>\n<p>Ka\u017cde wino opowiada histori\u0119, a nasz kielich gwarantuje, \u017ce historia ta zostanie opowiedziana w najbardziej wymowny spos\u00f3b. Wykonany z precyzj\u0105, jego kszta\u0142t zosta\u0142 starannie zaprojektowany, aby uchwyci\u0107 i skoncentrowa\u0107 zawi\u0142e aromaty i smaki ka\u017cdej odmiany wina. Niezale\u017cnie od tego, czy masz ochot\u0119 na mocn\u0105 czerwie\u0144, chrupi\u0105c\u0105 biel czy musuj\u0105ce r\u00f3\u017cowe, nasz kielich zapewnia niezr\u00f3wnane doznania smakowe.<\/p>\n<p>Wyd\u0142u\u017cona n\u00f3\u017cka gwarantuje, \u017ce wino pozostanie w idealnej temperaturze, a obszerna misa umo\u017cliwia optymalne napowietrzenie. Opr\u00f3cz swojej funkcjonalno\u015bci, zestaw kieliszk\u00f3w do wina jest symbolem elegancji i luksusu, co czyni go obowi\u0105zkowym elementem wyposa\u017cenia ka\u017cdego entuzjasty wina, kolekcjonera i uroczystej okazji. Mo\u017cemy r\u00f3wnie\u017c dostarczy\u0107 kieliszek do wina ze z\u0142ot\u0105 obr\u0119cz\u0105.<\/p>\n<p>Podnie\u015b swoje doznania zwi\u0105zane z piciem wina, doce\u0144 niuanse ka\u017cdego rocznika i celebruj sztuk\u0119 produkcji wina. Przegl\u0105daj nasz\u0105 kolekcj\u0119 i nalewaj, wiruj i popijaj wspania\u0142o\u015b\u0107.<\/p>","protected":false},"excerpt":{"rendered":"<p>Kieliszek do wina: Delektuj si\u0119 najlepszymi winami dzi\u0119ki naszemu eleganckiemu kieliszkowi do wina. Zaprojektowany z my\u015bl\u0105 o koneserach, jego konstrukcja zapewnia optymalny aromat i smak przy ka\u017cdym \u0142yku. Idealny zar\u00f3wno na nieformalne wieczory, jak i wielkie uroczysto\u015bci, ten kielich jest ponadczasowym dodatkiem do kolekcji ka\u017cdego mi\u0142o\u015bnika wina. Poznaj esencj\u0119 wina w prawdziwym stylu.<\/p>","protected":false},"featured_media":2904,"comment_status":"open","ping_status":"closed","template":"","meta":[],"class_list":["post-2969","product","type-product","status-publish","has-post-thumbnail","hentry","product_cat-cocktail-glasses","product_tag-cocktail-glasses"],"_links":{"self":[{"href":"https:\/\/lidaglassware.com\/pl\/wp-json\/wp\/v2\/product\/2969","targetHints":{"allow":["GET"]}}],"collection":[{"href":"https:\/\/lidaglassware.com\/pl\/wp-json\/wp\/v2\/product"}],"about":[{"href":"https:\/\/lidaglassware.com\/pl\/wp-json\/wp\/v2\/types\/product"}],"replies":[{"embeddable":true,"href":"https:\/\/lidaglassware.com\/pl\/wp-json\/wp\/v2\/comments?post=2969"}],"wp:featuredmedia":[{"embeddable":true,"href":"https:\/\/lidaglassware.com\/pl\/wp-json\/wp\/v2\/media\/2904"}],"wp:attachment":[{"href":"https:\/\/lidaglassware.com\/pl\/wp-json\/wp\/v2\/media?parent=2969"}],"curies":[{"name":"wp","href":"https:\/\/api.w.org\/{rel}","templated":true}]}}