{"id":4122,"date":"2024-01-21T23:59:36","date_gmt":"2024-01-22T07:59:36","guid":{"rendered":"https:\/\/lidaglassware.com\/?post_type=product&#038;p=4122"},"modified":"2024-01-22T00:33:07","modified_gmt":"2024-01-22T08:33:07","slug":"premium-vintage-cocktail-glasses","status":"publish","type":"product","link":"https:\/\/lidaglassware.com\/pl\/produkt\/premium-vintage-cocktail-glasses\/","title":{"rendered":"Wysokiej jako\u015bci kieliszki koktajlowe w stylu vintage"},"content":{"rendered":"<div class=\"w-full text-token-text-primary\" data-testid=\"conversation-turn-53\">\n<div class=\"px-4 py-2 justify-center text-base md:gap-6 m-auto\">\n<div class=\"flex flex-1 text-base mx-auto gap-3 md:px-5 lg:px-1 xl:px-5 md:max-w-3xl lg:max-w-[40rem] xl:max-w-[48rem] group\">\n<div class=\"relative flex w-full flex-col lg:w-[calc(100%-115px)]\">\n<div class=\"flex-col gap-1 md:gap-3\">\n<div class=\"flex flex-grow flex-col max-w-full\">\n<div class=\"min-h-[20px] text-message flex flex-col items-start gap-3 whitespace-pre-wrap break-words [.text-message+&amp;]:mt-5 overflow-x-auto\" data-message-author-role=\"user\" data-message-id=\"aaa25022-d19a-48eb-ab69-8580ad465879\">\n<h2><strong>Cechy kieliszk\u00f3w koktajlowych Premium Vintage<\/strong><\/h2>\n<\/div>\n<\/div>\n<div class=\"mt-1 flex justify-start gap-3 empty:hidden\">\n<div class=\"text-gray-400 flex self-end lg:self-center justify-center lg:justify-start mt-0 -ml-1 visible\">\n<div class=\"flex items-center gap-1.5 text-xs\">\n<div class=\"flex-1 overflow-hidden\">\n<div class=\"react-scroll-to-bottom--css-hzdtm-79elbk h-full\">\n<div class=\"react-scroll-to-bottom--css-hzdtm-1n7m0yu\">\n<div class=\"flex flex-col pb-9 text-sm\">\n<div class=\"w-full text-token-text-primary\" data-testid=\"conversation-turn-54\">\n<div class=\"px-4 py-2 justify-center text-base md:gap-6 m-auto\">\n<div class=\"flex flex-1 text-base mx-auto gap-3 md:px-5 lg:px-1 xl:px-5 md:max-w-3xl lg:max-w-[40rem] xl:max-w-[48rem] group final-completion\">\n<div class=\"relative flex w-full flex-col lg:w-[calc(100%-115px)] agent-turn\">\n<div class=\"flex-col gap-1 md:gap-3\">\n<div class=\"flex flex-grow flex-col max-w-full\">\n<div class=\"min-h-[20px] text-message flex flex-col items-start gap-3 whitespace-pre-wrap break-words [.text-message+&amp;]:mt-5 overflow-x-auto\" data-message-author-role=\"assistant\" data-message-id=\"bf07d171-3d97-4b13-8b99-395d1abafaf1\">\n<div class=\"markdown prose w-full break-words dark:prose-invert light\">\n<ul>\n<li><strong>Elegancki kryszta\u0142owy kr\u00f3j<\/strong>: Okulary charakteryzuj\u0105 si\u0119 szczeg\u00f3\u0142owym wzorem wyci\u0119tym w kryszta\u0142kach, zapewniaj\u0105cym wra\u017cenia dotykowe i osza\u0142amiaj\u0105cy wizualnie wygl\u0105d, kt\u00f3ry pi\u0119knie \u0142apie i za\u0142amuje \u015bwiat\u0142o.<\/li>\n<li><strong>Wszechstronna szeroka miska<\/strong>: Szeroki kszta\u0142t misy to nie tylko kwestia estetyki; doskonale nadaje si\u0119 do uwalniania aromat\u00f3w skomplikowanych koktajli, poprawiaj\u0105c doznania zwi\u0105zane z piciem.<\/li>\n<li><strong>Solidny, wyrafinowany trzonek<\/strong>: D\u0142uga, smuk\u0142a n\u00f3\u017cka zapewnia wyrafinowan\u0105 sylwetk\u0119, a jednocze\u015bnie pozwala na zachowanie ch\u0142odu napoju, poniewa\u017c minimalizuje kontakt d\u0142oni z misk\u0105.<\/li>\n<li><strong>Wysokiej jako\u015bci materia\u0142 szklany<\/strong>: Te kieliszki koktajlowe w stylu vintage, wykonane z najwy\u017cszej jako\u015bci szk\u0142a, zapewniaj\u0105 trwa\u0142o\u015b\u0107 i przejrzysto\u015b\u0107, dzi\u0119ki czemu przez lata pozostan\u0105 centralnym elementem Twojej kolekcji zastawy barowej.<\/li>\n<li><strong>Idealna obj\u0119to\u015b\u0107<\/strong>: Szklanki s\u0105 tak dobrane, aby pomie\u015bci\u0107 idealn\u0105 ilo\u015b\u0107 ulubionego koktajlu, r\u00f3wnowa\u017c\u0105c potrzeb\u0119 koncentracji smaku i odpowiedni\u0105 ilo\u015b\u0107 lodu.<\/li>\n<li><strong>Ponadczasowy apel<\/strong>: Dzi\u0119ki wzornictwu, kt\u00f3re wykracza poza trendy, te okulary nadaj\u0105 si\u0119 zar\u00f3wno do wsp\u00f3\u0142czesnych, jak i tradycyjnych wn\u0119trz, dodaj\u0105c klasy ka\u017cdej okazji.<\/li>\n<li><strong>\u0141atwe do czyszczenia<\/strong>: Pomimo skomplikowanej konstrukcji, okulary s\u0105 \u0142atwe do czyszczenia, zachowuj\u0105c sw\u00f3j blask i higien\u0119 przy minimalnym wysi\u0142ku.<\/li>\n<li><strong>Opakowanie gotowe na prezent<\/strong>: Cz\u0119sto s\u0105 dost\u0119pne w pi\u0119knych opakowaniach, dzi\u0119ki czemu idealnie nadaj\u0105 si\u0119 na prezent dla mi\u0142o\u015bnik\u00f3w dobrego picia lub jako wspania\u0142y dodatek do dowolnej kolekcji wyrob\u00f3w szklanych.<\/li>\n<\/ul>\n<\/div>\n<h2><strong>Korzystanie z najwy\u017cszej jako\u015bci kieliszk\u00f3w koktajlowych w stylu vintage<\/strong><\/h2>\n<\/div>\n<\/div>\n<div class=\"mt-1 flex justify-start gap-3 empty:hidden\"><\/div>\n<\/div>\n<div class=\"absolute\">\n<div class=\"flex w-full gap-2 items-center justify-center\">\n<ul>\n<li><strong>Wzmocnienie profili smakowych<\/strong>: Kszta\u0142t i konstrukcja wysokiej jako\u015bci kieliszk\u00f3w koktajlowych w stylu vintage zosta\u0142y zaprojektowane tak, aby podkre\u015bla\u0107 smaki i aromaty zar\u00f3wno klasycznych, jak i wsp\u00f3\u0142czesnych koktajli.<\/li>\n<li><strong>Podnosz\u0105ca na duchu prezentacja<\/strong>: Skomplikowane kroje i klasyczna stylistyka tych kieliszk\u00f3w zapewniaj\u0105 imponuj\u0105c\u0105 prezentacj\u0119 wizualn\u0105, zamieniaj\u0105c ka\u017cdy koktajl w centralny element.<\/li>\n<li><strong>Na specjalne okazje<\/strong>: Dodaj\u0105 uroczysto\u015bciom warstwy wyrafinowania, dzi\u0119ki czemu idealnie nadaj\u0105 si\u0119 na rocznice, oficjalne kolacje i wa\u017cne wydarzenia.<\/li>\n<li><strong>Wszechstronne naczynia do napoj\u00f3w<\/strong>: Nadaje si\u0119 do szerokiej gamy napoj\u00f3w poza koktajlami, w tym mocktaili, aperitif\u00f3w i innych alkoholi, kt\u00f3re wymagaj\u0105 eleganckiej prezentacji.<\/li>\n<li><strong>Zszywki do pr\u0119t\u00f3w domowych<\/strong>: Obowi\u0105zkowy element ka\u017cdego domowego baru, zapewniaj\u0105cy zar\u00f3wno funkcjonalno\u015b\u0107, jak i odrobin\u0119 klasy, kt\u00f3ra mo\u017ce podnie\u015b\u0107 poziom rozrywki w domu.<\/li>\n<li><strong>Przedmiot kolekcjonerski<\/strong>: Dla entuzjast\u00f3w i kolekcjoner\u00f3w wyrob\u00f3w szklanych te okulary s\u0142u\u017c\u0105 jako przedmiot kolekcjonerski, kt\u00f3ry uciele\u015bnia urok i elegancj\u0119 stylu vintage.<\/li>\n<li><strong>Cel prezentu<\/strong>: Stanowi\u0105 przemy\u015blany i luksusowy prezent na wesela, parapet\u00f3wk\u0119 lub ka\u017cd\u0105 okazj\u0119, kt\u00f3ra zas\u0142uguje na toast czym\u015b bardziej wyj\u0105tkowym.<\/li>\n<li><strong>Zastosowanie profesjonalne<\/strong>: Idealny do stosowania w ekskluzywnych barach i restauracjach, gdzie jako\u015b\u0107 i estetyka naczy\u0144 poprawia satysfakcj\u0119 klienta.<\/li>\n<\/ul>\n<p><img fetchpriority=\"high\" decoding=\"async\" class=\"aligncenter wp-image-4127\" src=\"https:\/\/lidaglassware.com\/wp-content\/uploads\/2024\/01\/vintage-cocktail-glasses-5.jpg\" alt=\"zabytkowe kieliszki koktajlowe\" width=\"576\" height=\"500\" srcset=\"https:\/\/lidaglassware.com\/wp-content\/uploads\/2024\/01\/vintage-cocktail-glasses-5.jpg 790w, https:\/\/lidaglassware.com\/wp-content\/uploads\/2024\/01\/vintage-cocktail-glasses-5-300x261.jpg 300w, https:\/\/lidaglassware.com\/wp-content\/uploads\/2024\/01\/vintage-cocktail-glasses-5-768x667.jpg 768w, https:\/\/lidaglassware.com\/wp-content\/uploads\/2024\/01\/vintage-cocktail-glasses-5-14x12.jpg 14w, https:\/\/lidaglassware.com\/wp-content\/uploads\/2024\/01\/vintage-cocktail-glasses-5-600x521.jpg 600w\" sizes=\"(max-width: 576px) 100vw, 576px\" \/><\/p>\n<\/div>\n<h2><strong>Cz\u0119sto zadawane pytania dotycz\u0105ce kieliszk\u00f3w koktajlowych Premium Vintage<\/strong><\/h2>\n<\/div>\n<\/div>\n<\/div>\n<\/div>\n<\/div>\n<\/div>\n<\/div>\n<\/div>\n<\/div>\n<div class=\"w-full pt-2 md:pt-0 dark:border-white\/20 md:border-transparent md:dark:border-transparent md:w-[calc(100%-.5rem)]\">\n<form class=\"stretch mx-2 flex flex-row gap-3 last:mb-2 md:mx-4 md:last:mb-6 lg:mx-auto lg:max-w-2xl xl:max-w-3xl\" action=\"\">\n<div class=\"relative flex h-full flex-1 items-stretch md:flex-col\">\n<div class=\"flex w-full items-center\">\n<p><strong>P: Co sprawia, \u017ce te kieliszki koktajlowe s\u0105 \u201ezabytkowe\u201d?<\/strong> O: Termin \u201evintage\u201d odnosi si\u0119 do klasycznego projektu i estetyki, kt\u00f3re nawi\u0105zuj\u0105 do konkretnej epoki kultury koktajlowej. Nasze kieliszki koktajlowe Premium Vintage charakteryzuj\u0105 si\u0119 ponadczasowymi wzorami i kszta\u0142tami nawi\u0105zuj\u0105cymi do historycznych styl\u00f3w wyrob\u00f3w szklanych.<\/p>\n<p><strong>P: Czy te szklanki mo\u017cna my\u0107 w zmywarce?<\/strong> Odp.: Chocia\u017c s\u0105 trwa\u0142e, zalecamy mycie r\u0119czne tych wysokiej jako\u015bci okular\u00f3w, aby zachowa\u0107 ich przejrzysto\u015b\u0107 i misterne detale.<\/p>\n<p><strong>P: Czy tych szklanek mo\u017cna u\u017cywa\u0107 do codziennego picia?<\/strong> O: Absolutnie. Cho\u0107 s\u0105 eleganckie i idealne na specjalne okazje, to ich solidna konstrukcja sprawia, \u017ce nadaj\u0105 si\u0119 do codziennego u\u017cytku.<\/p>\n<p><strong>P: Ile p\u0142ynu mieszcz\u0105 te szklanki?<\/strong> Odp.: Pojemno\u015b\u0107 r\u00f3\u017cni si\u0119 w zale\u017cno\u015bci od projektu, ale zazwyczaj nasze kieliszki do koktajli w stylu vintage mieszcz\u0105 od 5 do 10 uncji i mieszcz\u0105 szerok\u0105 gam\u0119 koktajli.<\/p>\n<p><strong>P: Jaki jest najlepszy spos\u00f3b czyszczenia i piel\u0119gnacji tych okular\u00f3w?<\/strong> Odp.: Delikatnie umyj r\u0119cznie \u0142agodnym myd\u0142em i letni\u0105 wod\u0105, a nast\u0119pnie wypoleruj mi\u0119kk\u0105 szmatk\u0105, aby zachowa\u0107 blask szk\u0142a.<\/p>\n<p><strong>P: Czy okulary nie zawieraj\u0105 o\u0142owiu?<\/strong> Odp.: Tak, nasze kieliszki koktajlowe Premium Vintage s\u0105 wykonane z materia\u0142\u00f3w niezawieraj\u0105cych o\u0142owiu, co zapewnia bezpiecze\u0144stwo bez uszczerbku dla jako\u015bci i estetyki.<\/p>\n<p><strong>P: Czy te okulary s\u0105 obj\u0119te gwarancj\u0105?<\/strong> Odp.: Dbamy o jako\u015b\u0107 naszych wyrob\u00f3w szklanych i oferujemy gwarancj\u0119 na wady produkcyjne. Szczeg\u00f3\u0142owe informacje mo\u017cna znale\u017a\u0107 w naszej polityce gwarancyjnej.<\/p>\n<p><strong>P: Czy mog\u0119 zam\u00f3wi\u0107 te okulary hurtowo na imprez\u0119 lub jako prezent firmowy?<\/strong> O: Oczywi\u015bcie. Oferujemy mo\u017cliwo\u015b\u0107 zakupu hurtowego i mo\u017cemy om\u00f3wi\u0107 opcje dostosowywania w przypadku wi\u0119kszych zam\u00f3wie\u0144.<\/p>\n<p><strong>P: Czy te kieliszki nadaj\u0105 si\u0119 do serwowania wina lub innych napoj\u00f3w?<\/strong> O: Zaprojektowane z my\u015bl\u0105 o koktajlach, ich wszechstronno\u015b\u0107 sprawia, \u017ce nadaj\u0105 si\u0119 do r\u00f3\u017cnych napoj\u00f3w, w tym wina i napoj\u00f3w bezalkoholowych.<\/p>\n<p><strong>P: Jak pakowane s\u0105 te okulary?<\/strong> Odp.: Ka\u017cdy zestaw okular\u00f3w jest starannie zapakowany w pude\u0142ko ochronne odpowiednie do przechowywania i dawania prezent\u00f3w, co gwarantuje, \u017ce dotr\u0105 w nieskazitelnym stanie.<\/p>\n<\/div>\n<\/div>\n<input type=\"hidden\" name=\"trp-form-language\" value=\"pl\"\/><\/form>\n<\/div>\n<\/div>\n<\/div>\n<\/div>\n<\/div>\n<\/div>\n<\/div>\n<\/div>\n<\/div>\n<div class=\"w-full text-token-text-primary\" data-testid=\"conversation-turn-54\">\n<div class=\"px-4 py-2 justify-center text-base md:gap-6 m-auto\">\n<div class=\"flex flex-1 text-base mx-auto gap-3 md:px-5 lg:px-1 xl:px-5 md:max-w-3xl lg:max-w-[40rem] xl:max-w-[48rem] group final-completion\">\n<div class=\"flex-shrink-0 flex flex-col relative items-end\">\n<div>\n<div class=\"pt-0.5\">\n<div class=\"gizmo-shadow-stroke flex h-6 w-6 items-center justify-center overflow-hidden rounded-full\">\n<div class=\"relative p-1 rounded-sm h-9 w-9 text-white flex items-center justify-center\"><\/div>\n<\/div>\n<\/div>\n<\/div>\n<\/div>\n<\/div>\n<\/div>\n<\/div>","protected":false},"excerpt":{"rendered":"<p>Te kieliszki koktajlowe w stylu vintage maj\u0105 elegancki wygl\u0105d z szerok\u0105 mis\u0105 i solidn\u0105 n\u00f3\u017ck\u0105, idealne do serwowania klasycznych koktajli. Misterny kryszta\u0142owy szlif szk\u0142a dodaje odrobiny wyrafinowania, dzi\u0119ki czemu idealnie nadaj\u0105 si\u0119 na okazje wymagaj\u0105ce odrobiny wspania\u0142o\u015bci. Niezale\u017cnie od tego, czy s\u0142u\u017c\u0105 do serwowania sch\u0142odzonych koktajli, czy te\u017c jako element wyrazisty na stole w jadalni, te kieliszki wnosz\u0105 urok vintage do ka\u017cdego wn\u0119trza.<\/p>","protected":false},"featured_media":4123,"comment_status":"closed","ping_status":"closed","template":"","meta":[],"class_list":["post-4122","product","type-product","status-publish","has-post-thumbnail","hentry","product_cat-cocktail-glasses","product_tag-cocktail-glasses"],"_links":{"self":[{"href":"https:\/\/lidaglassware.com\/pl\/wp-json\/wp\/v2\/product\/4122","targetHints":{"allow":["GET"]}}],"collection":[{"href":"https:\/\/lidaglassware.com\/pl\/wp-json\/wp\/v2\/product"}],"about":[{"href":"https:\/\/lidaglassware.com\/pl\/wp-json\/wp\/v2\/types\/product"}],"replies":[{"embeddable":true,"href":"https:\/\/lidaglassware.com\/pl\/wp-json\/wp\/v2\/comments?post=4122"}],"wp:featuredmedia":[{"embeddable":true,"href":"https:\/\/lidaglassware.com\/pl\/wp-json\/wp\/v2\/media\/4123"}],"wp:attachment":[{"href":"https:\/\/lidaglassware.com\/pl\/wp-json\/wp\/v2\/media?parent=4122"}],"curies":[{"name":"wp","href":"https:\/\/api.w.org\/{rel}","templated":true}]}}