{"id":4147,"date":"2024-01-22T19:11:24","date_gmt":"2024-01-23T03:11:24","guid":{"rendered":"https:\/\/lidaglassware.com\/?post_type=product&#038;p=4147"},"modified":"2024-01-22T19:11:26","modified_gmt":"2024-01-23T03:11:26","slug":"classic-charm-retro-cocktail-glasses","status":"publish","type":"product","link":"https:\/\/lidaglassware.com\/pl\/produkt\/classic-charm-retro-cocktail-glasses\/","title":{"rendered":"Klasyczne, urocze kieliszki koktajlowe w stylu retro | Kolekcja zastawy barowej inspirowana stylem vintage"},"content":{"rendered":"<h2><strong>cechy produktu<\/strong><\/h2>\n<ul>\n<li><strong>Skomplikowane grawerowane detale<\/strong>: Kieliszki koktajlowe Retro maj\u0105 delikatny grawerowany wz\u00f3r wok\u00f3\u0142 kraw\u0119dzi, dodaj\u0105c element wyrafinowania w stylu vintage do prezentacji drink\u00f3w.<\/li>\n<li><strong>Klasyczny rozkloszowany kszta\u0142t<\/strong>: Szk\u0142o ma rozszerzany kszta\u0142t, kt\u00f3ry nie tylko podnosi jego estetyk\u0119, ale tak\u017ce wzmacnia aromat i smak koktajlu.<\/li>\n<li><strong>Elegancki trzonek<\/strong>: Starannie wywa\u017cona n\u00f3\u017cka zapewnia zar\u00f3wno pi\u0119kno, jak i funkcjonalno\u015b\u0107, umo\u017cliwiaj\u0105c trzymanie napoju bez wp\u0142ywu na jego temperatur\u0119.<\/li>\n<li><strong>Solidna podstawa<\/strong>: Zaprojektowana z my\u015bl\u0105 o stabilno\u015bci, solidna podstawa zapobiega przewr\u00f3ceniu si\u0119 i idealnie nadaje si\u0119 do odpoczynku zar\u00f3wno na nowoczesnych, jak i tradycyjnych powierzchniach barowych.<\/li>\n<li><strong>Krystalicznie czyste szk\u0142o<\/strong>: Wykonany z wysokiej jako\u015bci przezroczystego szk\u0142a, ten kieliszek koktajlowy gwarantuje, \u017ce atrakcyjno\u015b\u0107 wizualna koktajli b\u0119dzie zawsze najwa\u017cniejsza.<\/li>\n<li><strong>Wszechstronne zastosowanie<\/strong>: Kieliszek idealnie nadaje si\u0119 do koktajli w stylu retro i klasycznym, ale ponadczasowy design sprawia, \u017ce nadaje si\u0119 do szerokiej gamy napoj\u00f3w.<\/li>\n<li><strong>\u0141atwe do czyszczenia<\/strong>: Szk\u0142o zaprojektowano z my\u015bl\u0105 o \u0142atwej konserwacji, co pozwala na bezproblemowe czyszczenie bez uszczerbku dla misternych szczeg\u00f3\u0142\u00f3w.<\/li>\n<li><strong>Idealna pojemno\u015b\u0107<\/strong>: Dzi\u0119ki du\u017cej obj\u0119to\u015bci ten kieliszek Retro Cocktail ma wymiary umo\u017cliwiaj\u0105ce pomie\u015bci\u0107 szerok\u0105 gam\u0119 koktajli, idealnych zar\u00f3wno do u\u017cytku domowego, jak i profesjonalnego.<\/li>\n<\/ul>\n<p>&nbsp;<\/p>\n<h2><strong>Korzystanie z retro kieliszk\u00f3w koktajlowych<\/strong><\/h2>\n<div class=\"w-full text-token-text-primary\" data-testid=\"conversation-turn-92\">\n<div class=\"px-4 py-2 justify-center text-base md:gap-6 m-auto\">\n<div class=\"flex flex-1 text-base mx-auto gap-3 md:px-5 lg:px-1 xl:px-5 md:max-w-3xl lg:max-w-[40rem] xl:max-w-[48rem] group\">\n<div class=\"relative flex w-full flex-col lg:w-[calc(100%-115px)] agent-turn\">\n<div class=\"flex-col gap-1 md:gap-3\">\n<div class=\"flex flex-grow flex-col max-w-full\">\n<div class=\"min-h-[20px] text-message flex flex-col items-start gap-3 whitespace-pre-wrap break-words [.text-message+&amp;]:mt-5 overflow-x-auto\" data-message-author-role=\"assistant\" data-message-id=\"f29ae0ba-d3a9-4208-ac12-514fe0a6b9de\">\n<div class=\"markdown prose w-full break-words dark:prose-invert light\">\n<div class=\"flex-1 overflow-hidden\">\n<div class=\"react-scroll-to-bottom--css-koznw-79elbk h-full\">\n<div class=\"react-scroll-to-bottom--css-koznw-1n7m0yu\">\n<div class=\"flex flex-col pb-9 text-sm\">\n<div class=\"w-full text-token-text-primary\" data-testid=\"conversation-turn-94\">\n<div class=\"px-4 py-2 justify-center text-base md:gap-6 m-auto\">\n<div class=\"flex flex-1 text-base mx-auto gap-3 md:px-5 lg:px-1 xl:px-5 md:max-w-3xl lg:max-w-[40rem] xl:max-w-[48rem] group final-completion\">\n<div class=\"relative flex w-full flex-col lg:w-[calc(100%-115px)] agent-turn\">\n<div class=\"flex-col gap-1 md:gap-3\">\n<div class=\"flex flex-grow flex-col max-w-full\">\n<div class=\"min-h-[20px] text-message flex flex-col items-start gap-3 whitespace-pre-wrap break-words [.text-message+&amp;]:mt-5 overflow-x-auto\" data-message-author-role=\"assistant\" data-message-id=\"17d65db4-313f-4153-a057-815b0ade2107\">\n<div class=\"markdown prose w-full break-words dark:prose-invert light\">\n<ul>\n<li><strong>Tworzenie koktajli<\/strong>: Te kieliszki koktajlowe w stylu retro s\u0105 idealne do tworzenia i serwowania r\u00f3\u017cnorodnych koktajli, od ponadczasowych klasyk\u00f3w po nowoczesne mikstury.<\/li>\n<li><strong>Wydarzenia tematyczne<\/strong>: Ich design w stylu vintage sprawia, \u017ce s\u0105 idealnym wyborem na imprezy tematyczne, szczeg\u00f3lnie te, kt\u00f3rych celem jest atmosfera retro lub spikerska.<\/li>\n<li><strong>Wy\u015bwietlacz i wystr\u00f3j<\/strong>: Opr\u00f3cz serwowania napoj\u00f3w, mo\u017cna je wykorzysta\u0107 jako cz\u0119\u015b\u0107 wystroju domu, dodaj\u0105c odrobin\u0119 elegancji retro do ka\u017cdej przestrzeni.<\/li>\n<li><strong>Degustowanie i delektowanie si\u0119<\/strong>: Kszta\u0142t kieliszk\u00f3w zosta\u0142 zaprojektowany tak, aby uwydatni\u0107 aromat i smak napoj\u00f3w spirytusowych i napoj\u00f3w mieszanych, zapewniaj\u0105c doskona\u0142e doznania smakowe.<\/li>\n<li><strong>Rozdawanie prezent\u00f3w<\/strong>: Zestaw retro kieliszk\u00f3w koktajlowych to przemy\u015blany i stylowy prezent dla przyjaci\u00f3\u0142, rodziny lub ka\u017cdego, kto ceni sztuk\u0119 miksologii.<\/li>\n<li><strong>Kolekcje barowe<\/strong>: Dla w\u0142a\u015bcicieli bar\u00f3w i entuzjast\u00f3w bar\u00f3w domowych te szklanki s\u0105 obowi\u0105zkowym dodatkiem do ka\u017cdej kolekcji wyrob\u00f3w szklanych, oferuj\u0105cym zar\u00f3wno styl, jak i funkcjonalno\u015b\u0107.<\/li>\n<li><strong>Fotografia<\/strong>: S\u0105 to fotogeniczne elementy, kt\u00f3re mog\u0105 poprawi\u0107 estetyk\u0119 fotografii napoj\u00f3w, idealne dla profesjonalist\u00f3w i entuzjast\u00f3w medi\u00f3w spo\u0142eczno\u015bciowych.<\/li>\n<li><strong>Specjalne okazje<\/strong>: U\u017cyj tych okular\u00f3w, aby doda\u0107 wyrafinowanego akcentu uroczysto\u015bciom, takim jak rocznice, urodziny z okazji wa\u017cnego wydarzenia lub dowolnej okazji wymagaj\u0105cej toastu.<\/li>\n<\/ul>\n<\/div>\n<\/div>\n<\/div>\n<div class=\"mt-1 flex justify-start gap-3 empty:hidden\"><\/div>\n<\/div>\n<\/div>\n<\/div>\n<\/div>\n<\/div>\n<\/div>\n<\/div>\n<\/div>\n<\/div>\n<p>&nbsp;<\/p>\n<\/div>\n<\/div>\n<\/div>\n<\/div>\n<\/div>\n<\/div>\n<\/div>\n<\/div>\n<h2><strong>Cz\u0119sto zadawane pytania dotycz\u0105ce kieliszk\u00f3w koktajlowych w stylu retro<\/strong><\/h2>\n<div class=\"w-full text-token-text-primary\" data-testid=\"conversation-turn-92\">\n<div class=\"px-4 py-2 justify-center text-base md:gap-6 m-auto\">\n<div class=\"flex flex-1 text-base mx-auto gap-3 md:px-5 lg:px-1 xl:px-5 md:max-w-3xl lg:max-w-[40rem] xl:max-w-[48rem] group\">\n<div class=\"relative flex w-full flex-col lg:w-[calc(100%-115px)] agent-turn\">\n<div class=\"flex-col gap-1 md:gap-3\">\n<div class=\"flex flex-grow flex-col max-w-full\">\n<div class=\"min-h-[20px] text-message flex flex-col items-start gap-3 whitespace-pre-wrap break-words [.text-message+&amp;]:mt-5 overflow-x-auto\" data-message-author-role=\"assistant\" data-message-id=\"f29ae0ba-d3a9-4208-ac12-514fe0a6b9de\">\n<div class=\"markdown prose w-full break-words dark:prose-invert light\">\n<p><strong>P: Co definiuje styl tych kieliszk\u00f3w koktajlowych w stylu retro?<\/strong> Odp.: Te okulary charakteryzuj\u0105 si\u0119 designem w stylu vintage, obejmuj\u0105cym klasyczne kszta\u0142ty i skomplikowane wzory nawi\u0105zuj\u0105ce do minionych epok, idealne dla tych, kt\u00f3rzy ceni\u0105 nostalgi\u0119 i wyrafinowanie estetyki retro.<\/p>\n<p><strong>P: Czy tych kieliszk\u00f3w koktajlowych Retro mo\u017cna u\u017cywa\u0107 do dowolnego rodzaju napoju?<\/strong> Odp.: Tak, cho\u0107 idealnie nadaj\u0105 si\u0119 do koktajli, ich uniwersalna konstrukcja sprawia, \u017ce nadaj\u0105 si\u0119 do serwowania r\u00f3\u017cnorodnych napoj\u00f3w, w tym alkoholi wysokoprocentowych, aperitif\u00f3w i mieszanek bezalkoholowych.<\/p>\n<p><strong>P: Czy kieliszki koktajlowe Retro mo\u017cna my\u0107 w zmywarce?<\/strong> Odp.: Aby zachowa\u0107 integralno\u015b\u0107 skomplikowanych wzor\u00f3w, zalecamy mycie tych szklanek r\u0119cznie.<\/p>\n<p><strong>P: Jaka jest pojemno\u015b\u0107 tych okular\u00f3w?<\/strong> Odp.: Pojemno\u015b\u0107 mo\u017ce si\u0119 r\u00f3\u017cni\u0107 w zale\u017cno\u015bci od projektu, ale zazwyczaj nasze kieliszki do koktajli Retro mieszcz\u0105 od 4 do 6 uncji i mieszcz\u0105 si\u0119 w standardowych przepisach na koktajle.<\/p>\n<p><strong>P: Czy okulary s\u0105 trwa\u0142e przy regularnym u\u017cytkowaniu?<\/strong> Odp.: Absolutnie nasze kieliszki koktajlowe w stylu retro s\u0105 wykonane z wysokiej jako\u015bci materia\u0142\u00f3w zaprojektowanych tak, aby wytrzymywa\u0142y regularne u\u017cytkowanie, zachowuj\u0105c jednocze\u015bnie elegancki wygl\u0105d.<\/p>\n<p><strong>P: Czy okulary s\u0105 obj\u0119te gwarancj\u0105?<\/strong> Odp.: Oferujemy standardow\u0105 gwarancj\u0119 obejmuj\u0105c\u0105 wszelkie wady producenta. Wi\u0119cej szczeg\u00f3\u0142\u00f3w mo\u017cna znale\u017a\u0107 w naszej polityce gwarancyjnej.<\/p>\n<p><strong>P: Jak powinienem dba\u0107 o kieliszki koktajlowe w stylu retro, aby wygl\u0105da\u0142y jak najlepiej?<\/strong> Odp.: Zaleca si\u0119 delikatne mycie r\u0105k nierysuj\u0105c\u0105 g\u0105bk\u0105 i \u0142agodnym detergentem. Wytrzyj je mi\u0119kk\u0105 szmatk\u0105, aby zapobiec powstawaniu plam wodnych i zachowa\u0107 po\u0142ysk.<\/p>\n<p><strong>P: Czy materia\u0142 szklany nie zawiera o\u0142owiu?<\/strong> Odp.: Tak, nasze kieliszki koktajlowe Retro s\u0105 wykonane ze szk\u0142a bezo\u0142owiowego, dzi\u0119ki czemu s\u0105 bezpieczne w codziennym u\u017cytkowaniu.<\/p>\n<p><strong>P: Czy wygrawerowane wzory na okularach znikn\u0105 z czasem?<\/strong> Odp.: Grawerunki s\u0105 wyryte w szkle i przy odpowiedniej piel\u0119gnacji zachowuj\u0105 swoje szczeg\u00f3\u0142y.<\/p>\n<p><strong>P: Czy te okulary s\u0105 dost\u0119pne w sprzeda\u017cy hurtowej lub hurtowej?<\/strong> Odp.: Tak, oferujemy opcje zakup\u00f3w zbiorczych dla wydarze\u0144, restauracji i sprzedawc\u00f3w detalicznych. Skontaktuj si\u0119 z nami, aby uzyska\u0107 ceny hurtowe i informacje.<\/p>\n<\/div>\n<\/div>\n<\/div>\n<\/div>\n<\/div>\n<\/div>\n<\/div>\n<\/div>","protected":false},"excerpt":{"rendered":"<p>Kieliszek koktajlowy w stylu retro, pi\u0119knie wykonany element, kt\u00f3ry wnosi odrobin\u0119 wyrafinowania do ka\u017cdego domowego baru.<\/p>\n<p>Szk\u0142o to charakteryzuje si\u0119 unikalnym grawerowanym wzorem otaczaj\u0105cym kraw\u0119d\u017a, zapewniaj\u0105c styl vintage z nut\u0105 nowoczesnego artyzmu. Szk\u0142o stoi elegancko na eleganckiej n\u00f3\u017cce ze stabiln\u0105 podstaw\u0105, dzi\u0119ki czemu nie tylko przyjemnie jest go ogl\u0105da\u0107, ale tak\u017ce u\u017cywa\u0107.<\/p>\n<p>Przezroczysty materia\u0142 eksponuje znajduj\u0105cy si\u0119 w \u015brodku koktajl, co czyni go idealnym wyborem dla tych, kt\u00f3rzy ceni\u0105 sobie atrakcyjno\u015b\u0107 wizualn\u0105 swoich napoj\u00f3w. Idealny do popijania ulubionych napoj\u00f3w mieszanych, ten kieliszek koktajlowy \u0142\u0105czy ponadczasowy design ze wsp\u00f3\u0142czesn\u0105 elegancj\u0105.<\/p>","protected":false},"featured_media":4150,"comment_status":"closed","ping_status":"closed","template":"","meta":[],"class_list":["post-4147","product","type-product","status-publish","has-post-thumbnail","hentry","product_cat-cocktail-glasses","product_tag-cocktail-glasses"],"_links":{"self":[{"href":"https:\/\/lidaglassware.com\/pl\/wp-json\/wp\/v2\/product\/4147","targetHints":{"allow":["GET"]}}],"collection":[{"href":"https:\/\/lidaglassware.com\/pl\/wp-json\/wp\/v2\/product"}],"about":[{"href":"https:\/\/lidaglassware.com\/pl\/wp-json\/wp\/v2\/types\/product"}],"replies":[{"embeddable":true,"href":"https:\/\/lidaglassware.com\/pl\/wp-json\/wp\/v2\/comments?post=4147"}],"wp:featuredmedia":[{"embeddable":true,"href":"https:\/\/lidaglassware.com\/pl\/wp-json\/wp\/v2\/media\/4150"}],"wp:attachment":[{"href":"https:\/\/lidaglassware.com\/pl\/wp-json\/wp\/v2\/media?parent=4147"}],"curies":[{"name":"wp","href":"https:\/\/api.w.org\/{rel}","templated":true}]}}