{"id":4621,"date":"2024-03-11T23:41:23","date_gmt":"2024-03-12T07:41:23","guid":{"rendered":"https:\/\/lidaglassware.com\/?post_type=product&#038;p=4621"},"modified":"2024-03-11T23:59:53","modified_gmt":"2024-03-12T07:59:53","slug":"elegant-crystal-whiskey-tumbler-glasses","status":"publish","type":"product","link":"https:\/\/lidaglassware.com\/pl\/produkt\/elegant-crystal-whiskey-tumbler-glasses\/","title":{"rendered":"Eleganckie kryszta\u0142owe kieliszki do whisky \u2013 wyrafinowany design z ci\u0119tego szk\u0142a do alkoholi premium"},"content":{"rendered":"<div class=\"w-full text-token-text-primary\" data-testid=\"conversation-turn-7\">\n<div class=\"px-4 py-2 justify-center text-base md:gap-6 m-auto\">\n<div class=\"flex flex-1 text-base mx-auto gap-3 md:px-5 lg:px-1 xl:px-5 md:max-w-3xl lg:max-w-[40rem] xl:max-w-[48rem] group final-completion\">\n<div class=\"relative flex w-full flex-col agent-turn\">\n<div class=\"flex-col gap-1 md:gap-3\">\n<div class=\"flex flex-grow flex-col max-w-full\">\n<div class=\"min-h-[20px] text-message flex flex-col items-start gap-3 whitespace-pre-wrap break-words [.text-message+&amp;]:mt-5 overflow-x-auto\" data-message-author-role=\"assistant\" data-message-id=\"9e7dfef1-73df-4be7-952f-24ba7d0f0568\">\n<div class=\"markdown prose w-full break-words dark:prose-invert light\">\n<div class=\"flex-1 overflow-hidden\">\n<div class=\"react-scroll-to-bottom--css-giasf-79elbk h-full\">\n<div class=\"react-scroll-to-bottom--css-giasf-1n7m0yu\">\n<div class=\"flex flex-col text-sm pb-9\">\n<div class=\"w-full text-token-text-primary\" data-testid=\"conversation-turn-13\">\n<div class=\"px-4 py-2 justify-center text-base md:gap-6 m-auto\">\n<div class=\"flex flex-1 text-base mx-auto gap-3 md:px-5 lg:px-1 xl:px-5 md:max-w-3xl lg:max-w-[40rem] xl:max-w-[48rem] group final-completion\">\n<div class=\"relative flex w-full flex-col agent-turn\">\n<div class=\"flex-col gap-1 md:gap-3\">\n<div class=\"flex flex-grow flex-col max-w-full\">\n<div class=\"min-h-[20px] text-message flex flex-col items-start gap-3 whitespace-pre-wrap break-words [.text-message+&amp;]:mt-5 overflow-x-auto\" data-message-author-role=\"assistant\" data-message-id=\"c830d6ad-ea0a-469a-83c1-902f8ce9498f\">\n<div class=\"markdown prose w-full break-words dark:prose-invert light\">\n<p><strong>Cechy produktu:<\/strong><\/p>\n<ol>\n<li><strong>Elegancki kryszta\u0142owy design:<\/strong> Ten szklany kubek do whisky ma elegancki, wyrafinowany wz\u00f3r szlifowanego szk\u0142a, kt\u00f3ry doda odrobin\u0119 luksusu i wyrafinowania do Twojego picia. Idealne do delektowania si\u0119 ulubionymi alkoholami premium.<\/li>\n<li><strong>Kryszta\u0142 najwy\u017cszej jako\u015bci:<\/strong> Wykonany z wysokiej jako\u015bci kryszta\u0142u, ten szklany kubek zapewnia wyj\u0105tkow\u0105 przejrzysto\u015b\u0107 i blask, ukazuj\u0105c prawdziwy kolor i konsystencj\u0119 Twojej whisky, bourbona lub szkockiej.<\/li>\n<li><strong>Trwa\u0142e i wytrzyma\u0142e:<\/strong> Dzi\u0119ki grubemu, obci\u0105\u017conemu dnie szk\u0142o zapewnia stabilny i wygodny chwyt, zmniejszaj\u0105c ryzyko rozlania i zwi\u0119kszaj\u0105c og\u00f3ln\u0105 przyjemno\u015b\u0107 z picia napoju.<\/li>\n<li><strong>Wszechstronne zastosowanie:<\/strong> Idealny do serwowania whisky, szkockiej, bourbona lub innego dobrego trunku, ten kubek jest wszechstronnym dodatkiem do Twojej kolekcji zastawy barowej, odpowiednim zar\u00f3wno na nieformalne, jak i oficjalne okazje.<\/li>\n<li><strong>Idealny pomys\u0142 na prezent:<\/strong> Stanowi doskona\u0142y prezent dla mi\u0142o\u015bnik\u00f3w whisky, przyjaci\u00f3\u0142, rodziny lub wsp\u00f3\u0142pracownik\u00f3w. Idealnie sprawdzi si\u0119 na urodziny, wesele, rocznic\u0119 lub inn\u0105 wyj\u0105tkow\u0105 okazj\u0119.<\/li>\n<li><strong>Optymalny rozmiar:<\/strong> Zaprojektowany, aby pomie\u015bci\u0107 idealn\u0105 ilo\u015b\u0107 wybranego alkoholu, z lodem lub bez, poprawiaj\u0105c smak i aromat napoju, zapewniaj\u0105c niezr\u00f3wnane doznania smakowe.<\/li>\n<li><strong>\u0141atwe do czyszczenia:<\/strong> Ten szklany kubek jest \u0142atwy w utrzymaniu i czyszczeniu, dzi\u0119ki czemu b\u0119dzie l\u015bni\u0142 i zachwyca\u0142 przez wiele lat. Aby zachowa\u0107 jako\u015b\u0107 i po\u0142ysk, zaleca si\u0119 mycie r\u0119czne.<\/li>\n<li><strong>Wyj\u0105tkowy wygl\u0105d estetyczny:<\/strong> Misterny design i b\u0142yszcz\u0105cy kryszta\u0142 tworz\u0105 osza\u0142amiaj\u0105cy efekt wizualny, dodaj\u0105c elegancji i stylu Twojemu domowemu barowi lub napojowi.<\/li>\n<li><strong>Bezpieczne opakowanie:<\/strong> Jest dostarczany w bezpiecznym, ochronnym opakowaniu, dzi\u0119ki czemu masz pewno\u015b\u0107, \u017ce dotrze do Twoich drzwi w stanie nienaruszonym i gotowym do u\u017cycia.<\/li>\n<li><strong>Gwarancja satysfakcji klienta:<\/strong> Zale\u017cy nam na Twoim zadowoleniu i stoimy za jako\u015bci\u0105 naszych produkt\u00f3w. Je\u015bli nie jeste\u015b w pe\u0142ni usatysfakcjonowany, oferujemy gwarancj\u0119 satysfakcji klienta, zapewniaj\u0105c\u0105 spok\u00f3j ducha.<\/li>\n<\/ol>\n<\/div>\n<\/div>\n<\/div>\n<\/div>\n<\/div>\n<\/div>\n<\/div>\n<\/div>\n<\/div>\n<\/div>\n<\/div>\n<\/div>\n<p>&nbsp;<\/p>\n<\/div>\n<p><strong>Jakie whisky nadaj\u0105 si\u0119 do u\u017cycia w szkle do whisky \/ godz<\/strong><strong>Ighball Glass?<\/strong><\/p>\n<p>Mieszana whisky<\/p>\n<p><strong>Dlaczego?<\/strong><\/p>\n<p>Szklanka Highball jest wysoka i prosta, dzi\u0119ki czemu idealnie nadaje si\u0119 do napoj\u00f3w mieszanych, kt\u00f3re zwykle przygotowywane s\u0105 z blendowanej whisky. Wysoko\u015b\u0107 kieliszka pozwala na zr\u00f3wnowa\u017con\u0105 mieszank\u0119 whisky, lodu i mikser\u00f3w, umo\u017cliwiaj\u0105c subtelne smaki blendowanej whisky p\u0142ynnie integruj\u0105c si\u0119 z innymi sk\u0142adnikami, tworz\u0105c orze\u017awiaj\u0105cy nap\u00f3j bez przyt\u0142aczania charakteru whisky.<\/p>\n<p>Ten kieliszek do whisky w stylu vintage ma wygrawerowane wzory, dzi\u0119ki kt\u00f3rym ka\u017cdy nap\u00f3j b\u0119dzie elegancki i \u0142adny.<\/p>\n<\/div>\n<\/div>\n<div class=\"mt-1 flex justify-start gap-3 empty:hidden\"><img fetchpriority=\"high\" decoding=\"async\" class=\"aligncenter wp-image-4624\" src=\"https:\/\/lidaglassware.com\/wp-content\/uploads\/2024\/03\/Elegant-Crystal-Whiskey-Tumbler-Glasses-3.jpg\" alt=\"Eleganckie kryszta\u0142owe kieliszki do whisky\" width=\"459\" height=\"400\" srcset=\"https:\/\/lidaglassware.com\/wp-content\/uploads\/2024\/03\/Elegant-Crystal-Whiskey-Tumbler-Glasses-3.jpg 750w, https:\/\/lidaglassware.com\/wp-content\/uploads\/2024\/03\/Elegant-Crystal-Whiskey-Tumbler-Glasses-3-300x262.jpg 300w, https:\/\/lidaglassware.com\/wp-content\/uploads\/2024\/03\/Elegant-Crystal-Whiskey-Tumbler-Glasses-3-14x12.jpg 14w, https:\/\/lidaglassware.com\/wp-content\/uploads\/2024\/03\/Elegant-Crystal-Whiskey-Tumbler-Glasses-3-600x523.jpg 600w\" sizes=\"(max-width: 459px) 100vw, 459px\" \/><\/div>\n<\/div>\n<div class=\"absolute\">\n<div class=\"flex w-full gap-2 items-center justify-center\"><\/div>\n<\/div>\n<\/div>\n<\/div>\n<\/div>\n<\/div>\n<div class=\"mx-auto\">\n<div>\n<div class=\"mx-auto mt-2 inline-flex rounded-xl border border-gray-100 dark:border-gray-700\"><\/div>\n<\/div>\n<\/div>","protected":false},"excerpt":{"rendered":"<div class=\"w-full text-token-text-primary\" data-testid=\"conversation-turn-9\">\n<div class=\"px-4 py-2 justify-center text-base md:gap-6 m-auto\">\n<div class=\"flex flex-1 text-base mx-auto gap-3 md:px-5 lg:px-1 xl:px-5 md:max-w-3xl lg:max-w-[40rem] xl:max-w-[48rem] group\">\n<div class=\"relative flex w-full flex-col agent-turn\">\n<div class=\"flex-col gap-1 md:gap-3\">\n<div class=\"flex flex-grow flex-col max-w-full\">\n<div class=\"min-h-[20px] text-message flex flex-col items-start gap-3 whitespace-pre-wrap break-words [.text-message+&amp;]:mt-5 overflow-x-auto\" data-message-author-role=\"assistant\" data-message-id=\"d47d6b18-1cbe-4b1f-9f5e-99593617b313\">\n<div class=\"markdown prose w-full break-words dark:prose-invert light\">\n<p>Szklanka z kryszta\u0142owego szk\u0142a, specjalnie zaprojektowana do delektowania si\u0119 mocnymi alkoholami, takimi jak whisky. Ten rodzaj szk\u0142a znany jest z grubego dna i solidnej konstrukcji, dzi\u0119ki czemu idealnie nadaje si\u0119 do popijania whisky zar\u00f3wno czystej, jak i na ska\u0142ach.<\/p>\n<p>Skomplikowany wz\u00f3r szlifowanego szk\u0142a w dolnej po\u0142owie dodaje odrobin\u0119 wyrafinowania i elegancji, poprawiaj\u0105c og\u00f3lne wra\u017cenia z picia, odbijaj\u0105c \u015bwiat\u0142o i podkre\u015blaj\u0105c bogate kolory trunku. Przezroczysty, wysokiej jako\u015bci kryszta\u0142 pozwala pij\u0105cemu doceni\u0107 prawdziwy kolor i lepko\u015b\u0107 whisky.<\/p>\n<p>Szk\u0142o to jest powszechnie u\u017cywane w r\u00f3\u017cnych sytuacjach, od codziennych spotka\u0144 po bardziej oficjalne okazje, ze wzgl\u0119du na jego klasyczny i wszechstronny design.<\/p>\n<\/div>\n<\/div>\n<\/div>\n<\/div>\n<\/div>\n<\/div>\n<\/div>\n<\/div>","protected":false},"featured_media":4625,"comment_status":"closed","ping_status":"closed","template":"","meta":[],"class_list":["post-4621","product","type-product","status-publish","has-post-thumbnail","hentry","product_cat-tumbler-glasses","product_tag-glass-tumbler","product_tag-whiskey-glass"],"_links":{"self":[{"href":"https:\/\/lidaglassware.com\/pl\/wp-json\/wp\/v2\/product\/4621","targetHints":{"allow":["GET"]}}],"collection":[{"href":"https:\/\/lidaglassware.com\/pl\/wp-json\/wp\/v2\/product"}],"about":[{"href":"https:\/\/lidaglassware.com\/pl\/wp-json\/wp\/v2\/types\/product"}],"replies":[{"embeddable":true,"href":"https:\/\/lidaglassware.com\/pl\/wp-json\/wp\/v2\/comments?post=4621"}],"wp:featuredmedia":[{"embeddable":true,"href":"https:\/\/lidaglassware.com\/pl\/wp-json\/wp\/v2\/media\/4625"}],"wp:attachment":[{"href":"https:\/\/lidaglassware.com\/pl\/wp-json\/wp\/v2\/media?parent=4621"}],"curies":[{"name":"wp","href":"https:\/\/api.w.org\/{rel}","templated":true}]}}