{"id":678,"date":"2021-01-10T18:26:12","date_gmt":"2021-01-11T02:26:12","guid":{"rendered":"https:\/\/lidaglassware.com\/?post_type=product&#038;p=678"},"modified":"2021-01-10T18:26:13","modified_gmt":"2021-01-11T02:26:13","slug":"pilsner-glass-350ml","status":"publish","type":"product","link":"https:\/\/lidaglassware.com\/pl\/produkt\/pilsner-glass-350ml\/","title":{"rendered":"Szklanka Pilsnera 350ml"},"content":{"rendered":"<p>\u2022 Szk\u0142o Pilsnera<br \/>\n\u2022 Pojemno\u015b\u0107: 350ml<br \/>\n\u2022 Materia\u0142: szk\u0142o sodowo-wapniowe<br \/>\n\u2022 Idealne do serwowania piw typu ale i lager<br \/>\n\u2022 Klasyczny design<br \/>\n\u2022 Idealny do u\u017cytku komercyjnego<br \/>\n\u2022 Mo\u017cna my\u0107 w zmywarce<\/p>","protected":false},"excerpt":{"rendered":"<p><span class=\"text-dst hl\">To projekt wysokiej jako\u015bci szk\u0142a, doskonale nadaj\u0105cego si\u0119 do serwowania piwa typu lager i ale.\u00a0<\/span><span class=\"text-dst\">Z pewno\u015bci\u0105 wprawi\u0105 w dobry nastr\u00f3j piwoszy. <\/span><span class=\"text-dst\">Kszta\u0142t i krzywizna b\u0119d\u0105 najlepiej odzwierciedla\u0107 smak piwa.<\/span><\/p>","protected":false},"featured_media":621,"comment_status":"open","ping_status":"closed","template":"","meta":[],"class_list":["post-678","product","type-product","status-publish","has-post-thumbnail","hentry","product_cat-beer-glasses","product_tag-beer-glass","product_tag-pilsner-glass"],"_links":{"self":[{"href":"https:\/\/lidaglassware.com\/pl\/wp-json\/wp\/v2\/product\/678","targetHints":{"allow":["GET"]}}],"collection":[{"href":"https:\/\/lidaglassware.com\/pl\/wp-json\/wp\/v2\/product"}],"about":[{"href":"https:\/\/lidaglassware.com\/pl\/wp-json\/wp\/v2\/types\/product"}],"replies":[{"embeddable":true,"href":"https:\/\/lidaglassware.com\/pl\/wp-json\/wp\/v2\/comments?post=678"}],"wp:featuredmedia":[{"embeddable":true,"href":"https:\/\/lidaglassware.com\/pl\/wp-json\/wp\/v2\/media\/621"}],"wp:attachment":[{"href":"https:\/\/lidaglassware.com\/pl\/wp-json\/wp\/v2\/media?parent=678"}],"curies":[{"name":"wp","href":"https:\/\/api.w.org\/{rel}","templated":true}]}}