{"id":756,"date":"2021-05-31T01:29:55","date_gmt":"2021-05-31T09:29:55","guid":{"rendered":"https:\/\/lidaglassware.com\/?post_type=product&#038;p=756"},"modified":"2021-05-31T01:29:56","modified_gmt":"2021-05-31T09:29:56","slug":"coca-cola-can-glass-12oz-and-16oz","status":"publish","type":"product","link":"https:\/\/lidaglassware.com\/pl\/produkt\/coca-cola-can-glass-12oz-and-16oz\/","title":{"rendered":"Szklanka do puszek Coca-Coli 12 uncji i 16 uncji"},"content":{"rendered":"<p>Istniej\u0105 dwa tomy, ma\u0142y 12 uncji i du\u017cy 16 uncji. A przy najbardziej podobnym kszta\u0142cie mo\u017cesz wybiera\u0107 spo\u015br\u00f3d dw\u00f3ch r\u00f3\u017cnych materia\u0142\u00f3w: szk\u0142a sodowo-wapniowego lub szk\u0142a borokrzemianowego. Te dwie opcje mo\u017cna wybra\u0107 w zale\u017cno\u015bci od r\u00f3\u017cnych potrzeb ilo\u015bciowych.<\/p>\n<p>Ta szklanka do picia ma unikalny kszta\u0142t \u201epuszki Coca-Coli\u201d, kt\u00f3ra jest produkowana w Chinach. Posiadaj\u0105 spersonalizowane logo i inne dekoracje, takie jak r\u00f3\u017cne kolory.<\/p>\n<p>Wi\u0119cej opcji dekoracji w celach informacyjnych.<\/p>","protected":false},"excerpt":{"rendered":"<p>Szklanka \u201eCoca-Cola Can\u201d \u2013 Najlepszy wyb\u00f3r do promocji marki firmy.<\/p>","protected":false},"featured_media":762,"comment_status":"open","ping_status":"closed","template":"","meta":[],"class_list":["post-756","product","type-product","status-publish","has-post-thumbnail","hentry","product_cat-tumbler-glasses","product_tag-coca-cola-can-glass","product_tag-glassware"],"_links":{"self":[{"href":"https:\/\/lidaglassware.com\/pl\/wp-json\/wp\/v2\/product\/756","targetHints":{"allow":["GET"]}}],"collection":[{"href":"https:\/\/lidaglassware.com\/pl\/wp-json\/wp\/v2\/product"}],"about":[{"href":"https:\/\/lidaglassware.com\/pl\/wp-json\/wp\/v2\/types\/product"}],"replies":[{"embeddable":true,"href":"https:\/\/lidaglassware.com\/pl\/wp-json\/wp\/v2\/comments?post=756"}],"wp:featuredmedia":[{"embeddable":true,"href":"https:\/\/lidaglassware.com\/pl\/wp-json\/wp\/v2\/media\/762"}],"wp:attachment":[{"href":"https:\/\/lidaglassware.com\/pl\/wp-json\/wp\/v2\/media?parent=756"}],"curies":[{"name":"wp","href":"https:\/\/api.w.org\/{rel}","templated":true}]}}