{"id":801,"date":"2021-05-31T04:39:16","date_gmt":"2021-05-31T12:39:16","guid":{"rendered":"https:\/\/lidaglassware.com\/?post_type=product&#038;p=801"},"modified":"2021-05-31T04:39:16","modified_gmt":"2021-05-31T12:39:16","slug":"guinness-brew-tulip-pint-glass","status":"publish","type":"product","link":"https:\/\/lidaglassware.com\/pl\/produkt\/guinness-brew-tulip-pint-glass\/","title":{"rendered":"Szklanka do piwa Guinness Tulip Pint"},"content":{"rendered":"<p>Ten kieliszek do tulipana jest wykonany maszynowo i ma pojemno\u015b\u0107 19,5 uncji. Nadaje si\u0119 do picia piwa ale i lagera.<\/p>\n<p>Marki niestandardowe to najlepszy wyb\u00f3r do promocji firmy.<\/p>","protected":false},"excerpt":{"rendered":"<p>Wypij wszystkie wina z tym eleganckim kuflem!<\/p>","protected":false},"featured_media":804,"comment_status":"open","ping_status":"closed","template":"","meta":[],"class_list":["post-801","product","type-product","status-publish","has-post-thumbnail","hentry","product_cat-beer-glasses","product_tag-beer-glass","product_tag-glassware","product_tag-promotional-glassware"],"_links":{"self":[{"href":"https:\/\/lidaglassware.com\/pl\/wp-json\/wp\/v2\/product\/801","targetHints":{"allow":["GET"]}}],"collection":[{"href":"https:\/\/lidaglassware.com\/pl\/wp-json\/wp\/v2\/product"}],"about":[{"href":"https:\/\/lidaglassware.com\/pl\/wp-json\/wp\/v2\/types\/product"}],"replies":[{"embeddable":true,"href":"https:\/\/lidaglassware.com\/pl\/wp-json\/wp\/v2\/comments?post=801"}],"wp:featuredmedia":[{"embeddable":true,"href":"https:\/\/lidaglassware.com\/pl\/wp-json\/wp\/v2\/media\/804"}],"wp:attachment":[{"href":"https:\/\/lidaglassware.com\/pl\/wp-json\/wp\/v2\/media?parent=801"}],"curies":[{"name":"wp","href":"https:\/\/api.w.org\/{rel}","templated":true}]}}