{"id":843,"date":"2021-07-12T17:37:28","date_gmt":"2021-07-13T01:37:28","guid":{"rendered":"https:\/\/lidaglassware.com\/?post_type=product&#038;p=843"},"modified":"2024-01-15T20:50:10","modified_gmt":"2024-01-16T04:50:10","slug":"stemless-wine-glasses-17-ounce","status":"publish","type":"product","link":"https:\/\/lidaglassware.com\/pl\/produkt\/stemless-wine-glasses-17-ounce\/","title":{"rendered":"Kieliszki do wina bez n\u00f3\u017cki \u2013 17 uncji"},"content":{"rendered":"<p><strong>Kieliszki do wina bez n\u00f3\u017cek<\/strong> zrewolucjonizowa\u0142y \u015bwiat <strong>wyroby szklane<\/strong>. Te awangardowe naczynia, pozbawione tradycyjnej n\u00f3\u017cki, oferuj\u0105 wsp\u00f3\u0142czesn\u0105 estetyk\u0119, kt\u00f3ra p\u0142ynnie integruje si\u0119 z nowoczesnymi nakryciami sto\u0142owymi. Podczas gdy niekt\u00f3rzy pury\u015bci twierdz\u0105, \u017ce n\u00f3\u017cka pe\u0142ni funkcj\u0119 funkcjonaln\u0105, umo\u017cliwiaj\u0105c pij\u0105cemu trzymanie kieliszka bez podgrzewania wina, inni doceniaj\u0105 stabilno\u015b\u0107 i ergonomiczny kszta\u0142t wersji bez n\u00f3\u017cki.<\/p>\n<p>Ponadto brak trzonka przek\u0142ada si\u0119 na zwi\u0119kszon\u0105 trwa\u0142o\u015b\u0107. Okulary te s\u0105 mniej podatne na st\u0142uczenie, co zapewnia d\u0142ugowieczno\u015b\u0107. W \u015bwiecie, w kt\u00f3rym po\u017c\u0105dana jest wyj\u0105tkowo\u015b\u0107, niekonwencjonalny design <strong>kieliszki do wina bez n\u00f3\u017cek<\/strong> oferuje \u015bwie\u017ce spojrzenie na tradycj\u0119 <strong>wyroby szklane<\/strong>. Ich minimalistyczna elegancja w po\u0142\u0105czeniu z praktycznymi korzy\u015bciami sprawia, \u017ce s\u0105 one niezb\u0119dnym dodatkiem do ka\u017cdego wyrafinowanego posi\u0142ku.<\/p>\n<p>Cechy<\/p>\n<div class=\"product-point-box\">\n<ul class=\"product-point\">\n<li>Konfigurowalne logo jest mile widziane<\/li>\n<li>Specjalny spos\u00f3b pakowania do wyboru<\/li>\n<li>Rozmiar: \u015brednica g\u00f3rna 70 mm, wysoko\u015b\u0107 115 mm<\/li>\n<li><em>Okulary s\u0105 dmuchane maszynowo<\/em><\/li>\n<li>Wysokiej jako\u015bci kieliszek do wina bez n\u00f3\u017cki<\/li>\n<li>R\u00f3\u017cne kolory s\u0105 dostosowywane<\/li>\n<li>Projekt logo jest wykonalny<\/li>\n<\/ul>\n<p>&nbsp;<\/p>\n<\/div>","protected":false},"excerpt":{"rendered":"<p>Kieliszek do wina bez n\u00f3\u017cki to jeden z naszych bestseller\u00f3w. Ma pojemno\u015b\u0107 17 uncji. Posiadamy r\u00f3wnie\u017c pe\u0142ne serie o innych pojemno\u015bciach. Wygl\u0105da fantastycznie dzi\u0119ki w\u0142asnemu, niestandardowemu procesowi sitodruku.<\/p>\n<p>Urok <strong>kieliszki do wina bez n\u00f3\u017cek<\/strong> nie ogranicza si\u0119 jedynie do ich projektu. Ich wszechstronno\u015b\u0107 wykracza poza wino, dzi\u0119ki czemu nadaj\u0105 si\u0119 do niezliczonej liczby napoj\u00f3w. Ta zdolno\u015b\u0107 adaptacji ugruntowa\u0142a ich pozycj\u0119 w panteonie produkt\u00f3w niezb\u0119dnych <strong>wyroby szklane<\/strong> zar\u00f3wno dla zwyk\u0142ych pij\u0105cych, jak i koneser\u00f3w.<\/p>","protected":false},"featured_media":4048,"comment_status":"open","ping_status":"closed","template":"","meta":[],"class_list":["post-843","product","type-product","status-publish","has-post-thumbnail","hentry","product_cat-whiskey-glasses","product_cat-wine-glasses","product_tag-glassware","product_tag-whiskey","product_tag-whiskey-glass","product_tag-wine-glasses"],"_links":{"self":[{"href":"https:\/\/lidaglassware.com\/pl\/wp-json\/wp\/v2\/product\/843","targetHints":{"allow":["GET"]}}],"collection":[{"href":"https:\/\/lidaglassware.com\/pl\/wp-json\/wp\/v2\/product"}],"about":[{"href":"https:\/\/lidaglassware.com\/pl\/wp-json\/wp\/v2\/types\/product"}],"replies":[{"embeddable":true,"href":"https:\/\/lidaglassware.com\/pl\/wp-json\/wp\/v2\/comments?post=843"}],"wp:featuredmedia":[{"embeddable":true,"href":"https:\/\/lidaglassware.com\/pl\/wp-json\/wp\/v2\/media\/4048"}],"wp:attachment":[{"href":"https:\/\/lidaglassware.com\/pl\/wp-json\/wp\/v2\/media?parent=843"}],"curies":[{"name":"wp","href":"https:\/\/api.w.org\/{rel}","templated":true}]}}