{"id":849,"date":"2021-07-12T18:31:34","date_gmt":"2021-07-13T02:31:34","guid":{"rendered":"https:\/\/lidaglassware.com\/?post_type=product&#038;p=849"},"modified":"2021-07-12T18:38:26","modified_gmt":"2021-07-13T02:38:26","slug":"cafe-glass-300ml","status":"publish","type":"product","link":"https:\/\/lidaglassware.com\/pl\/produkt\/cafe-glass-300ml\/","title":{"rendered":"Szklanka do kawiarni \u2013 300ML"},"content":{"rendered":"<p>Cechy<\/p>\n<div class=\"product-point-box\">\n<ul class=\"product-point\">\n<li style=\"list-style-type: none;\">\n<ul class=\"product-point\">\n<li>Wysoka konstrukcja w kszta\u0142cie litery V<\/li>\n<li>Jasne szk\u0142o<\/li>\n<li>Znakowanie logo<\/li>\n<li>Idealne do serwowania irlandzkiej kawy i nie tylko!<\/li>\n<\/ul>\n<\/li>\n<\/ul>\n<div class=\"product-point-title\">Wymiary<\/div>\n<ul class=\"product-point\">\n<li style=\"list-style-type: none;\">\n<ul class=\"product-point\">\n<li>Pojemno\u015b\u0107: 300ml<\/li>\n<li>Rozmiar: 80x70x150mm<\/li>\n<li>Materia\u0142: szk\u0142o sodowo-wapniowe<\/li>\n<li>Typ: prasowany maszynowo<\/li>\n<\/ul>\n<\/li>\n<\/ul>\n<\/div>","protected":false},"excerpt":{"rendered":"<p>To wyj\u0105tkowe szk\u0142o przeznaczone do irlandzkiej kawy i innych ciep\u0142ych lub gor\u0105cych napoj\u00f3w. Idealnie nadaj\u0105 si\u0119 do serwowania pysznych koktajli kawowych, gor\u0105cej kawy, herbaty, gor\u0105cej czekolady i nie tylko!<\/p>","protected":false},"featured_media":852,"comment_status":"open","ping_status":"closed","template":"","meta":[],"class_list":["post-849","product","type-product","status-publish","has-post-thumbnail","hentry","product_cat-coffee-glasses","product_tag-coffee-glass","product_tag-promotional-glassware"],"_links":{"self":[{"href":"https:\/\/lidaglassware.com\/pl\/wp-json\/wp\/v2\/product\/849","targetHints":{"allow":["GET"]}}],"collection":[{"href":"https:\/\/lidaglassware.com\/pl\/wp-json\/wp\/v2\/product"}],"about":[{"href":"https:\/\/lidaglassware.com\/pl\/wp-json\/wp\/v2\/types\/product"}],"replies":[{"embeddable":true,"href":"https:\/\/lidaglassware.com\/pl\/wp-json\/wp\/v2\/comments?post=849"}],"wp:featuredmedia":[{"embeddable":true,"href":"https:\/\/lidaglassware.com\/pl\/wp-json\/wp\/v2\/media\/852"}],"wp:attachment":[{"href":"https:\/\/lidaglassware.com\/pl\/wp-json\/wp\/v2\/media?parent=849"}],"curies":[{"name":"wp","href":"https:\/\/api.w.org\/{rel}","templated":true}]}}