{"id":860,"date":"2021-07-12T23:21:00","date_gmt":"2021-07-13T07:21:00","guid":{"rendered":"https:\/\/lidaglassware.com\/?post_type=product&#038;p=860"},"modified":"2022-09-27T00:21:05","modified_gmt":"2022-09-27T08:21:05","slug":"beverage-highball-glass-12oz","status":"publish","type":"product","link":"https:\/\/lidaglassware.com\/pl\/produkt\/beverage-highball-glass-12oz\/","title":{"rendered":"Szklanka do napoj\u00f3w\/highball 12 uncji"},"content":{"rendered":"<ul class=\"product-point\">\n<li>Pojemno\u015b\u0107: 12 uncji<\/li>\n<li>Rozmiar: 79 x 145 mm<\/li>\n<li>Waga: 340g<\/li>\n<li>Logo: Mo\u017cna my\u0107 w zmywarce<\/li>\n<\/ul>\n<p>\u2022 Smuk\u0142e kulki koktajlowe<br \/>\n\u2022 Materia\u0142: Szk\u0142o sodowo-wapniowe<br \/>\n\u2022 Mo\u017cna my\u0107 w zmywarce<br \/>\n\u2022 Ci\u0119\u017cka podstawa b\u0105belkowa<br \/>\n\u2022 Idealne do szerokiej gamy napoj\u00f3w, w tym koktajli, napoj\u00f3w bezalkoholowych lub mikstur<br \/>\n\u2022 Idealny do u\u017cytku komercyjnego lub domowego<\/p>\n<p>Wykonane z wysokiej jako\u015bci szk\u0142a i smuk\u0142ej konstrukcji, te okulary oferuj\u0105 styl i trwa\u0142o\u015b\u0107. Idealny do codziennego u\u017cytku w domu lub w barze.<\/p>","protected":false},"excerpt":{"rendered":"<p>To szk\u0142o typu highball to najlepsze rozwi\u0105zanie dla dostawc\u00f3w bar\u00f3w lub ka\u017cdego, kto chce zaopatrzy\u0107 si\u0119 w wysokiej jako\u015bci wyroby szklane na specjalne okazje, przyj\u0119cia \u015bwi\u0105teczne lub prezenty.<\/p>","protected":false},"featured_media":861,"comment_status":"open","ping_status":"closed","template":"","meta":[],"class_list":["post-860","product","type-product","status-publish","has-post-thumbnail","hentry","product_cat-tumbler-glasses","product_tag-hiball-glasses","product_tag-promotional-glassware","product_tag-tumbler"],"_links":{"self":[{"href":"https:\/\/lidaglassware.com\/pl\/wp-json\/wp\/v2\/product\/860","targetHints":{"allow":["GET"]}}],"collection":[{"href":"https:\/\/lidaglassware.com\/pl\/wp-json\/wp\/v2\/product"}],"about":[{"href":"https:\/\/lidaglassware.com\/pl\/wp-json\/wp\/v2\/types\/product"}],"replies":[{"embeddable":true,"href":"https:\/\/lidaglassware.com\/pl\/wp-json\/wp\/v2\/comments?post=860"}],"wp:featuredmedia":[{"embeddable":true,"href":"https:\/\/lidaglassware.com\/pl\/wp-json\/wp\/v2\/media\/861"}],"wp:attachment":[{"href":"https:\/\/lidaglassware.com\/pl\/wp-json\/wp\/v2\/media?parent=860"}],"curies":[{"name":"wp","href":"https:\/\/api.w.org\/{rel}","templated":true}]}}