{"id":878,"date":"2021-07-13T01:41:32","date_gmt":"2021-07-13T09:41:32","guid":{"rendered":"https:\/\/lidaglassware.com\/?post_type=product&#038;p=878"},"modified":"2021-07-13T01:46:18","modified_gmt":"2021-07-13T09:46:18","slug":"jameson-promotional-glass-tumbler-330ml","status":"publish","type":"product","link":"https:\/\/lidaglassware.com\/pl\/produkt\/jameson-promotional-glass-tumbler-330ml\/","title":{"rendered":"Szklany kubek promocyjny Jameson 330 ml"},"content":{"rendered":"<p>Specyfikacja:<\/p>\n<p>Typ: prasowany maszynowo<\/p>\n<p>Rozmiar: 8,1 \u00d7 11,4 cm<\/p>\n<p>Pojemno\u015b\u0107: 330ml<\/p>\n<p>Marka: Jameson lub OEM<\/p>\n<p><img fetchpriority=\"high\" decoding=\"async\" class=\"alignnone wp-image-877 size-full\" src=\"https:\/\/lidaglassware.com\/wp-content\/uploads\/2021\/07\/Stackable-Glasses-Set-5.jpg\" alt=\"\" width=\"850\" height=\"425\" srcset=\"https:\/\/lidaglassware.com\/wp-content\/uploads\/2021\/07\/Stackable-Glasses-Set-5.jpg 850w, https:\/\/lidaglassware.com\/wp-content\/uploads\/2021\/07\/Stackable-Glasses-Set-5-300x150.jpg 300w, https:\/\/lidaglassware.com\/wp-content\/uploads\/2021\/07\/Stackable-Glasses-Set-5-768x384.jpg 768w, https:\/\/lidaglassware.com\/wp-content\/uploads\/2021\/07\/Stackable-Glasses-Set-5-600x300.jpg 600w\" sizes=\"(max-width: 850px) 100vw, 850px\" \/><\/p>","protected":false},"excerpt":{"rendered":"<p>To szk\u0142o do uk\u0142adania w stosy jest najlepszym rozwi\u0105zaniem dla dostawc\u00f3w bar\u00f3w lub ka\u017cdego, kto chce zaopatrzy\u0107 si\u0119 w wysokiej jako\u015bci wyroby szklane na specjalne okazje, przyj\u0119cia \u015bwi\u0105teczne lub prezenty.<\/p>","protected":false},"featured_media":883,"comment_status":"open","ping_status":"closed","template":"","meta":[],"class_list":["post-878","product","type-product","status-publish","has-post-thumbnail","hentry","product_cat-tumbler-glasses","product_tag-hiball-glasses","product_tag-promotional-glassware","product_tag-tumbler"],"_links":{"self":[{"href":"https:\/\/lidaglassware.com\/pl\/wp-json\/wp\/v2\/product\/878","targetHints":{"allow":["GET"]}}],"collection":[{"href":"https:\/\/lidaglassware.com\/pl\/wp-json\/wp\/v2\/product"}],"about":[{"href":"https:\/\/lidaglassware.com\/pl\/wp-json\/wp\/v2\/types\/product"}],"replies":[{"embeddable":true,"href":"https:\/\/lidaglassware.com\/pl\/wp-json\/wp\/v2\/comments?post=878"}],"wp:featuredmedia":[{"embeddable":true,"href":"https:\/\/lidaglassware.com\/pl\/wp-json\/wp\/v2\/media\/883"}],"wp:attachment":[{"href":"https:\/\/lidaglassware.com\/pl\/wp-json\/wp\/v2\/media?parent=878"}],"curies":[{"name":"wp","href":"https:\/\/api.w.org\/{rel}","templated":true}]}}