{"id":937,"date":"2021-07-15T16:57:33","date_gmt":"2021-07-16T00:57:33","guid":{"rendered":"https:\/\/lidaglassware.com\/?post_type=product&#038;p=937"},"modified":"2022-09-27T00:26:09","modified_gmt":"2022-09-27T08:26:09","slug":"bullet-shot-glasses-1-5oz-40ml","status":"publish","type":"product","link":"https:\/\/lidaglassware.com\/pl\/produkt\/kieliszki-kulkowe-1-5oz-40ml\/","title":{"rendered":"Kieliszki typu Bullet Shot 1,5 uncji \/ 40 ml"},"content":{"rendered":"<h2>Okulary kuloodporne<\/h2>\n<p><span style=\"color: #333333;\">Ta ma\u0142a kula <a style=\"color: #333333;\" href=\"http:\/\/www.itsglassware.com\/product-category\/shot-glasses\/\" target=\"_blank\" rel=\"noopener\">kieliszek<\/a> jest idealny do cofania si\u0119 i uderzania w \u0142zawi\u0105ce oczy strzelanki. Kieliszek Bullet Shot o pojemno\u015bci 40 ml jest idealny do wszystkiego, od slammera tequili po butelk\u0119 whisky.<\/span><\/p>\n<p><span style=\"color: #333333;\">Gruba podstawa nadaje temu kieliszkowi dodatkow\u0105 wytrzyma\u0142o\u015b\u0107 i solidno\u015b\u0107, zapewniaj\u0105c spok\u00f3j ducha podczas rozdawania gro\u017anie wygl\u0105daj\u0105cych zdj\u0119\u0107 mi\u0119dzy przyjaci\u00f3\u0142mi.<\/span><\/p>\n<p><span style=\"color: #333333;\">Z WIKI<\/span><\/p>\n<p><span style=\"color: #333333;\">A <b>kieliszek<\/b> jest ma\u0142e <a class=\"mw-redirect\" style=\"color: #333333;\" title=\"Szk\u0142o (naczynia)\" href=\"https:\/\/en.wikipedia.org\/wiki\/Glass_(drinkware)\" target=\"_blank\" rel=\"noopener\">szk\u0142o<\/a> przeznaczony do trzymania lub pomiaru <a style=\"color: #333333;\" title=\"Nap\u00f3j destylowany\" href=\"https:\/\/en.wikipedia.org\/wiki\/Distilled_beverage\" target=\"_blank\" rel=\"noopener\">w\u00f3dki lub alkohole<\/a>, kt\u00f3ry albo pije si\u0119 prosto ze szklanki (\u201eszot\u201d), albo nalewa do <a style=\"color: #333333;\" title=\"Koktajl\" href=\"https:\/\/en.wikipedia.org\/wiki\/Cocktail\" target=\"_blank\" rel=\"noopener\">koktajl<\/a>. \u201eSzklanka\u201d alkoholu to nie to samo, co \u201esztuczka\u201d<a style=\"color: #333333;\" title=\"Strzelec (nap\u00f3j)\" href=\"https:\/\/en.wikipedia.org\/wiki\/Shooter_(drink)\" target=\"_blank\" rel=\"noopener\">strzelec<\/a>&#8220;.<\/span><\/p>\n<p><span style=\"color: #333333;\">Kieliszki do shot\u00f3w ozdobione szerok\u0105 gam\u0105 <a style=\"color: #333333;\" title=\"Toast (honor)\" href=\"https:\/\/en.wikipedia.org\/wiki\/Toast_(honor)\" target=\"_blank\" rel=\"noopener\">tosty<\/a>, popularne s\u0105 reklamy i humorystyczne zdj\u0119cia <a style=\"color: #333333;\" title=\"Pami\u0105tka\" href=\"https:\/\/en.wikipedia.org\/wiki\/Souvenir\" target=\"_blank\" rel=\"noopener\">pami\u0105tki<\/a> I <a style=\"color: #333333;\" title=\"Browarniana\" href=\"https:\/\/en.wikipedia.org\/wiki\/Breweriana\" target=\"_blank\" rel=\"noopener\">artyku\u0142y kolekcjonerskie<\/a>.<\/span><\/p>","protected":false},"excerpt":{"rendered":"<p>Materia\u0142 szk\u0142a shot: szk\u0142o sodowo-wapniowe<\/p>\n<p>Podstawa ci\u0119\u017cka<\/p>\n<p>Dost\u0119pne w pude\u0142ku prezentowym<\/p>\n<p>Mo\u017cna my\u0107 w zmywarce<\/p>\n<p>Idealne do strzelanek, aperitif\u00f3w i trawiennych<\/p>","protected":false},"featured_media":970,"comment_status":"closed","ping_status":"closed","template":"","meta":[],"class_list":["post-937","product","type-product","status-publish","has-post-thumbnail","hentry","product_cat-shot-glasses"],"_links":{"self":[{"href":"https:\/\/lidaglassware.com\/pl\/wp-json\/wp\/v2\/product\/937","targetHints":{"allow":["GET"]}}],"collection":[{"href":"https:\/\/lidaglassware.com\/pl\/wp-json\/wp\/v2\/product"}],"about":[{"href":"https:\/\/lidaglassware.com\/pl\/wp-json\/wp\/v2\/types\/product"}],"replies":[{"embeddable":true,"href":"https:\/\/lidaglassware.com\/pl\/wp-json\/wp\/v2\/comments?post=937"}],"wp:featuredmedia":[{"embeddable":true,"href":"https:\/\/lidaglassware.com\/pl\/wp-json\/wp\/v2\/media\/970"}],"wp:attachment":[{"href":"https:\/\/lidaglassware.com\/pl\/wp-json\/wp\/v2\/media?parent=937"}],"curies":[{"name":"wp","href":"https:\/\/api.w.org\/{rel}","templated":true}]}}