{"id":941,"date":"2021-07-15T16:57:34","date_gmt":"2021-07-16T00:57:34","guid":{"rendered":"https:\/\/lidaglassware.com\/?post_type=product&#038;p=941"},"modified":"2024-01-15T22:28:20","modified_gmt":"2024-01-16T06:28:20","slug":"shot-glass-tankards-0-9oz-25ml","status":"publish","type":"product","link":"https:\/\/lidaglassware.com\/pl\/produkt\/kieliszki-kufle-0-9oz-25ml\/","title":{"rendered":"Kufle szklane 0,9 uncji \/ 25 ml"},"content":{"rendered":"<p>The <span style=\"color: #000000;\"><a style=\"color: #000000;\" href=\"http:\/\/www.itsglassware.com\/product-category\/shot-glasses\/\" target=\"_blank\" rel=\"noopener\">Kieliszek do strza\u0142u<\/a> <\/span>Kufle nadaj\u0105 tradycyjny wygl\u0105d serwowaniu shot\u00f3w i alkoholi. Dzi\u0119ki zminiaturyzowanej konstrukcji tradycyjnego kufla, te mini kieliszki oferuj\u0105 naprawd\u0119 wyj\u0105tkowy spos\u00f3b obs\u0142ugi strzelc\u00f3w.<\/p>\n<p>Aby nap\u00f3j by\u0142 niezapomniany, po prostu nape\u0142nij go ulubionym alkoholem i podawaj na przyj\u0119ciach.<\/p>","protected":false},"excerpt":{"rendered":"<p>Kufle kieliszkowe \u0142\u0105cz\u0105 w sobie urok i solidno\u015b\u0107 tradycyjnych kufli z kompaktowymi rozmiarami kieliszka, tworz\u0105c wyj\u0105tkowy i zachwycaj\u0105cy spos\u00f3b na delektowanie si\u0119 ulubionymi alkoholami. Te mini kufle, cz\u0119sto wyposa\u017cone w uchwyt i solidn\u0105 podstaw\u0119, stanowi\u0105 nowatorsk\u0105 odmian\u0119 klasycznego designu kieliszk\u00f3w. Idealne dla tych, kt\u00f3rzy ceni\u0105 sobie odrobin\u0119 staro\u015bwieckiego stylu w swoich naczyniach do napoj\u00f3w, te kufle \u015bwietnie nadaj\u0105 si\u0119 na imprezy tematyczne, jako przedmioty kolekcjonerskie lub jako dodatek do regularnego picia shota. Ich charakterystyczna konstrukcja nie tylko sprawia, \u017ce s\u0105 tematem rozm\u00f3w, ale tak\u017ce zapewniaj\u0105 wygodny chwyt, zwi\u0119kszaj\u0105c przyjemno\u015b\u0107 z robienia zdj\u0119\u0107.<\/p>","protected":false},"featured_media":4069,"comment_status":"closed","ping_status":"closed","template":"","meta":[],"class_list":["post-941","product","type-product","status-publish","has-post-thumbnail","hentry","product_cat-shot-glasses","product_tag-glassware","product_tag-promotional-glassware","product_tag-shot-glasses"],"_links":{"self":[{"href":"https:\/\/lidaglassware.com\/pl\/wp-json\/wp\/v2\/product\/941","targetHints":{"allow":["GET"]}}],"collection":[{"href":"https:\/\/lidaglassware.com\/pl\/wp-json\/wp\/v2\/product"}],"about":[{"href":"https:\/\/lidaglassware.com\/pl\/wp-json\/wp\/v2\/types\/product"}],"replies":[{"embeddable":true,"href":"https:\/\/lidaglassware.com\/pl\/wp-json\/wp\/v2\/comments?post=941"}],"wp:featuredmedia":[{"embeddable":true,"href":"https:\/\/lidaglassware.com\/pl\/wp-json\/wp\/v2\/media\/4069"}],"wp:attachment":[{"href":"https:\/\/lidaglassware.com\/pl\/wp-json\/wp\/v2\/media?parent=941"}],"curies":[{"name":"wp","href":"https:\/\/api.w.org\/{rel}","templated":true}]}}