{"id":942,"date":"2021-07-15T16:57:34","date_gmt":"2021-07-16T00:57:34","guid":{"rendered":"https:\/\/lidaglassware.com\/?post_type=product&#038;p=942"},"modified":"2024-01-15T22:24:42","modified_gmt":"2024-01-16T06:24:42","slug":"wyborowa-shot-glasses-1-7oz-50ml","status":"publish","type":"product","link":"https:\/\/lidaglassware.com\/pl\/produkt\/wyborowa-kieliszki-1-7oz-50ml\/","title":{"rendered":"WYBOROWA Kieliszki do shot\u00f3w 1,7 uncji \/ 50 ml"},"content":{"rendered":"<p>To kieliszki WYBOROWA s\u0105 <a href=\"https:\/\/lidaglassware.com\/pl\/customization\/\" target=\"_blank\" rel=\"noopener sponsored\">dostosowane<\/a> z <span style=\"color: #000000;\">markowe<\/span> logo.<\/p>\n<p>\u0141adny i kryszta\u0142owy design sprawia, \u017ce mo\u017cesz cieszy\u0107 si\u0119 czasem wina. Czy potrzebujesz tak\u017ce w\u0142asnych okular\u00f3w?<\/p>\n<p>Jedyne, czego potrzebujemy, to Twoje pro\u015bby o preferowany tom i logo\/monogram, a my damy Ci unikalne plany do wyboru. Otrzymasz wyj\u0105tkowe do\u015bwiadczenie \u0142atwego zakupu i gwarantowanej jako\u015bci.<\/p>","protected":false},"excerpt":{"rendered":"<p>Okulary Shot z wyt\u0142oczonym logo wyr\u00f3\u017cniaj\u0105 si\u0119 jako spersonalizowany akcent w ka\u017cdym barze, \u0142\u0105cz\u0105c funkcjonalno\u015b\u0107 z indywidualnym stylem. Te kieliszki to nie tylko zwyk\u0142e naczynia na Twoje ulubione alkohole; s\u0105 wyrazem stylu i indywidualno\u015bci. Idealne dla firm chc\u0105cych oznaczy\u0107 mark\u0105 swoj\u0105 zastaw\u0119 barow\u0105, wydarze\u0144 poszukuj\u0105cych niezapomnianej pami\u0105tki, a nawet wyj\u0105tkowego prezentu, te kieliszki z wyt\u0142oczonym logo oferuj\u0105 zar\u00f3wno praktyczno\u015b\u0107, jak i osobisty charakter. Wypuk\u0142y wz\u00f3r logo dodaje element dotykowy do do\u015bwiadczenia, dzi\u0119ki czemu ka\u017cdy \u0142yk jest bardziej wci\u0105gaj\u0105cy.<\/p>","protected":false},"featured_media":4068,"comment_status":"closed","ping_status":"closed","template":"","meta":[],"class_list":["post-942","product","type-product","status-publish","has-post-thumbnail","hentry","product_cat-branded-glasses","product_cat-shot-glasses"],"_links":{"self":[{"href":"https:\/\/lidaglassware.com\/pl\/wp-json\/wp\/v2\/product\/942","targetHints":{"allow":["GET"]}}],"collection":[{"href":"https:\/\/lidaglassware.com\/pl\/wp-json\/wp\/v2\/product"}],"about":[{"href":"https:\/\/lidaglassware.com\/pl\/wp-json\/wp\/v2\/types\/product"}],"replies":[{"embeddable":true,"href":"https:\/\/lidaglassware.com\/pl\/wp-json\/wp\/v2\/comments?post=942"}],"wp:featuredmedia":[{"embeddable":true,"href":"https:\/\/lidaglassware.com\/pl\/wp-json\/wp\/v2\/media\/4068"}],"wp:attachment":[{"href":"https:\/\/lidaglassware.com\/pl\/wp-json\/wp\/v2\/media?parent=942"}],"curies":[{"name":"wp","href":"https:\/\/api.w.org\/{rel}","templated":true}]}}