{"id":943,"date":"2021-07-15T16:57:34","date_gmt":"2021-07-16T00:57:34","guid":{"rendered":"https:\/\/lidaglassware.com\/?post_type=product&#038;p=943"},"modified":"2021-07-19T00:10:45","modified_gmt":"2021-07-19T08:10:45","slug":"city-shot-glasses-1-4oz-40ml","status":"publish","type":"product","link":"https:\/\/lidaglassware.com\/pl\/produkt\/kieliszki-do-shotow-miejskich-1-4oz-40ml\/","title":{"rendered":"Miejskie kieliszki do shot\u00f3w 1,4 uncji \/ 40 ml"},"content":{"rendered":"<p>Idealny dla wszelkich duch\u00f3w, to miasto <a href=\"http:\/\/www.itsglassware.com\" target=\"_blank\" rel=\"noopener\">Okulary Strza\u0142owe<\/a>\u00a0 s\u0105 idealnym pocz\u0105tkiem imprezy. Ten projekt oferuje bardziej stylowe szk\u0142o z szerokim blatem i grub\u0105, ci\u0119\u017ck\u0105 podstaw\u0105, co pomaga zapewni\u0107 odwa\u017cny wygl\u0105d towarzysz\u0105cy Twoim napojom.<\/p>","protected":false},"excerpt":{"rendered":"<p>Idealne do wszelkich alkoholi, te miejskie kieliszki do shot\u00f3w s\u0105 idealnym pocz\u0105tkiem imprezy. Ten projekt oferuje bardziej stylowe szk\u0142o z szerokim blatem i grub\u0105, ci\u0119\u017ck\u0105 podstaw\u0105, co pomaga zapewni\u0107 odwa\u017cny wygl\u0105d towarzysz\u0105cy Twoim napojom.<\/p>","protected":false},"featured_media":994,"comment_status":"closed","ping_status":"closed","template":"","meta":[],"class_list":["post-943","product","type-product","status-publish","has-post-thumbnail","hentry","product_cat-branded-glasses","product_cat-shot-glasses"],"_links":{"self":[{"href":"https:\/\/lidaglassware.com\/pl\/wp-json\/wp\/v2\/product\/943","targetHints":{"allow":["GET"]}}],"collection":[{"href":"https:\/\/lidaglassware.com\/pl\/wp-json\/wp\/v2\/product"}],"about":[{"href":"https:\/\/lidaglassware.com\/pl\/wp-json\/wp\/v2\/types\/product"}],"replies":[{"embeddable":true,"href":"https:\/\/lidaglassware.com\/pl\/wp-json\/wp\/v2\/comments?post=943"}],"wp:featuredmedia":[{"embeddable":true,"href":"https:\/\/lidaglassware.com\/pl\/wp-json\/wp\/v2\/media\/994"}],"wp:attachment":[{"href":"https:\/\/lidaglassware.com\/pl\/wp-json\/wp\/v2\/media?parent=943"}],"curies":[{"name":"wp","href":"https:\/\/api.w.org\/{rel}","templated":true}]}}