{"id":949,"date":"2021-07-15T16:57:34","date_gmt":"2021-07-16T00:57:34","guid":{"rendered":"https:\/\/lidaglassware.com\/?post_type=product&#038;p=949"},"modified":"2021-07-20T17:47:44","modified_gmt":"2021-07-21T01:47:44","slug":"heart-shaped-glass-votive-candle-holders-60ml","status":"publish","type":"product","link":"https:\/\/lidaglassware.com\/pl\/produkt\/swieczniki-wotywne-szklane-serca-60ml\/","title":{"rendered":"Szklane \u015bwieczniki wotywne w kszta\u0142cie serca 60ml"},"content":{"rendered":"<h2>Szklane \u015bwieczniki wotywne 60ml<\/h2>\n<p>Ten \u015bwiecznik ze szk\u0142a wotywnego ma wyj\u0105tkowy kszta\u0142t serca. To jest unikalne!<\/p>\n<p>Je\u015bli chcesz pokona\u0107 normalny rynek \u015bwiec, musisz zaprojektowa\u0107 sw\u00f3j w\u0142asny dla konkurencji, dla zysku. Jeste\u015bmy tu, czekaj\u0105c na Ciebie, aby u\u015bwiadomi\u0107 sobie, co my\u015blisz i czego potrzebujesz.<\/p>\n<p>Mamy dla Ciebie r\u00f3\u017cne rozwi\u0105zania. Po prostu zadzwo\u0144 lub napisz!<\/p>","protected":false},"excerpt":{"rendered":"<p>Glass Votive Candle Holders 60ml This votive glass candle holder is special at its heart shape. It is unique! If you want to beat the normal market of candle, you need to design your own for the competition, for the profit. We are here waiting for you, to realize what you think and what you [&hellip;]<\/p>","protected":false},"featured_media":1019,"comment_status":"closed","ping_status":"closed","template":"","meta":[],"class_list":["post-949","product","type-product","status-publish","has-post-thumbnail","hentry","product_cat-glass-candle-holders"],"_links":{"self":[{"href":"https:\/\/lidaglassware.com\/pl\/wp-json\/wp\/v2\/product\/949","targetHints":{"allow":["GET"]}}],"collection":[{"href":"https:\/\/lidaglassware.com\/pl\/wp-json\/wp\/v2\/product"}],"about":[{"href":"https:\/\/lidaglassware.com\/pl\/wp-json\/wp\/v2\/types\/product"}],"replies":[{"embeddable":true,"href":"https:\/\/lidaglassware.com\/pl\/wp-json\/wp\/v2\/comments?post=949"}],"wp:featuredmedia":[{"embeddable":true,"href":"https:\/\/lidaglassware.com\/pl\/wp-json\/wp\/v2\/media\/1019"}],"wp:attachment":[{"href":"https:\/\/lidaglassware.com\/pl\/wp-json\/wp\/v2\/media?parent=949"}],"curies":[{"name":"wp","href":"https:\/\/api.w.org\/{rel}","templated":true}]}}