{"id":952,"date":"2021-07-15T16:57:35","date_gmt":"2021-07-16T00:57:35","guid":{"rendered":"https:\/\/lidaglassware.com\/?post_type=product&#038;p=952"},"modified":"2022-09-27T17:29:01","modified_gmt":"2022-09-28T01:29:01","slug":"tiger-whiskey-tumblers-5oz-140ml","status":"publish","type":"product","link":"https:\/\/lidaglassware.com\/pl\/produkt\/kubki-tygrysie-whisky-5oz-140ml\/","title":{"rendered":"Szklanki do whisky Tiger 5 uncji \/ 140 ml"},"content":{"rendered":"<h2><span style=\"color: #000000;\">Szklanki do whisky Tiger 5 uncji \/ 140 ml<\/span><\/h2>\n<p><span style=\"color: #000000;\">To szk\u0142o jest przeznaczone dla marki Tiger, szk\u0142a niestandardowego. Na szkle wyt\u0142oczone jest logo tygrysa, co jest najlepszym sposobem na promocj\u0119 Twojej marki.<\/span><\/p>\n<p>&nbsp;<\/p>\n<div id=\"bodyContent\" class=\"mw-body-content\"><span style=\"color: #000000;\">Szklanka w starym stylu, tradycyjnie u\u017cywana do serwowania <a style=\"color: #000000;\" title=\"Nap\u00f3j destylowany\" href=\"https:\/\/en.wikipedia.org\/wiki\/Distilled_beverage\" target=\"_blank\" rel=\"noopener\">duchy<\/a><\/span><\/div>\n<div class=\"mw-body-content\">\n<div id=\"bodyContent\" class=\"mw-body-content\">\n<div id=\"mw-content-text\" class=\"mw-content-ltr\" dir=\"ltr\" lang=\"en\">\n<p><span style=\"color: #000000;\">The <b>Szk\u0142o w starym stylu<\/b> Lub <b>ska\u0142a szk\u0142o<\/b> jest kr\u00f3tki <a style=\"color: #000000;\" title=\"Kubek (szk\u0142o)\" href=\"https:\/\/en.wikipedia.org\/wiki\/Tumbler_(glass)\" target=\"_blank\" rel=\"noopener\">kubek<\/a> u\u017cywany do serwowania opalenizny <a style=\"color: #000000;\" title=\"Nap\u00f3j destylowany\" href=\"https:\/\/en.wikipedia.org\/wiki\/Distilled_beverage\" target=\"_blank\" rel=\"noopener\">duchy<\/a>, Jak na przyk\u0142ad <a style=\"color: #000000;\" title=\"Whisky\" href=\"https:\/\/en.wikipedia.org\/wiki\/Whisky\" target=\"_blank\" rel=\"noopener\">Whisky<\/a>, z <a class=\"mw-redirect\" style=\"color: #000000;\" title=\"Kostki lodu\" href=\"https:\/\/en.wikipedia.org\/wiki\/Ice_cubes\" target=\"_blank\" rel=\"noopener\">kostki lodu<\/a> (&quot;na ska\u0142ach&quot;). Jest r\u00f3wnie\u017c zwykle u\u017cywany do serwowania niekt\u00f3rych <a style=\"color: #000000;\" title=\"Koktajl\" href=\"https:\/\/en.wikipedia.org\/wiki\/Cocktail\" target=\"_blank\" rel=\"noopener\">koktajle<\/a>, tak jak <a style=\"color: #000000;\" title=\"Staromodny\" href=\"https:\/\/en.wikipedia.org\/wiki\/Old_Fashioned\" target=\"_blank\" rel=\"noopener\">Staromodny<\/a>, od kt\u00f3rego otrzymuje swoj\u0105 nazw\u0119.<\/span><\/p>\n<p><span style=\"color: #000000;\">Szklanki Old Fashioned maj\u0105 zazwyczaj szerokie rondo i grub\u0105 podstaw\u0119, dzi\u0119ki czemu niep\u0142ynne sk\u0142adniki koktajlu mo\u017cna rozgnie\u015b\u0107 za pomoc\u0105 <a style=\"color: #000000;\" title=\"Ba\u0142aganiarz\" href=\"https:\/\/en.wikipedia.org\/wiki\/Muddler\" target=\"_blank\" rel=\"noopener\">ba\u0142aganiarz<\/a> przed dodaniem g\u0142\u00f3wnych p\u0142ynnych sk\u0142adnik\u00f3w.<\/span><\/p>\n<p><span style=\"color: #000000;\">Szklanki Old Fashioned zwykle zawieraj\u0105 180\u2013300 ml (6\u201310 uncji ameryka\u0144skich).<sup id=\"cite_ref-1\" class=\"reference\"><a style=\"color: #000000;\" href=\"https:\/\/en.wikipedia.org\/wiki\/Old_Fashioned_glass#cite_note-1\" target=\"_blank\" rel=\"noopener\">[1]<\/a><\/sup><sup id=\"cite_ref-Rathbun_2-0\" class=\"reference\"><a style=\"color: #000000;\" href=\"https:\/\/en.wikipedia.org\/wiki\/Old_Fashioned_glass#cite_note-Rathbun-2\" target=\"_blank\" rel=\"noopener\">[2]<\/a><\/sup> Podw\u00f3jne szk\u0142o Old Fashioned (czasami okre\u015blane przez sprzedawc\u00f3w jako <b>DOF<\/b> szk\u0142o) zawiera 350\u2013470 ml (12\u201316 uncji ameryka\u0144skich).<sup id=\"cite_ref-Rathbun_2-1\" class=\"reference\"><a style=\"color: #000000;\" href=\"https:\/\/en.wikipedia.org\/wiki\/Old_Fashioned_glass#cite_note-Rathbun-2\" target=\"_blank\" rel=\"noopener\">[2]<\/a><\/sup><sup id=\"cite_ref-3\" class=\"reference\"><a style=\"color: #000000;\" href=\"https:\/\/en.wikipedia.org\/wiki\/Old_Fashioned_glass#cite_note-3\" target=\"_blank\" rel=\"noopener\">[3]<\/a><\/sup><\/span><\/p>\n<\/div>\n<\/div>\n<\/div>","protected":false},"excerpt":{"rendered":"<p>Tiger Whiskey\u00a0Tumblers 5oz \/ 140ml This glass is for Brand Tiger, a custom glass.\u00a0The tiger\u00a0logo is embossed on the glass, which is the best way to promote your brand. &nbsp; An Old Fashioned glass, traditionally used for serving spirits The Old Fashioned glass or rocks glass is a short tumbler used for serving tan spirits, [&hellip;]<\/p>","protected":false},"featured_media":1031,"comment_status":"closed","ping_status":"closed","template":"","meta":[],"class_list":["post-952","product","type-product","status-publish","has-post-thumbnail","hentry","product_cat-branded-glasses","product_cat-whiskey-glasses"],"_links":{"self":[{"href":"https:\/\/lidaglassware.com\/pl\/wp-json\/wp\/v2\/product\/952","targetHints":{"allow":["GET"]}}],"collection":[{"href":"https:\/\/lidaglassware.com\/pl\/wp-json\/wp\/v2\/product"}],"about":[{"href":"https:\/\/lidaglassware.com\/pl\/wp-json\/wp\/v2\/types\/product"}],"replies":[{"embeddable":true,"href":"https:\/\/lidaglassware.com\/pl\/wp-json\/wp\/v2\/comments?post=952"}],"wp:featuredmedia":[{"embeddable":true,"href":"https:\/\/lidaglassware.com\/pl\/wp-json\/wp\/v2\/media\/1031"}],"wp:attachment":[{"href":"https:\/\/lidaglassware.com\/pl\/wp-json\/wp\/v2\/media?parent=952"}],"curies":[{"name":"wp","href":"https:\/\/api.w.org\/{rel}","templated":true}]}}