{"id":953,"date":"2021-07-15T16:57:35","date_gmt":"2021-07-16T00:57:35","guid":{"rendered":"https:\/\/lidaglassware.com\/?post_type=product&#038;p=953"},"modified":"2021-07-20T17:47:18","modified_gmt":"2021-07-21T01:47:18","slug":"glass-votive-candle-holders-110ml","status":"publish","type":"product","link":"https:\/\/lidaglassware.com\/pl\/produkt\/szklane-swieczniki-wotywne-110ml\/","title":{"rendered":"Szklane \u015bwieczniki wotywne 110ml"},"content":{"rendered":"<h2>Szklane \u015bwieczniki wotywne 110ml<\/h2>\n<p>Wi\u0119ksze i popularne szklane \u015bwieczniki.<\/p>\n<p>Je\u015bli chcesz pokona\u0107 normalny rynek \u015bwiec, musisz zaprojektowa\u0107 sw\u00f3j w\u0142asny dla konkurencji, dla zysku. Jeste\u015bmy tu, czekaj\u0105c na Ciebie, aby u\u015bwiadomi\u0107 sobie, co my\u015blisz i czego potrzebujesz.<\/p>\n<p>Mamy dla Ciebie r\u00f3\u017cne rozwi\u0105zania. Po prostu zadzwo\u0144 lub napisz!<\/p>","protected":false},"excerpt":{"rendered":"<p>Glass Votive Candle Holders 110ml A bigger and popular glass candle holders. If you want to beat the normal market of candle, you need to design your own for the competition, for the profit. We are here waiting for you, to realize what you think and what you need. We have different solutions for you. [&hellip;]<\/p>","protected":false},"featured_media":1035,"comment_status":"closed","ping_status":"closed","template":"","meta":[],"class_list":["post-953","product","type-product","status-publish","has-post-thumbnail","hentry","product_cat-glass-candle-holders"],"_links":{"self":[{"href":"https:\/\/lidaglassware.com\/pl\/wp-json\/wp\/v2\/product\/953","targetHints":{"allow":["GET"]}}],"collection":[{"href":"https:\/\/lidaglassware.com\/pl\/wp-json\/wp\/v2\/product"}],"about":[{"href":"https:\/\/lidaglassware.com\/pl\/wp-json\/wp\/v2\/types\/product"}],"replies":[{"embeddable":true,"href":"https:\/\/lidaglassware.com\/pl\/wp-json\/wp\/v2\/comments?post=953"}],"wp:featuredmedia":[{"embeddable":true,"href":"https:\/\/lidaglassware.com\/pl\/wp-json\/wp\/v2\/media\/1035"}],"wp:attachment":[{"href":"https:\/\/lidaglassware.com\/pl\/wp-json\/wp\/v2\/media?parent=953"}],"curies":[{"name":"wp","href":"https:\/\/api.w.org\/{rel}","templated":true}]}}