{"id":954,"date":"2021-07-15T16:57:35","date_gmt":"2021-07-16T00:57:35","guid":{"rendered":"https:\/\/lidaglassware.com\/?post_type=product&#038;p=954"},"modified":"2022-09-27T01:51:52","modified_gmt":"2022-09-27T09:51:52","slug":"french-picardie-whiskey-tumblers-8-6oz-245ml","status":"publish","type":"product","link":"https:\/\/lidaglassware.com\/pl\/produkt\/kubki-whisky-francuskiej-pikardii-8-6oz-245ml\/","title":{"rendered":"Kubki do francuskiej whisky Picardie 8,6 uncji \/ 245 ml"},"content":{"rendered":"<h2>Kubki do francuskiej whisky Picardie 8,6 uncji \/ 245 ml<\/h2>\n<p>Te klasyczne szklanki do whisky Picardie s\u0105 niemal sta\u0142ym elementem francuskich szk\u00f3\u0142, dom\u00f3w i bistro. Powodem ich popularno\u015bci jest prosty i \u0142adny design szk\u0142a.<\/p>\n<p>Szk\u0142o to nazywane jest r\u00f3wnie\u017c szk\u0142em lotosowym. Owini\u0119ty wz\u00f3r wykonujemy na szkle. W tych szklankach mo\u017cna podawa\u0107 wszystko, od orze\u017awiaj\u0105cego soku po ciep\u0142e wino.<\/p>\n<p>W domu eleganckie projekty sprawiaj\u0105, \u017ce czujesz si\u0119 swobodnie.<\/p>\n<p>&nbsp;<\/p>","protected":false},"excerpt":{"rendered":"<p>French Picardie Whiskey Tumblers 8.6oz \/ 245ml This classic Picardie Whiskey Tumblers have been an almost permanet feature in French Schools, homes and bistros. The reason for their polularity is the simple and nice glass design. This glass is also called lotus glass. We make the wrapped design on the glass. These tumblers can be [&hellip;]<\/p>","protected":false},"featured_media":1039,"comment_status":"closed","ping_status":"closed","template":"","meta":[],"class_list":["post-954","product","type-product","status-publish","has-post-thumbnail","hentry","product_cat-whiskey-glasses","product_tag-whiskey-glass"],"_links":{"self":[{"href":"https:\/\/lidaglassware.com\/pl\/wp-json\/wp\/v2\/product\/954","targetHints":{"allow":["GET"]}}],"collection":[{"href":"https:\/\/lidaglassware.com\/pl\/wp-json\/wp\/v2\/product"}],"about":[{"href":"https:\/\/lidaglassware.com\/pl\/wp-json\/wp\/v2\/types\/product"}],"replies":[{"embeddable":true,"href":"https:\/\/lidaglassware.com\/pl\/wp-json\/wp\/v2\/comments?post=954"}],"wp:featuredmedia":[{"embeddable":true,"href":"https:\/\/lidaglassware.com\/pl\/wp-json\/wp\/v2\/media\/1039"}],"wp:attachment":[{"href":"https:\/\/lidaglassware.com\/pl\/wp-json\/wp\/v2\/media?parent=954"}],"curies":[{"name":"wp","href":"https:\/\/api.w.org\/{rel}","templated":true}]}}