{"id":955,"date":"2021-07-15T16:57:35","date_gmt":"2021-07-16T00:57:35","guid":{"rendered":"https:\/\/lidaglassware.com\/?post_type=product&#038;p=955"},"modified":"2022-09-27T01:47:45","modified_gmt":"2022-09-27T09:47:45","slug":"diamond-old-fashioned-tumblers-7-5oz-215ml","status":"publish","type":"product","link":"https:\/\/lidaglassware.com\/pl\/produkt\/diamentowe-staromodne-kubki-7-5oz-215ml\/","title":{"rendered":"Diamentowe, staromodne kubki 7,5 uncji \/ 215 ml"},"content":{"rendered":"<h2>Diamentowe, staromodne kubki 7,5 uncji \/ 215 ml<\/h2>\n<p>&nbsp;<\/p>\n<p>Ten diament ma wz\u00f3r szlifowanego szk\u0142a. Nadaje si\u0119 do serwowania kr\u00f3tkich koktajli typu old fashioned oraz spitrits schludnych lub on the rocks.<\/p>\n<p>To szk\u0142o do whisky\/staromodne szk\u0142o jest produkowane przez prasowanie maszynowe, a rzemios\u0142o przypomina szk\u0142o kryszta\u0142owe. Pokazuje doskona\u0142\u0105 przejrzysto\u015b\u0107 i delikatn\u0105 obw\u00f3dk\u0119. Mo\u017cesz mie\u0107 w\u0142asn\u0105 prezentacj\u0119 drink\u00f3w.<\/p>\n<p>Nadaje si\u0119 do u\u017cytku w obiektach komercyjnych, takich jak restauracje, puby, imprezy itp. Mamy nadziej\u0119, \u017ce b\u0119dziesz si\u0119 dobrze bawi\u0107 z tymi diamentowymi, staro\u015bwieckimi kubkami.<\/p>\n<p>&nbsp;<\/p>\n<div class=\"mw-body-content\">\n<h4 id=\"firstHeading\" class=\"firstHeading\" lang=\"en\"><span style=\"color: #000000;\">Szk\u0142o w starym stylu<\/span><\/h4>\n<div id=\"bodyContent\" class=\"mw-body-content\">\n<div id=\"mw-content-text\" class=\"mw-content-ltr\" dir=\"ltr\" lang=\"en\">\n<div class=\"thumb tright\">\n<div class=\"thumbinner\">\n<p><span style=\"color: #333333;\">Szklanka w starym stylu, tradycyjnie u\u017cywana do serwowania <a style=\"color: #333333;\" title=\"Nap\u00f3j destylowany\" href=\"https:\/\/en.wikipedia.org\/wiki\/Distilled_beverage\" target=\"_blank\" rel=\"noopener\">duchy<\/a><\/span><\/p>\n<\/div>\n<\/div>\n<p><span style=\"color: #333333;\">The <b>Szk\u0142o w starym stylu<\/b> Lub <b>ska\u0142a szk\u0142o<\/b> jest kr\u00f3tki <a style=\"color: #333333;\" title=\"Kubek (szk\u0142o)\" href=\"https:\/\/en.wikipedia.org\/wiki\/Tumbler_(glass)\" target=\"_blank\" rel=\"noopener\">kubek<\/a> u\u017cywany do serwowania opalenizny <a style=\"color: #333333;\" title=\"Nap\u00f3j destylowany\" href=\"https:\/\/en.wikipedia.org\/wiki\/Distilled_beverage\" target=\"_blank\" rel=\"noopener\">duchy<\/a>, Jak na przyk\u0142ad <a style=\"color: #333333;\" title=\"Whisky\" href=\"https:\/\/en.wikipedia.org\/wiki\/Whisky\" target=\"_blank\" rel=\"noopener\">Whisky<\/a>, z <a class=\"mw-redirect\" style=\"color: #333333;\" title=\"Kostki lodu\" href=\"https:\/\/en.wikipedia.org\/wiki\/Ice_cubes\" target=\"_blank\" rel=\"noopener\">kostki lodu<\/a> (&quot;na ska\u0142ach&quot;). Jest r\u00f3wnie\u017c zwykle u\u017cywany do serwowania niekt\u00f3rych <a style=\"color: #333333;\" title=\"Koktajl\" href=\"https:\/\/en.wikipedia.org\/wiki\/Cocktail\" target=\"_blank\" rel=\"noopener\">koktajle<\/a>, tak jak <a style=\"color: #333333;\" title=\"Staromodny\" href=\"https:\/\/en.wikipedia.org\/wiki\/Old_Fashioned\" target=\"_blank\" rel=\"noopener\">Staromodny<\/a>, od kt\u00f3rego otrzymuje swoj\u0105 nazw\u0119.<\/span><\/p>\n<p><span style=\"color: #333333;\">Szklanki Old Fashioned maj\u0105 zazwyczaj szerokie rondo i grub\u0105 podstaw\u0119, dzi\u0119ki czemu niep\u0142ynne sk\u0142adniki koktajlu mo\u017cna rozgnie\u015b\u0107 za pomoc\u0105 <a style=\"color: #333333;\" title=\"Ba\u0142aganiarz\" href=\"https:\/\/en.wikipedia.org\/wiki\/Muddler\" target=\"_blank\" rel=\"noopener\">ba\u0142aganiarz<\/a> przed dodaniem g\u0142\u00f3wnych p\u0142ynnych sk\u0142adnik\u00f3w.<\/span><\/p>\n<p><span style=\"color: #333333;\">Szklanki Old Fashioned zwykle zawieraj\u0105 180\u2013300 ml (6\u201310 uncji ameryka\u0144skich).<sup id=\"cite_ref-1\" class=\"reference\"><a style=\"color: #333333;\" href=\"https:\/\/en.wikipedia.org\/wiki\/Old_Fashioned_glass#cite_note-1\" target=\"_blank\" rel=\"noopener\">[1]<\/a><\/sup><sup id=\"cite_ref-Rathbun_2-0\" class=\"reference\"><a style=\"color: #333333;\" href=\"https:\/\/en.wikipedia.org\/wiki\/Old_Fashioned_glass#cite_note-Rathbun-2\" target=\"_blank\" rel=\"noopener\">[2]<\/a><\/sup> Podw\u00f3jne szk\u0142o Old Fashioned (czasami okre\u015blane przez sprzedawc\u00f3w jako <b>DOF<\/b> szk\u0142o) zawiera 350\u2013470 ml (12\u201316 uncji ameryka\u0144skich).<sup id=\"cite_ref-Rathbun_2-1\" class=\"reference\"><a style=\"color: #333333;\" href=\"https:\/\/en.wikipedia.org\/wiki\/Old_Fashioned_glass#cite_note-Rathbun-2\" target=\"_blank\" rel=\"noopener\">[2]<\/a><\/sup><sup id=\"cite_ref-3\" class=\"reference\"><a style=\"color: #333333;\" href=\"https:\/\/en.wikipedia.org\/wiki\/Old_Fashioned_glass#cite_note-3\" target=\"_blank\" rel=\"noopener\">[3]<\/a><\/sup><\/span><\/p>\n<\/div>\n<\/div>\n<\/div>","protected":false},"excerpt":{"rendered":"<p>Diamond Old Fashioned Tumblers 7.5oz \/ 215ml &nbsp; This diamond feature a cut glass design. It is suited to serving short cocktails such as an old fashioned and spitrits neat or on the rocks. This whiskey glass\/Old fashioned glass\u00a0is produced by machine pressed, with the craft like crystal glass. It shows the superior clarity and [&hellip;]<\/p>","protected":false},"featured_media":1043,"comment_status":"closed","ping_status":"closed","template":"","meta":[],"class_list":["post-955","product","type-product","status-publish","has-post-thumbnail","hentry","product_cat-whiskey-glasses","product_tag-whiskey-glass"],"_links":{"self":[{"href":"https:\/\/lidaglassware.com\/pl\/wp-json\/wp\/v2\/product\/955","targetHints":{"allow":["GET"]}}],"collection":[{"href":"https:\/\/lidaglassware.com\/pl\/wp-json\/wp\/v2\/product"}],"about":[{"href":"https:\/\/lidaglassware.com\/pl\/wp-json\/wp\/v2\/types\/product"}],"replies":[{"embeddable":true,"href":"https:\/\/lidaglassware.com\/pl\/wp-json\/wp\/v2\/comments?post=955"}],"wp:featuredmedia":[{"embeddable":true,"href":"https:\/\/lidaglassware.com\/pl\/wp-json\/wp\/v2\/media\/1043"}],"wp:attachment":[{"href":"https:\/\/lidaglassware.com\/pl\/wp-json\/wp\/v2\/media?parent=955"}],"curies":[{"name":"wp","href":"https:\/\/api.w.org\/{rel}","templated":true}]}}