{"id":957,"date":"2021-07-15T16:57:35","date_gmt":"2021-07-16T00:57:35","guid":{"rendered":"https:\/\/lidaglassware.com\/?post_type=product&#038;p=957"},"modified":"2021-07-19T00:33:06","modified_gmt":"2021-07-19T08:33:06","slug":"rocks-tumblers-7oz-200ml","status":"publish","type":"product","link":"https:\/\/lidaglassware.com\/pl\/produkt\/skaly-kubki-7oz-200ml\/","title":{"rendered":"Kubki Rocks 7 uncji \/ 200 ml"},"content":{"rendered":"<h2>Kubki Rocks 7 uncji \/ 200 ml<\/h2>\n<p>To szk\u0142o do whisky\/staromodne szk\u0142o jest produkowane przez prasowanie maszynowe, a rzemios\u0142o przypomina szk\u0142o kryszta\u0142owe. Pokazuje doskona\u0142\u0105 przejrzysto\u015b\u0107 i delikatn\u0105 obw\u00f3dk\u0119. Mo\u017cesz mie\u0107 w\u0142asn\u0105 prezentacj\u0119 drink\u00f3w.<\/p>\n<p>Nadaje si\u0119 do u\u017cytku w obiektach komercyjnych, takich jak restauracje, puby, imprezy itp. Mamy nadziej\u0119, \u017ce b\u0119dziesz si\u0119 dobrze bawi\u0107 z tymi diamentowymi, staro\u015bwieckimi kubkami.<\/p>\n<p>&nbsp;<\/p>\n<div class=\"mw-body-content\">\n<div id=\"bodyContent\" class=\"mw-body-content\">\n<div id=\"mw-content-text\" class=\"mw-content-ltr\" dir=\"ltr\" lang=\"en\">\n<p>&nbsp;<\/p>\n<\/div>\n<\/div>\n<\/div>","protected":false},"excerpt":{"rendered":"<p>Idealne do serwowania ch\u0142odnej whisky on the rocks. Te szklanki Rocks o pojemno\u015bci 20 cl s\u0142u\u017c\u0105 jako szklanka do codziennego picia. Klasyczny design oznacza, \u017ce te kubki idealnie nadaj\u0105 si\u0119 do szybkiego i \u0142atwego czyszczenia.<\/p>","protected":false},"featured_media":1052,"comment_status":"closed","ping_status":"closed","template":"","meta":[],"class_list":["post-957","product","type-product","status-publish","has-post-thumbnail","hentry","product_cat-whiskey-glasses","product_tag-whiskey-glass"],"_links":{"self":[{"href":"https:\/\/lidaglassware.com\/pl\/wp-json\/wp\/v2\/product\/957","targetHints":{"allow":["GET"]}}],"collection":[{"href":"https:\/\/lidaglassware.com\/pl\/wp-json\/wp\/v2\/product"}],"about":[{"href":"https:\/\/lidaglassware.com\/pl\/wp-json\/wp\/v2\/types\/product"}],"replies":[{"embeddable":true,"href":"https:\/\/lidaglassware.com\/pl\/wp-json\/wp\/v2\/comments?post=957"}],"wp:featuredmedia":[{"embeddable":true,"href":"https:\/\/lidaglassware.com\/pl\/wp-json\/wp\/v2\/media\/1052"}],"wp:attachment":[{"href":"https:\/\/lidaglassware.com\/pl\/wp-json\/wp\/v2\/media?parent=957"}],"curies":[{"name":"wp","href":"https:\/\/api.w.org\/{rel}","templated":true}]}}