{"id":960,"date":"2021-07-15T16:57:35","date_gmt":"2021-07-16T00:57:35","guid":{"rendered":"https:\/\/lidaglassware.com\/?post_type=product&#038;p=960"},"modified":"2021-07-20T17:47:34","modified_gmt":"2021-07-21T01:47:34","slug":"glass-votive-candle-holders-1-75-x-2-5","status":"publish","type":"product","link":"https:\/\/lidaglassware.com\/pl\/produkt\/szklane-swieczniki-wotywne-1-75-x-2-5\/","title":{"rendered":"Szklane \u015bwieczniki wotywne 1,75\u2033 x 2,5\u2033"},"content":{"rendered":"<h2>Szklane \u015bwieczniki wotywne<\/h2>\n<p>Przezroczyste szk\u0142o pozwala blaskowi \u015bwiec stworzy\u0107 czaruj\u0105cy blask na ka\u017cd\u0105 okazj\u0119. Stw\u00f3rz niesamowit\u0105 dekoracj\u0119 sto\u0142u na wesela i przyj\u0119cia lub zab\u0142y\u015bnij pi\u0119kn\u0105 luminescencj\u0105, kt\u00f3ra stworzy eleganck\u0105 atmosfer\u0119 w Twoich sypialniach, \u0142azienkach lub gdziekolwiek chcesz, aby uzyska\u0107 spokojny, relaksuj\u0105cy ksi\u0119\u017cyc, kt\u00f3ry zapewnia tylko \u015bwiat\u0142o \u015bwiec.<\/p>\n<p>Je\u015bli chcesz pokona\u0107 normalny rynek \u015bwiec, musisz zaprojektowa\u0107 sw\u00f3j w\u0142asny dla konkurencji, dla zysku. Jeste\u015bmy tu, czekaj\u0105c na Ciebie, aby u\u015bwiadomi\u0107 sobie, co my\u015blisz i czego potrzebujesz.<\/p>\n<p>Mamy dla Ciebie r\u00f3\u017cne rozwi\u0105zania. Po prostu zadzwo\u0144 lub napisz!<\/p>","protected":false},"excerpt":{"rendered":"<p>Glass Votive Candle Holders The clear glass allows candlelight to create an enchanting sparkle for any occasion. Create an amazing table-scape for weddings and dinner parties or shine beautiful luminescence that generates elegant ambiance in your bedroons, bathrooms or wherever you want that peaceful relaxing moond that only candlelight provides. If you want to beat [&hellip;]<\/p>","protected":false},"featured_media":1066,"comment_status":"closed","ping_status":"closed","template":"","meta":[],"class_list":["post-960","product","type-product","status-publish","has-post-thumbnail","hentry","product_cat-glass-candle-holders","product_tag-glass-candle-holder"],"_links":{"self":[{"href":"https:\/\/lidaglassware.com\/pl\/wp-json\/wp\/v2\/product\/960","targetHints":{"allow":["GET"]}}],"collection":[{"href":"https:\/\/lidaglassware.com\/pl\/wp-json\/wp\/v2\/product"}],"about":[{"href":"https:\/\/lidaglassware.com\/pl\/wp-json\/wp\/v2\/types\/product"}],"replies":[{"embeddable":true,"href":"https:\/\/lidaglassware.com\/pl\/wp-json\/wp\/v2\/comments?post=960"}],"wp:featuredmedia":[{"embeddable":true,"href":"https:\/\/lidaglassware.com\/pl\/wp-json\/wp\/v2\/media\/1066"}],"wp:attachment":[{"href":"https:\/\/lidaglassware.com\/pl\/wp-json\/wp\/v2\/media?parent=960"}],"curies":[{"name":"wp","href":"https:\/\/api.w.org\/{rel}","templated":true}]}}