{"id":965,"date":"2021-07-15T16:57:36","date_gmt":"2021-07-16T00:57:36","guid":{"rendered":"https:\/\/lidaglassware.com\/?post_type=product&#038;p=965"},"modified":"2021-07-19T00:44:05","modified_gmt":"2021-07-19T08:44:05","slug":"mini-glass-coffee-cup-2-8oz-80ml","status":"publish","type":"product","link":"https:\/\/lidaglassware.com\/pl\/produkt\/mini-szklana-filizanka-kawy-2-8oz-80ml\/","title":{"rendered":"Mini szklana fili\u017canka do kawy 2,8 uncji \/ 80 ml"},"content":{"rendered":"<h2>Mini szklana fili\u017canka do kawy 2,8 uncji \/ 80 ml<\/h2>\n<p>Kieliszek do kieliszka z minikubkiem pomie\u015bci oko\u0142o 3 uncji ulubionego trunku. S\u0105 urocze i zabawne podczas robienia zdj\u0119\u0107. \u015awietny temat do rozm\u00f3w na ka\u017cdym przyj\u0119ciu koktajlowym lub jako dodatek do baru! Maj\u0105 3 cale wysoko\u015bci i 2-calow\u0105 \u015brednic\u0119 ust. Uroczy ma\u0142y uchwyt kubka i kreatywny design tego kieliszka stanowi\u0105 r\u00f3wnie\u017c \u015bwietne elementy dekoracyjne.<\/p>\n<div class=\"mw-body-content\"><\/div>","protected":false},"excerpt":{"rendered":"<p>Mini Glass Coffee Cup 2.8oz \/ 80ml The mini mug glass shot glass holds approximately 3\u00a0ounce of your favorite liquor. They are adorable and fun to take shots out of. A great conversation piece at any cocktail party or to have as a bar accessory! They stand 3\u00a0inches tall with a 2\u00a0inch mouth diameter. The [&hellip;]<\/p>","protected":false},"featured_media":1089,"comment_status":"closed","ping_status":"closed","template":"","meta":[],"class_list":["post-965","product","type-product","status-publish","has-post-thumbnail","hentry","product_cat-coffee-glasses","product_tag-glass-coffee-mug"],"_links":{"self":[{"href":"https:\/\/lidaglassware.com\/pl\/wp-json\/wp\/v2\/product\/965","targetHints":{"allow":["GET"]}}],"collection":[{"href":"https:\/\/lidaglassware.com\/pl\/wp-json\/wp\/v2\/product"}],"about":[{"href":"https:\/\/lidaglassware.com\/pl\/wp-json\/wp\/v2\/types\/product"}],"replies":[{"embeddable":true,"href":"https:\/\/lidaglassware.com\/pl\/wp-json\/wp\/v2\/comments?post=965"}],"wp:featuredmedia":[{"embeddable":true,"href":"https:\/\/lidaglassware.com\/pl\/wp-json\/wp\/v2\/media\/1089"}],"wp:attachment":[{"href":"https:\/\/lidaglassware.com\/pl\/wp-json\/wp\/v2\/media?parent=965"}],"curies":[{"name":"wp","href":"https:\/\/api.w.org\/{rel}","templated":true}]}}