{"id":973,"date":"2021-07-15T16:58:57","date_gmt":"2021-07-16T00:58:57","guid":{"rendered":"https:\/\/lidaglassware.com\/?post_type=product&#038;p=973"},"modified":"2021-07-19T00:43:06","modified_gmt":"2021-07-19T08:43:06","slug":"printed-glass-coffee-cup-3-2oz-90ml","status":"publish","type":"product","link":"https:\/\/lidaglassware.com\/pl\/produkt\/filizanka-szklana-z-nadrukiem-3-2oz-90ml\/","title":{"rendered":"Szklana fili\u017canka do kawy z nadrukiem 3,2 uncji \/ 90 ml"},"content":{"rendered":"<h2>Szklana fili\u017canka do kawy z nadrukiem 3,2 uncji \/ 90 ml<\/h2>\n<p>Kieliszek do kieliszka z minikubkiem pomie\u015bci oko\u0142o 3 uncji ulubionego trunku. S\u0105 urocze i zabawne podczas robienia zdj\u0119\u0107. \u015awietny temat do rozm\u00f3w na ka\u017cdym przyj\u0119ciu koktajlowym lub jako dodatek do baru! Maj\u0105 3 cale wysoko\u015bci i 2-calow\u0105 \u015brednic\u0119 ust. Uroczy ma\u0142y uchwyt kubka i kreatywny design tego kieliszka stanowi\u0105 r\u00f3wnie\u017c \u015bwietne elementy dekoracyjne.<\/p>\n<p>&nbsp;<\/p>\n<div class=\"mw-body-content\"><\/div>","protected":false},"excerpt":{"rendered":"<p>Printed Glass Coffee Cup 3.2oz \/ 90ml The mini mug glass shot glass holds approximately 3\u00a0ounce of your favorite liquor. They are adorable and fun to take shots out of. A great conversation piece at any cocktail party or to have as a bar accessory! They stand 3\u00a0inches tall with a 2\u00a0inch mouth diameter. The [&hellip;]<\/p>","protected":false},"featured_media":1098,"comment_status":"closed","ping_status":"closed","template":"","meta":[],"class_list":["post-973","product","type-product","status-publish","has-post-thumbnail","hentry","product_cat-coffee-glasses","product_tag-glass-coffee-mug"],"_links":{"self":[{"href":"https:\/\/lidaglassware.com\/pl\/wp-json\/wp\/v2\/product\/973","targetHints":{"allow":["GET"]}}],"collection":[{"href":"https:\/\/lidaglassware.com\/pl\/wp-json\/wp\/v2\/product"}],"about":[{"href":"https:\/\/lidaglassware.com\/pl\/wp-json\/wp\/v2\/types\/product"}],"replies":[{"embeddable":true,"href":"https:\/\/lidaglassware.com\/pl\/wp-json\/wp\/v2\/comments?post=973"}],"wp:featuredmedia":[{"embeddable":true,"href":"https:\/\/lidaglassware.com\/pl\/wp-json\/wp\/v2\/media\/1098"}],"wp:attachment":[{"href":"https:\/\/lidaglassware.com\/pl\/wp-json\/wp\/v2\/media?parent=973"}],"curies":[{"name":"wp","href":"https:\/\/api.w.org\/{rel}","templated":true}]}}