{"id":989,"date":"2021-07-15T17:01:46","date_gmt":"2021-07-16T01:01:46","guid":{"rendered":"https:\/\/lidaglassware.com\/?post_type=product&#038;p=989"},"modified":"2021-07-19T00:40:40","modified_gmt":"2021-07-19T08:40:40","slug":"printed-glass-coffee-mug-4oz-120ml","status":"publish","type":"product","link":"https:\/\/lidaglassware.com\/pl\/produkt\/kubek-szklany-z-nadrukiem-4oz-120ml\/","title":{"rendered":"Kubek szklany do kawy z nadrukiem 4 uncje \/ 120 ml"},"content":{"rendered":"<h2>Kubek szklany do kawy z nadrukiem 4 uncje \/ 120 ml<\/h2>\n<p>Kieliszek do kieliszka z minikubkiem pomie\u015bci oko\u0142o 4 uncji ulubionego trunku. S\u0105 urocze i fajnie jest z nich wypi\u0107 kaw\u0119. \u015awietny temat do rozm\u00f3w na ka\u017cdym przyj\u0119ciu koktajlowym lub jako dodatek do kawy! Maj\u0105 3 cale wysoko\u015bci i 2,5-calow\u0105 \u015brednic\u0119 ust.<\/p>\n<p>Kiedy ostatni raz wspania\u0142a historia zacz\u0119\u0142a si\u0119 od jedzenia sa\u0142atki? Ta mini szklanka do kawy to idealny spos\u00f3b na rozpocz\u0119cie ka\u017cdej imprezy!<\/p>\n<p>Sugerujemy, aby\u015b stworzy\u0142 na nim w\u0142asn\u0105 mark\u0119! Zr\u00f3b zapasy ju\u017c teraz, aby mie\u0107 gotowe okulary, kt\u00f3re sprawi\u0105, \u017ce Tw\u00f3j klient b\u0119dzie zadowolony.<\/p>\n<p>Mamy o wiele wi\u0119cej szklanek do kawy do wyboru!<\/p>\n<div class=\"mw-body-content\"><\/div>","protected":false},"excerpt":{"rendered":"<p>Uroczy ma\u0142y uchwyt do kubka i kreatywny design tego kieliszka stanowi\u0105 r\u00f3wnie\u017c \u015bwietne elementy dekoracyjne.<\/p>","protected":false},"featured_media":1115,"comment_status":"closed","ping_status":"closed","template":"","meta":[],"class_list":["post-989","product","type-product","status-publish","has-post-thumbnail","hentry","product_cat-coffee-glasses","product_tag-glass-coffee-mug"],"_links":{"self":[{"href":"https:\/\/lidaglassware.com\/pl\/wp-json\/wp\/v2\/product\/989","targetHints":{"allow":["GET"]}}],"collection":[{"href":"https:\/\/lidaglassware.com\/pl\/wp-json\/wp\/v2\/product"}],"about":[{"href":"https:\/\/lidaglassware.com\/pl\/wp-json\/wp\/v2\/types\/product"}],"replies":[{"embeddable":true,"href":"https:\/\/lidaglassware.com\/pl\/wp-json\/wp\/v2\/comments?post=989"}],"wp:featuredmedia":[{"embeddable":true,"href":"https:\/\/lidaglassware.com\/pl\/wp-json\/wp\/v2\/media\/1115"}],"wp:attachment":[{"href":"https:\/\/lidaglassware.com\/pl\/wp-json\/wp\/v2\/media?parent=989"}],"curies":[{"name":"wp","href":"https:\/\/api.w.org\/{rel}","templated":true}]}}