{"id":2509,"date":"2023-08-31T01:57:06","date_gmt":"2023-08-31T09:57:06","guid":{"rendered":"https:\/\/lidaglassware.com\/?page_id=2509"},"modified":"2024-04-02T01:16:30","modified_gmt":"2024-04-02T09:16:30","slug":"research-development","status":"publish","type":"page","link":"https:\/\/lidaglassware.com\/pt\/research-development\/","title":{"rendered":"Pesquisa e desenvolvimento"},"content":{"rendered":"<div data-elementor-type=\"wp-page\" data-elementor-id=\"2509\" class=\"elementor elementor-2509\" data-elementor-post-type=\"page\">\n\t\t\t\t<div class=\"elementor-element elementor-element-777c8847 e-con-full e-flex e-con e-parent\" data-id=\"777c8847\" data-element_type=\"container\" data-settings=\"{&quot;background_background&quot;:&quot;classic&quot;}\">\n\t\t<div class=\"elementor-element elementor-element-2ef0e1be e-flex e-con-boxed e-con e-child\" data-id=\"2ef0e1be\" data-element_type=\"container\">\n\t\t\t\t\t<div class=\"e-con-inner\">\n\t\t\t\t<div class=\"elementor-element elementor-element-ee401e2 elementor-widget elementor-widget-heading\" data-id=\"ee401e2\" data-element_type=\"widget\" data-widget_type=\"heading.default\">\n\t\t\t\t<div class=\"elementor-widget-container\">\n\t\t\t<h1 class=\"elementor-heading-title elementor-size-default\">Pesquisa e Desenvolvimento em Todos os Aspectos<\/h1>\t\t<\/div>\n\t\t\t\t<\/div>\n\t\t\t\t\t<\/div>\n\t\t\t\t<\/div>\n\t\t\t\t<div class=\"elementor-element elementor-element-4488e1a6 elementor-widget elementor-widget-text-editor\" data-id=\"4488e1a6\" data-element_type=\"widget\" data-widget_type=\"text-editor.default\">\n\t\t\t\t<div class=\"elementor-widget-container\">\n\t\t\t\t\t\t\t<p>Aprimorando as respostas de hoje e antecipando as necessidades de amanh\u00e3.<\/p>\t\t\t\t\t\t<\/div>\n\t\t\t\t<\/div>\n\t\t\t\t<div class=\"elementor-element elementor-element-27c9deb7 elementor-widget elementor-widget-woocommerce-breadcrumb\" data-id=\"27c9deb7\" data-element_type=\"widget\" data-widget_type=\"woocommerce-breadcrumb.default\">\n\t\t\t\t<div class=\"elementor-widget-container\">\n\t\t\t<nav class=\"woocommerce-breadcrumb\" data-no-translation=\"\" data-trp-gettext=\"\">Lar<\/nav>\t\t<\/div>\n\t\t\t\t<\/div>\n\t\t\t\t<\/div>\n\t\t<div class=\"elementor-element elementor-element-c975448 e-flex e-con-boxed e-con e-parent\" data-id=\"c975448\" data-element_type=\"container\">\n\t\t\t\t\t<div class=\"e-con-inner\">\n\t\t\t\t<div class=\"elementor-element elementor-element-bebb6ad elementor-widget elementor-widget-heading\" data-id=\"bebb6ad\" data-element_type=\"widget\" data-widget_type=\"heading.default\">\n\t\t\t\t<div class=\"elementor-widget-container\">\n\t\t\t<h2 class=\"elementor-heading-title elementor-size-default\">Lida P&amp;D: Monitorando mudan\u00e7as com foco no impacto a m\u00e9dio e longo prazo<\/h2>\t\t<\/div>\n\t\t\t\t<\/div>\n\t\t\t\t\t<\/div>\n\t\t\t\t<\/div>\n\t\t<div class=\"elementor-element elementor-element-f5e908b e-flex e-con-boxed e-con e-parent\" data-id=\"f5e908b\" data-element_type=\"container\">\n\t\t\t\t\t<div class=\"e-con-inner\">\n\t\t<div class=\"elementor-element elementor-element-585ac5d e-con-full e-flex e-con e-child\" data-id=\"585ac5d\" data-element_type=\"container\">\n\t\t\t\t<div class=\"elementor-element elementor-element-c38a76c elementor-widget elementor-widget-image\" data-id=\"c38a76c\" data-element_type=\"widget\" data-widget_type=\"image.default\">\n\t\t\t\t<div class=\"elementor-widget-container\">\n\t\t\t\t\t\t\t\t\t\t\t\t\t<img fetchpriority=\"high\" decoding=\"async\" width=\"800\" height=\"534\" src=\"https:\/\/lidaglassware.com\/wp-content\/uploads\/2023\/08\/R-and-D-from-Pixabay-1024x684.jpg\" class=\"attachment-large size-large wp-image-2483\" alt=\"P e D da Pixabay\" srcset=\"https:\/\/lidaglassware.com\/wp-content\/uploads\/2023\/08\/R-and-D-from-Pixabay-1024x684.jpg 1024w, https:\/\/lidaglassware.com\/wp-content\/uploads\/2023\/08\/R-and-D-from-Pixabay-300x200.jpg 300w, https:\/\/lidaglassware.com\/wp-content\/uploads\/2023\/08\/R-and-D-from-Pixabay-768x513.jpg 768w, https:\/\/lidaglassware.com\/wp-content\/uploads\/2023\/08\/R-and-D-from-Pixabay-1536x1026.jpg 1536w, https:\/\/lidaglassware.com\/wp-content\/uploads\/2023\/08\/R-and-D-from-Pixabay-600x401.jpg 600w, https:\/\/lidaglassware.com\/wp-content\/uploads\/2023\/08\/R-and-D-from-Pixabay.jpg 1920w\" sizes=\"(max-width: 800px) 100vw, 800px\" \/>\t\t\t\t\t\t\t\t\t\t\t\t\t<\/div>\n\t\t\t\t<\/div>\n\t\t\t\t<\/div>\n\t\t<div class=\"elementor-element elementor-element-8432289 e-con-full e-flex e-con e-child\" data-id=\"8432289\" data-element_type=\"container\">\n\t\t\t\t<div class=\"elementor-element elementor-element-75628ae elementor-widget elementor-widget-text-editor\" data-id=\"75628ae\" data-element_type=\"widget\" data-widget_type=\"text-editor.default\">\n\t\t\t\t<div class=\"elementor-widget-container\">\n\t\t\t\t\t\t\t<p>Temos um sistema s\u00f3lido para o r\u00e1pido desenvolvimento de copos de vidro e, sim, tamb\u00e9m temos todo um departamento de P&amp;D. Nosso foco principal em P&amp;D \u00e9 observar as tend\u00eancias globais na ind\u00fastria de vidro e combin\u00e1-las com estrat\u00e9gias de entrada no mercado para nossos clientes.<\/p><p>Isso nos permite misturar e combinar <a href=\"https:\/\/lidaglassware.com\/pt\/glassware-manufacturing\/\" target=\"_blank\" rel=\"nofollow noopener\"><span style=\"text-decoration: underline;\">nossa tecnologia de fabrica\u00e7\u00e3o<\/span><\/a> e ideias com o que est\u00e1 em alta, trabalhando em equipe para fazer produtos de vidro que realmente fa\u00e7am sucesso. Al\u00e9m disso, nossa pesquisa e desenvolvimento fica ainda melhor e mais eficiente ao adotar diferentes perspectivas e difundir novas descobertas em todos os n\u00edveis.<\/p>\t\t\t\t\t\t<\/div>\n\t\t\t\t<\/div>\n\t\t\t\t<\/div>\n\t\t\t\t\t<\/div>\n\t\t\t\t<\/div>\n\t\t<div class=\"elementor-element elementor-element-7ab23e7 e-flex e-con-boxed e-con e-parent\" data-id=\"7ab23e7\" data-element_type=\"container\" data-settings=\"{&quot;background_background&quot;:&quot;classic&quot;}\">\n\t\t\t\t\t<div class=\"e-con-inner\">\n\t\t\t\t<div class=\"elementor-element elementor-element-a3ac3b4 elementor-widget elementor-widget-heading\" data-id=\"a3ac3b4\" data-element_type=\"widget\" data-widget_type=\"heading.default\">\n\t\t\t\t<div class=\"elementor-widget-container\">\n\t\t\t<h2 class=\"elementor-heading-title elementor-size-default\">Nossa experi\u00eancia<\/h2>\t\t<\/div>\n\t\t\t\t<\/div>\n\t\t\t\t<div class=\"elementor-element elementor-element-2061239 elementor-widget elementor-widget-heading\" data-id=\"2061239\" data-element_type=\"widget\" data-widget_type=\"heading.default\">\n\t\t\t\t<div class=\"elementor-widget-container\">\n\t\t\t<h2 class=\"elementor-heading-title elementor-size-default\">Dom\u00ednio em todo o ciclo de vida de desenvolvimento<\/h2>\t\t<\/div>\n\t\t\t\t<\/div>\n\t\t\t\t\t<\/div>\n\t\t\t\t<\/div>\n\t\t<div class=\"elementor-element elementor-element-104aaf6 e-flex e-con-boxed e-con e-parent\" data-id=\"104aaf6\" data-element_type=\"container\" data-settings=\"{&quot;background_background&quot;:&quot;classic&quot;}\">\n\t\t\t\t\t<div class=\"e-con-inner\">\n\t\t<div class=\"elementor-element elementor-element-6d08a64 e-con-full e-flex e-con e-child\" data-id=\"6d08a64\" data-element_type=\"container\">\n\t\t\t\t<div class=\"elementor-element elementor-element-cc5d152 elementor-widget elementor-widget-icon-box\" data-id=\"cc5d152\" data-element_type=\"widget\" data-widget_type=\"icon-box.default\">\n\t\t\t\t<div class=\"elementor-widget-container\">\n\t\t\t\t\t<div class=\"elementor-icon-box-wrapper\">\n\n\t\t\t\n\t\t\t\t\t\t<div class=\"elementor-icon-box-content\">\n\n\t\t\t\t\t\t\t\t\t<h3 class=\"elementor-icon-box-title\">\n\t\t\t\t\t\t<span  >\n\t\t\t\t\t\t\tAprofundamento da ind\u00fastria e insights de mercado\t\t\t\t\t\t<\/span>\n\t\t\t\t\t<\/h3>\n\t\t\t\t\n\t\t\t\t\t\t\t\t\t<p class=\"elementor-icon-box-description\">\n\t\t\t\t\t\tCom mais de 30 anos de experi\u00eancia, Lida traz consigo uma vasta experi\u00eancia para enfrentar quaisquer desafios que voc\u00ea possa ter. Seja realizando um estudo de mercado aprofundado para impulsionar suas promo\u00e7\u00f5es, aconselhando sobre as melhores op\u00e7\u00f5es de vidros ou realizando qualquer outra tarefa especializada que voc\u00ea precise, temos o know-how para fazer isso acontecer.\t\t\t\t\t<\/p>\n\t\t\t\t\n\t\t\t<\/div>\n\t\t\t\n\t\t<\/div>\n\t\t\t\t<\/div>\n\t\t\t\t<\/div>\n\t\t\t\t<\/div>\n\t\t<div class=\"elementor-element elementor-element-fbd7f26 e-con-full e-flex e-con e-child\" data-id=\"fbd7f26\" data-element_type=\"container\">\n\t\t\t\t<div class=\"elementor-element elementor-element-50ae9d4 elementor-widget elementor-widget-icon-box\" data-id=\"50ae9d4\" data-element_type=\"widget\" data-widget_type=\"icon-box.default\">\n\t\t\t\t<div class=\"elementor-widget-container\">\n\t\t\t\t\t<div class=\"elementor-icon-box-wrapper\">\n\n\t\t\t\n\t\t\t\t\t\t<div class=\"elementor-icon-box-content\">\n\n\t\t\t\t\t\t\t\t\t<h3 class=\"elementor-icon-box-title\">\n\t\t\t\t\t\t<span  >\n\t\t\t\t\t\t\tSuporte t\u00e9cnico completo\t\t\t\t\t\t<\/span>\n\t\t\t\t\t<\/h3>\n\t\t\t\t\n\t\t\t\t\t\t\t\t\t<p class=\"elementor-icon-box-description\">\n\t\t\t\t\t\tNossa equipe de engenharia n\u00e3o conhece apenas tecnologia; eles tamb\u00e9m entendem o mercado. O objetivo \u00e9 fazer \u00f3culos de primeira linha que atendem a todos os requisitos para voc\u00ea. Misturamos funcionalidade, cor e materiais para criar solu\u00e7\u00f5es avan\u00e7adas que fazem a sua marca brilhar. Al\u00e9m disso, implementamos medidas de prote\u00e7\u00e3o inteligentes para impulsionar o nosso jogo e o seu.\t\t\t\t\t<\/p>\n\t\t\t\t\n\t\t\t<\/div>\n\t\t\t\n\t\t<\/div>\n\t\t\t\t<\/div>\n\t\t\t\t<\/div>\n\t\t\t\t<\/div>\n\t\t\t\t\t<\/div>\n\t\t\t\t<\/div>\n\t\t<div class=\"elementor-element elementor-element-42d36c0 e-flex e-con-boxed e-con e-parent\" data-id=\"42d36c0\" data-element_type=\"container\" data-settings=\"{&quot;background_background&quot;:&quot;classic&quot;}\">\n\t\t\t\t\t<div class=\"e-con-inner\">\n\t\t<div class=\"elementor-element elementor-element-922ca60 e-con-full e-flex e-con e-child\" data-id=\"922ca60\" data-element_type=\"container\">\n\t\t\t\t<div class=\"elementor-element elementor-element-3def337 elementor-widget elementor-widget-image\" data-id=\"3def337\" data-element_type=\"widget\" data-widget_type=\"image.default\">\n\t\t\t\t<div class=\"elementor-widget-container\">\n\t\t\t\t\t\t\t\t\t\t\t\t\t<img decoding=\"async\" width=\"800\" height=\"534\" src=\"https:\/\/lidaglassware.com\/wp-content\/uploads\/2023\/11\/Lab-and-Research-Centre-1024x684.jpg\" class=\"attachment-large size-large wp-image-3741\" alt=\"Laborat\u00f3rio e Centro de Pesquisa\" srcset=\"https:\/\/lidaglassware.com\/wp-content\/uploads\/2023\/11\/Lab-and-Research-Centre-1024x684.jpg 1024w, https:\/\/lidaglassware.com\/wp-content\/uploads\/2023\/11\/Lab-and-Research-Centre-300x200.jpg 300w, https:\/\/lidaglassware.com\/wp-content\/uploads\/2023\/11\/Lab-and-Research-Centre-768x513.jpg 768w, https:\/\/lidaglassware.com\/wp-content\/uploads\/2023\/11\/Lab-and-Research-Centre-1536x1026.jpg 1536w, https:\/\/lidaglassware.com\/wp-content\/uploads\/2023\/11\/Lab-and-Research-Centre-600x401.jpg 600w, https:\/\/lidaglassware.com\/wp-content\/uploads\/2023\/11\/Lab-and-Research-Centre.jpg 1920w\" sizes=\"(max-width: 800px) 100vw, 800px\" \/>\t\t\t\t\t\t\t\t\t\t\t\t\t<\/div>\n\t\t\t\t<\/div>\n\t\t\t\t<div class=\"elementor-element elementor-element-6c1f73a elementor-widget elementor-widget-heading\" data-id=\"6c1f73a\" data-element_type=\"widget\" data-widget_type=\"heading.default\">\n\t\t\t\t<div class=\"elementor-widget-container\">\n\t\t\t<h2 class=\"elementor-heading-title elementor-size-default\">Instala\u00e7\u00f5es de laborat\u00f3rio de pesquisa<\/h2>\t\t<\/div>\n\t\t\t\t<\/div>\n\t\t\t\t<\/div>\n\t\t<div class=\"elementor-element elementor-element-ea24cb8 e-con-full e-flex e-con e-child\" data-id=\"ea24cb8\" data-element_type=\"container\">\n\t\t\t\t<div class=\"elementor-element elementor-element-c861b24 elementor-widget elementor-widget-image\" data-id=\"c861b24\" data-element_type=\"widget\" data-widget_type=\"image.default\">\n\t\t\t\t<div class=\"elementor-widget-container\">\n\t\t\t\t\t\t\t\t\t\t\t\t\t<img decoding=\"async\" width=\"800\" height=\"534\" src=\"https:\/\/lidaglassware.com\/wp-content\/uploads\/2023\/11\/Certificates-1024x684.jpg\" class=\"attachment-large size-large wp-image-3742\" alt=\"Certificados\" srcset=\"https:\/\/lidaglassware.com\/wp-content\/uploads\/2023\/11\/Certificates-1024x684.jpg 1024w, https:\/\/lidaglassware.com\/wp-content\/uploads\/2023\/11\/Certificates-300x200.jpg 300w, https:\/\/lidaglassware.com\/wp-content\/uploads\/2023\/11\/Certificates-768x513.jpg 768w, https:\/\/lidaglassware.com\/wp-content\/uploads\/2023\/11\/Certificates-1536x1026.jpg 1536w, https:\/\/lidaglassware.com\/wp-content\/uploads\/2023\/11\/Certificates-600x401.jpg 600w, https:\/\/lidaglassware.com\/wp-content\/uploads\/2023\/11\/Certificates.jpg 1920w\" sizes=\"(max-width: 800px) 100vw, 800px\" \/>\t\t\t\t\t\t\t\t\t\t\t\t\t<\/div>\n\t\t\t\t<\/div>\n\t\t\t\t<div class=\"elementor-element elementor-element-ed1b707 elementor-widget elementor-widget-heading\" data-id=\"ed1b707\" data-element_type=\"widget\" data-widget_type=\"heading.default\">\n\t\t\t\t<div class=\"elementor-widget-container\">\n\t\t\t<h2 class=\"elementor-heading-title elementor-size-default\">Patentes de Produtos e Tecnologia<\/h2>\t\t<\/div>\n\t\t\t\t<\/div>\n\t\t\t\t<\/div>\n\t\t\t\t\t<\/div>\n\t\t\t\t<\/div>\n\t\t<div class=\"elementor-element elementor-element-0bee9a5 e-flex e-con-boxed e-con e-parent\" data-id=\"0bee9a5\" data-element_type=\"container\" data-settings=\"{&quot;background_background&quot;:&quot;classic&quot;}\">\n\t\t\t\t\t<div class=\"e-con-inner\">\n\t\t<div class=\"elementor-element elementor-element-6b1a41a e-con-full e-flex e-con e-child\" data-id=\"6b1a41a\" data-element_type=\"container\">\n\t\t\t\t<div class=\"elementor-element elementor-element-2a0bae9 elementor-widget elementor-widget-image\" data-id=\"2a0bae9\" data-element_type=\"widget\" data-widget_type=\"image.default\">\n\t\t\t\t<div class=\"elementor-widget-container\">\n\t\t\t\t\t\t\t\t\t\t\t\t\t<img loading=\"lazy\" decoding=\"async\" width=\"800\" height=\"534\" src=\"https:\/\/lidaglassware.com\/wp-content\/uploads\/2023\/11\/Our-Factory-1024x684.jpg\" class=\"attachment-large size-large wp-image-3747\" alt=\"Nossa f\u00e1brica\" srcset=\"https:\/\/lidaglassware.com\/wp-content\/uploads\/2023\/11\/Our-Factory-1024x684.jpg 1024w, https:\/\/lidaglassware.com\/wp-content\/uploads\/2023\/11\/Our-Factory-300x200.jpg 300w, https:\/\/lidaglassware.com\/wp-content\/uploads\/2023\/11\/Our-Factory-768x513.jpg 768w, https:\/\/lidaglassware.com\/wp-content\/uploads\/2023\/11\/Our-Factory-1536x1026.jpg 1536w, https:\/\/lidaglassware.com\/wp-content\/uploads\/2023\/11\/Our-Factory-600x401.jpg 600w, https:\/\/lidaglassware.com\/wp-content\/uploads\/2023\/11\/Our-Factory.jpg 1920w\" sizes=\"(max-width: 800px) 100vw, 800px\" \/>\t\t\t\t\t\t\t\t\t\t\t\t\t<\/div>\n\t\t\t\t<\/div>\n\t\t\t\t<div class=\"elementor-element elementor-element-502d8e2 elementor-widget elementor-widget-heading\" data-id=\"502d8e2\" data-element_type=\"widget\" data-widget_type=\"heading.default\">\n\t\t\t\t<div class=\"elementor-widget-container\">\n\t\t\t<h2 class=\"elementor-heading-title elementor-size-default\">Nosso presente<\/h2>\t\t<\/div>\n\t\t\t\t<\/div>\n\t\t\t\t<\/div>\n\t\t<div class=\"elementor-element elementor-element-1a8284c e-con-full e-flex e-con e-child\" data-id=\"1a8284c\" data-element_type=\"container\">\n\t\t\t\t<div class=\"elementor-element elementor-element-ed338b4 elementor-widget elementor-widget-image\" data-id=\"ed338b4\" data-element_type=\"widget\" data-widget_type=\"image.default\">\n\t\t\t\t<div class=\"elementor-widget-container\">\n\t\t\t\t\t\t\t\t\t\t\t\t\t<img loading=\"lazy\" decoding=\"async\" width=\"800\" height=\"534\" src=\"https:\/\/lidaglassware.com\/wp-content\/uploads\/2023\/11\/Our-Future-Development-1024x684.jpg\" class=\"attachment-large size-large wp-image-3748\" alt=\"\" srcset=\"https:\/\/lidaglassware.com\/wp-content\/uploads\/2023\/11\/Our-Future-Development-1024x684.jpg 1024w, https:\/\/lidaglassware.com\/wp-content\/uploads\/2023\/11\/Our-Future-Development-300x200.jpg 300w, https:\/\/lidaglassware.com\/wp-content\/uploads\/2023\/11\/Our-Future-Development-768x513.jpg 768w, https:\/\/lidaglassware.com\/wp-content\/uploads\/2023\/11\/Our-Future-Development-1536x1026.jpg 1536w, https:\/\/lidaglassware.com\/wp-content\/uploads\/2023\/11\/Our-Future-Development-600x401.jpg 600w, https:\/\/lidaglassware.com\/wp-content\/uploads\/2023\/11\/Our-Future-Development.jpg 1920w\" sizes=\"(max-width: 800px) 100vw, 800px\">\t\t\t\t\t\t\t\t\t\t\t\t\t<\/div>\n\t\t\t\t<\/div>\n\t\t\t\t<div class=\"elementor-element elementor-element-032ee3e elementor-widget elementor-widget-heading\" data-id=\"032ee3e\" data-element_type=\"widget\" data-widget_type=\"heading.default\">\n\t\t\t\t<div class=\"elementor-widget-container\">\n\t\t\t<h2 class=\"elementor-heading-title elementor-size-default\">Nosso futuro<\/h2>\t\t<\/div>\n\t\t\t\t<\/div>\n\t\t\t\t<\/div>\n\t\t\t\t\t<\/div>\n\t\t\t\t<\/div>\n\t\t<div class=\"elementor-element elementor-element-7bc28a35 e-flex e-con-boxed e-con e-parent\" data-id=\"7bc28a35\" data-element_type=\"container\" data-settings=\"{&quot;background_background&quot;:&quot;classic&quot;}\">\n\t\t\t\t\t<div class=\"e-con-inner\">\n\t\t<div class=\"elementor-element elementor-element-31bcf044 e-flex e-con-boxed e-con e-child\" data-id=\"31bcf044\" data-element_type=\"container\">\n\t\t\t\t\t<div class=\"e-con-inner\">\n\t\t\t\t<div class=\"elementor-element elementor-element-edcaa44 elementor-widget elementor-widget-heading\" data-id=\"edcaa44\" data-element_type=\"widget\" data-widget_type=\"heading.default\">\n\t\t\t\t<div class=\"elementor-widget-container\">\n\t\t\t<h1 class=\"elementor-heading-title elementor-size-default\">Consulte seus especialistas em vendas em produtos de vidro Lida<\/h1>\t\t<\/div>\n\t\t\t\t<\/div>\n\t\t\t\t\t<\/div>\n\t\t\t\t<\/div>\n\t\t\t\t<div class=\"elementor-element elementor-element-456aa47f elementor-widget elementor-widget-text-editor\" data-id=\"456aa47f\" data-element_type=\"widget\" data-widget_type=\"text-editor.default\">\n\t\t\t\t<div class=\"elementor-widget-container\">\n\t\t\t\t\t\t\t<p>Vamos navegar juntos no mundo da vidraria, sempre mantendo a qualidade e a inova\u00e7\u00e3o em primeiro lugar.<\/p>\t\t\t\t\t\t<\/div>\n\t\t\t\t<\/div>\n\t\t<div class=\"elementor-element elementor-element-f87132f e-flex e-con-boxed e-con e-child\" data-id=\"f87132f\" data-element_type=\"container\" data-settings=\"{&quot;background_background&quot;:&quot;classic&quot;}\">\n\t\t\t\t\t<div class=\"e-con-inner\">\n\t\t<div class=\"elementor-element elementor-element-9cc5719 e-con-full e-flex e-con e-child\" data-id=\"9cc5719\" data-element_type=\"container\">\n\t\t\t\t<div class=\"elementor-element elementor-element-9b723ff elementor-align-center elementor-widget elementor-widget-button\" data-id=\"9b723ff\" data-element_type=\"widget\" data-widget_type=\"button.default\">\n\t\t\t\t<div class=\"elementor-widget-container\">\n\t\t\t\t\t<div class=\"elementor-button-wrapper\">\n\t\t\t<a class=\"elementor-button elementor-button-link elementor-size-md\" href=\"#elementor-action:action=popup:open&settings=eyJpZCI6IjQ2NiIsInRvZ2dsZSI6ZmFsc2V9\">\n\t\t\t\t\t\t<span class=\"elementor-button-content-wrapper\">\n\t\t\t\t\t\t<span class=\"elementor-button-icon\">\n\t\t\t\t\t\t\t<\/span>\n\t\t\t\t\t\t\t\t\t<span class=\"elementor-button-text\">PE\u00c7A UM OR\u00c7AMENTO R\u00c1PIDO<\/span>\n\t\t\t\t\t<\/span>\n\t\t\t\t\t<\/a>\n\t\t<\/div>\n\t\t\t\t<\/div>\n\t\t\t\t<\/div>\n\t\t\t\t<\/div>\n\t\t<div class=\"elementor-element elementor-element-b6e4116 e-con-full e-flex e-con e-child\" data-id=\"b6e4116\" data-element_type=\"container\">\n\t\t\t\t<div class=\"elementor-element elementor-element-7eee36a elementor-align-center elementor-widget elementor-widget-button\" data-id=\"7eee36a\" data-element_type=\"widget\" data-widget_type=\"button.default\">\n\t\t\t\t<div class=\"elementor-widget-container\">\n\t\t\t\t\t<div class=\"elementor-button-wrapper\">\n\t\t\t<a class=\"elementor-button elementor-button-link elementor-size-md\" href=\"https:\/\/lidaglassware.com\/pt\/products\/\">\n\t\t\t\t\t\t<span class=\"elementor-button-content-wrapper\">\n\t\t\t\t\t\t<span class=\"elementor-button-icon\">\n\t\t\t\t\t\t\t<\/span>\n\t\t\t\t\t\t\t\t\t<span class=\"elementor-button-text\">EXPLORE TODOS OS PRODUTOS<\/span>\n\t\t\t\t\t<\/span>\n\t\t\t\t\t<\/a>\n\t\t<\/div>\n\t\t\t\t<\/div>\n\t\t\t\t<\/div>\n\t\t\t\t<\/div>\n\t\t\t\t\t<\/div>\n\t\t\t\t<\/div>\n\t\t\t\t\t<\/div>\n\t\t\t\t<\/div>\n\t\t\t\t<\/div>","protected":false},"excerpt":{"rendered":"<p>Research &amp; Development In Every Aspect Enhancing Today&#8217;s Answers While Anticipating Tomorrow&#8217;s Needs. Lida R&amp;D: Tracking Shifts with a Focus on Medium to Long-Term Impact We&#8217;ve got a solid system in place for quick development of glass cups, and yeah, we&#8217;ve got a whole R&amp;D department too. Our main focus in R&amp;D is looking at [&hellip;]<\/p>","protected":false},"author":1,"featured_media":0,"parent":0,"menu_order":0,"comment_status":"closed","ping_status":"closed","template":"","meta":{"footnotes":""},"class_list":["post-2509","page","type-page","status-publish","hentry"],"_links":{"self":[{"href":"https:\/\/lidaglassware.com\/pt\/wp-json\/wp\/v2\/pages\/2509","targetHints":{"allow":["GET"]}}],"collection":[{"href":"https:\/\/lidaglassware.com\/pt\/wp-json\/wp\/v2\/pages"}],"about":[{"href":"https:\/\/lidaglassware.com\/pt\/wp-json\/wp\/v2\/types\/page"}],"author":[{"embeddable":true,"href":"https:\/\/lidaglassware.com\/pt\/wp-json\/wp\/v2\/users\/1"}],"replies":[{"embeddable":true,"href":"https:\/\/lidaglassware.com\/pt\/wp-json\/wp\/v2\/comments?post=2509"}],"version-history":[{"count":0,"href":"https:\/\/lidaglassware.com\/pt\/wp-json\/wp\/v2\/pages\/2509\/revisions"}],"wp:attachment":[{"href":"https:\/\/lidaglassware.com\/pt\/wp-json\/wp\/v2\/media?parent=2509"}],"curies":[{"name":"wp","href":"https:\/\/api.w.org\/{rel}","templated":true}]}}